{"id":1630,"date":"2017-05-02T07:33:42","date_gmt":"2017-05-02T07:33:42","guid":{"rendered":"http:\/\/kilim-age.com\/?page_id=1630"},"modified":"2019-06-22T10:44:30","modified_gmt":"2019-06-22T10:44:30","slug":"replacement-and-return-polcy","status":"publish","type":"page","link":"https:\/\/kilim-age.com\/es\/replacement-and-return-polcy\/","title":{"rendered":"DEVOLUCIONES Y CAMBIOS"},"content":{"rendered":"<p>Si el producto llega defectuoso o se ha da\u00f1ado durante el transporte debe contactar con nosotros en menos de 24 horas desde la recepci\u00f3n del pedido para que la empresa se haga cargo de los costes de devoluci\u00f3n del mismo, as\u00ed como de enviar un nuevo producto al cliente.<br \/>En caso de entrega de producto incorrecto se mandar\u00e1 al cliente el producto correcto sin ning\u00fan coste adicional.<br \/>Si hay alg\u00fan problema con su compra o no est\u00e1 satisfecho con su elecci\u00f3n tiene un plazo de 14 d\u00edas desde la entrega para cualquier cambio o devoluci\u00f3n. Los devoluciones desde Espa\u00f1a y Islas Baleares ser\u00e1n gratuitos, el resto de los pa\u00edses el cliente se har\u00e1 carga de los costes de la devoluci\u00f3n, el cliente se encargar\u00e1 del env\u00edo del producto a la direcci\u00f3n que le informen en &#105;&#110;fo&#64;k&#105;l&#105;m-&#97;ge.co&#109; o el tel\u00e9fono de contacto 0034 626 62 96<br \/>El cliente tendr\u00e1 la opci\u00f3n de optar por la devoluci\u00f3n del dinero o bien cambiar por cualquier producto disponible dentro de los 14 d\u00edas siguientes a la recepci\u00f3n. Transcurridos 14 d\u00edas desde la recepci\u00f3n del producto, no se aceptar\u00e1 ning\u00fan cambio o devoluci\u00f3n.<br \/>Todos los productos deben ser devueltos en su embalaje original.<\/p>","protected":false},"excerpt":{"rendered":"<p>Si el producto llega defectuoso o se ha da\u00f1ado durante el transporte debe contactar con nosotros en menos de 24 horas desde la recepci\u00f3n del pedido para que la empresa se haga cargo de los costes de devoluci\u00f3n del mismo, as\u00ed como de enviar un nuevo producto al cliente.En caso de entrega de producto incorrecto [&#8230;]\n","protected":false},"author":1,"featured_media":0,"parent":0,"menu_order":0,"comment_status":"closed","ping_status":"closed","template":"page-blank-title-center.php","meta":{"footnotes":""},"class_list":["post-1630","page","type-page","status-publish","hentry"],"yoast_head":"<!-- This site is optimized with the Yoast SEO plugin v24.8.1 - https:\/\/yoast.com\/wordpress\/plugins\/seo\/ -->\n<title>DEVOLUCIONES Y CAMBIOS | Kilim-Age<\/title>\n<meta name=\"robots\" content=\"index, follow, max-snippet:-1, max-image-preview:large, max-video-preview:-1\" \/>\n<link rel=\"canonical\" href=\"https:\/\/kilim-age.com\/es\/replacement-and-return-polcy\/\" \/>\n<meta property=\"og:locale\" content=\"es_ES\" \/>\n<meta property=\"og:type\" content=\"article\" \/>\n<meta property=\"og:title\" content=\"DEVOLUCIONES Y CAMBIOS | Kilim-Age\" \/>\n<meta property=\"og:description\" content=\"Si el producto llega defectuoso o se ha da\u00f1ado durante el transporte debe contactar con nosotros en menos de 24 horas desde la recepci\u00f3n del pedido para que la empresa se haga cargo de los costes de devoluci\u00f3n del mismo, as\u00ed como de enviar un nuevo producto al cliente.En caso de entrega de producto incorrecto [...]\" \/>\n<meta property=\"og:url\" content=\"https:\/\/kilim-age.com\/es\/replacement-and-return-polcy\/\" \/>\n<meta property=\"og:site_name\" content=\"Kilim-Age\" \/>\n<meta property=\"article:modified_time\" content=\"2019-06-22T10:44:30+00:00\" \/>\n<meta name=\"twitter:card\" content=\"summary_large_image\" \/>\n<meta name=\"twitter:label1\" content=\"Tiempo de lectura\" \/>\n\t<meta name=\"twitter:data1\" content=\"2 minutos\" \/>\n<script type=\"application\/ld+json\" class=\"yoast-schema-graph\">{\"@context\":\"https:\/\/schema.org\",\"@graph\":[{\"@type\":\"WebPage\",\"@id\":\"https:\/\/kilim-age.com\/es\/replacement-and-return-polcy\/\",\"url\":\"https:\/\/kilim-age.com\/es\/replacement-and-return-polcy\/\",\"name\":\"DEVOLUCIONES Y CAMBIOS | Kilim-Age\",\"isPartOf\":{\"@id\":\"https:\/\/www.kilim-age.com\/es\/#website\"},\"datePublished\":\"2017-05-02T07:33:42+00:00\",\"dateModified\":\"2019-06-22T10:44:30+00:00\",\"breadcrumb\":{\"@id\":\"https:\/\/kilim-age.com\/es\/replacement-and-return-polcy\/#breadcrumb\"},\"inLanguage\":\"es\",\"potentialAction\":[{\"@type\":\"ReadAction\",\"target\":[\"https:\/\/kilim-age.com\/es\/replacement-and-return-polcy\/\"]}]},{\"@type\":\"BreadcrumbList\",\"@id\":\"https:\/\/kilim-age.com\/es\/replacement-and-return-polcy\/#breadcrumb\",\"itemListElement\":[{\"@type\":\"ListItem\",\"position\":1,\"name\":\"Home\",\"item\":\"https:\/\/www.kilim-age.com\/es\/\"},{\"@type\":\"ListItem\",\"position\":2,\"name\":\"DEVOLUCIONES Y CAMBIOS\"}]},{\"@type\":\"WebSite\",\"@id\":\"https:\/\/www.kilim-age.com\/es\/#website\",\"url\":\"https:\/\/www.kilim-age.com\/es\/\",\"name\":\"Kilim-Age\",\"description\":\"Somos especialistas en productos artesanales de Turqu\u00eda como Alfombras, y Kilims\",\"potentialAction\":[{\"@type\":\"SearchAction\",\"target\":{\"@type\":\"EntryPoint\",\"urlTemplate\":\"https:\/\/www.kilim-age.com\/es\/?s={search_term_string}\"},\"query-input\":{\"@type\":\"PropertyValueSpecification\",\"valueRequired\":true,\"valueName\":\"search_term_string\"}}],\"inLanguage\":\"es\"}]}<\/script>\n<!-- \/ Yoast SEO plugin. -->","yoast_head_json":{"title":"DEVOLUCIONES Y CAMBIOS | Kilim-Age","robots":{"index":"index","follow":"follow","max-snippet":"max-snippet:-1","max-image-preview":"max-image-preview:large","max-video-preview":"max-video-preview:-1"},"canonical":"https:\/\/kilim-age.com\/es\/replacement-and-return-polcy\/","og_locale":"es_ES","og_type":"article","og_title":"DEVOLUCIONES Y CAMBIOS | Kilim-Age","og_description":"Si el producto llega defectuoso o se ha da\u00f1ado durante el transporte debe contactar con nosotros en menos de 24 horas desde la recepci\u00f3n del pedido para que la empresa se haga cargo de los costes de devoluci\u00f3n del mismo, as\u00ed como de enviar un nuevo producto al cliente.En caso de entrega de producto incorrecto [...]","og_url":"https:\/\/kilim-age.com\/es\/replacement-and-return-polcy\/","og_site_name":"Kilim-Age","article_modified_time":"2019-06-22T10:44:30+00:00","twitter_card":"summary_large_image","twitter_misc":{"Tiempo de lectura":"2 minutos"},"schema":{"@context":"https:\/\/schema.org","@graph":[{"@type":"WebPage","@id":"https:\/\/kilim-age.com\/es\/replacement-and-return-polcy\/","url":"https:\/\/kilim-age.com\/es\/replacement-and-return-polcy\/","name":"DEVOLUCIONES Y CAMBIOS | Kilim-Age","isPartOf":{"@id":"https:\/\/www.kilim-age.com\/es\/#website"},"datePublished":"2017-05-02T07:33:42+00:00","dateModified":"2019-06-22T10:44:30+00:00","breadcrumb":{"@id":"https:\/\/kilim-age.com\/es\/replacement-and-return-polcy\/#breadcrumb"},"inLanguage":"es","potentialAction":[{"@type":"ReadAction","target":["https:\/\/kilim-age.com\/es\/replacement-and-return-polcy\/"]}]},{"@type":"BreadcrumbList","@id":"https:\/\/kilim-age.com\/es\/replacement-and-return-polcy\/#breadcrumb","itemListElement":[{"@type":"ListItem","position":1,"name":"Home","item":"https:\/\/www.kilim-age.com\/es\/"},{"@type":"ListItem","position":2,"name":"DEVOLUCIONES Y CAMBIOS"}]},{"@type":"WebSite","@id":"https:\/\/www.kilim-age.com\/es\/#website","url":"https:\/\/www.kilim-age.com\/es\/","name":"Kilim-Age","description":"Somos especialistas en productos artesanales de Turqu\u00eda como Alfombras, y Kilims","potentialAction":[{"@type":"SearchAction","target":{"@type":"EntryPoint","urlTemplate":"https:\/\/www.kilim-age.com\/es\/?s={search_term_string}"},"query-input":{"@type":"PropertyValueSpecification","valueRequired":true,"valueName":"search_term_string"}}],"inLanguage":"es"}]}},"_links":{"self":[{"href":"https:\/\/kilim-age.com\/es\/wp-json\/wp\/v2\/pages\/1630","targetHints":{"allow":["GET"]}}],"collection":[{"href":"https:\/\/kilim-age.com\/es\/wp-json\/wp\/v2\/pages"}],"about":[{"href":"https:\/\/kilim-age.com\/es\/wp-json\/wp\/v2\/types\/page"}],"author":[{"embeddable":true,"href":"https:\/\/kilim-age.com\/es\/wp-json\/wp\/v2\/users\/1"}],"replies":[{"embeddable":true,"href":"https:\/\/kilim-age.com\/es\/wp-json\/wp\/v2\/comments?post=1630"}],"version-history":[{"count":0,"href":"https:\/\/kilim-age.com\/es\/wp-json\/wp\/v2\/pages\/1630\/revisions"}],"wp:attachment":[{"href":"https:\/\/kilim-age.com\/es\/wp-json\/wp\/v2\/media?parent=1630"}],"curies":[{"name":"wp","href":"https:\/\/api.w.org\/{rel}","templated":true}]}}