{"id":951,"date":"2017-04-03T20:31:41","date_gmt":"2017-04-03T20:31:41","guid":{"rendered":"http:\/\/kilim-age.com\/?post_type=product&#038;p=951"},"modified":"2021-06-25T19:30:07","modified_gmt":"2021-06-25T17:30:07","slug":"alfombra-usak-302-x-196-cm","status":"publish","type":"product","link":"https:\/\/kilim-age.com\/en\/producto\/alfombra-usak-302-x-196-cm\/","title":{"rendered":"USAK CARPET 302 X 196 cm"},"content":{"rendered":"U\u015fak is a city located in the center of Turkey. During pre-industrial times, U\u015fak was already an important centre of production and export, especially of rugs. U\u015fak carpets also called Holbein carpets in reference to the painter of the century XVI Hans Holbein , who put them in detail in his paintings, reflecting his popularity in the European market. Although carpets designs have changed since then, it is still an important industry that makes the name of the city have relevance in the market of best quality handmade carpets.","protected":false},"excerpt":{"rendered":"<p>Manufacturing: Knotted by hand<br \/>\nSize:302 X 196 cm<br \/>\nKnot density: Aprox knots per m\u00b2 180000<br \/>\nAge: New<br \/>\nOrigin:Turkey<br \/>\nPile: Wool<br \/>\nWarp: Cotton<br \/>\nThickness approx: 7-8 mm.<br \/>\nNatural dyeing.<br \/>\nThe colors in the carpet will be perceived differently depending on the angle you view it from<br \/>\nDelivery time: Spain approximately 2-5 days, Europe 5-7 days, other continents 7-10 days.<\/p>\n","protected":false},"featured_media":952,"comment_status":"open","ping_status":"closed","template":"","meta":[],"product_brand":[],"product_cat":[62,230],"product_tag":[79,80],"class_list":{"0":"post-951","1":"product","2":"type-product","3":"status-publish","4":"has-post-thumbnail","6":"product_cat-alfombras-turcas","7":"product_cat-alfombras-clasicas","8":"product_tag-alfombras-clasicas","9":"product_tag-classic-carpets","10":"product_shipping_class-alfombra-mediana","11":"pa_ancho-cm-875","12":"pa_color-azul","13":"pa_color-azul-marino","14":"pa_color-beige","15":"pa_largo-cm-959","16":"pa_medida-grandes","18":"first","19":"instock","20":"sold-individually","21":"taxable","22":"shipping-taxable","23":"purchasable","24":"product-type-simple"},"yoast_head":"<!-- This site is optimized with the Yoast SEO plugin v24.8.1 - https:\/\/yoast.com\/wordpress\/plugins\/seo\/ -->\n<title>USAK CARPET 302 X 196 cm | Kilim-Age<\/title>\n<meta name=\"robots\" content=\"index, follow, max-snippet:-1, max-image-preview:large, max-video-preview:-1\" \/>\n<link rel=\"canonical\" href=\"https:\/\/kilim-age.com\/en\/producto\/alfombra-usak-302-x-196-cm\/\" \/>\n<meta property=\"og:locale\" content=\"en_US\" \/>\n<meta property=\"og:type\" content=\"article\" \/>\n<meta property=\"og:title\" content=\"USAK CARPET 302 X 196 cm | Kilim-Age\" \/>\n<meta property=\"og:description\" content=\"Manufacturing: Knotted by hand Size:302 X 196 cm Knot density: Aprox knots per m\u00b2 180000 Age: New Origin:Turkey Pile: Wool Warp: Cotton Thickness approx: 7-8 mm. Natural dyeing. The colors in the carpet will be perceived differently depending on the angle you view it from Delivery time: Spain approximately 2-5 days, Europe 5-7 days, other continents 7-10 days.\" \/>\n<meta property=\"og:url\" content=\"https:\/\/kilim-age.com\/en\/producto\/alfombra-usak-302-x-196-cm\/\" \/>\n<meta property=\"og:site_name\" content=\"Kilim-Age\" \/>\n<meta property=\"article:modified_time\" content=\"2021-06-25T17:30:07+00:00\" \/>\n<meta property=\"og:image\" content=\"https:\/\/kilim-age.com\/wp-content\/uploads\/2017\/04\/IMG_9901-WEB-KA-736-302X196.jpg\" \/>\n\t<meta property=\"og:image:width\" content=\"606\" \/>\n\t<meta property=\"og:image:height\" content=\"800\" \/>\n\t<meta property=\"og:image:type\" content=\"image\/jpeg\" \/>\n<meta name=\"twitter:card\" content=\"summary_large_image\" \/>\n<meta name=\"twitter:label1\" content=\"Est. reading time\" \/>\n\t<meta name=\"twitter:data1\" content=\"2 minutes\" \/>\n<script type=\"application\/ld+json\" class=\"yoast-schema-graph\">{\"@context\":\"https:\/\/schema.org\",\"@graph\":[{\"@type\":\"WebPage\",\"@id\":\"https:\/\/kilim-age.com\/en\/producto\/alfombra-usak-302-x-196-cm\/\",\"url\":\"https:\/\/kilim-age.com\/en\/producto\/alfombra-usak-302-x-196-cm\/\",\"name\":\"USAK CARPET 302 X 196 cm | Kilim-Age\",\"isPartOf\":{\"@id\":\"https:\/\/kilim-age.com\/en\/#website\"},\"primaryImageOfPage\":{\"@id\":\"https:\/\/kilim-age.com\/en\/producto\/alfombra-usak-302-x-196-cm\/#primaryimage\"},\"image\":{\"@id\":\"https:\/\/kilim-age.com\/en\/producto\/alfombra-usak-302-x-196-cm\/#primaryimage\"},\"thumbnailUrl\":\"https:\/\/kilim-age.com\/wp-content\/uploads\/2017\/04\/IMG_9901-WEB-KA-736-302X196.jpg\",\"datePublished\":\"2017-04-03T20:31:41+00:00\",\"dateModified\":\"2021-06-25T17:30:07+00:00\",\"breadcrumb\":{\"@id\":\"https:\/\/kilim-age.com\/en\/producto\/alfombra-usak-302-x-196-cm\/#breadcrumb\"},\"inLanguage\":\"en-US\",\"potentialAction\":[{\"@type\":\"ReadAction\",\"target\":[\"https:\/\/kilim-age.com\/en\/producto\/alfombra-usak-302-x-196-cm\/\"]}]},{\"@type\":\"ImageObject\",\"inLanguage\":\"en-US\",\"@id\":\"https:\/\/kilim-age.com\/en\/producto\/alfombra-usak-302-x-196-cm\/#primaryimage\",\"url\":\"https:\/\/kilim-age.com\/wp-content\/uploads\/2017\/04\/IMG_9901-WEB-KA-736-302X196.jpg\",\"contentUrl\":\"https:\/\/kilim-age.com\/wp-content\/uploads\/2017\/04\/IMG_9901-WEB-KA-736-302X196.jpg\",\"width\":606,\"height\":800,\"caption\":\"Alfombras Cl\u00e1sicas\"},{\"@type\":\"BreadcrumbList\",\"@id\":\"https:\/\/kilim-age.com\/en\/producto\/alfombra-usak-302-x-196-cm\/#breadcrumb\",\"itemListElement\":[{\"@type\":\"ListItem\",\"position\":1,\"name\":\"Home\",\"item\":\"https:\/\/kilim-age.com\/en\/\"},{\"@type\":\"ListItem\",\"position\":2,\"name\":\"Shop\",\"item\":\"https:\/\/kilim-age.com\/es\/shop\/\"},{\"@type\":\"ListItem\",\"position\":3,\"name\":\"USAK CARPET 302 X 196 cm\"}]},{\"@type\":\"WebSite\",\"@id\":\"https:\/\/kilim-age.com\/en\/#website\",\"url\":\"https:\/\/kilim-age.com\/en\/\",\"name\":\"Kilim-Age\",\"description\":\"Somos especialistas en productos artesanales de Turqu\u00eda como Alfombras, y Kilims\",\"potentialAction\":[{\"@type\":\"SearchAction\",\"target\":{\"@type\":\"EntryPoint\",\"urlTemplate\":\"https:\/\/kilim-age.com\/en\/?s={search_term_string}\"},\"query-input\":{\"@type\":\"PropertyValueSpecification\",\"valueRequired\":true,\"valueName\":\"search_term_string\"}}],\"inLanguage\":\"en-US\"}]}<\/script>\n<!-- \/ Yoast SEO plugin. -->","yoast_head_json":{"title":"USAK CARPET 302 X 196 cm | Kilim-Age","robots":{"index":"index","follow":"follow","max-snippet":"max-snippet:-1","max-image-preview":"max-image-preview:large","max-video-preview":"max-video-preview:-1"},"canonical":"https:\/\/kilim-age.com\/en\/producto\/alfombra-usak-302-x-196-cm\/","og_locale":"en_US","og_type":"article","og_title":"USAK CARPET 302 X 196 cm | Kilim-Age","og_description":"Manufacturing: Knotted by hand Size:302 X 196 cm Knot density: Aprox knots per m\u00b2 180000 Age: New Origin:Turkey Pile: Wool Warp: Cotton Thickness approx: 7-8 mm. Natural dyeing. The colors in the carpet will be perceived differently depending on the angle you view it from Delivery time: Spain approximately 2-5 days, Europe 5-7 days, other continents 7-10 days.","og_url":"https:\/\/kilim-age.com\/en\/producto\/alfombra-usak-302-x-196-cm\/","og_site_name":"Kilim-Age","article_modified_time":"2021-06-25T17:30:07+00:00","og_image":[{"width":606,"height":800,"url":"https:\/\/kilim-age.com\/wp-content\/uploads\/2017\/04\/IMG_9901-WEB-KA-736-302X196.jpg","type":"image\/jpeg"}],"twitter_card":"summary_large_image","twitter_misc":{"Est. reading time":"2 minutes"},"schema":{"@context":"https:\/\/schema.org","@graph":[{"@type":"WebPage","@id":"https:\/\/kilim-age.com\/en\/producto\/alfombra-usak-302-x-196-cm\/","url":"https:\/\/kilim-age.com\/en\/producto\/alfombra-usak-302-x-196-cm\/","name":"USAK CARPET 302 X 196 cm | Kilim-Age","isPartOf":{"@id":"https:\/\/kilim-age.com\/en\/#website"},"primaryImageOfPage":{"@id":"https:\/\/kilim-age.com\/en\/producto\/alfombra-usak-302-x-196-cm\/#primaryimage"},"image":{"@id":"https:\/\/kilim-age.com\/en\/producto\/alfombra-usak-302-x-196-cm\/#primaryimage"},"thumbnailUrl":"https:\/\/kilim-age.com\/wp-content\/uploads\/2017\/04\/IMG_9901-WEB-KA-736-302X196.jpg","datePublished":"2017-04-03T20:31:41+00:00","dateModified":"2021-06-25T17:30:07+00:00","breadcrumb":{"@id":"https:\/\/kilim-age.com\/en\/producto\/alfombra-usak-302-x-196-cm\/#breadcrumb"},"inLanguage":"en-US","potentialAction":[{"@type":"ReadAction","target":["https:\/\/kilim-age.com\/en\/producto\/alfombra-usak-302-x-196-cm\/"]}]},{"@type":"ImageObject","inLanguage":"en-US","@id":"https:\/\/kilim-age.com\/en\/producto\/alfombra-usak-302-x-196-cm\/#primaryimage","url":"https:\/\/kilim-age.com\/wp-content\/uploads\/2017\/04\/IMG_9901-WEB-KA-736-302X196.jpg","contentUrl":"https:\/\/kilim-age.com\/wp-content\/uploads\/2017\/04\/IMG_9901-WEB-KA-736-302X196.jpg","width":606,"height":800,"caption":"Alfombras Cl\u00e1sicas"},{"@type":"BreadcrumbList","@id":"https:\/\/kilim-age.com\/en\/producto\/alfombra-usak-302-x-196-cm\/#breadcrumb","itemListElement":[{"@type":"ListItem","position":1,"name":"Home","item":"https:\/\/kilim-age.com\/en\/"},{"@type":"ListItem","position":2,"name":"Shop","item":"https:\/\/kilim-age.com\/es\/shop\/"},{"@type":"ListItem","position":3,"name":"USAK CARPET 302 X 196 cm"}]},{"@type":"WebSite","@id":"https:\/\/kilim-age.com\/en\/#website","url":"https:\/\/kilim-age.com\/en\/","name":"Kilim-Age","description":"Somos especialistas en productos artesanales de Turqu\u00eda como Alfombras, y Kilims","potentialAction":[{"@type":"SearchAction","target":{"@type":"EntryPoint","urlTemplate":"https:\/\/kilim-age.com\/en\/?s={search_term_string}"},"query-input":{"@type":"PropertyValueSpecification","valueRequired":true,"valueName":"search_term_string"}}],"inLanguage":"en-US"}]}},"_links":{"self":[{"href":"https:\/\/kilim-age.com\/en\/wp-json\/wp\/v2\/product\/951","targetHints":{"allow":["GET"]}}],"collection":[{"href":"https:\/\/kilim-age.com\/en\/wp-json\/wp\/v2\/product"}],"about":[{"href":"https:\/\/kilim-age.com\/en\/wp-json\/wp\/v2\/types\/product"}],"replies":[{"embeddable":true,"href":"https:\/\/kilim-age.com\/en\/wp-json\/wp\/v2\/comments?post=951"}],"wp:featuredmedia":[{"embeddable":true,"href":"https:\/\/kilim-age.com\/en\/wp-json\/wp\/v2\/media\/952"}],"wp:attachment":[{"href":"https:\/\/kilim-age.com\/en\/wp-json\/wp\/v2\/media?parent=951"}],"wp:term":[{"taxonomy":"product_brand","embeddable":true,"href":"https:\/\/kilim-age.com\/en\/wp-json\/wp\/v2\/product_brand?post=951"},{"taxonomy":"product_cat","embeddable":true,"href":"https:\/\/kilim-age.com\/en\/wp-json\/wp\/v2\/product_cat?post=951"},{"taxonomy":"product_tag","embeddable":true,"href":"https:\/\/kilim-age.com\/en\/wp-json\/wp\/v2\/product_tag?post=951"}],"curies":[{"name":"wp","href":"https:\/\/api.w.org\/{rel}","templated":true}]}}