{"id":9276,"date":"2019-04-11T16:14:13","date_gmt":"2019-04-11T16:14:13","guid":{"rendered":"http:\/\/kilim-age.com\/?post_type=product&#038;p=9276"},"modified":"2019-07-01T10:28:36","modified_gmt":"2019-07-01T10:28:36","slug":"zapatos-kilim-talla-40-6","status":"publish","type":"product","link":"https:\/\/kilim-age.com\/en\/producto\/zapatos-kilim-talla-40-6\/","title":{"rendered":"KILIM SHOES SIZE 40"},"content":{"rendered":"Our kilim shoes are made from semi old woven wool kilim. The slippers are made of leather inside and leather sole, so it will stretch and form to your foot beautifully.<br \/>\nThe style is effortless and comfortable\u2026just as adorable with a pair of jeans or with a skirt or shift.","protected":false},"excerpt":{"rendered":"<p>Size: 40<br \/>\nMaterial: Kilim<br \/>\nInside: Leather<br \/>\nSole: Leather<\/p>\n","protected":false},"featured_media":9934,"comment_status":"open","ping_status":"closed","template":"","meta":[],"product_brand":[],"product_cat":[59,279,250],"product_tag":[77,76],"class_list":{"0":"post-9276","1":"product","2":"type-product","3":"status-publish","4":"has-post-thumbnail","6":"product_cat-kilim-shoes","7":"product_cat-zapatos-kilim","8":"product_cat-talla-40","9":"product_tag-kilim-shoes","10":"product_tag-zapatos-kilim","11":"product_shipping_class-envio-zapatos","13":"first","14":"outofstock","15":"sold-individually","16":"taxable","17":"shipping-taxable","18":"purchasable","19":"product-type-simple"},"yoast_head":"<!-- This site is optimized with the Yoast SEO plugin v24.8.1 - https:\/\/yoast.com\/wordpress\/plugins\/seo\/ -->\n<title>Zapatos de Kilim en Madrid | Kilim-Age<\/title>\n<meta name=\"description\" content=\"Zapatos de Kilims en Madrid,Tenemos los a\u00fatenticos zapatos artesanales Kilim de Turqu\u00eda, Env\u00edo y Devoluciones Gratis,-25% en compra online\" \/>\n<meta name=\"robots\" content=\"index, follow, max-snippet:-1, max-image-preview:large, max-video-preview:-1\" \/>\n<link rel=\"canonical\" href=\"https:\/\/kilim-age.com\/en\/producto\/zapatos-kilim-talla-40-6\/\" \/>\n<meta property=\"og:locale\" content=\"en_US\" \/>\n<meta property=\"og:type\" content=\"article\" \/>\n<meta property=\"og:title\" content=\"Zapatos de Kilim en Madrid | Kilim-Age\" \/>\n<meta property=\"og:description\" content=\"Zapatos de Kilims en Madrid,Tenemos los a\u00fatenticos zapatos artesanales Kilim de Turqu\u00eda, Env\u00edo y Devoluciones Gratis,-25% en compra online\" \/>\n<meta property=\"og:url\" content=\"https:\/\/kilim-age.com\/en\/producto\/zapatos-kilim-talla-40-6\/\" \/>\n<meta property=\"og:site_name\" content=\"Kilim-Age\" \/>\n<meta property=\"article:modified_time\" content=\"2019-07-01T10:28:36+00:00\" \/>\n<meta property=\"og:image\" content=\"https:\/\/kilim-age.com\/wp-content\/uploads\/2019\/04\/ZPTK-40-1.jpg\" \/>\n\t<meta property=\"og:image:width\" content=\"1000\" \/>\n\t<meta property=\"og:image:height\" content=\"750\" \/>\n\t<meta property=\"og:image:type\" content=\"image\/jpeg\" \/>\n<meta name=\"twitter:card\" content=\"summary_large_image\" \/>\n<meta name=\"twitter:label1\" content=\"Est. reading time\" \/>\n\t<meta name=\"twitter:data1\" content=\"1 minute\" \/>\n<script type=\"application\/ld+json\" class=\"yoast-schema-graph\">{\"@context\":\"https:\/\/schema.org\",\"@graph\":[{\"@type\":\"WebPage\",\"@id\":\"https:\/\/kilim-age.com\/en\/producto\/zapatos-kilim-talla-40-6\/\",\"url\":\"https:\/\/kilim-age.com\/en\/producto\/zapatos-kilim-talla-40-6\/\",\"name\":\"Zapatos de Kilim en Madrid | Kilim-Age\",\"isPartOf\":{\"@id\":\"https:\/\/www.kilim-age.com\/es\/#website\"},\"primaryImageOfPage\":{\"@id\":\"https:\/\/kilim-age.com\/en\/producto\/zapatos-kilim-talla-40-6\/#primaryimage\"},\"image\":{\"@id\":\"https:\/\/kilim-age.com\/en\/producto\/zapatos-kilim-talla-40-6\/#primaryimage\"},\"thumbnailUrl\":\"https:\/\/kilim-age.com\/wp-content\/uploads\/2019\/04\/ZPTK-40-1.jpg\",\"datePublished\":\"2019-04-11T16:14:13+00:00\",\"dateModified\":\"2019-07-01T10:28:36+00:00\",\"description\":\"Zapatos de Kilims en Madrid,Tenemos los a\u00fatenticos zapatos artesanales Kilim de Turqu\u00eda, Env\u00edo y Devoluciones Gratis,-25% en compra online\",\"breadcrumb\":{\"@id\":\"https:\/\/kilim-age.com\/en\/producto\/zapatos-kilim-talla-40-6\/#breadcrumb\"},\"inLanguage\":\"en-US\",\"potentialAction\":[{\"@type\":\"ReadAction\",\"target\":[\"https:\/\/kilim-age.com\/en\/producto\/zapatos-kilim-talla-40-6\/\"]}]},{\"@type\":\"ImageObject\",\"inLanguage\":\"en-US\",\"@id\":\"https:\/\/kilim-age.com\/en\/producto\/zapatos-kilim-talla-40-6\/#primaryimage\",\"url\":\"https:\/\/kilim-age.com\/wp-content\/uploads\/2019\/04\/ZPTK-40-1.jpg\",\"contentUrl\":\"https:\/\/kilim-age.com\/wp-content\/uploads\/2019\/04\/ZPTK-40-1.jpg\",\"width\":1000,\"height\":750},{\"@type\":\"BreadcrumbList\",\"@id\":\"https:\/\/kilim-age.com\/en\/producto\/zapatos-kilim-talla-40-6\/#breadcrumb\",\"itemListElement\":[{\"@type\":\"ListItem\",\"position\":1,\"name\":\"Home\",\"item\":\"https:\/\/www.kilim-age.com\/es\/\"},{\"@type\":\"ListItem\",\"position\":2,\"name\":\"Shop\",\"item\":\"https:\/\/www.kilim-age.com\/es\/shop\/\"},{\"@type\":\"ListItem\",\"position\":3,\"name\":\"KILIM SHOES SIZE 40\"}]},{\"@type\":\"WebSite\",\"@id\":\"https:\/\/www.kilim-age.com\/es\/#website\",\"url\":\"https:\/\/www.kilim-age.com\/es\/\",\"name\":\"Kilim-Age\",\"description\":\"Somos especialistas en productos artesanales de Turqu\u00eda como Alfombras, y Kilims\",\"potentialAction\":[{\"@type\":\"SearchAction\",\"target\":{\"@type\":\"EntryPoint\",\"urlTemplate\":\"https:\/\/www.kilim-age.com\/es\/?s={search_term_string}\"},\"query-input\":{\"@type\":\"PropertyValueSpecification\",\"valueRequired\":true,\"valueName\":\"search_term_string\"}}],\"inLanguage\":\"en-US\"}]}<\/script>\n<!-- \/ Yoast SEO plugin. -->","yoast_head_json":{"title":"Zapatos de Kilim en Madrid | Kilim-Age","description":"Zapatos de Kilims en Madrid,Tenemos los a\u00fatenticos zapatos artesanales Kilim de Turqu\u00eda, Env\u00edo y Devoluciones Gratis,-25% en compra online","robots":{"index":"index","follow":"follow","max-snippet":"max-snippet:-1","max-image-preview":"max-image-preview:large","max-video-preview":"max-video-preview:-1"},"canonical":"https:\/\/kilim-age.com\/en\/producto\/zapatos-kilim-talla-40-6\/","og_locale":"en_US","og_type":"article","og_title":"Zapatos de Kilim en Madrid | Kilim-Age","og_description":"Zapatos de Kilims en Madrid,Tenemos los a\u00fatenticos zapatos artesanales Kilim de Turqu\u00eda, Env\u00edo y Devoluciones Gratis,-25% en compra online","og_url":"https:\/\/kilim-age.com\/en\/producto\/zapatos-kilim-talla-40-6\/","og_site_name":"Kilim-Age","article_modified_time":"2019-07-01T10:28:36+00:00","og_image":[{"width":1000,"height":750,"url":"https:\/\/kilim-age.com\/wp-content\/uploads\/2019\/04\/ZPTK-40-1.jpg","type":"image\/jpeg"}],"twitter_card":"summary_large_image","twitter_misc":{"Est. reading time":"1 minute"},"schema":{"@context":"https:\/\/schema.org","@graph":[{"@type":"WebPage","@id":"https:\/\/kilim-age.com\/en\/producto\/zapatos-kilim-talla-40-6\/","url":"https:\/\/kilim-age.com\/en\/producto\/zapatos-kilim-talla-40-6\/","name":"Zapatos de Kilim en Madrid | Kilim-Age","isPartOf":{"@id":"https:\/\/www.kilim-age.com\/es\/#website"},"primaryImageOfPage":{"@id":"https:\/\/kilim-age.com\/en\/producto\/zapatos-kilim-talla-40-6\/#primaryimage"},"image":{"@id":"https:\/\/kilim-age.com\/en\/producto\/zapatos-kilim-talla-40-6\/#primaryimage"},"thumbnailUrl":"https:\/\/kilim-age.com\/wp-content\/uploads\/2019\/04\/ZPTK-40-1.jpg","datePublished":"2019-04-11T16:14:13+00:00","dateModified":"2019-07-01T10:28:36+00:00","description":"Zapatos de Kilims en Madrid,Tenemos los a\u00fatenticos zapatos artesanales Kilim de Turqu\u00eda, Env\u00edo y Devoluciones Gratis,-25% en compra online","breadcrumb":{"@id":"https:\/\/kilim-age.com\/en\/producto\/zapatos-kilim-talla-40-6\/#breadcrumb"},"inLanguage":"en-US","potentialAction":[{"@type":"ReadAction","target":["https:\/\/kilim-age.com\/en\/producto\/zapatos-kilim-talla-40-6\/"]}]},{"@type":"ImageObject","inLanguage":"en-US","@id":"https:\/\/kilim-age.com\/en\/producto\/zapatos-kilim-talla-40-6\/#primaryimage","url":"https:\/\/kilim-age.com\/wp-content\/uploads\/2019\/04\/ZPTK-40-1.jpg","contentUrl":"https:\/\/kilim-age.com\/wp-content\/uploads\/2019\/04\/ZPTK-40-1.jpg","width":1000,"height":750},{"@type":"BreadcrumbList","@id":"https:\/\/kilim-age.com\/en\/producto\/zapatos-kilim-talla-40-6\/#breadcrumb","itemListElement":[{"@type":"ListItem","position":1,"name":"Home","item":"https:\/\/www.kilim-age.com\/es\/"},{"@type":"ListItem","position":2,"name":"Shop","item":"https:\/\/www.kilim-age.com\/es\/shop\/"},{"@type":"ListItem","position":3,"name":"KILIM SHOES SIZE 40"}]},{"@type":"WebSite","@id":"https:\/\/www.kilim-age.com\/es\/#website","url":"https:\/\/www.kilim-age.com\/es\/","name":"Kilim-Age","description":"Somos especialistas en productos artesanales de Turqu\u00eda como Alfombras, y Kilims","potentialAction":[{"@type":"SearchAction","target":{"@type":"EntryPoint","urlTemplate":"https:\/\/www.kilim-age.com\/es\/?s={search_term_string}"},"query-input":{"@type":"PropertyValueSpecification","valueRequired":true,"valueName":"search_term_string"}}],"inLanguage":"en-US"}]}},"_links":{"self":[{"href":"https:\/\/kilim-age.com\/en\/wp-json\/wp\/v2\/product\/9276","targetHints":{"allow":["GET"]}}],"collection":[{"href":"https:\/\/kilim-age.com\/en\/wp-json\/wp\/v2\/product"}],"about":[{"href":"https:\/\/kilim-age.com\/en\/wp-json\/wp\/v2\/types\/product"}],"replies":[{"embeddable":true,"href":"https:\/\/kilim-age.com\/en\/wp-json\/wp\/v2\/comments?post=9276"}],"wp:featuredmedia":[{"embeddable":true,"href":"https:\/\/kilim-age.com\/en\/wp-json\/wp\/v2\/media\/9934"}],"wp:attachment":[{"href":"https:\/\/kilim-age.com\/en\/wp-json\/wp\/v2\/media?parent=9276"}],"wp:term":[{"taxonomy":"product_brand","embeddable":true,"href":"https:\/\/kilim-age.com\/en\/wp-json\/wp\/v2\/product_brand?post=9276"},{"taxonomy":"product_cat","embeddable":true,"href":"https:\/\/kilim-age.com\/en\/wp-json\/wp\/v2\/product_cat?post=9276"},{"taxonomy":"product_tag","embeddable":true,"href":"https:\/\/kilim-age.com\/en\/wp-json\/wp\/v2\/product_tag?post=9276"}],"curies":[{"name":"wp","href":"https:\/\/api.w.org\/{rel}","templated":true}]}}