{"id":8741,"date":"2019-01-15T17:54:41","date_gmt":"2019-01-15T17:54:41","guid":{"rendered":"http:\/\/kilim-age.com\/?post_type=product&#038;p=8741"},"modified":"2021-06-14T14:00:18","modified_gmt":"2021-06-14T12:00:18","slug":"alfombra-clasica-pasillera-287x78","status":"publish","type":"product","link":"https:\/\/kilim-age.com\/en\/producto\/alfombra-clasica-pasillera-287x78\/","title":{"rendered":"CLASIC CARPET 287X78"},"content":{"rendered":"<p class=\"qtranxs-available-languages-message qtranxs-available-languages-message-en\">Sorry, this entry is only available in <a href=\"https:\/\/kilim-age.com\/es\/wp-json\/wp\/v2\/product\/8741\" class=\"qtranxs-available-language-link qtranxs-available-language-link-es\" title=\"Espa\u00f1ol\">Espa\u00f1ol<\/a>.<\/p><h3><strong>Alfombras cl\u00e1sicas<\/strong><\/h3>\n<p>Las alfombras cl\u00e1sicas son aquellas m\u00e1s antiguas o que siguen los patrones tradicionales. Eran originariamente tejidas por los n\u00f3madas en Turqu\u00eda, la regi\u00f3n del C\u00e1ucaso, Ir\u00e1n y Afganist\u00e1n. Se trata un arte milenario que consiste en la anudaci\u00f3n de la lana, el agod\u00f3n o la seda para realizar las alfombras. Estas alfombras serv\u00edan hace siglos como mantas y camas de los n\u00f3madas. Tambi\u00e9n empezaron a utilizarse como objeto de decoraci\u00f3n en las tiendas de estos n\u00f3madas y m\u00e1s tardes en los hogares. Despu\u00e9s empezaron a popularizarse por todo el mundo y a dejarse ver en todo tipo de ambientes.<\/p>\n<p>En <a href=\"http:\/\/kilim-age.com\/es\/\">Kilim-Age<\/a> estamos especializados en las alfombras cl\u00e1sicas de origen turco. Las alfombras cl\u00e1sicas est\u00e1n anudadas de manera artesanal a manos de los mejores tejedores de alfombras. Sus dise\u00f1os se inspiran en los cl\u00e1sicos motivos geom\u00e9tricos y tribales. Su lana esta totalmente hilada a mano y despu\u00e9s te\u00f1ido con colores de minerales naturales. Son alfombras muy resistentes de pelo corto y r\u00edgido. Desde las entra\u00f1as Estambul os acercamos a la tradici\u00f3n artesanal del arte de anudar, seleccionando las m\u00e1s representativas alfombras de la cultura turca.<\/p>\n<p>Dentro de la decoraci\u00f3n, las alfombras siempre han supuesto una parte muy importante. Cargan con el papel de revestir un ambiente, de darle uniformidad y personalidad. Las alfombras cl\u00e1sicas llenan los espacios de historia y etnicidad, as\u00ed que ofrecen un detalle \u00fanico y exlcusivo de cada alfombra. Al estar hechas de manera atesanal no existe una igual, y dependiendo de la regi\u00f3n o zona, existen diferentes colores y motivos representativos.","protected":false},"excerpt":{"rendered":"<p>Manufacturing: Knotted by hand<br \/>\nSize: 287X78cm<br \/>\nKnot density: Aprox 300000 knots per m\u00b2<br \/>\nAge: New<br \/>\nOrigin: Turkey<br \/>\nPile: Wool<br \/>\nWarp: Cotton<br \/>\nThickness approx: 4-5 mm<br \/>\nNatural dyeing<br \/>\nThe colors in the carpet will be perceived differently depending on the angle you view it from<br \/>\nDelivery time: Spain approximately 2-5 days, Europe 5-7 days, other continents 7-10 days.<\/p>\n","protected":false},"featured_media":8742,"comment_status":"open","ping_status":"closed","template":"","meta":[],"product_brand":[],"product_cat":[62,230,231],"product_tag":[341,193,340],"class_list":{"0":"post-8741","1":"product","2":"type-product","3":"status-publish","4":"has-post-thumbnail","6":"product_cat-alfombras-turcas","7":"product_cat-alfombras-clasicas","8":"product_cat-pasilleros","9":"product_tag-alfombra-clasica","10":"product_tag-alfombra-pasillero","11":"product_tag-alfombras","12":"product_shipping_class-alfombra-pequena","13":"pa_ancho-cm-949","14":"pa_color-amarillo","15":"pa_color-beige","16":"pa_largo-cm-950","17":"pa_medida-pasilleros","19":"first","20":"instock","21":"sale","22":"sold-individually","23":"taxable","24":"shipping-taxable","25":"purchasable","26":"product-type-simple"},"yoast_head":"<!-- This site is optimized with the Yoast SEO plugin v24.8.1 - https:\/\/yoast.com\/wordpress\/plugins\/seo\/ -->\n<title>CLASIC CARPET 287X78 | Kilim-Age<\/title>\n<meta name=\"robots\" content=\"index, follow, max-snippet:-1, max-image-preview:large, max-video-preview:-1\" \/>\n<link rel=\"canonical\" href=\"https:\/\/www.kilim-age.com\/en\/producto\/alfombra-clasica-pasillera-287x78\/\" \/>\n<meta property=\"og:locale\" content=\"en_US\" \/>\n<meta property=\"og:type\" content=\"article\" \/>\n<meta property=\"og:title\" content=\"CLASIC CARPET 287X78 | Kilim-Age\" \/>\n<meta property=\"og:description\" content=\"Manufacturing: Knotted by hand Size: 287X78cm Knot density: Aprox 300000 knots per m\u00b2 Age: New Origin: Turkey Pile: Wool Warp: Cotton Thickness approx: 4-5 mm Natural dyeing The colors in the carpet will be perceived differently depending on the angle you view it from Delivery time: Spain approximately 2-5 days, Europe 5-7 days, other continents 7-10 days.\" \/>\n<meta property=\"og:url\" content=\"https:\/\/www.kilim-age.com\/en\/producto\/alfombra-clasica-pasillera-287x78\/\" \/>\n<meta property=\"og:site_name\" content=\"Kilim-Age\" \/>\n<meta property=\"article:modified_time\" content=\"2021-06-14T12:00:18+00:00\" \/>\n<meta property=\"og:image\" content=\"https:\/\/www.kilim-age.com\/wp-content\/uploads\/2019\/01\/IMG_1312.jpg\" \/>\n\t<meta property=\"og:image:width\" content=\"1100\" \/>\n\t<meta property=\"og:image:height\" content=\"1400\" \/>\n\t<meta property=\"og:image:type\" content=\"image\/jpeg\" \/>\n<meta name=\"twitter:card\" content=\"summary_large_image\" \/>\n<meta name=\"twitter:label1\" content=\"Est. reading time\" \/>\n\t<meta name=\"twitter:data1\" content=\"1 minute\" \/>\n<script type=\"application\/ld+json\" class=\"yoast-schema-graph\">{\"@context\":\"https:\/\/schema.org\",\"@graph\":[{\"@type\":\"WebPage\",\"@id\":\"https:\/\/www.kilim-age.com\/en\/producto\/alfombra-clasica-pasillera-287x78\/\",\"url\":\"https:\/\/www.kilim-age.com\/en\/producto\/alfombra-clasica-pasillera-287x78\/\",\"name\":\"CLASIC CARPET 287X78 | Kilim-Age\",\"isPartOf\":{\"@id\":\"https:\/\/kilim-age.com\/en\/#website\"},\"primaryImageOfPage\":{\"@id\":\"https:\/\/www.kilim-age.com\/en\/producto\/alfombra-clasica-pasillera-287x78\/#primaryimage\"},\"image\":{\"@id\":\"https:\/\/www.kilim-age.com\/en\/producto\/alfombra-clasica-pasillera-287x78\/#primaryimage\"},\"thumbnailUrl\":\"https:\/\/kilim-age.com\/wp-content\/uploads\/2019\/01\/IMG_1312.jpg\",\"datePublished\":\"2019-01-15T17:54:41+00:00\",\"dateModified\":\"2021-06-14T12:00:18+00:00\",\"breadcrumb\":{\"@id\":\"https:\/\/www.kilim-age.com\/en\/producto\/alfombra-clasica-pasillera-287x78\/#breadcrumb\"},\"inLanguage\":\"en-US\",\"potentialAction\":[{\"@type\":\"ReadAction\",\"target\":[\"https:\/\/www.kilim-age.com\/en\/producto\/alfombra-clasica-pasillera-287x78\/\"]}]},{\"@type\":\"ImageObject\",\"inLanguage\":\"en-US\",\"@id\":\"https:\/\/www.kilim-age.com\/en\/producto\/alfombra-clasica-pasillera-287x78\/#primaryimage\",\"url\":\"https:\/\/kilim-age.com\/wp-content\/uploads\/2019\/01\/IMG_1312.jpg\",\"contentUrl\":\"https:\/\/kilim-age.com\/wp-content\/uploads\/2019\/01\/IMG_1312.jpg\",\"width\":1100,\"height\":1400},{\"@type\":\"BreadcrumbList\",\"@id\":\"https:\/\/www.kilim-age.com\/en\/producto\/alfombra-clasica-pasillera-287x78\/#breadcrumb\",\"itemListElement\":[{\"@type\":\"ListItem\",\"position\":1,\"name\":\"Home\",\"item\":\"https:\/\/kilim-age.com\/en\/\"},{\"@type\":\"ListItem\",\"position\":2,\"name\":\"Shop\",\"item\":\"https:\/\/kilim-age.com\/es\/shop\/\"},{\"@type\":\"ListItem\",\"position\":3,\"name\":\"CLASIC CARPET 287X78\"}]},{\"@type\":\"WebSite\",\"@id\":\"https:\/\/kilim-age.com\/en\/#website\",\"url\":\"https:\/\/kilim-age.com\/en\/\",\"name\":\"Kilim-Age\",\"description\":\"Somos especialistas en productos artesanales de Turqu\u00eda como Alfombras, y Kilims\",\"potentialAction\":[{\"@type\":\"SearchAction\",\"target\":{\"@type\":\"EntryPoint\",\"urlTemplate\":\"https:\/\/kilim-age.com\/en\/?s={search_term_string}\"},\"query-input\":{\"@type\":\"PropertyValueSpecification\",\"valueRequired\":true,\"valueName\":\"search_term_string\"}}],\"inLanguage\":\"en-US\"}]}<\/script>\n<!-- \/ Yoast SEO plugin. -->","yoast_head_json":{"title":"CLASIC CARPET 287X78 | Kilim-Age","robots":{"index":"index","follow":"follow","max-snippet":"max-snippet:-1","max-image-preview":"max-image-preview:large","max-video-preview":"max-video-preview:-1"},"canonical":"https:\/\/www.kilim-age.com\/en\/producto\/alfombra-clasica-pasillera-287x78\/","og_locale":"en_US","og_type":"article","og_title":"CLASIC CARPET 287X78 | Kilim-Age","og_description":"Manufacturing: Knotted by hand Size: 287X78cm Knot density: Aprox 300000 knots per m\u00b2 Age: New Origin: Turkey Pile: Wool Warp: Cotton Thickness approx: 4-5 mm Natural dyeing The colors in the carpet will be perceived differently depending on the angle you view it from Delivery time: Spain approximately 2-5 days, Europe 5-7 days, other continents 7-10 days.","og_url":"https:\/\/www.kilim-age.com\/en\/producto\/alfombra-clasica-pasillera-287x78\/","og_site_name":"Kilim-Age","article_modified_time":"2021-06-14T12:00:18+00:00","og_image":[{"width":1100,"height":1400,"url":"https:\/\/www.kilim-age.com\/wp-content\/uploads\/2019\/01\/IMG_1312.jpg","type":"image\/jpeg"}],"twitter_card":"summary_large_image","twitter_misc":{"Est. reading time":"1 minute"},"schema":{"@context":"https:\/\/schema.org","@graph":[{"@type":"WebPage","@id":"https:\/\/www.kilim-age.com\/en\/producto\/alfombra-clasica-pasillera-287x78\/","url":"https:\/\/www.kilim-age.com\/en\/producto\/alfombra-clasica-pasillera-287x78\/","name":"CLASIC CARPET 287X78 | Kilim-Age","isPartOf":{"@id":"https:\/\/kilim-age.com\/en\/#website"},"primaryImageOfPage":{"@id":"https:\/\/www.kilim-age.com\/en\/producto\/alfombra-clasica-pasillera-287x78\/#primaryimage"},"image":{"@id":"https:\/\/www.kilim-age.com\/en\/producto\/alfombra-clasica-pasillera-287x78\/#primaryimage"},"thumbnailUrl":"https:\/\/kilim-age.com\/wp-content\/uploads\/2019\/01\/IMG_1312.jpg","datePublished":"2019-01-15T17:54:41+00:00","dateModified":"2021-06-14T12:00:18+00:00","breadcrumb":{"@id":"https:\/\/www.kilim-age.com\/en\/producto\/alfombra-clasica-pasillera-287x78\/#breadcrumb"},"inLanguage":"en-US","potentialAction":[{"@type":"ReadAction","target":["https:\/\/www.kilim-age.com\/en\/producto\/alfombra-clasica-pasillera-287x78\/"]}]},{"@type":"ImageObject","inLanguage":"en-US","@id":"https:\/\/www.kilim-age.com\/en\/producto\/alfombra-clasica-pasillera-287x78\/#primaryimage","url":"https:\/\/kilim-age.com\/wp-content\/uploads\/2019\/01\/IMG_1312.jpg","contentUrl":"https:\/\/kilim-age.com\/wp-content\/uploads\/2019\/01\/IMG_1312.jpg","width":1100,"height":1400},{"@type":"BreadcrumbList","@id":"https:\/\/www.kilim-age.com\/en\/producto\/alfombra-clasica-pasillera-287x78\/#breadcrumb","itemListElement":[{"@type":"ListItem","position":1,"name":"Home","item":"https:\/\/kilim-age.com\/en\/"},{"@type":"ListItem","position":2,"name":"Shop","item":"https:\/\/kilim-age.com\/es\/shop\/"},{"@type":"ListItem","position":3,"name":"CLASIC CARPET 287X78"}]},{"@type":"WebSite","@id":"https:\/\/kilim-age.com\/en\/#website","url":"https:\/\/kilim-age.com\/en\/","name":"Kilim-Age","description":"Somos especialistas en productos artesanales de Turqu\u00eda como Alfombras, y Kilims","potentialAction":[{"@type":"SearchAction","target":{"@type":"EntryPoint","urlTemplate":"https:\/\/kilim-age.com\/en\/?s={search_term_string}"},"query-input":{"@type":"PropertyValueSpecification","valueRequired":true,"valueName":"search_term_string"}}],"inLanguage":"en-US"}]}},"_links":{"self":[{"href":"https:\/\/kilim-age.com\/en\/wp-json\/wp\/v2\/product\/8741","targetHints":{"allow":["GET"]}}],"collection":[{"href":"https:\/\/kilim-age.com\/en\/wp-json\/wp\/v2\/product"}],"about":[{"href":"https:\/\/kilim-age.com\/en\/wp-json\/wp\/v2\/types\/product"}],"replies":[{"embeddable":true,"href":"https:\/\/kilim-age.com\/en\/wp-json\/wp\/v2\/comments?post=8741"}],"wp:featuredmedia":[{"embeddable":true,"href":"https:\/\/kilim-age.com\/en\/wp-json\/wp\/v2\/media\/8742"}],"wp:attachment":[{"href":"https:\/\/kilim-age.com\/en\/wp-json\/wp\/v2\/media?parent=8741"}],"wp:term":[{"taxonomy":"product_brand","embeddable":true,"href":"https:\/\/kilim-age.com\/en\/wp-json\/wp\/v2\/product_brand?post=8741"},{"taxonomy":"product_cat","embeddable":true,"href":"https:\/\/kilim-age.com\/en\/wp-json\/wp\/v2\/product_cat?post=8741"},{"taxonomy":"product_tag","embeddable":true,"href":"https:\/\/kilim-age.com\/en\/wp-json\/wp\/v2\/product_tag?post=8741"}],"curies":[{"name":"wp","href":"https:\/\/api.w.org\/{rel}","templated":true}]}}