{"id":7965,"date":"2018-11-21T19:00:49","date_gmt":"2018-11-21T19:00:49","guid":{"rendered":"http:\/\/kilim-age.com\/?post_type=product&#038;p=7965"},"modified":"2025-06-14T18:05:28","modified_gmt":"2025-06-14T16:05:28","slug":"lampara-umay","status":"publish","type":"product","link":"https:\/\/kilim-age.com\/en\/producto\/lampara-umay\/","title":{"rendered":"LAMPARA TURCA UMAY"},"content":{"rendered":"<p class=\"qtranxs-available-languages-message qtranxs-available-languages-message-en\">Sorry, this entry is only available in <a href=\"https:\/\/kilim-age.com\/es\/wp-json\/wp\/v2\/product\/7965\" class=\"qtranxs-available-language-link qtranxs-available-language-link-es\" title=\"Espa\u00f1ol\">Espa\u00f1ol<\/a>.<\/p><h3><strong>L\u00e1mparas turcas<\/strong><\/h3>\n<p>En <a href=\"http:\/\/kilim-age.com\/es\/\">Kilim-Age<\/a> somos expertos en los productos artesanales de Turqu\u00eda. Dentro del gremio milenario de la orfebrer\u00eda, que aduras penas sigue existiendo, encontramos las l\u00e1mparas turcas artesanales. Uno de los productos estrella y m\u00e1s representativos de la cultura turca son las l\u00e1mparas de esta\u00f1o martilleado. De esta forma, se crean esferas de esta\u00f1o con diferentes dise\u00f1os, patrones y s\u00edmbolos caracter\u00edsticos de Turqu\u00eda. Podemos encontrar patrones representando el ojo turco, motivos tribales o representaciones de figuras florales.<\/p>\n<p>Las l\u00e1mparas turcas dan color y calidez a los espacios, adem\u00e1s de un toque de personalidad y exotismo. D\u00e9jate envolver en la luz y el ambiente c\u00e1lido e ins\u00f3lito y sum\u00e9rgete en la cultura oriental de Anatolia. Por su color tan neutral, estas l\u00e1mparas se moldean bien dentro de cualquier espacio. Adem\u00e1s, suponen un art\u00edculo de decoraci\u00f3n de f\u00e1cil mantenimiento. El esta\u00f1o es un material resistente y perdurable. De hecho, el propio color se va matizando con el paso del tiempo.<br \/>","protected":false},"excerpt":{"rendered":"<p>Sorry, this entry is only available in Espa\u00f1ol.L\u00e1mparas turcas En Kilim-Age somos expertos en los productos artesanales de Turqu\u00eda. Dentro del gremio milenario de la orfebrer\u00eda, que aduras penas sigue existiendo, encontramos las l\u00e1mparas turcas artesanales. Uno de los productos estrella y m\u00e1s representativos de la cultura turca son las l\u00e1mparas de esta\u00f1o martilleado. De [&#8230;]\n","protected":false},"featured_media":7966,"comment_status":"open","ping_status":"closed","template":"","meta":[],"product_brand":[],"product_cat":[63],"product_tag":[],"class_list":{"0":"post-7965","1":"product","2":"type-product","3":"status-publish","4":"has-post-thumbnail","6":"product_cat-lightings","8":"first","9":"instock","10":"sale","11":"sold-individually","12":"taxable","13":"shipping-taxable","14":"purchasable","15":"product-type-simple"},"yoast_head":"<!-- This site is optimized with the Yoast SEO plugin v24.8.1 - https:\/\/yoast.com\/wordpress\/plugins\/seo\/ -->\n<title>LAMPARA TURCA UMAY  | Kilim-Age<\/title>\n<meta name=\"robots\" content=\"index, follow, max-snippet:-1, max-image-preview:large, max-video-preview:-1\" \/>\n<link rel=\"canonical\" href=\"https:\/\/kilim-age.com\/en\/producto\/lampara-umay\/\" \/>\n<meta property=\"og:locale\" content=\"en_US\" \/>\n<meta property=\"og:type\" content=\"article\" \/>\n<meta property=\"og:title\" content=\"LAMPARA TURCA UMAY  | Kilim-Age\" \/>\n<meta property=\"og:description\" content=\"Sorry, this entry is only available in Espa\u00f1ol.L\u00e1mparas turcas En Kilim-Age somos expertos en los productos artesanales de Turqu\u00eda. Dentro del gremio milenario de la orfebrer\u00eda, que aduras penas sigue existiendo, encontramos las l\u00e1mparas turcas artesanales. Uno de los productos estrella y m\u00e1s representativos de la cultura turca son las l\u00e1mparas de esta\u00f1o martilleado. De [...]\" \/>\n<meta property=\"og:url\" content=\"https:\/\/kilim-age.com\/es\/producto\/lampara-umay\/\" \/>\n<meta property=\"og:site_name\" content=\"Kilim-Age\" \/>\n<meta property=\"article:modified_time\" content=\"2025-06-14T16:05:28+00:00\" \/>\n<meta property=\"og:image\" content=\"https:\/\/kilim-age.com\/wp-content\/uploads\/2018\/11\/IMG_0236.jpg\" \/>\n\t<meta property=\"og:image:width\" content=\"536\" \/>\n\t<meta property=\"og:image:height\" content=\"600\" \/>\n\t<meta property=\"og:image:type\" content=\"image\/jpeg\" \/>\n<meta name=\"twitter:card\" content=\"summary_large_image\" \/>\n<meta name=\"twitter:label1\" content=\"Est. reading time\" \/>\n\t<meta name=\"twitter:data1\" content=\"1 minute\" \/>\n<script type=\"application\/ld+json\" class=\"yoast-schema-graph\">{\"@context\":\"https:\/\/schema.org\",\"@graph\":[{\"@type\":\"WebPage\",\"@id\":\"https:\/\/kilim-age.com\/es\/producto\/lampara-umay\/\",\"url\":\"https:\/\/kilim-age.com\/es\/producto\/lampara-umay\/\",\"name\":\"LAMPARA TURCA UMAY  | Kilim-Age\",\"isPartOf\":{\"@id\":\"https:\/\/kilim-age.com\/en\/#website\"},\"primaryImageOfPage\":{\"@id\":\"https:\/\/kilim-age.com\/es\/producto\/lampara-umay\/#primaryimage\"},\"image\":{\"@id\":\"https:\/\/kilim-age.com\/es\/producto\/lampara-umay\/#primaryimage\"},\"thumbnailUrl\":\"https:\/\/kilim-age.com\/wp-content\/uploads\/2018\/11\/IMG_0236.jpg\",\"datePublished\":\"2018-11-21T19:00:49+00:00\",\"dateModified\":\"2025-06-14T16:05:28+00:00\",\"breadcrumb\":{\"@id\":\"https:\/\/kilim-age.com\/es\/producto\/lampara-umay\/#breadcrumb\"},\"inLanguage\":\"en-US\",\"potentialAction\":[{\"@type\":\"ReadAction\",\"target\":[\"https:\/\/kilim-age.com\/es\/producto\/lampara-umay\/\"]}]},{\"@type\":\"ImageObject\",\"inLanguage\":\"en-US\",\"@id\":\"https:\/\/kilim-age.com\/es\/producto\/lampara-umay\/#primaryimage\",\"url\":\"https:\/\/kilim-age.com\/wp-content\/uploads\/2018\/11\/IMG_0236.jpg\",\"contentUrl\":\"https:\/\/kilim-age.com\/wp-content\/uploads\/2018\/11\/IMG_0236.jpg\",\"width\":536,\"height\":600},{\"@type\":\"BreadcrumbList\",\"@id\":\"https:\/\/kilim-age.com\/es\/producto\/lampara-umay\/#breadcrumb\",\"itemListElement\":[{\"@type\":\"ListItem\",\"position\":1,\"name\":\"Home\",\"item\":\"https:\/\/kilim-age.com\/en\/\"},{\"@type\":\"ListItem\",\"position\":2,\"name\":\"Shop\",\"item\":\"https:\/\/kilim-age.com\/en\/shop\/\"},{\"@type\":\"ListItem\",\"position\":3,\"name\":\"LAMPARA TURCA UMAY\"}]},{\"@type\":\"WebSite\",\"@id\":\"https:\/\/kilim-age.com\/en\/#website\",\"url\":\"https:\/\/kilim-age.com\/en\/\",\"name\":\"Kilim-Age\",\"description\":\"Somos especialistas en productos artesanales de Turqu\u00eda como Alfombras, y Kilims\",\"potentialAction\":[{\"@type\":\"SearchAction\",\"target\":{\"@type\":\"EntryPoint\",\"urlTemplate\":\"https:\/\/kilim-age.com\/en\/?s={search_term_string}\"},\"query-input\":{\"@type\":\"PropertyValueSpecification\",\"valueRequired\":true,\"valueName\":\"search_term_string\"}}],\"inLanguage\":\"en-US\"}]}<\/script>\n<!-- \/ Yoast SEO plugin. -->","yoast_head_json":{"title":"LAMPARA TURCA UMAY  | Kilim-Age","robots":{"index":"index","follow":"follow","max-snippet":"max-snippet:-1","max-image-preview":"max-image-preview:large","max-video-preview":"max-video-preview:-1"},"canonical":"https:\/\/kilim-age.com\/en\/producto\/lampara-umay\/","og_locale":"en_US","og_type":"article","og_title":"LAMPARA TURCA UMAY  | Kilim-Age","og_description":"Sorry, this entry is only available in Espa\u00f1ol.L\u00e1mparas turcas En Kilim-Age somos expertos en los productos artesanales de Turqu\u00eda. Dentro del gremio milenario de la orfebrer\u00eda, que aduras penas sigue existiendo, encontramos las l\u00e1mparas turcas artesanales. Uno de los productos estrella y m\u00e1s representativos de la cultura turca son las l\u00e1mparas de esta\u00f1o martilleado. De [...]","og_url":"https:\/\/kilim-age.com\/es\/producto\/lampara-umay\/","og_site_name":"Kilim-Age","article_modified_time":"2025-06-14T16:05:28+00:00","og_image":[{"width":536,"height":600,"url":"https:\/\/kilim-age.com\/wp-content\/uploads\/2018\/11\/IMG_0236.jpg","type":"image\/jpeg"}],"twitter_card":"summary_large_image","twitter_misc":{"Est. reading time":"1 minute"},"schema":{"@context":"https:\/\/schema.org","@graph":[{"@type":"WebPage","@id":"https:\/\/kilim-age.com\/es\/producto\/lampara-umay\/","url":"https:\/\/kilim-age.com\/es\/producto\/lampara-umay\/","name":"LAMPARA TURCA UMAY  | Kilim-Age","isPartOf":{"@id":"https:\/\/kilim-age.com\/en\/#website"},"primaryImageOfPage":{"@id":"https:\/\/kilim-age.com\/es\/producto\/lampara-umay\/#primaryimage"},"image":{"@id":"https:\/\/kilim-age.com\/es\/producto\/lampara-umay\/#primaryimage"},"thumbnailUrl":"https:\/\/kilim-age.com\/wp-content\/uploads\/2018\/11\/IMG_0236.jpg","datePublished":"2018-11-21T19:00:49+00:00","dateModified":"2025-06-14T16:05:28+00:00","breadcrumb":{"@id":"https:\/\/kilim-age.com\/es\/producto\/lampara-umay\/#breadcrumb"},"inLanguage":"en-US","potentialAction":[{"@type":"ReadAction","target":["https:\/\/kilim-age.com\/es\/producto\/lampara-umay\/"]}]},{"@type":"ImageObject","inLanguage":"en-US","@id":"https:\/\/kilim-age.com\/es\/producto\/lampara-umay\/#primaryimage","url":"https:\/\/kilim-age.com\/wp-content\/uploads\/2018\/11\/IMG_0236.jpg","contentUrl":"https:\/\/kilim-age.com\/wp-content\/uploads\/2018\/11\/IMG_0236.jpg","width":536,"height":600},{"@type":"BreadcrumbList","@id":"https:\/\/kilim-age.com\/es\/producto\/lampara-umay\/#breadcrumb","itemListElement":[{"@type":"ListItem","position":1,"name":"Home","item":"https:\/\/kilim-age.com\/en\/"},{"@type":"ListItem","position":2,"name":"Shop","item":"https:\/\/kilim-age.com\/en\/shop\/"},{"@type":"ListItem","position":3,"name":"LAMPARA TURCA UMAY"}]},{"@type":"WebSite","@id":"https:\/\/kilim-age.com\/en\/#website","url":"https:\/\/kilim-age.com\/en\/","name":"Kilim-Age","description":"Somos especialistas en productos artesanales de Turqu\u00eda como Alfombras, y Kilims","potentialAction":[{"@type":"SearchAction","target":{"@type":"EntryPoint","urlTemplate":"https:\/\/kilim-age.com\/en\/?s={search_term_string}"},"query-input":{"@type":"PropertyValueSpecification","valueRequired":true,"valueName":"search_term_string"}}],"inLanguage":"en-US"}]}},"_links":{"self":[{"href":"https:\/\/kilim-age.com\/en\/wp-json\/wp\/v2\/product\/7965","targetHints":{"allow":["GET"]}}],"collection":[{"href":"https:\/\/kilim-age.com\/en\/wp-json\/wp\/v2\/product"}],"about":[{"href":"https:\/\/kilim-age.com\/en\/wp-json\/wp\/v2\/types\/product"}],"replies":[{"embeddable":true,"href":"https:\/\/kilim-age.com\/en\/wp-json\/wp\/v2\/comments?post=7965"}],"wp:featuredmedia":[{"embeddable":true,"href":"https:\/\/kilim-age.com\/en\/wp-json\/wp\/v2\/media\/7966"}],"wp:attachment":[{"href":"https:\/\/kilim-age.com\/en\/wp-json\/wp\/v2\/media?parent=7965"}],"wp:term":[{"taxonomy":"product_brand","embeddable":true,"href":"https:\/\/kilim-age.com\/en\/wp-json\/wp\/v2\/product_brand?post=7965"},{"taxonomy":"product_cat","embeddable":true,"href":"https:\/\/kilim-age.com\/en\/wp-json\/wp\/v2\/product_cat?post=7965"},{"taxonomy":"product_tag","embeddable":true,"href":"https:\/\/kilim-age.com\/en\/wp-json\/wp\/v2\/product_tag?post=7965"}],"curies":[{"name":"wp","href":"https:\/\/api.w.org\/{rel}","templated":true}]}}