{"id":7717,"date":"2018-10-19T11:59:08","date_gmt":"2018-10-19T11:59:08","guid":{"rendered":"http:\/\/kilim-age.com\/?post_type=product&#038;p=7717"},"modified":"2025-09-05T12:01:03","modified_gmt":"2025-09-05T10:01:03","slug":"alfombras-patchwork-economicos","status":"publish","type":"product","link":"https:\/\/kilim-age.com\/en\/producto\/alfombras-patchwork-economicos\/","title":{"rendered":"PATCHWORK CARPET 300 X 216 cm"},"content":{"rendered":"PATCHWORK CARPET<br \/>\nPatchwork carpets are made with scraps of handmade vintage carpets that are roughly 20-30 years old.<br \/>\nThe traditional mosaic method of patchwork allows the carpets to be made in the sizes desired by each client.<br \/>\nAll of our patchwork carpets are handcrafted with very high quality materials.<\/p>\n<p><a href=\"http:\/\/kilim-age.com\/wp-content\/uploads\/2018\/10\/IMG-20140428-WA0000.jpg\"><img fetchpriority=\"high\" decoding=\"async\" class=\"alignnone wp-image-7703 size-medium\" src=\"http:\/\/kilim-age.com\/wp-content\/uploads\/2018\/10\/IMG-20140428-WA0000-265x300.jpg\" alt=\"\" width=\"265\" height=\"300\" \/><\/a>","protected":false},"excerpt":{"rendered":"<p>Manufacturing: Knotted by hand<br \/>\nSize: 300 X 216 cm<br \/>\nKnot density: Aprox 150000-300000 knots per m\u00b2<br \/>\nAge: New<br \/>\nOrigin: Turkey<br \/>\nPile: Wool<br \/>\nWarp: Cotton<br \/>\nThickness approx: 7-9 mm.<br \/>\nNatural dyeing.<br \/>\nThe colors in the carpet will be perceived differently depending on the angle you view it from.<br \/>\nDelivery time: Spain approximately 2-5 days, Europe 5-7 days, other continents 7-10 days.<\/p>\n","protected":false},"featured_media":17783,"comment_status":"open","ping_status":"closed","template":"","meta":[],"product_brand":[],"product_cat":[1054,62,224],"product_tag":[67,94],"class_list":{"0":"post-7717","1":"product","2":"type-product","3":"status-publish","4":"has-post-thumbnail","6":"product_cat-ofertas","7":"product_cat-alfombras-turcas","8":"product_cat-alfombras-patchwork","9":"product_tag-alfombra-patchwork","10":"product_tag-patchwork-carpets","11":"product_shipping_class-alfombra-grande","12":"pa_ancho-cm-1008","13":"pa_color-multicolor","14":"pa_largo-cm-888","16":"first","17":"instock","18":"sale","19":"sold-individually","20":"taxable","21":"shipping-taxable","22":"purchasable","23":"product-type-simple"},"yoast_head":"<!-- This site is optimized with the Yoast SEO plugin v24.8.1 - https:\/\/yoast.com\/wordpress\/plugins\/seo\/ -->\n<title>ALFOMBRAS PATCHWORK ECON\u00d3MICOS | Kilim-Age<\/title>\n<meta name=\"description\" content=\"Alfombras Patchwork Econ\u00f3micos en Kilim-Age! Realizamos alfombras patchwork a medida segun el tama\u00f1o y color deseado. Alfombras Patchwork de Turqu\u00eda\" \/>\n<meta name=\"robots\" content=\"index, follow, max-snippet:-1, max-image-preview:large, max-video-preview:-1\" \/>\n<link rel=\"canonical\" href=\"https:\/\/www.kilim-age.com\/en\/producto\/alfombras-patchwork-economicos\/\" \/>\n<meta property=\"og:locale\" content=\"en_US\" \/>\n<meta property=\"og:type\" content=\"article\" \/>\n<meta property=\"og:title\" content=\"ALFOMBRAS PATCHWORK ECON\u00d3MICOS | Kilim-Age\" \/>\n<meta property=\"og:description\" content=\"Alfombras Patchwork Econ\u00f3micos en Kilim-Age! Realizamos alfombras patchwork a medida segun el tama\u00f1o y color deseado. Alfombras Patchwork de Turqu\u00eda\" \/>\n<meta property=\"og:url\" content=\"https:\/\/www.kilim-age.com\/en\/producto\/alfombras-patchwork-economicos\/\" \/>\n<meta property=\"og:site_name\" content=\"Kilim-Age\" \/>\n<meta property=\"article:modified_time\" content=\"2025-09-05T10:01:03+00:00\" \/>\n<meta property=\"og:image\" content=\"https:\/\/www.kilim-age.com\/wp-content\/uploads\/2018\/10\/IMG_962134-e1547916176726-1.jpg\" \/>\n\t<meta property=\"og:image:width\" content=\"900\" \/>\n\t<meta property=\"og:image:height\" content=\"1170\" \/>\n\t<meta property=\"og:image:type\" content=\"image\/jpeg\" \/>\n<meta name=\"twitter:card\" content=\"summary_large_image\" \/>\n<meta name=\"twitter:label1\" content=\"Est. reading time\" \/>\n\t<meta name=\"twitter:data1\" content=\"2 minutes\" \/>\n<script type=\"application\/ld+json\" class=\"yoast-schema-graph\">{\"@context\":\"https:\/\/schema.org\",\"@graph\":[{\"@type\":\"WebPage\",\"@id\":\"https:\/\/www.kilim-age.com\/en\/producto\/alfombras-patchwork-economicos\/\",\"url\":\"https:\/\/www.kilim-age.com\/en\/producto\/alfombras-patchwork-economicos\/\",\"name\":\"ALFOMBRAS PATCHWORK ECON\u00d3MICOS | Kilim-Age\",\"isPartOf\":{\"@id\":\"https:\/\/kilim-age.com\/en\/#website\"},\"primaryImageOfPage\":{\"@id\":\"https:\/\/www.kilim-age.com\/en\/producto\/alfombras-patchwork-economicos\/#primaryimage\"},\"image\":{\"@id\":\"https:\/\/www.kilim-age.com\/en\/producto\/alfombras-patchwork-economicos\/#primaryimage\"},\"thumbnailUrl\":\"https:\/\/kilim-age.com\/wp-content\/uploads\/2018\/10\/IMG_962134-e1547916176726-1.jpg\",\"datePublished\":\"2018-10-19T11:59:08+00:00\",\"dateModified\":\"2025-09-05T10:01:03+00:00\",\"description\":\"Alfombras Patchwork Econ\u00f3micos en Kilim-Age! Realizamos alfombras patchwork a medida segun el tama\u00f1o y color deseado. Alfombras Patchwork de Turqu\u00eda\",\"breadcrumb\":{\"@id\":\"https:\/\/www.kilim-age.com\/en\/producto\/alfombras-patchwork-economicos\/#breadcrumb\"},\"inLanguage\":\"en-US\",\"potentialAction\":[{\"@type\":\"ReadAction\",\"target\":[\"https:\/\/www.kilim-age.com\/en\/producto\/alfombras-patchwork-economicos\/\"]}]},{\"@type\":\"ImageObject\",\"inLanguage\":\"en-US\",\"@id\":\"https:\/\/www.kilim-age.com\/en\/producto\/alfombras-patchwork-economicos\/#primaryimage\",\"url\":\"https:\/\/kilim-age.com\/wp-content\/uploads\/2018\/10\/IMG_962134-e1547916176726-1.jpg\",\"contentUrl\":\"https:\/\/kilim-age.com\/wp-content\/uploads\/2018\/10\/IMG_962134-e1547916176726-1.jpg\",\"width\":900,\"height\":1170,\"caption\":\"Alfombras Patchwork Econ\u00f3micos\"},{\"@type\":\"BreadcrumbList\",\"@id\":\"https:\/\/www.kilim-age.com\/en\/producto\/alfombras-patchwork-economicos\/#breadcrumb\",\"itemListElement\":[{\"@type\":\"ListItem\",\"position\":1,\"name\":\"Home\",\"item\":\"https:\/\/kilim-age.com\/en\/\"},{\"@type\":\"ListItem\",\"position\":2,\"name\":\"Shop\",\"item\":\"https:\/\/kilim-age.com\/es\/shop\/\"},{\"@type\":\"ListItem\",\"position\":3,\"name\":\"PATCHWORK CARPET 300 X 216 cm\"}]},{\"@type\":\"WebSite\",\"@id\":\"https:\/\/kilim-age.com\/en\/#website\",\"url\":\"https:\/\/kilim-age.com\/en\/\",\"name\":\"Kilim-Age\",\"description\":\"Somos especialistas en productos artesanales de Turqu\u00eda como Alfombras, y Kilims\",\"potentialAction\":[{\"@type\":\"SearchAction\",\"target\":{\"@type\":\"EntryPoint\",\"urlTemplate\":\"https:\/\/kilim-age.com\/en\/?s={search_term_string}\"},\"query-input\":{\"@type\":\"PropertyValueSpecification\",\"valueRequired\":true,\"valueName\":\"search_term_string\"}}],\"inLanguage\":\"en-US\"}]}<\/script>\n<!-- \/ Yoast SEO plugin. -->","yoast_head_json":{"title":"ALFOMBRAS PATCHWORK ECON\u00d3MICOS | Kilim-Age","description":"Alfombras Patchwork Econ\u00f3micos en Kilim-Age! Realizamos alfombras patchwork a medida segun el tama\u00f1o y color deseado. Alfombras Patchwork de Turqu\u00eda","robots":{"index":"index","follow":"follow","max-snippet":"max-snippet:-1","max-image-preview":"max-image-preview:large","max-video-preview":"max-video-preview:-1"},"canonical":"https:\/\/www.kilim-age.com\/en\/producto\/alfombras-patchwork-economicos\/","og_locale":"en_US","og_type":"article","og_title":"ALFOMBRAS PATCHWORK ECON\u00d3MICOS | Kilim-Age","og_description":"Alfombras Patchwork Econ\u00f3micos en Kilim-Age! Realizamos alfombras patchwork a medida segun el tama\u00f1o y color deseado. Alfombras Patchwork de Turqu\u00eda","og_url":"https:\/\/www.kilim-age.com\/en\/producto\/alfombras-patchwork-economicos\/","og_site_name":"Kilim-Age","article_modified_time":"2025-09-05T10:01:03+00:00","og_image":[{"width":900,"height":1170,"url":"https:\/\/www.kilim-age.com\/wp-content\/uploads\/2018\/10\/IMG_962134-e1547916176726-1.jpg","type":"image\/jpeg"}],"twitter_card":"summary_large_image","twitter_misc":{"Est. reading time":"2 minutes"},"schema":{"@context":"https:\/\/schema.org","@graph":[{"@type":"WebPage","@id":"https:\/\/www.kilim-age.com\/en\/producto\/alfombras-patchwork-economicos\/","url":"https:\/\/www.kilim-age.com\/en\/producto\/alfombras-patchwork-economicos\/","name":"ALFOMBRAS PATCHWORK ECON\u00d3MICOS | Kilim-Age","isPartOf":{"@id":"https:\/\/kilim-age.com\/en\/#website"},"primaryImageOfPage":{"@id":"https:\/\/www.kilim-age.com\/en\/producto\/alfombras-patchwork-economicos\/#primaryimage"},"image":{"@id":"https:\/\/www.kilim-age.com\/en\/producto\/alfombras-patchwork-economicos\/#primaryimage"},"thumbnailUrl":"https:\/\/kilim-age.com\/wp-content\/uploads\/2018\/10\/IMG_962134-e1547916176726-1.jpg","datePublished":"2018-10-19T11:59:08+00:00","dateModified":"2025-09-05T10:01:03+00:00","description":"Alfombras Patchwork Econ\u00f3micos en Kilim-Age! Realizamos alfombras patchwork a medida segun el tama\u00f1o y color deseado. Alfombras Patchwork de Turqu\u00eda","breadcrumb":{"@id":"https:\/\/www.kilim-age.com\/en\/producto\/alfombras-patchwork-economicos\/#breadcrumb"},"inLanguage":"en-US","potentialAction":[{"@type":"ReadAction","target":["https:\/\/www.kilim-age.com\/en\/producto\/alfombras-patchwork-economicos\/"]}]},{"@type":"ImageObject","inLanguage":"en-US","@id":"https:\/\/www.kilim-age.com\/en\/producto\/alfombras-patchwork-economicos\/#primaryimage","url":"https:\/\/kilim-age.com\/wp-content\/uploads\/2018\/10\/IMG_962134-e1547916176726-1.jpg","contentUrl":"https:\/\/kilim-age.com\/wp-content\/uploads\/2018\/10\/IMG_962134-e1547916176726-1.jpg","width":900,"height":1170,"caption":"Alfombras Patchwork Econ\u00f3micos"},{"@type":"BreadcrumbList","@id":"https:\/\/www.kilim-age.com\/en\/producto\/alfombras-patchwork-economicos\/#breadcrumb","itemListElement":[{"@type":"ListItem","position":1,"name":"Home","item":"https:\/\/kilim-age.com\/en\/"},{"@type":"ListItem","position":2,"name":"Shop","item":"https:\/\/kilim-age.com\/es\/shop\/"},{"@type":"ListItem","position":3,"name":"PATCHWORK CARPET 300 X 216 cm"}]},{"@type":"WebSite","@id":"https:\/\/kilim-age.com\/en\/#website","url":"https:\/\/kilim-age.com\/en\/","name":"Kilim-Age","description":"Somos especialistas en productos artesanales de Turqu\u00eda como Alfombras, y Kilims","potentialAction":[{"@type":"SearchAction","target":{"@type":"EntryPoint","urlTemplate":"https:\/\/kilim-age.com\/en\/?s={search_term_string}"},"query-input":{"@type":"PropertyValueSpecification","valueRequired":true,"valueName":"search_term_string"}}],"inLanguage":"en-US"}]}},"_links":{"self":[{"href":"https:\/\/kilim-age.com\/en\/wp-json\/wp\/v2\/product\/7717","targetHints":{"allow":["GET"]}}],"collection":[{"href":"https:\/\/kilim-age.com\/en\/wp-json\/wp\/v2\/product"}],"about":[{"href":"https:\/\/kilim-age.com\/en\/wp-json\/wp\/v2\/types\/product"}],"replies":[{"embeddable":true,"href":"https:\/\/kilim-age.com\/en\/wp-json\/wp\/v2\/comments?post=7717"}],"wp:featuredmedia":[{"embeddable":true,"href":"https:\/\/kilim-age.com\/en\/wp-json\/wp\/v2\/media\/17783"}],"wp:attachment":[{"href":"https:\/\/kilim-age.com\/en\/wp-json\/wp\/v2\/media?parent=7717"}],"wp:term":[{"taxonomy":"product_brand","embeddable":true,"href":"https:\/\/kilim-age.com\/en\/wp-json\/wp\/v2\/product_brand?post=7717"},{"taxonomy":"product_cat","embeddable":true,"href":"https:\/\/kilim-age.com\/en\/wp-json\/wp\/v2\/product_cat?post=7717"},{"taxonomy":"product_tag","embeddable":true,"href":"https:\/\/kilim-age.com\/en\/wp-json\/wp\/v2\/product_tag?post=7717"}],"curies":[{"name":"wp","href":"https:\/\/api.w.org\/{rel}","templated":true}]}}