{"id":7017,"date":"2018-06-19T18:07:31","date_gmt":"2018-06-19T18:07:31","guid":{"rendered":"http:\/\/kilim-age.com\/?post_type=product&#038;p=7017"},"modified":"2021-07-14T13:30:30","modified_gmt":"2021-07-14T11:30:30","slug":"classic-carpet-sal-120-x-83-cm","status":"publish","type":"product","link":"https:\/\/kilim-age.com\/en\/producto\/classic-carpet-sal-120-x-83-cm\/","title":{"rendered":"ALFOMBRA CL\u00c1SICA \u015eAL 120 X 83 cm"},"content":{"rendered":"<h3><strong>Alfombras cl\u00e1sicas<\/strong><\/h3>\n<p>Las alfombras cl\u00e1sicas son aquellas m\u00e1s antiguas o que siguen los patrones tradicionales. Eran originariamente tejidas por los n\u00f3madas en Turqu\u00eda, la regi\u00f3n del C\u00e1ucaso, Ir\u00e1n y Afganist\u00e1n. Se trata un arte milenario que consiste en la anudaci\u00f3n de la lana, el algod\u00f3n o la seda para realizar las alfombras. Estas alfombras serv\u00edan hace siglos como mantas y camas de los n\u00f3madas. Tambi\u00e9n empezaron a utilizarse como objeto de decoraci\u00f3n en las tiendas de estos n\u00f3madas y m\u00e1s tardes en los hogares. Despu\u00e9s empezaron a popularizarse por todo el mundo y a dejarse ver en todo tipo de ambientes.<\/p>\n<p>En <a href=\"http:\/\/kilim-age.com\/es\/\">Kilim-Age<\/a> estamos especializados en las alfombras cl\u00e1sicas de origen turco. Las alfombras cl\u00e1sicas est\u00e1n anudadas de manera artesanal a manos de los mejores tejedores de alfombras. Sus dise\u00f1os se inspiran en los cl\u00e1sicos motivos geom\u00e9tricos y tribales. Su lana esta totalmente hilada a mano y despu\u00e9s te\u00f1ido con colores de minerales naturales. Son alfombras muy resistentes de pelo corto y r\u00edgido. Desde las entra\u00f1as Estambul os acercamos a la tradici\u00f3n artesanal del arte de anudar, seleccionando las m\u00e1s representativas alfombras de la cultura turca.<\/p>\n<p>Dentro de la decoraci\u00f3n, las alfombras siempre han supuesto una parte muy importante. Cargan con el papel de revestir un ambiente, de darle uniformidad y personalidad. Las alfombras cl\u00e1sicas llenan los espacios de historia y etnicidad, as\u00ed que ofrecen un detalle \u00fanico y exlcusivo de cada alfombra. Al estar hechas de manera atesanal no existe una igual, y dependiendo de la regi\u00f3n o zona, existen diferentes colores y motivos representativos.","protected":false},"excerpt":{"rendered":"<p>Fabricaci\u00f3n: Hecho a mano<br \/>\nTama\u00f1o: 120 X 83 cm<br \/>\nN\u00famero de nudos: aprox 200000 por m\u00b2<br \/>\nEstado: Nuevo<br \/>\nOrigen: Turqu\u00eda<br \/>\nPelo: Lana<br \/>\nUrdimbre: algod\u00f3n<br \/>\nGrosor aprox: 4-5 mm<br \/>\nTe\u00f1ido natural, la lana hilada a mano<br \/>\nLos colores de la alfombra se percibir\u00e1n de formas diferentes dependiendo del \u00e1ngulo de visi\u00f3n<br \/>\nPlazo de entrega:2-5 d\u00edas h\u00e1biles en Espa\u00f1a.<br \/>\nEuropa: 5-7 d\u00edas h\u00e1biles, resto de continentes 7-10 d\u00edas.<\/p>\n","protected":false},"featured_media":7018,"comment_status":"open","ping_status":"closed","template":"","meta":[],"product_brand":[],"product_cat":[1054,62,230],"product_tag":[79,80],"class_list":{"0":"post-7017","1":"product","2":"type-product","3":"status-publish","4":"has-post-thumbnail","6":"product_cat-ofertas","7":"product_cat-alfombras-turcas","8":"product_cat-alfombras-clasicas","9":"product_tag-alfombras-clasicas","10":"product_tag-classic-carpets","11":"product_shipping_class-alfombra-pequena","12":"pa_ancho-cm-942","13":"pa_color-caldero","14":"pa_largo-cm-882","15":"pa_medida-pequenos","17":"first","18":"instock","19":"sale","20":"sold-individually","21":"taxable","22":"shipping-taxable","23":"purchasable","24":"product-type-simple"},"yoast_head":"<!-- This site is optimized with the Yoast SEO plugin v24.8.1 - https:\/\/yoast.com\/wordpress\/plugins\/seo\/ -->\n<title>ALFOMBRA CL\u00c1SICA \u015eAL 120 X 83 cm | Kilim-Age<\/title>\n<meta name=\"robots\" content=\"index, follow, max-snippet:-1, max-image-preview:large, max-video-preview:-1\" \/>\n<link rel=\"canonical\" href=\"https:\/\/kilim-age.com\/en\/producto\/classic-carpet-sal-120-x-83-cm\/\" \/>\n<meta property=\"og:locale\" content=\"en_US\" \/>\n<meta property=\"og:type\" content=\"article\" \/>\n<meta property=\"og:title\" content=\"ALFOMBRA CL\u00c1SICA \u015eAL 120 X 83 cm | Kilim-Age\" \/>\n<meta property=\"og:description\" content=\"Fabricaci\u00f3n: Hecho a mano Tama\u00f1o: 120 X 83 cm N\u00famero de nudos: aprox 200000 por m\u00b2 Estado: Nuevo Origen: Turqu\u00eda Pelo: Lana Urdimbre: algod\u00f3n Grosor aprox: 4-5 mm Te\u00f1ido natural, la lana hilada a mano Los colores de la alfombra se percibir\u00e1n de formas diferentes dependiendo del \u00e1ngulo de visi\u00f3n Plazo de entrega:2-5 d\u00edas h\u00e1biles en Espa\u00f1a. Europa: 5-7 d\u00edas h\u00e1biles, resto de continentes 7-10 d\u00edas.\" \/>\n<meta property=\"og:url\" content=\"https:\/\/kilim-age.com\/en\/producto\/classic-carpet-sal-120-x-83-cm\/\" \/>\n<meta property=\"og:site_name\" content=\"Kilim-Age\" \/>\n<meta property=\"article:modified_time\" content=\"2021-07-14T11:30:30+00:00\" \/>\n<meta property=\"og:image\" content=\"https:\/\/kilim-age.com\/wp-content\/uploads\/2018\/06\/IMG_7687-web-ka-506-120x83.jpg\" \/>\n\t<meta property=\"og:image:width\" content=\"1050\" \/>\n\t<meta property=\"og:image:height\" content=\"1350\" \/>\n\t<meta property=\"og:image:type\" content=\"image\/jpeg\" \/>\n<meta name=\"twitter:card\" content=\"summary_large_image\" \/>\n<meta name=\"twitter:label1\" content=\"Est. reading time\" \/>\n\t<meta name=\"twitter:data1\" content=\"3 minutes\" \/>\n<script type=\"application\/ld+json\" class=\"yoast-schema-graph\">{\"@context\":\"https:\/\/schema.org\",\"@graph\":[{\"@type\":\"WebPage\",\"@id\":\"https:\/\/kilim-age.com\/en\/producto\/classic-carpet-sal-120-x-83-cm\/\",\"url\":\"https:\/\/kilim-age.com\/en\/producto\/classic-carpet-sal-120-x-83-cm\/\",\"name\":\"ALFOMBRA CL\u00c1SICA \u015eAL 120 X 83 cm | Kilim-Age\",\"isPartOf\":{\"@id\":\"https:\/\/kilim-age.com\/en\/#website\"},\"primaryImageOfPage\":{\"@id\":\"https:\/\/kilim-age.com\/en\/producto\/classic-carpet-sal-120-x-83-cm\/#primaryimage\"},\"image\":{\"@id\":\"https:\/\/kilim-age.com\/en\/producto\/classic-carpet-sal-120-x-83-cm\/#primaryimage\"},\"thumbnailUrl\":\"https:\/\/kilim-age.com\/wp-content\/uploads\/2018\/06\/IMG_7687-web-ka-506-120x83.jpg\",\"datePublished\":\"2018-06-19T18:07:31+00:00\",\"dateModified\":\"2021-07-14T11:30:30+00:00\",\"breadcrumb\":{\"@id\":\"https:\/\/kilim-age.com\/en\/producto\/classic-carpet-sal-120-x-83-cm\/#breadcrumb\"},\"inLanguage\":\"en-US\",\"potentialAction\":[{\"@type\":\"ReadAction\",\"target\":[\"https:\/\/kilim-age.com\/en\/producto\/classic-carpet-sal-120-x-83-cm\/\"]}]},{\"@type\":\"ImageObject\",\"inLanguage\":\"en-US\",\"@id\":\"https:\/\/kilim-age.com\/en\/producto\/classic-carpet-sal-120-x-83-cm\/#primaryimage\",\"url\":\"https:\/\/kilim-age.com\/wp-content\/uploads\/2018\/06\/IMG_7687-web-ka-506-120x83.jpg\",\"contentUrl\":\"https:\/\/kilim-age.com\/wp-content\/uploads\/2018\/06\/IMG_7687-web-ka-506-120x83.jpg\",\"width\":1050,\"height\":1350},{\"@type\":\"BreadcrumbList\",\"@id\":\"https:\/\/kilim-age.com\/en\/producto\/classic-carpet-sal-120-x-83-cm\/#breadcrumb\",\"itemListElement\":[{\"@type\":\"ListItem\",\"position\":1,\"name\":\"Home\",\"item\":\"https:\/\/kilim-age.com\/en\/\"},{\"@type\":\"ListItem\",\"position\":2,\"name\":\"Shop\",\"item\":\"https:\/\/kilim-age.com\/es\/shop\/\"},{\"@type\":\"ListItem\",\"position\":3,\"name\":\"ALFOMBRA CL\u00c1SICA \u015eAL 120 X 83 cm\"}]},{\"@type\":\"WebSite\",\"@id\":\"https:\/\/kilim-age.com\/en\/#website\",\"url\":\"https:\/\/kilim-age.com\/en\/\",\"name\":\"Kilim-Age\",\"description\":\"Somos especialistas en productos artesanales de Turqu\u00eda como Alfombras, y Kilims\",\"potentialAction\":[{\"@type\":\"SearchAction\",\"target\":{\"@type\":\"EntryPoint\",\"urlTemplate\":\"https:\/\/kilim-age.com\/en\/?s={search_term_string}\"},\"query-input\":{\"@type\":\"PropertyValueSpecification\",\"valueRequired\":true,\"valueName\":\"search_term_string\"}}],\"inLanguage\":\"en-US\"}]}<\/script>\n<!-- \/ Yoast SEO plugin. -->","yoast_head_json":{"title":"ALFOMBRA CL\u00c1SICA \u015eAL 120 X 83 cm | Kilim-Age","robots":{"index":"index","follow":"follow","max-snippet":"max-snippet:-1","max-image-preview":"max-image-preview:large","max-video-preview":"max-video-preview:-1"},"canonical":"https:\/\/kilim-age.com\/en\/producto\/classic-carpet-sal-120-x-83-cm\/","og_locale":"en_US","og_type":"article","og_title":"ALFOMBRA CL\u00c1SICA \u015eAL 120 X 83 cm | Kilim-Age","og_description":"Fabricaci\u00f3n: Hecho a mano Tama\u00f1o: 120 X 83 cm N\u00famero de nudos: aprox 200000 por m\u00b2 Estado: Nuevo Origen: Turqu\u00eda Pelo: Lana Urdimbre: algod\u00f3n Grosor aprox: 4-5 mm Te\u00f1ido natural, la lana hilada a mano Los colores de la alfombra se percibir\u00e1n de formas diferentes dependiendo del \u00e1ngulo de visi\u00f3n Plazo de entrega:2-5 d\u00edas h\u00e1biles en Espa\u00f1a. Europa: 5-7 d\u00edas h\u00e1biles, resto de continentes 7-10 d\u00edas.","og_url":"https:\/\/kilim-age.com\/en\/producto\/classic-carpet-sal-120-x-83-cm\/","og_site_name":"Kilim-Age","article_modified_time":"2021-07-14T11:30:30+00:00","og_image":[{"width":1050,"height":1350,"url":"https:\/\/kilim-age.com\/wp-content\/uploads\/2018\/06\/IMG_7687-web-ka-506-120x83.jpg","type":"image\/jpeg"}],"twitter_card":"summary_large_image","twitter_misc":{"Est. reading time":"3 minutes"},"schema":{"@context":"https:\/\/schema.org","@graph":[{"@type":"WebPage","@id":"https:\/\/kilim-age.com\/en\/producto\/classic-carpet-sal-120-x-83-cm\/","url":"https:\/\/kilim-age.com\/en\/producto\/classic-carpet-sal-120-x-83-cm\/","name":"ALFOMBRA CL\u00c1SICA \u015eAL 120 X 83 cm | Kilim-Age","isPartOf":{"@id":"https:\/\/kilim-age.com\/en\/#website"},"primaryImageOfPage":{"@id":"https:\/\/kilim-age.com\/en\/producto\/classic-carpet-sal-120-x-83-cm\/#primaryimage"},"image":{"@id":"https:\/\/kilim-age.com\/en\/producto\/classic-carpet-sal-120-x-83-cm\/#primaryimage"},"thumbnailUrl":"https:\/\/kilim-age.com\/wp-content\/uploads\/2018\/06\/IMG_7687-web-ka-506-120x83.jpg","datePublished":"2018-06-19T18:07:31+00:00","dateModified":"2021-07-14T11:30:30+00:00","breadcrumb":{"@id":"https:\/\/kilim-age.com\/en\/producto\/classic-carpet-sal-120-x-83-cm\/#breadcrumb"},"inLanguage":"en-US","potentialAction":[{"@type":"ReadAction","target":["https:\/\/kilim-age.com\/en\/producto\/classic-carpet-sal-120-x-83-cm\/"]}]},{"@type":"ImageObject","inLanguage":"en-US","@id":"https:\/\/kilim-age.com\/en\/producto\/classic-carpet-sal-120-x-83-cm\/#primaryimage","url":"https:\/\/kilim-age.com\/wp-content\/uploads\/2018\/06\/IMG_7687-web-ka-506-120x83.jpg","contentUrl":"https:\/\/kilim-age.com\/wp-content\/uploads\/2018\/06\/IMG_7687-web-ka-506-120x83.jpg","width":1050,"height":1350},{"@type":"BreadcrumbList","@id":"https:\/\/kilim-age.com\/en\/producto\/classic-carpet-sal-120-x-83-cm\/#breadcrumb","itemListElement":[{"@type":"ListItem","position":1,"name":"Home","item":"https:\/\/kilim-age.com\/en\/"},{"@type":"ListItem","position":2,"name":"Shop","item":"https:\/\/kilim-age.com\/es\/shop\/"},{"@type":"ListItem","position":3,"name":"ALFOMBRA CL\u00c1SICA \u015eAL 120 X 83 cm"}]},{"@type":"WebSite","@id":"https:\/\/kilim-age.com\/en\/#website","url":"https:\/\/kilim-age.com\/en\/","name":"Kilim-Age","description":"Somos especialistas en productos artesanales de Turqu\u00eda como Alfombras, y Kilims","potentialAction":[{"@type":"SearchAction","target":{"@type":"EntryPoint","urlTemplate":"https:\/\/kilim-age.com\/en\/?s={search_term_string}"},"query-input":{"@type":"PropertyValueSpecification","valueRequired":true,"valueName":"search_term_string"}}],"inLanguage":"en-US"}]}},"_links":{"self":[{"href":"https:\/\/kilim-age.com\/en\/wp-json\/wp\/v2\/product\/7017","targetHints":{"allow":["GET"]}}],"collection":[{"href":"https:\/\/kilim-age.com\/en\/wp-json\/wp\/v2\/product"}],"about":[{"href":"https:\/\/kilim-age.com\/en\/wp-json\/wp\/v2\/types\/product"}],"replies":[{"embeddable":true,"href":"https:\/\/kilim-age.com\/en\/wp-json\/wp\/v2\/comments?post=7017"}],"wp:featuredmedia":[{"embeddable":true,"href":"https:\/\/kilim-age.com\/en\/wp-json\/wp\/v2\/media\/7018"}],"wp:attachment":[{"href":"https:\/\/kilim-age.com\/en\/wp-json\/wp\/v2\/media?parent=7017"}],"wp:term":[{"taxonomy":"product_brand","embeddable":true,"href":"https:\/\/kilim-age.com\/en\/wp-json\/wp\/v2\/product_brand?post=7017"},{"taxonomy":"product_cat","embeddable":true,"href":"https:\/\/kilim-age.com\/en\/wp-json\/wp\/v2\/product_cat?post=7017"},{"taxonomy":"product_tag","embeddable":true,"href":"https:\/\/kilim-age.com\/en\/wp-json\/wp\/v2\/product_tag?post=7017"}],"curies":[{"name":"wp","href":"https:\/\/api.w.org\/{rel}","templated":true}]}}