{"id":5591,"date":"2018-02-26T18:14:33","date_gmt":"2018-02-26T17:14:33","guid":{"rendered":"http:\/\/kilim-age.com\/?post_type=product&#038;p=5591"},"modified":"2025-06-16T23:25:15","modified_gmt":"2025-06-16T21:25:15","slug":"alfombra-patchwork-236-x-160-cm","status":"publish","type":"product","link":"https:\/\/kilim-age.com\/en\/producto\/alfombra-patchwork-236-x-160-cm\/","title":{"rendered":"PATCHWORK CARPET 236 X 160 cm"},"content":{"rendered":"<p class=\"qtranxs-available-languages-message qtranxs-available-languages-message-en\">Sorry, this entry is only available in <a href=\"https:\/\/kilim-age.com\/es\/wp-json\/wp\/v2\/product\/5591\" class=\"qtranxs-available-language-link qtranxs-available-language-link-es\" title=\"Espa\u00f1ol\">Espa\u00f1ol<\/a>.<\/p><h3><strong>ALFOMBRAS PATCHWORK<\/strong><\/h3>\n<p>La palabra patchwork viene del ingl\u00e9s \u201cpatch\u201d (parche) y \u201cwork\u201d (trabajo). Conocido tambi\u00e9n como \u201cpieced work\u201d, se trata de la uni\u00f3n de muchas piezas diferentes, alternando incluso colores y tejidos. Literalmente significa trabajo con parches o remiendos. Esta t\u00e9cnica textil permite confeccionar piezas uniendo fragmentos de telas de diferentes tipos y colores. Dicho de otro modo, es una forma de costura que consiste en coser o ensamblar distintas trozos de tela formando otra tela o un dise\u00f1o m\u00e1s grande.<\/p>\n<p>La alfombra Patchwork est\u00e1 hecha con retazos de alfombras de vintage hechos a mano que aproximadamente suelen tener entre 20-30 a\u00f1os de antig\u00fcedad. Se trata de crear una alfombra a partir de parches de diferentes alfombras. Gracias a las t\u00e9cnicas utilizadas para las alfombras vintage, podemos conseguir una gama muy amplia de colores naturales. Suponen una segunda vida para las alfombras y una manera novedosa y original de utilizarlas. El tradicional m\u00e9todo mosaico de los patchwork permite que las alfombras sean elaboradas en los tama\u00f1os deseados por cada cliente. Pueden personalizarse y hacer a medida tanto las medidas de la alfombra, como la de los parches que la componen. Todas nuestras alfombras de patchwork est\u00e1n elaboradas artesanalmente con los materiales de alta calidad y originarios de Turqu\u00eda.<\/p>\n<p>Como objeto de decoraci\u00f3n supone un elemento \u00fanico y especial, adem\u00e1s de personalizado. Tambi\u00e9n ofrece una variedad de colores y combinaciones mucho m\u00e1s amplia de la que ten\u00edamos con las alfombras cl\u00e1sicas. Suelen utilizarse en todo tipo de ambientes y actualmente son las alfombras por excelencia de todos los estilos en tendencia.","protected":false},"excerpt":{"rendered":"<p>Manufacturing: Knotted by hand<br \/>\nSize: 236 X 160 cm<br \/>\nKnot density: Aprox 150000-300000 knots per m\u00b2<br \/>\nAge: New<br \/>\nOrigin: Turkey<br \/>\nPile: Wool<br \/>\nWarp: Cotton<br \/>\nThickness approx: 7-9 mm.<br \/>\nNatural dyeing.<br \/>\nThe colors in the carpet will be perceived differently depending on the angle you view it from.<br \/>\nDelivery time: Spain approximately 2-5 days, Europe 5-7 days, other continents 7-10 days.<\/p>\n","protected":false},"featured_media":5592,"comment_status":"open","ping_status":"closed","template":"","meta":[],"product_brand":[],"product_cat":[1054,62,224],"product_tag":[71,94],"class_list":{"0":"post-5591","1":"product","2":"type-product","3":"status-publish","4":"has-post-thumbnail","6":"product_cat-ofertas","7":"product_cat-alfombras-turcas","8":"product_cat-alfombras-patchwork","9":"product_tag-alfombras-patchwork","10":"product_tag-patchwork-carpets","11":"product_shipping_class-kilim-pequeno","12":"pa_ancho-cm-873","13":"pa_color-multicolor","14":"pa_largo-cm-933","15":"pa_medida-grandes","17":"first","18":"instock","19":"sale","20":"sold-individually","21":"taxable","22":"shipping-taxable","23":"purchasable","24":"product-type-simple"},"yoast_head":"<!-- This site is optimized with the Yoast SEO plugin v24.8.1 - https:\/\/yoast.com\/wordpress\/plugins\/seo\/ -->\n<title>PATCHWORK CARPET 236 X 160 cm | Kilim-Age<\/title>\n<meta name=\"robots\" content=\"index, follow, max-snippet:-1, max-image-preview:large, max-video-preview:-1\" \/>\n<link rel=\"canonical\" href=\"https:\/\/kilim-age.com\/en\/producto\/alfombra-patchwork-236-x-160-cm\/\" \/>\n<meta property=\"og:locale\" content=\"en_US\" \/>\n<meta property=\"og:type\" content=\"article\" \/>\n<meta property=\"og:title\" content=\"PATCHWORK CARPET 236 X 160 cm | Kilim-Age\" \/>\n<meta property=\"og:description\" content=\"Manufacturing: Knotted by hand Size: 236 X 160 cm Knot density: Aprox 150000-300000 knots per m\u00b2 Age: New Origin: Turkey Pile: Wool Warp: Cotton Thickness approx: 7-9 mm. Natural dyeing. The colors in the carpet will be perceived differently depending on the angle you view it from. Delivery time: Spain approximately 2-5 days, Europe 5-7 days, other continents 7-10 days.\" \/>\n<meta property=\"og:url\" content=\"https:\/\/kilim-age.com\/es\/producto\/alfombra-patchwork-236-x-160-cm\/\" \/>\n<meta property=\"og:site_name\" content=\"Kilim-Age\" \/>\n<meta property=\"article:modified_time\" content=\"2025-06-16T21:25:15+00:00\" \/>\n<meta property=\"og:image\" content=\"https:\/\/kilim-age.com\/wp-content\/uploads\/2018\/02\/IMG_0872-web-ka-1083-236x160.jpg\" \/>\n\t<meta property=\"og:image:width\" content=\"1000\" \/>\n\t<meta property=\"og:image:height\" content=\"1300\" \/>\n\t<meta property=\"og:image:type\" content=\"image\/jpeg\" \/>\n<meta name=\"twitter:card\" content=\"summary_large_image\" \/>\n<meta name=\"twitter:label1\" content=\"Est. reading time\" \/>\n\t<meta name=\"twitter:data1\" content=\"1 minute\" \/>\n<script type=\"application\/ld+json\" class=\"yoast-schema-graph\">{\"@context\":\"https:\/\/schema.org\",\"@graph\":[{\"@type\":\"WebPage\",\"@id\":\"https:\/\/kilim-age.com\/es\/producto\/alfombra-patchwork-236-x-160-cm\/\",\"url\":\"https:\/\/kilim-age.com\/es\/producto\/alfombra-patchwork-236-x-160-cm\/\",\"name\":\"PATCHWORK CARPET 236 X 160 cm | Kilim-Age\",\"isPartOf\":{\"@id\":\"https:\/\/kilim-age.com\/en\/#website\"},\"primaryImageOfPage\":{\"@id\":\"https:\/\/kilim-age.com\/es\/producto\/alfombra-patchwork-236-x-160-cm\/#primaryimage\"},\"image\":{\"@id\":\"https:\/\/kilim-age.com\/es\/producto\/alfombra-patchwork-236-x-160-cm\/#primaryimage\"},\"thumbnailUrl\":\"https:\/\/kilim-age.com\/wp-content\/uploads\/2018\/02\/IMG_0872-web-ka-1083-236x160.jpg\",\"datePublished\":\"2018-02-26T17:14:33+00:00\",\"dateModified\":\"2025-06-16T21:25:15+00:00\",\"breadcrumb\":{\"@id\":\"https:\/\/kilim-age.com\/es\/producto\/alfombra-patchwork-236-x-160-cm\/#breadcrumb\"},\"inLanguage\":\"en-US\",\"potentialAction\":[{\"@type\":\"ReadAction\",\"target\":[\"https:\/\/kilim-age.com\/es\/producto\/alfombra-patchwork-236-x-160-cm\/\"]}]},{\"@type\":\"ImageObject\",\"inLanguage\":\"en-US\",\"@id\":\"https:\/\/kilim-age.com\/es\/producto\/alfombra-patchwork-236-x-160-cm\/#primaryimage\",\"url\":\"https:\/\/kilim-age.com\/wp-content\/uploads\/2018\/02\/IMG_0872-web-ka-1083-236x160.jpg\",\"contentUrl\":\"https:\/\/kilim-age.com\/wp-content\/uploads\/2018\/02\/IMG_0872-web-ka-1083-236x160.jpg\",\"width\":1000,\"height\":1300},{\"@type\":\"BreadcrumbList\",\"@id\":\"https:\/\/kilim-age.com\/es\/producto\/alfombra-patchwork-236-x-160-cm\/#breadcrumb\",\"itemListElement\":[{\"@type\":\"ListItem\",\"position\":1,\"name\":\"Home\",\"item\":\"https:\/\/kilim-age.com\/en\/\"},{\"@type\":\"ListItem\",\"position\":2,\"name\":\"Shop\",\"item\":\"https:\/\/kilim-age.com\/es\/shop\/\"},{\"@type\":\"ListItem\",\"position\":3,\"name\":\"ALFOMBRA PATCHWORK 236 X 160 cm\"}]},{\"@type\":\"WebSite\",\"@id\":\"https:\/\/kilim-age.com\/en\/#website\",\"url\":\"https:\/\/kilim-age.com\/en\/\",\"name\":\"Kilim-Age\",\"description\":\"Somos especialistas en productos artesanales de Turqu\u00eda como Alfombras, y Kilims\",\"potentialAction\":[{\"@type\":\"SearchAction\",\"target\":{\"@type\":\"EntryPoint\",\"urlTemplate\":\"https:\/\/kilim-age.com\/en\/?s={search_term_string}\"},\"query-input\":{\"@type\":\"PropertyValueSpecification\",\"valueRequired\":true,\"valueName\":\"search_term_string\"}}],\"inLanguage\":\"en-US\"}]}<\/script>\n<!-- \/ Yoast SEO plugin. -->","yoast_head_json":{"title":"PATCHWORK CARPET 236 X 160 cm | Kilim-Age","robots":{"index":"index","follow":"follow","max-snippet":"max-snippet:-1","max-image-preview":"max-image-preview:large","max-video-preview":"max-video-preview:-1"},"canonical":"https:\/\/kilim-age.com\/en\/producto\/alfombra-patchwork-236-x-160-cm\/","og_locale":"en_US","og_type":"article","og_title":"PATCHWORK CARPET 236 X 160 cm | Kilim-Age","og_description":"Manufacturing: Knotted by hand Size: 236 X 160 cm Knot density: Aprox 150000-300000 knots per m\u00b2 Age: New Origin: Turkey Pile: Wool Warp: Cotton Thickness approx: 7-9 mm. Natural dyeing. The colors in the carpet will be perceived differently depending on the angle you view it from. Delivery time: Spain approximately 2-5 days, Europe 5-7 days, other continents 7-10 days.","og_url":"https:\/\/kilim-age.com\/es\/producto\/alfombra-patchwork-236-x-160-cm\/","og_site_name":"Kilim-Age","article_modified_time":"2025-06-16T21:25:15+00:00","og_image":[{"width":1000,"height":1300,"url":"https:\/\/kilim-age.com\/wp-content\/uploads\/2018\/02\/IMG_0872-web-ka-1083-236x160.jpg","type":"image\/jpeg"}],"twitter_card":"summary_large_image","twitter_misc":{"Est. reading time":"1 minute"},"schema":{"@context":"https:\/\/schema.org","@graph":[{"@type":"WebPage","@id":"https:\/\/kilim-age.com\/es\/producto\/alfombra-patchwork-236-x-160-cm\/","url":"https:\/\/kilim-age.com\/es\/producto\/alfombra-patchwork-236-x-160-cm\/","name":"PATCHWORK CARPET 236 X 160 cm | Kilim-Age","isPartOf":{"@id":"https:\/\/kilim-age.com\/en\/#website"},"primaryImageOfPage":{"@id":"https:\/\/kilim-age.com\/es\/producto\/alfombra-patchwork-236-x-160-cm\/#primaryimage"},"image":{"@id":"https:\/\/kilim-age.com\/es\/producto\/alfombra-patchwork-236-x-160-cm\/#primaryimage"},"thumbnailUrl":"https:\/\/kilim-age.com\/wp-content\/uploads\/2018\/02\/IMG_0872-web-ka-1083-236x160.jpg","datePublished":"2018-02-26T17:14:33+00:00","dateModified":"2025-06-16T21:25:15+00:00","breadcrumb":{"@id":"https:\/\/kilim-age.com\/es\/producto\/alfombra-patchwork-236-x-160-cm\/#breadcrumb"},"inLanguage":"en-US","potentialAction":[{"@type":"ReadAction","target":["https:\/\/kilim-age.com\/es\/producto\/alfombra-patchwork-236-x-160-cm\/"]}]},{"@type":"ImageObject","inLanguage":"en-US","@id":"https:\/\/kilim-age.com\/es\/producto\/alfombra-patchwork-236-x-160-cm\/#primaryimage","url":"https:\/\/kilim-age.com\/wp-content\/uploads\/2018\/02\/IMG_0872-web-ka-1083-236x160.jpg","contentUrl":"https:\/\/kilim-age.com\/wp-content\/uploads\/2018\/02\/IMG_0872-web-ka-1083-236x160.jpg","width":1000,"height":1300},{"@type":"BreadcrumbList","@id":"https:\/\/kilim-age.com\/es\/producto\/alfombra-patchwork-236-x-160-cm\/#breadcrumb","itemListElement":[{"@type":"ListItem","position":1,"name":"Home","item":"https:\/\/kilim-age.com\/en\/"},{"@type":"ListItem","position":2,"name":"Shop","item":"https:\/\/kilim-age.com\/es\/shop\/"},{"@type":"ListItem","position":3,"name":"ALFOMBRA PATCHWORK 236 X 160 cm"}]},{"@type":"WebSite","@id":"https:\/\/kilim-age.com\/en\/#website","url":"https:\/\/kilim-age.com\/en\/","name":"Kilim-Age","description":"Somos especialistas en productos artesanales de Turqu\u00eda como Alfombras, y Kilims","potentialAction":[{"@type":"SearchAction","target":{"@type":"EntryPoint","urlTemplate":"https:\/\/kilim-age.com\/en\/?s={search_term_string}"},"query-input":{"@type":"PropertyValueSpecification","valueRequired":true,"valueName":"search_term_string"}}],"inLanguage":"en-US"}]}},"_links":{"self":[{"href":"https:\/\/kilim-age.com\/en\/wp-json\/wp\/v2\/product\/5591","targetHints":{"allow":["GET"]}}],"collection":[{"href":"https:\/\/kilim-age.com\/en\/wp-json\/wp\/v2\/product"}],"about":[{"href":"https:\/\/kilim-age.com\/en\/wp-json\/wp\/v2\/types\/product"}],"replies":[{"embeddable":true,"href":"https:\/\/kilim-age.com\/en\/wp-json\/wp\/v2\/comments?post=5591"}],"wp:featuredmedia":[{"embeddable":true,"href":"https:\/\/kilim-age.com\/en\/wp-json\/wp\/v2\/media\/5592"}],"wp:attachment":[{"href":"https:\/\/kilim-age.com\/en\/wp-json\/wp\/v2\/media?parent=5591"}],"wp:term":[{"taxonomy":"product_brand","embeddable":true,"href":"https:\/\/kilim-age.com\/en\/wp-json\/wp\/v2\/product_brand?post=5591"},{"taxonomy":"product_cat","embeddable":true,"href":"https:\/\/kilim-age.com\/en\/wp-json\/wp\/v2\/product_cat?post=5591"},{"taxonomy":"product_tag","embeddable":true,"href":"https:\/\/kilim-age.com\/en\/wp-json\/wp\/v2\/product_tag?post=5591"}],"curies":[{"name":"wp","href":"https:\/\/api.w.org\/{rel}","templated":true}]}}