{"id":4326,"date":"2017-10-20T18:17:26","date_gmt":"2017-10-20T18:17:26","guid":{"rendered":"http:\/\/kilim-age.com\/?post_type=product&#038;p=4326"},"modified":"2025-06-16T23:39:21","modified_gmt":"2025-06-16T21:39:21","slug":"avsar-carpet-160-x-141-cm","status":"publish","type":"product","link":"https:\/\/kilim-age.com\/en\/producto\/avsar-carpet-160-x-141-cm\/","title":{"rendered":"AVSAR CARPET 160 X 141 cm"},"content":{"rendered":"Classic AVSAR nomadic carpet.<br \/>\nThese carpets are hand knotted in the hands of the best carpet weavers. Its designs are inspired by the classic geometric motifs of Caucasia, its wool is completely spun by hand and then dyed with natural colors. They are very resistant and good quality carpets.","protected":false},"excerpt":{"rendered":"<p>Manufacturing: Knotted by hand<br \/>\nSize: 161 X 140 cm<br \/>\nKnot density: Aprox 200000 knots per m\u00b2<br \/>\nAge: New<br \/>\nOrigin: Turkey<br \/>\nPile: Wool<br \/>\nWarp: Cotton<br \/>\nThickness approx: 4-5 mm<br \/>\nNatural dyeing<br \/>\nThe colors in the carpet will be perceived differently depending on the angle you view it from<br \/>\nDelivery time: Spain approximately 3-6 days, Europe 5-7 days, other continents 7-10 days.<\/p>\n","protected":false},"featured_media":4337,"comment_status":"open","ping_status":"closed","template":"","meta":[],"product_brand":[],"product_cat":[1054,62,230],"product_tag":[79,100],"class_list":{"0":"post-4326","1":"product","2":"type-product","3":"status-publish","4":"has-post-thumbnail","6":"product_cat-ofertas","7":"product_cat-alfombras-turcas","8":"product_cat-alfombras-clasicas","9":"product_tag-alfombras-clasicas","10":"product_tag-classic-nomad-carpets","11":"product_shipping_class-alfombra-mediana","12":"pa_ancho-cm-924","13":"pa_color-azul","14":"pa_color-azul-marino","15":"pa_largo-cm-978","16":"pa_medida-medianos","18":"first","19":"instock","20":"sale","21":"sold-individually","22":"taxable","23":"shipping-taxable","24":"purchasable","25":"product-type-simple"},"yoast_head":"<!-- This site is optimized with the Yoast SEO plugin v24.8.1 - https:\/\/yoast.com\/wordpress\/plugins\/seo\/ -->\n<title>AVSAR CARPET 160 X 141 cm | Kilim-Age<\/title>\n<meta name=\"description\" content=\"Alfombra n\u00f3mada turca! Alfombra n\u00f3mada del norte de Turqu\u00eda, tenemos las mejores alfombras turcas de gran calidad. Env\u00edos gratuitos..\" \/>\n<meta name=\"robots\" content=\"index, follow, max-snippet:-1, max-image-preview:large, max-video-preview:-1\" \/>\n<link rel=\"canonical\" href=\"https:\/\/www.kilim-age.com\/en\/producto\/avsar-carpet-160-x-141-cm\/\" \/>\n<meta property=\"og:locale\" content=\"en_US\" \/>\n<meta property=\"og:type\" content=\"article\" \/>\n<meta property=\"og:title\" content=\"AVSAR CARPET 160 X 141 cm | Kilim-Age\" \/>\n<meta property=\"og:description\" content=\"Alfombra n\u00f3mada turca! Alfombra n\u00f3mada del norte de Turqu\u00eda, tenemos las mejores alfombras turcas de gran calidad. Env\u00edos gratuitos..\" \/>\n<meta property=\"og:url\" content=\"https:\/\/www.kilim-age.com\/en\/producto\/avsar-carpet-160-x-141-cm\/\" \/>\n<meta property=\"og:site_name\" content=\"Kilim-Age\" \/>\n<meta property=\"article:modified_time\" content=\"2025-06-16T21:39:21+00:00\" \/>\n<meta property=\"og:image\" content=\"https:\/\/www.kilim-age.com\/wp-content\/uploads\/2017\/10\/IMG_9285-WEB-KA.jpg\" \/>\n\t<meta property=\"og:image:width\" content=\"1000\" \/>\n\t<meta property=\"og:image:height\" content=\"1300\" \/>\n\t<meta property=\"og:image:type\" content=\"image\/jpeg\" \/>\n<meta name=\"twitter:card\" content=\"summary_large_image\" \/>\n<meta name=\"twitter:label1\" content=\"Est. reading time\" \/>\n\t<meta name=\"twitter:data1\" content=\"1 minute\" \/>\n<script type=\"application\/ld+json\" class=\"yoast-schema-graph\">{\"@context\":\"https:\/\/schema.org\",\"@graph\":[{\"@type\":\"WebPage\",\"@id\":\"https:\/\/www.kilim-age.com\/en\/producto\/avsar-carpet-160-x-141-cm\/\",\"url\":\"https:\/\/www.kilim-age.com\/en\/producto\/avsar-carpet-160-x-141-cm\/\",\"name\":\"AVSAR CARPET 160 X 141 cm | Kilim-Age\",\"isPartOf\":{\"@id\":\"https:\/\/kilim-age.com\/en\/#website\"},\"primaryImageOfPage\":{\"@id\":\"https:\/\/www.kilim-age.com\/en\/producto\/avsar-carpet-160-x-141-cm\/#primaryimage\"},\"image\":{\"@id\":\"https:\/\/www.kilim-age.com\/en\/producto\/avsar-carpet-160-x-141-cm\/#primaryimage\"},\"thumbnailUrl\":\"https:\/\/kilim-age.com\/wp-content\/uploads\/2017\/10\/IMG_9285-WEB-KA.jpg\",\"datePublished\":\"2017-10-20T18:17:26+00:00\",\"dateModified\":\"2025-06-16T21:39:21+00:00\",\"description\":\"Alfombra n\u00f3mada turca! Alfombra n\u00f3mada del norte de Turqu\u00eda, tenemos las mejores alfombras turcas de gran calidad. Env\u00edos gratuitos..\",\"breadcrumb\":{\"@id\":\"https:\/\/www.kilim-age.com\/en\/producto\/avsar-carpet-160-x-141-cm\/#breadcrumb\"},\"inLanguage\":\"en-US\",\"potentialAction\":[{\"@type\":\"ReadAction\",\"target\":[\"https:\/\/www.kilim-age.com\/en\/producto\/avsar-carpet-160-x-141-cm\/\"]}]},{\"@type\":\"ImageObject\",\"inLanguage\":\"en-US\",\"@id\":\"https:\/\/www.kilim-age.com\/en\/producto\/avsar-carpet-160-x-141-cm\/#primaryimage\",\"url\":\"https:\/\/kilim-age.com\/wp-content\/uploads\/2017\/10\/IMG_9285-WEB-KA.jpg\",\"contentUrl\":\"https:\/\/kilim-age.com\/wp-content\/uploads\/2017\/10\/IMG_9285-WEB-KA.jpg\",\"width\":1000,\"height\":1300,\"caption\":\"Alfombras turcas\"},{\"@type\":\"BreadcrumbList\",\"@id\":\"https:\/\/www.kilim-age.com\/en\/producto\/avsar-carpet-160-x-141-cm\/#breadcrumb\",\"itemListElement\":[{\"@type\":\"ListItem\",\"position\":1,\"name\":\"Home\",\"item\":\"https:\/\/kilim-age.com\/en\/\"},{\"@type\":\"ListItem\",\"position\":2,\"name\":\"Shop\",\"item\":\"https:\/\/kilim-age.com\/en\/shop\/\"},{\"@type\":\"ListItem\",\"position\":3,\"name\":\"AVSAR CARPET 160 X 141 cm\"}]},{\"@type\":\"WebSite\",\"@id\":\"https:\/\/kilim-age.com\/en\/#website\",\"url\":\"https:\/\/kilim-age.com\/en\/\",\"name\":\"Kilim-Age\",\"description\":\"Somos especialistas en productos artesanales de Turqu\u00eda como Alfombras, y Kilims\",\"potentialAction\":[{\"@type\":\"SearchAction\",\"target\":{\"@type\":\"EntryPoint\",\"urlTemplate\":\"https:\/\/kilim-age.com\/en\/?s={search_term_string}\"},\"query-input\":{\"@type\":\"PropertyValueSpecification\",\"valueRequired\":true,\"valueName\":\"search_term_string\"}}],\"inLanguage\":\"en-US\"}]}<\/script>\n<!-- \/ Yoast SEO plugin. -->","yoast_head_json":{"title":"AVSAR CARPET 160 X 141 cm | Kilim-Age","description":"Alfombra n\u00f3mada turca! Alfombra n\u00f3mada del norte de Turqu\u00eda, tenemos las mejores alfombras turcas de gran calidad. Env\u00edos gratuitos..","robots":{"index":"index","follow":"follow","max-snippet":"max-snippet:-1","max-image-preview":"max-image-preview:large","max-video-preview":"max-video-preview:-1"},"canonical":"https:\/\/www.kilim-age.com\/en\/producto\/avsar-carpet-160-x-141-cm\/","og_locale":"en_US","og_type":"article","og_title":"AVSAR CARPET 160 X 141 cm | Kilim-Age","og_description":"Alfombra n\u00f3mada turca! Alfombra n\u00f3mada del norte de Turqu\u00eda, tenemos las mejores alfombras turcas de gran calidad. Env\u00edos gratuitos..","og_url":"https:\/\/www.kilim-age.com\/en\/producto\/avsar-carpet-160-x-141-cm\/","og_site_name":"Kilim-Age","article_modified_time":"2025-06-16T21:39:21+00:00","og_image":[{"width":1000,"height":1300,"url":"https:\/\/www.kilim-age.com\/wp-content\/uploads\/2017\/10\/IMG_9285-WEB-KA.jpg","type":"image\/jpeg"}],"twitter_card":"summary_large_image","twitter_misc":{"Est. reading time":"1 minute"},"schema":{"@context":"https:\/\/schema.org","@graph":[{"@type":"WebPage","@id":"https:\/\/www.kilim-age.com\/en\/producto\/avsar-carpet-160-x-141-cm\/","url":"https:\/\/www.kilim-age.com\/en\/producto\/avsar-carpet-160-x-141-cm\/","name":"AVSAR CARPET 160 X 141 cm | Kilim-Age","isPartOf":{"@id":"https:\/\/kilim-age.com\/en\/#website"},"primaryImageOfPage":{"@id":"https:\/\/www.kilim-age.com\/en\/producto\/avsar-carpet-160-x-141-cm\/#primaryimage"},"image":{"@id":"https:\/\/www.kilim-age.com\/en\/producto\/avsar-carpet-160-x-141-cm\/#primaryimage"},"thumbnailUrl":"https:\/\/kilim-age.com\/wp-content\/uploads\/2017\/10\/IMG_9285-WEB-KA.jpg","datePublished":"2017-10-20T18:17:26+00:00","dateModified":"2025-06-16T21:39:21+00:00","description":"Alfombra n\u00f3mada turca! Alfombra n\u00f3mada del norte de Turqu\u00eda, tenemos las mejores alfombras turcas de gran calidad. Env\u00edos gratuitos..","breadcrumb":{"@id":"https:\/\/www.kilim-age.com\/en\/producto\/avsar-carpet-160-x-141-cm\/#breadcrumb"},"inLanguage":"en-US","potentialAction":[{"@type":"ReadAction","target":["https:\/\/www.kilim-age.com\/en\/producto\/avsar-carpet-160-x-141-cm\/"]}]},{"@type":"ImageObject","inLanguage":"en-US","@id":"https:\/\/www.kilim-age.com\/en\/producto\/avsar-carpet-160-x-141-cm\/#primaryimage","url":"https:\/\/kilim-age.com\/wp-content\/uploads\/2017\/10\/IMG_9285-WEB-KA.jpg","contentUrl":"https:\/\/kilim-age.com\/wp-content\/uploads\/2017\/10\/IMG_9285-WEB-KA.jpg","width":1000,"height":1300,"caption":"Alfombras turcas"},{"@type":"BreadcrumbList","@id":"https:\/\/www.kilim-age.com\/en\/producto\/avsar-carpet-160-x-141-cm\/#breadcrumb","itemListElement":[{"@type":"ListItem","position":1,"name":"Home","item":"https:\/\/kilim-age.com\/en\/"},{"@type":"ListItem","position":2,"name":"Shop","item":"https:\/\/kilim-age.com\/en\/shop\/"},{"@type":"ListItem","position":3,"name":"AVSAR CARPET 160 X 141 cm"}]},{"@type":"WebSite","@id":"https:\/\/kilim-age.com\/en\/#website","url":"https:\/\/kilim-age.com\/en\/","name":"Kilim-Age","description":"Somos especialistas en productos artesanales de Turqu\u00eda como Alfombras, y Kilims","potentialAction":[{"@type":"SearchAction","target":{"@type":"EntryPoint","urlTemplate":"https:\/\/kilim-age.com\/en\/?s={search_term_string}"},"query-input":{"@type":"PropertyValueSpecification","valueRequired":true,"valueName":"search_term_string"}}],"inLanguage":"en-US"}]}},"_links":{"self":[{"href":"https:\/\/kilim-age.com\/en\/wp-json\/wp\/v2\/product\/4326","targetHints":{"allow":["GET"]}}],"collection":[{"href":"https:\/\/kilim-age.com\/en\/wp-json\/wp\/v2\/product"}],"about":[{"href":"https:\/\/kilim-age.com\/en\/wp-json\/wp\/v2\/types\/product"}],"replies":[{"embeddable":true,"href":"https:\/\/kilim-age.com\/en\/wp-json\/wp\/v2\/comments?post=4326"}],"wp:featuredmedia":[{"embeddable":true,"href":"https:\/\/kilim-age.com\/en\/wp-json\/wp\/v2\/media\/4337"}],"wp:attachment":[{"href":"https:\/\/kilim-age.com\/en\/wp-json\/wp\/v2\/media?parent=4326"}],"wp:term":[{"taxonomy":"product_brand","embeddable":true,"href":"https:\/\/kilim-age.com\/en\/wp-json\/wp\/v2\/product_brand?post=4326"},{"taxonomy":"product_cat","embeddable":true,"href":"https:\/\/kilim-age.com\/en\/wp-json\/wp\/v2\/product_cat?post=4326"},{"taxonomy":"product_tag","embeddable":true,"href":"https:\/\/kilim-age.com\/en\/wp-json\/wp\/v2\/product_tag?post=4326"}],"curies":[{"name":"wp","href":"https:\/\/api.w.org\/{rel}","templated":true}]}}