{"id":41532,"date":"2025-07-18T12:28:39","date_gmt":"2025-07-18T10:28:39","guid":{"rendered":"https:\/\/kilim-age.com\/?post_type=product&#038;p=41532"},"modified":"2025-09-05T13:54:31","modified_gmt":"2025-09-05T11:54:31","slug":"alfombra-oriental-tradicional","status":"publish","type":"product","link":"https:\/\/kilim-age.com\/en\/producto\/alfombra-oriental-tradicional\/","title":{"rendered":"Turkish rug 198&#215;293 cm"},"content":{"rendered":"<p data-start=\"451\" data-end=\"816\">Transform your interior with this <strong data-start=\"512\" data-end=\"540\">traditional oriental rug<\/strong> measuring 198&#215;293 cm cm, a piece that blends warm hues of red, orange, and gold with a harmonious and continuous geometric design. This is not a patchwork rug, but a single, unified composition that brings character and sophistication to any living room, dining area, or lounge.<\/p>\n<p data-start=\"818\" data-end=\"1060\">Woven with high-quality materials, this rug offers durability, softness, and the ability to elevate any room without overwhelming it. Its rich and vibrant color palette creates a cozy atmosphere, perfect for both classic and modern interiors.<\/p>\n<p data-start=\"1062\" data-end=\"1083\"><strong data-start=\"1062\" data-end=\"1083\">Product Features:<\/strong><\/p>\n<ul data-start=\"1084\" data-end=\"1269\">\n<li data-start=\"1084\" data-end=\"1129\">\n<p data-start=\"1086\" data-end=\"1129\">Style: Traditional Oriental (not patchwork)<\/p>\n<\/li>\n<li data-start=\"1130\" data-end=\"1148\">\n<p data-start=\"1132\" data-end=\"1148\">Size: 198&#215;293 cm<\/p>\n<\/li>\n<li data-start=\"1149\" data-end=\"1203\">\n<p data-start=\"1151\" data-end=\"1203\">Main Colors: red, orange, gold, with accents of blue<\/p>\n<\/li>\n<li data-start=\"1204\" data-end=\"1236\">\n<p data-start=\"1206\" data-end=\"1236\">Durable and long-lasting weave<\/p>\n<\/li>\n<li data-start=\"1237\" data-end=\"1269\">\n<p data-start=\"1239\" data-end=\"1269\">Soft and pleasant to the touch<\/p>\n<\/li>\n<\/ul>\n<p data-start=\"1271\" data-end=\"1284\"><strong data-start=\"1271\" data-end=\"1284\">Benefits:<\/strong><\/p>\n<ul data-start=\"1285\" data-end=\"1494\">\n<li data-start=\"1285\" data-end=\"1337\">\n<p data-start=\"1287\" data-end=\"1337\">Adds a sophisticated decorative touch to your home<\/p>\n<\/li>\n<li data-start=\"1338\" data-end=\"1401\">\n<p data-start=\"1340\" data-end=\"1401\">Perfect for large spaces: living rooms, dining rooms, studios<\/p>\n<\/li>\n<li data-start=\"1402\" data-end=\"1445\">\n<p data-start=\"1404\" data-end=\"1445\">Continuous design provides visual balance<\/p>\n<\/li>\n<li data-start=\"1446\" data-end=\"1494\">\n<p data-start=\"1448\" data-end=\"1494\">Easy to match with modern or classic furniture<\/p>\n<\/li>\n<\/ul>\n<p data-start=\"1496\" data-end=\"1687\">This traditional oriental rug is more than just a decorative item \u2013 it\u2019s a statement of elegance, comfort, and quality. Bring timeless beauty into your home with a rug that speaks for itself.<\/p>","protected":false},"excerpt":{"rendered":"<p style=\"text-align: left;\">Manufacturing: Knotted by hand<br \/>\nSize: 198&#215;293 cm<br \/>\nKnot density: 360000 knots per m\u00b2<br \/>\nAge: New<br \/>\nOrigin: Turkey<br \/>\nPile: Wool<br \/>\nThickness approx: 4-5 mm<br \/>\nNatural dyeing<br \/>\nThe colors in the carpet will be perceived differently depending on the angle you view it from<br \/>\nDelivery time: Spain approximately 2-5 days, Europe 5-7 days, other continents 7-10 days.<\/p>\n","protected":false},"featured_media":41533,"comment_status":"open","ping_status":"closed","template":"","meta":[],"product_brand":[],"product_cat":[62,230],"product_tag":[341,1061,813],"class_list":{"0":"post-41532","1":"product","2":"type-product","3":"status-publish","4":"has-post-thumbnail","6":"product_cat-alfombras-turcas","7":"product_cat-alfombras-clasicas","8":"product_tag-alfombra-clasica","9":"product_tag-alfombra-clasica-artesanal","10":"product_tag-alfombra-turca","11":"product_shipping_class-alfombra-grande","12":"pa_ancho-cm-874","13":"pa_ancho-cm-875","14":"pa_color-naranja","15":"pa_largo-cm-1050","16":"pa_largo-cm-1013","18":"first","19":"instock","20":"sale","21":"taxable","22":"shipping-taxable","23":"purchasable","24":"product-type-simple"},"yoast_head":"<!-- This site is optimized with the Yoast SEO plugin v24.8.1 - https:\/\/yoast.com\/wordpress\/plugins\/seo\/ -->\n<title>alfombra oriental tradicional | Kilim-Age<\/title>\n<meta name=\"description\" content=\"Descubre la elegancia atemporal de esta alfombra oriental tradicional. Ideal para salones amplios. Dise\u00f1o continuo, colores c\u00e1lidos y m\u00e1xima calidad.\" \/>\n<meta name=\"robots\" content=\"index, follow, max-snippet:-1, max-image-preview:large, max-video-preview:-1\" \/>\n<link rel=\"canonical\" href=\"https:\/\/www.kilim-age.com\/es\/producto\/alfombra-oriental-tradicional\/\" \/>\n<meta property=\"og:locale\" content=\"en_US\" \/>\n<meta property=\"og:type\" content=\"article\" \/>\n<meta property=\"og:title\" content=\"alfombra oriental tradicional | Kilim-Age\" \/>\n<meta property=\"og:description\" content=\"Descubre la elegancia atemporal de esta alfombra oriental tradicional. Ideal para salones amplios. Dise\u00f1o continuo, colores c\u00e1lidos y m\u00e1xima calidad.\" \/>\n<meta property=\"og:url\" content=\"https:\/\/www.kilim-age.com\/es\/producto\/alfombra-oriental-tradicional\/\" \/>\n<meta property=\"og:site_name\" content=\"Kilim-Age\" \/>\n<meta property=\"article:modified_time\" content=\"2025-09-05T11:54:31+00:00\" \/>\n<meta property=\"og:image\" content=\"https:\/\/www.kilim-age.com\/wp-content\/uploads\/2025\/07\/Afombras-turcas-oline.jpg\" \/>\n\t<meta property=\"og:image:width\" content=\"1000\" \/>\n\t<meta property=\"og:image:height\" content=\"1300\" \/>\n\t<meta property=\"og:image:type\" content=\"image\/jpeg\" \/>\n<meta name=\"twitter:card\" content=\"summary_large_image\" \/>\n<meta name=\"twitter:label1\" content=\"Est. reading time\" \/>\n\t<meta name=\"twitter:data1\" content=\"1 minute\" \/>\n<script type=\"application\/ld+json\" class=\"yoast-schema-graph\">{\"@context\":\"https:\/\/schema.org\",\"@graph\":[{\"@type\":\"WebPage\",\"@id\":\"https:\/\/www.kilim-age.com\/es\/producto\/alfombra-oriental-tradicional\/\",\"url\":\"https:\/\/www.kilim-age.com\/es\/producto\/alfombra-oriental-tradicional\/\",\"name\":\"alfombra oriental tradicional | Kilim-Age\",\"isPartOf\":{\"@id\":\"https:\/\/kilim-age.com\/en\/#website\"},\"primaryImageOfPage\":{\"@id\":\"https:\/\/www.kilim-age.com\/es\/producto\/alfombra-oriental-tradicional\/#primaryimage\"},\"image\":{\"@id\":\"https:\/\/www.kilim-age.com\/es\/producto\/alfombra-oriental-tradicional\/#primaryimage\"},\"thumbnailUrl\":\"https:\/\/kilim-age.com\/wp-content\/uploads\/2025\/07\/Afombras-turcas-oline.jpg\",\"datePublished\":\"2025-07-18T10:28:39+00:00\",\"dateModified\":\"2025-09-05T11:54:31+00:00\",\"description\":\"Descubre la elegancia atemporal de esta alfombra oriental tradicional. Ideal para salones amplios. Dise\u00f1o continuo, colores c\u00e1lidos y m\u00e1xima calidad.\",\"breadcrumb\":{\"@id\":\"https:\/\/www.kilim-age.com\/es\/producto\/alfombra-oriental-tradicional\/#breadcrumb\"},\"inLanguage\":\"en-US\",\"potentialAction\":[{\"@type\":\"ReadAction\",\"target\":[\"https:\/\/www.kilim-age.com\/es\/producto\/alfombra-oriental-tradicional\/\"]}]},{\"@type\":\"ImageObject\",\"inLanguage\":\"en-US\",\"@id\":\"https:\/\/www.kilim-age.com\/es\/producto\/alfombra-oriental-tradicional\/#primaryimage\",\"url\":\"https:\/\/kilim-age.com\/wp-content\/uploads\/2025\/07\/Afombras-turcas-oline.jpg\",\"contentUrl\":\"https:\/\/kilim-age.com\/wp-content\/uploads\/2025\/07\/Afombras-turcas-oline.jpg\",\"width\":1000,\"height\":1300},{\"@type\":\"BreadcrumbList\",\"@id\":\"https:\/\/www.kilim-age.com\/es\/producto\/alfombra-oriental-tradicional\/#breadcrumb\",\"itemListElement\":[{\"@type\":\"ListItem\",\"position\":1,\"name\":\"Home\",\"item\":\"https:\/\/kilim-age.com\/en\/\"},{\"@type\":\"ListItem\",\"position\":2,\"name\":\"Shop\",\"item\":\"https:\/\/kilim-age.com\/es\/shop\/\"},{\"@type\":\"ListItem\",\"position\":3,\"name\":\"Alfombra turca cl\u00e1sica 198&#215;293 cm\"}]},{\"@type\":\"WebSite\",\"@id\":\"https:\/\/kilim-age.com\/en\/#website\",\"url\":\"https:\/\/kilim-age.com\/en\/\",\"name\":\"Kilim-Age\",\"description\":\"Somos especialistas en productos artesanales de Turqu\u00eda como Alfombras, y Kilims\",\"potentialAction\":[{\"@type\":\"SearchAction\",\"target\":{\"@type\":\"EntryPoint\",\"urlTemplate\":\"https:\/\/kilim-age.com\/en\/?s={search_term_string}\"},\"query-input\":{\"@type\":\"PropertyValueSpecification\",\"valueRequired\":true,\"valueName\":\"search_term_string\"}}],\"inLanguage\":\"en-US\"}]}<\/script>\n<!-- \/ Yoast SEO plugin. -->","yoast_head_json":{"title":"alfombra oriental tradicional | Kilim-Age","description":"Descubre la elegancia atemporal de esta alfombra oriental tradicional. Ideal para salones amplios. Dise\u00f1o continuo, colores c\u00e1lidos y m\u00e1xima calidad.","robots":{"index":"index","follow":"follow","max-snippet":"max-snippet:-1","max-image-preview":"max-image-preview:large","max-video-preview":"max-video-preview:-1"},"canonical":"https:\/\/www.kilim-age.com\/es\/producto\/alfombra-oriental-tradicional\/","og_locale":"en_US","og_type":"article","og_title":"alfombra oriental tradicional | Kilim-Age","og_description":"Descubre la elegancia atemporal de esta alfombra oriental tradicional. Ideal para salones amplios. Dise\u00f1o continuo, colores c\u00e1lidos y m\u00e1xima calidad.","og_url":"https:\/\/www.kilim-age.com\/es\/producto\/alfombra-oriental-tradicional\/","og_site_name":"Kilim-Age","article_modified_time":"2025-09-05T11:54:31+00:00","og_image":[{"width":1000,"height":1300,"url":"https:\/\/www.kilim-age.com\/wp-content\/uploads\/2025\/07\/Afombras-turcas-oline.jpg","type":"image\/jpeg"}],"twitter_card":"summary_large_image","twitter_misc":{"Est. reading time":"1 minute"},"schema":{"@context":"https:\/\/schema.org","@graph":[{"@type":"WebPage","@id":"https:\/\/www.kilim-age.com\/es\/producto\/alfombra-oriental-tradicional\/","url":"https:\/\/www.kilim-age.com\/es\/producto\/alfombra-oriental-tradicional\/","name":"alfombra oriental tradicional | Kilim-Age","isPartOf":{"@id":"https:\/\/kilim-age.com\/en\/#website"},"primaryImageOfPage":{"@id":"https:\/\/www.kilim-age.com\/es\/producto\/alfombra-oriental-tradicional\/#primaryimage"},"image":{"@id":"https:\/\/www.kilim-age.com\/es\/producto\/alfombra-oriental-tradicional\/#primaryimage"},"thumbnailUrl":"https:\/\/kilim-age.com\/wp-content\/uploads\/2025\/07\/Afombras-turcas-oline.jpg","datePublished":"2025-07-18T10:28:39+00:00","dateModified":"2025-09-05T11:54:31+00:00","description":"Descubre la elegancia atemporal de esta alfombra oriental tradicional. Ideal para salones amplios. Dise\u00f1o continuo, colores c\u00e1lidos y m\u00e1xima calidad.","breadcrumb":{"@id":"https:\/\/www.kilim-age.com\/es\/producto\/alfombra-oriental-tradicional\/#breadcrumb"},"inLanguage":"en-US","potentialAction":[{"@type":"ReadAction","target":["https:\/\/www.kilim-age.com\/es\/producto\/alfombra-oriental-tradicional\/"]}]},{"@type":"ImageObject","inLanguage":"en-US","@id":"https:\/\/www.kilim-age.com\/es\/producto\/alfombra-oriental-tradicional\/#primaryimage","url":"https:\/\/kilim-age.com\/wp-content\/uploads\/2025\/07\/Afombras-turcas-oline.jpg","contentUrl":"https:\/\/kilim-age.com\/wp-content\/uploads\/2025\/07\/Afombras-turcas-oline.jpg","width":1000,"height":1300},{"@type":"BreadcrumbList","@id":"https:\/\/www.kilim-age.com\/es\/producto\/alfombra-oriental-tradicional\/#breadcrumb","itemListElement":[{"@type":"ListItem","position":1,"name":"Home","item":"https:\/\/kilim-age.com\/en\/"},{"@type":"ListItem","position":2,"name":"Shop","item":"https:\/\/kilim-age.com\/es\/shop\/"},{"@type":"ListItem","position":3,"name":"Alfombra turca cl\u00e1sica 198&#215;293 cm"}]},{"@type":"WebSite","@id":"https:\/\/kilim-age.com\/en\/#website","url":"https:\/\/kilim-age.com\/en\/","name":"Kilim-Age","description":"Somos especialistas en productos artesanales de Turqu\u00eda como Alfombras, y Kilims","potentialAction":[{"@type":"SearchAction","target":{"@type":"EntryPoint","urlTemplate":"https:\/\/kilim-age.com\/en\/?s={search_term_string}"},"query-input":{"@type":"PropertyValueSpecification","valueRequired":true,"valueName":"search_term_string"}}],"inLanguage":"en-US"}]}},"_links":{"self":[{"href":"https:\/\/kilim-age.com\/en\/wp-json\/wp\/v2\/product\/41532","targetHints":{"allow":["GET"]}}],"collection":[{"href":"https:\/\/kilim-age.com\/en\/wp-json\/wp\/v2\/product"}],"about":[{"href":"https:\/\/kilim-age.com\/en\/wp-json\/wp\/v2\/types\/product"}],"replies":[{"embeddable":true,"href":"https:\/\/kilim-age.com\/en\/wp-json\/wp\/v2\/comments?post=41532"}],"wp:featuredmedia":[{"embeddable":true,"href":"https:\/\/kilim-age.com\/en\/wp-json\/wp\/v2\/media\/41533"}],"wp:attachment":[{"href":"https:\/\/kilim-age.com\/en\/wp-json\/wp\/v2\/media?parent=41532"}],"wp:term":[{"taxonomy":"product_brand","embeddable":true,"href":"https:\/\/kilim-age.com\/en\/wp-json\/wp\/v2\/product_brand?post=41532"},{"taxonomy":"product_cat","embeddable":true,"href":"https:\/\/kilim-age.com\/en\/wp-json\/wp\/v2\/product_cat?post=41532"},{"taxonomy":"product_tag","embeddable":true,"href":"https:\/\/kilim-age.com\/en\/wp-json\/wp\/v2\/product_tag?post=41532"}],"curies":[{"name":"wp","href":"https:\/\/api.w.org\/{rel}","templated":true}]}}