{"id":41260,"date":"2024-12-18T13:08:10","date_gmt":"2024-12-18T12:08:10","guid":{"rendered":"https:\/\/kilim-age.com\/?post_type=product&#038;p=41260"},"modified":"2025-12-09T11:29:45","modified_gmt":"2025-12-09T10:29:45","slug":"alfombra-clasico-moderno","status":"publish","type":"product","link":"https:\/\/kilim-age.com\/en\/producto\/alfombra-clasico-moderno\/","title":{"rendered":"Modern classic rug (Kopya)"},"content":{"rendered":"<strong>Redefining Elegance: Modern Classic Style Rug Available in Various Sizes<\/strong><\/p>\n<p>Discover timeless sophistication with our modern classic style rug, a perfect piece to add a touch of elegance and luxury to any space. Available in various sizes in our catalog, this rug combines the grace of classic designs with a contemporary touch, making it ideal for both traditional and modern interiors.<\/p>\n<p><strong>Color Palette and Design:<\/strong><\/p>\n<ul>\n<li><strong>Subtle and Elegant Colors<\/strong>: With shades of soft gray as a base and accents in gold, coral, and blue, this rug exudes serene beauty that complements any decor scheme.<\/li>\n<li><strong>Detailed Motifs<\/strong>: The design includes an opulent central medallion surrounded by intricate floral details and ornate borders, reflecting the craftsmanship of the artisans.<\/li>\n<\/ul>\n<p><strong>Key Features:<\/strong><\/p>\n<ul>\n<li><strong>Versatility in Sizes<\/strong>: We offer this rug in a variety of sizes to ensure it perfectly fits any area, from intimate spaces to large living rooms.<\/li>\n<li><strong>Superior Quality<\/strong>: Made with high-quality materials, this rug is not only beautiful but also durable and easy to maintain, ensuring it will retain its splendor over the years.<\/li>\n<\/ul>\n<p>Modern classic style rug.<\/p>\n<p><strong>Ideal for Any Setting:<\/strong> This modern classic style rug is not just a decorative element, but an investment in comfort and style. It is perfect for the living room, dining area, or anywhere you wish to add a sophisticated and timeless design element.<\/p>\n<p>Incorporate this magnificent modern classic style rug into your home and transform your spaces with its elegance and unmatched quality. Visit our catalog to discover the different sizes available and find the ideal option that meets your aesthetic and functional needs.","protected":false},"excerpt":{"rendered":"<p style=\"text-align: left;\">Origin: Turkey<br \/>\nMaterial: Cotton and Bamboo silk<br \/>\nThickness approximately: 7 mm<br \/>\nKnot density: 1.600.000 points\/m<sup>2<\/sup><br \/>\nAge: New<br \/>\nHigh-precision weaving<br \/>\nAll our rugs are made with natural fibers materials.<br \/>\nColors: Natural dyeing<br \/>\nThe colors in the carpet will be perceived differently depending on the angle you view it from<br \/>\nDelivery time: Spain approximately 2-5 days, Europe 5-7 days, other continents 7-10 days.<\/p>\n","protected":false},"featured_media":41084,"comment_status":"open","ping_status":"closed","template":"","meta":[],"product_brand":[],"product_cat":[62,232],"product_tag":[92],"class_list":{"0":"post-41260","1":"product","2":"type-product","3":"status-publish","4":"has-post-thumbnail","6":"product_cat-alfombras-turcas","7":"product_cat-alfombras-modernas","8":"product_tag-alfombra-moderna","9":"pa_color-beige","10":"pa_color-gris","11":"pa_medida-extra-grande","12":"pa_medida-grandes","13":"pa_medida-medianos","14":"pa_medida-pequenos","15":"pa_seleccionar-medidas-120x180-cm","16":"pa_seleccionar-medidas-200x290-cm","17":"pa_seleccionar-medidas-240x340-cm","18":"pa_seleccionar-medidas-300x400-cm","19":"pa_seleccionar-medidas-80x150cm","20":"pa_seleccionar-medidas-80x300-cm","22":"first","23":"instock","24":"sale","25":"sold-individually","26":"taxable","27":"shipping-taxable","28":"purchasable","29":"product-type-variable"},"yoast_head":"<!-- This site is optimized with the Yoast SEO plugin v24.8.1 - https:\/\/yoast.com\/wordpress\/plugins\/seo\/ -->\n<title>Alfombra cl\u00e1sico moderno | Kilim-Age<\/title>\n<meta name=\"description\" content=\"Descubre la sofisticaci\u00f3n atemporal con nuestra alfombra de estilo cl\u00e1sico moderno, una pieza perfecta para a\u00f1adir un toque de elegancia.\" \/>\n<meta name=\"robots\" content=\"index, follow, max-snippet:-1, max-image-preview:large, max-video-preview:-1\" \/>\n<link rel=\"canonical\" href=\"https:\/\/kilim-age.com\/en\/producto\/alfombra-clasico-moderno\/\" \/>\n<meta property=\"og:locale\" content=\"en_US\" \/>\n<meta property=\"og:type\" content=\"article\" \/>\n<meta property=\"og:title\" content=\"Alfombra cl\u00e1sico moderno | Kilim-Age\" \/>\n<meta property=\"og:description\" content=\"Descubre la sofisticaci\u00f3n atemporal con nuestra alfombra de estilo cl\u00e1sico moderno, una pieza perfecta para a\u00f1adir un toque de elegancia.\" \/>\n<meta property=\"og:url\" content=\"https:\/\/kilim-age.com\/es\/producto\/alfombra-clasico-moderno\/\" \/>\n<meta property=\"og:site_name\" content=\"Kilim-Age\" \/>\n<meta property=\"article:modified_time\" content=\"2025-12-09T10:29:45+00:00\" \/>\n<meta property=\"og:image\" content=\"https:\/\/kilim-age.com\/wp-content\/uploads\/2024\/05\/B028A-KA-2MULTI.jpg\" \/>\n\t<meta property=\"og:image:width\" content=\"1030\" \/>\n\t<meta property=\"og:image:height\" content=\"1330\" \/>\n\t<meta property=\"og:image:type\" content=\"image\/jpeg\" \/>\n<meta name=\"twitter:card\" content=\"summary_large_image\" \/>\n<meta name=\"twitter:label1\" content=\"Est. reading time\" \/>\n\t<meta name=\"twitter:data1\" content=\"2 minutes\" \/>\n<script type=\"application\/ld+json\" class=\"yoast-schema-graph\">{\"@context\":\"https:\/\/schema.org\",\"@graph\":[{\"@type\":\"WebPage\",\"@id\":\"https:\/\/kilim-age.com\/es\/producto\/alfombra-clasico-moderno\/\",\"url\":\"https:\/\/kilim-age.com\/es\/producto\/alfombra-clasico-moderno\/\",\"name\":\"Alfombra cl\u00e1sico moderno | Kilim-Age\",\"isPartOf\":{\"@id\":\"https:\/\/kilim-age.com\/en\/#website\"},\"primaryImageOfPage\":{\"@id\":\"https:\/\/kilim-age.com\/es\/producto\/alfombra-clasico-moderno\/#primaryimage\"},\"image\":{\"@id\":\"https:\/\/kilim-age.com\/es\/producto\/alfombra-clasico-moderno\/#primaryimage\"},\"thumbnailUrl\":\"https:\/\/kilim-age.com\/wp-content\/uploads\/2024\/05\/B028A-KA-2MULTI.jpg\",\"datePublished\":\"2024-12-18T12:08:10+00:00\",\"dateModified\":\"2025-12-09T10:29:45+00:00\",\"description\":\"Descubre la sofisticaci\u00f3n atemporal con nuestra alfombra de estilo cl\u00e1sico moderno, una pieza perfecta para a\u00f1adir un toque de elegancia.\",\"breadcrumb\":{\"@id\":\"https:\/\/kilim-age.com\/es\/producto\/alfombra-clasico-moderno\/#breadcrumb\"},\"inLanguage\":\"en-US\",\"potentialAction\":[{\"@type\":\"ReadAction\",\"target\":[\"https:\/\/kilim-age.com\/es\/producto\/alfombra-clasico-moderno\/\"]}]},{\"@type\":\"ImageObject\",\"inLanguage\":\"en-US\",\"@id\":\"https:\/\/kilim-age.com\/es\/producto\/alfombra-clasico-moderno\/#primaryimage\",\"url\":\"https:\/\/kilim-age.com\/wp-content\/uploads\/2024\/05\/B028A-KA-2MULTI.jpg\",\"contentUrl\":\"https:\/\/kilim-age.com\/wp-content\/uploads\/2024\/05\/B028A-KA-2MULTI.jpg\",\"width\":1030,\"height\":1330,\"caption\":\"Alfombra cl\u00e1sica moderna\"},{\"@type\":\"BreadcrumbList\",\"@id\":\"https:\/\/kilim-age.com\/es\/producto\/alfombra-clasico-moderno\/#breadcrumb\",\"itemListElement\":[{\"@type\":\"ListItem\",\"position\":1,\"name\":\"Home\",\"item\":\"https:\/\/kilim-age.com\/en\/\"},{\"@type\":\"ListItem\",\"position\":2,\"name\":\"Shop\",\"item\":\"https:\/\/kilim-age.com\/es\/shop\/\"},{\"@type\":\"ListItem\",\"position\":3,\"name\":\"Alfombra cl\u00e1sico moderno 200&#215;300 cm\"}]},{\"@type\":\"WebSite\",\"@id\":\"https:\/\/kilim-age.com\/en\/#website\",\"url\":\"https:\/\/kilim-age.com\/en\/\",\"name\":\"Kilim-Age\",\"description\":\"Somos especialistas en productos artesanales de Turqu\u00eda como Alfombras, y Kilims\",\"potentialAction\":[{\"@type\":\"SearchAction\",\"target\":{\"@type\":\"EntryPoint\",\"urlTemplate\":\"https:\/\/kilim-age.com\/en\/?s={search_term_string}\"},\"query-input\":{\"@type\":\"PropertyValueSpecification\",\"valueRequired\":true,\"valueName\":\"search_term_string\"}}],\"inLanguage\":\"en-US\"}]}<\/script>\n<!-- \/ Yoast SEO plugin. -->","yoast_head_json":{"title":"Alfombra cl\u00e1sico moderno | Kilim-Age","description":"Descubre la sofisticaci\u00f3n atemporal con nuestra alfombra de estilo cl\u00e1sico moderno, una pieza perfecta para a\u00f1adir un toque de elegancia.","robots":{"index":"index","follow":"follow","max-snippet":"max-snippet:-1","max-image-preview":"max-image-preview:large","max-video-preview":"max-video-preview:-1"},"canonical":"https:\/\/kilim-age.com\/en\/producto\/alfombra-clasico-moderno\/","og_locale":"en_US","og_type":"article","og_title":"Alfombra cl\u00e1sico moderno | Kilim-Age","og_description":"Descubre la sofisticaci\u00f3n atemporal con nuestra alfombra de estilo cl\u00e1sico moderno, una pieza perfecta para a\u00f1adir un toque de elegancia.","og_url":"https:\/\/kilim-age.com\/es\/producto\/alfombra-clasico-moderno\/","og_site_name":"Kilim-Age","article_modified_time":"2025-12-09T10:29:45+00:00","og_image":[{"width":1030,"height":1330,"url":"https:\/\/kilim-age.com\/wp-content\/uploads\/2024\/05\/B028A-KA-2MULTI.jpg","type":"image\/jpeg"}],"twitter_card":"summary_large_image","twitter_misc":{"Est. reading time":"2 minutes"},"schema":{"@context":"https:\/\/schema.org","@graph":[{"@type":"WebPage","@id":"https:\/\/kilim-age.com\/es\/producto\/alfombra-clasico-moderno\/","url":"https:\/\/kilim-age.com\/es\/producto\/alfombra-clasico-moderno\/","name":"Alfombra cl\u00e1sico moderno | Kilim-Age","isPartOf":{"@id":"https:\/\/kilim-age.com\/en\/#website"},"primaryImageOfPage":{"@id":"https:\/\/kilim-age.com\/es\/producto\/alfombra-clasico-moderno\/#primaryimage"},"image":{"@id":"https:\/\/kilim-age.com\/es\/producto\/alfombra-clasico-moderno\/#primaryimage"},"thumbnailUrl":"https:\/\/kilim-age.com\/wp-content\/uploads\/2024\/05\/B028A-KA-2MULTI.jpg","datePublished":"2024-12-18T12:08:10+00:00","dateModified":"2025-12-09T10:29:45+00:00","description":"Descubre la sofisticaci\u00f3n atemporal con nuestra alfombra de estilo cl\u00e1sico moderno, una pieza perfecta para a\u00f1adir un toque de elegancia.","breadcrumb":{"@id":"https:\/\/kilim-age.com\/es\/producto\/alfombra-clasico-moderno\/#breadcrumb"},"inLanguage":"en-US","potentialAction":[{"@type":"ReadAction","target":["https:\/\/kilim-age.com\/es\/producto\/alfombra-clasico-moderno\/"]}]},{"@type":"ImageObject","inLanguage":"en-US","@id":"https:\/\/kilim-age.com\/es\/producto\/alfombra-clasico-moderno\/#primaryimage","url":"https:\/\/kilim-age.com\/wp-content\/uploads\/2024\/05\/B028A-KA-2MULTI.jpg","contentUrl":"https:\/\/kilim-age.com\/wp-content\/uploads\/2024\/05\/B028A-KA-2MULTI.jpg","width":1030,"height":1330,"caption":"Alfombra cl\u00e1sica moderna"},{"@type":"BreadcrumbList","@id":"https:\/\/kilim-age.com\/es\/producto\/alfombra-clasico-moderno\/#breadcrumb","itemListElement":[{"@type":"ListItem","position":1,"name":"Home","item":"https:\/\/kilim-age.com\/en\/"},{"@type":"ListItem","position":2,"name":"Shop","item":"https:\/\/kilim-age.com\/es\/shop\/"},{"@type":"ListItem","position":3,"name":"Alfombra cl\u00e1sico moderno 200&#215;300 cm"}]},{"@type":"WebSite","@id":"https:\/\/kilim-age.com\/en\/#website","url":"https:\/\/kilim-age.com\/en\/","name":"Kilim-Age","description":"Somos especialistas en productos artesanales de Turqu\u00eda como Alfombras, y Kilims","potentialAction":[{"@type":"SearchAction","target":{"@type":"EntryPoint","urlTemplate":"https:\/\/kilim-age.com\/en\/?s={search_term_string}"},"query-input":{"@type":"PropertyValueSpecification","valueRequired":true,"valueName":"search_term_string"}}],"inLanguage":"en-US"}]}},"_links":{"self":[{"href":"https:\/\/kilim-age.com\/en\/wp-json\/wp\/v2\/product\/41260","targetHints":{"allow":["GET"]}}],"collection":[{"href":"https:\/\/kilim-age.com\/en\/wp-json\/wp\/v2\/product"}],"about":[{"href":"https:\/\/kilim-age.com\/en\/wp-json\/wp\/v2\/types\/product"}],"replies":[{"embeddable":true,"href":"https:\/\/kilim-age.com\/en\/wp-json\/wp\/v2\/comments?post=41260"}],"wp:featuredmedia":[{"embeddable":true,"href":"https:\/\/kilim-age.com\/en\/wp-json\/wp\/v2\/media\/41084"}],"wp:attachment":[{"href":"https:\/\/kilim-age.com\/en\/wp-json\/wp\/v2\/media?parent=41260"}],"wp:term":[{"taxonomy":"product_brand","embeddable":true,"href":"https:\/\/kilim-age.com\/en\/wp-json\/wp\/v2\/product_brand?post=41260"},{"taxonomy":"product_cat","embeddable":true,"href":"https:\/\/kilim-age.com\/en\/wp-json\/wp\/v2\/product_cat?post=41260"},{"taxonomy":"product_tag","embeddable":true,"href":"https:\/\/kilim-age.com\/en\/wp-json\/wp\/v2\/product_tag?post=41260"}],"curies":[{"name":"wp","href":"https:\/\/api.w.org\/{rel}","templated":true}]}}