{"id":40745,"date":"2024-05-05T18:39:20","date_gmt":"2024-05-05T16:39:20","guid":{"rendered":"https:\/\/kilim-age.com\/?post_type=product&#038;p=40745"},"modified":"2025-06-14T13:49:25","modified_gmt":"2025-06-14T11:49:25","slug":"kilim-soumak-tradicional","status":"publish","type":"product","link":"https:\/\/kilim-age.com\/en\/producto\/kilim-soumak-tradicional\/","title":{"rendered":"Hallway Kilim 60&#215;250 cm"},"content":{"rendered":"<strong>Traditional Kilim Soumak &#8211; Nomadic Elegance<\/strong><\/p>\n<p>Discover the authentic beauty and traditional craftsmanship with our <strong>Traditional Kilim Soumak<\/strong>, a textile jewel meticulously crafted by skilled nomadic artisans from Southeastern Turkey. This kilim is not just a rug, but a piece of history woven with passion and precision.<\/p>\n<p><strong>Key Features:<\/strong><\/p>\n<ul>\n<li><strong>Authentic Origin<\/strong>: Handmade by nomads in Southeastern Turkey, each <strong>Traditional Kilim Soumak<\/strong> is the result of techniques passed down through generations.<\/li>\n<li><strong>Exclusive Design<\/strong>: Fully embroidered, this kilim features an intricate design that captures the essence of nomadic culture. Its patterns are more than decorative; they are a visual language that narrates stories of local folklore.<\/li>\n<li><strong>Dominant Colors<\/strong>: The bold use of red and black not only attracts the eye but also adds depth and warmth to any space. Details in beige, blue, orange, and yellow complement the design, making it vibrant and inviting.<\/li>\n<li><strong>Optimal Dimensions<\/strong>: Measuring 60&#215;250 cm, this kilim is perfect for hallways, kitchens, or any elongated space, providing visual impact without overwhelming the surroundings.<\/li>\n<li><strong>Durable Quality<\/strong>: Using only the finest materials, our <strong>Traditional Kilim Soumak<\/strong> is designed to last and withstand daily wear and tear, maintaining its color and texture over time.<\/li>\n<\/ul>\n<p><strong>Versatility and Style:<\/strong> The <strong>Traditional Kilim Soumak<\/strong> is exceptionally versatile. Whether you are looking to add a touch of rustic elegance to a modern hallway or complement a traditional setting, this kilim fits seamlessly into various decorations and lifestyles.<\/p>\n<p><strong>Investment in Art and Culture:<\/strong> Purchasing this <strong>Traditional Kilim Soumak<\/strong> is not just buying a rug, but investing in a work of art that preserves cultural heritage and supports traditional craftsmanship.<\/p>\n<p>Elevate your decor with our <strong>Traditional Kilim Soumak<\/strong>, and let the nomadic spirit of Southeastern Turkey come alive in your home.","protected":false},"excerpt":{"rendered":"<p>Manufacturing: Knotted by hand<br \/>\nSize: 60&#215;250 cm<br \/>\nAge: New<br \/>\nOrigin: Turkish Kilim<br \/>\nWeft: Wool<br \/>\nWarp: Wool<br \/>\nThickness approx: 1-2 mm.<br \/>\nNatural dyeing.<br \/>\nThe colors in the carpet will be perceived differently depending on the angle you view it from.<br \/>\nDelivery time: Spain approximately 2-5 days, Europe 5-7 days, other continents 7-10 days.<\/p>\n","protected":false},"featured_media":40746,"comment_status":"open","ping_status":"closed","template":"","meta":[],"product_brand":[],"product_cat":[61,829,783],"product_tag":[1079],"class_list":{"0":"post-40745","1":"product","2":"type-product","3":"status-publish","4":"has-post-thumbnail","6":"product_cat-kilims","7":"product_cat-toda-la-coleccion-kilim","8":"product_cat-kilim-pasilleros","9":"product_tag-kilim-de-pasillo","10":"product_shipping_class-kilim-mediano","11":"pa_ancho-cm-1051","12":"pa_ancho-cm-985","13":"pa_color-marron","14":"pa_color-negro","15":"pa_color-rojo","16":"pa_largo-cm-887","17":"pa_largo-cm-1064","19":"first","20":"instock","21":"sale","22":"sold-individually","23":"taxable","24":"shipping-taxable","25":"purchasable","26":"product-type-simple"},"yoast_head":"<!-- This site is optimized with the Yoast SEO plugin v24.8.1 - https:\/\/yoast.com\/wordpress\/plugins\/seo\/ -->\n<title>Kilim Soumak Tradicional | Kilim-Age | Tienda de Kilim Online<\/title>\n<meta name=\"description\" content=\"Explora la belleza aut\u00e9ntica y la artesan\u00eda de nuestro Kilim Soumak tradicional, elaborado a mano por h\u00e1biles n\u00f3madas del sureste de Turqu\u00eda.\" \/>\n<meta name=\"robots\" content=\"index, follow, max-snippet:-1, max-image-preview:large, max-video-preview:-1\" \/>\n<link rel=\"canonical\" href=\"https:\/\/kilim-age.com\/en\/producto\/kilim-soumak-tradicional\/\" \/>\n<meta property=\"og:locale\" content=\"en_US\" \/>\n<meta property=\"og:type\" content=\"article\" \/>\n<meta property=\"og:title\" content=\"Kilim Soumak Tradicional | Kilim-Age | Tienda de Kilim Online\" \/>\n<meta property=\"og:description\" content=\"Explora la belleza aut\u00e9ntica y la artesan\u00eda de nuestro Kilim Soumak tradicional, elaborado a mano por h\u00e1biles n\u00f3madas del sureste de Turqu\u00eda.\" \/>\n<meta property=\"og:url\" content=\"https:\/\/kilim-age.com\/en\/producto\/kilim-soumak-tradicional\/\" \/>\n<meta property=\"og:site_name\" content=\"Kilim-Age\" \/>\n<meta property=\"article:modified_time\" content=\"2025-06-14T11:49:25+00:00\" \/>\n<meta property=\"og:image\" content=\"https:\/\/kilim-age.com\/wp-content\/uploads\/2024\/05\/IMG_KA3016.jpg\" \/>\n\t<meta property=\"og:image:width\" content=\"1000\" \/>\n\t<meta property=\"og:image:height\" content=\"1300\" \/>\n\t<meta property=\"og:image:type\" content=\"image\/jpeg\" \/>\n<meta name=\"twitter:card\" content=\"summary_large_image\" \/>\n<meta name=\"twitter:label1\" content=\"Est. reading time\" \/>\n\t<meta name=\"twitter:data1\" content=\"2 minutes\" \/>\n<script type=\"application\/ld+json\" class=\"yoast-schema-graph\">{\"@context\":\"https:\/\/schema.org\",\"@graph\":[{\"@type\":\"WebPage\",\"@id\":\"https:\/\/kilim-age.com\/en\/producto\/kilim-soumak-tradicional\/\",\"url\":\"https:\/\/kilim-age.com\/en\/producto\/kilim-soumak-tradicional\/\",\"name\":\"Kilim Soumak Tradicional | Kilim-Age | Tienda de Kilim Online\",\"isPartOf\":{\"@id\":\"https:\/\/kilim-age.com\/en\/#website\"},\"primaryImageOfPage\":{\"@id\":\"https:\/\/kilim-age.com\/en\/producto\/kilim-soumak-tradicional\/#primaryimage\"},\"image\":{\"@id\":\"https:\/\/kilim-age.com\/en\/producto\/kilim-soumak-tradicional\/#primaryimage\"},\"thumbnailUrl\":\"https:\/\/kilim-age.com\/wp-content\/uploads\/2024\/05\/IMG_KA3016.jpg\",\"datePublished\":\"2024-05-05T16:39:20+00:00\",\"dateModified\":\"2025-06-14T11:49:25+00:00\",\"description\":\"Explora la belleza aut\u00e9ntica y la artesan\u00eda de nuestro Kilim Soumak tradicional, elaborado a mano por h\u00e1biles n\u00f3madas del sureste de Turqu\u00eda.\",\"breadcrumb\":{\"@id\":\"https:\/\/kilim-age.com\/en\/producto\/kilim-soumak-tradicional\/#breadcrumb\"},\"inLanguage\":\"en-US\",\"potentialAction\":[{\"@type\":\"ReadAction\",\"target\":[\"https:\/\/kilim-age.com\/en\/producto\/kilim-soumak-tradicional\/\"]}]},{\"@type\":\"ImageObject\",\"inLanguage\":\"en-US\",\"@id\":\"https:\/\/kilim-age.com\/en\/producto\/kilim-soumak-tradicional\/#primaryimage\",\"url\":\"https:\/\/kilim-age.com\/wp-content\/uploads\/2024\/05\/IMG_KA3016.jpg\",\"contentUrl\":\"https:\/\/kilim-age.com\/wp-content\/uploads\/2024\/05\/IMG_KA3016.jpg\",\"width\":1000,\"height\":1300,\"caption\":\"Kilim Soumak Tradicional\"},{\"@type\":\"BreadcrumbList\",\"@id\":\"https:\/\/kilim-age.com\/en\/producto\/kilim-soumak-tradicional\/#breadcrumb\",\"itemListElement\":[{\"@type\":\"ListItem\",\"position\":1,\"name\":\"Home\",\"item\":\"https:\/\/kilim-age.com\/en\/\"},{\"@type\":\"ListItem\",\"position\":2,\"name\":\"Shop\",\"item\":\"https:\/\/kilim-age.com\/en\/shop\/\"},{\"@type\":\"ListItem\",\"position\":3,\"name\":\"Hallway Kilim 60&#215;250 cm\"}]},{\"@type\":\"WebSite\",\"@id\":\"https:\/\/kilim-age.com\/en\/#website\",\"url\":\"https:\/\/kilim-age.com\/en\/\",\"name\":\"Kilim-Age\",\"description\":\"Somos especialistas en productos artesanales de Turqu\u00eda como Alfombras, y Kilims\",\"potentialAction\":[{\"@type\":\"SearchAction\",\"target\":{\"@type\":\"EntryPoint\",\"urlTemplate\":\"https:\/\/kilim-age.com\/en\/?s={search_term_string}\"},\"query-input\":{\"@type\":\"PropertyValueSpecification\",\"valueRequired\":true,\"valueName\":\"search_term_string\"}}],\"inLanguage\":\"en-US\"}]}<\/script>\n<!-- \/ Yoast SEO plugin. -->","yoast_head_json":{"title":"Kilim Soumak Tradicional | Kilim-Age | Tienda de Kilim Online","description":"Explora la belleza aut\u00e9ntica y la artesan\u00eda de nuestro Kilim Soumak tradicional, elaborado a mano por h\u00e1biles n\u00f3madas del sureste de Turqu\u00eda.","robots":{"index":"index","follow":"follow","max-snippet":"max-snippet:-1","max-image-preview":"max-image-preview:large","max-video-preview":"max-video-preview:-1"},"canonical":"https:\/\/kilim-age.com\/en\/producto\/kilim-soumak-tradicional\/","og_locale":"en_US","og_type":"article","og_title":"Kilim Soumak Tradicional | Kilim-Age | Tienda de Kilim Online","og_description":"Explora la belleza aut\u00e9ntica y la artesan\u00eda de nuestro Kilim Soumak tradicional, elaborado a mano por h\u00e1biles n\u00f3madas del sureste de Turqu\u00eda.","og_url":"https:\/\/kilim-age.com\/en\/producto\/kilim-soumak-tradicional\/","og_site_name":"Kilim-Age","article_modified_time":"2025-06-14T11:49:25+00:00","og_image":[{"width":1000,"height":1300,"url":"https:\/\/kilim-age.com\/wp-content\/uploads\/2024\/05\/IMG_KA3016.jpg","type":"image\/jpeg"}],"twitter_card":"summary_large_image","twitter_misc":{"Est. reading time":"2 minutes"},"schema":{"@context":"https:\/\/schema.org","@graph":[{"@type":"WebPage","@id":"https:\/\/kilim-age.com\/en\/producto\/kilim-soumak-tradicional\/","url":"https:\/\/kilim-age.com\/en\/producto\/kilim-soumak-tradicional\/","name":"Kilim Soumak Tradicional | Kilim-Age | Tienda de Kilim Online","isPartOf":{"@id":"https:\/\/kilim-age.com\/en\/#website"},"primaryImageOfPage":{"@id":"https:\/\/kilim-age.com\/en\/producto\/kilim-soumak-tradicional\/#primaryimage"},"image":{"@id":"https:\/\/kilim-age.com\/en\/producto\/kilim-soumak-tradicional\/#primaryimage"},"thumbnailUrl":"https:\/\/kilim-age.com\/wp-content\/uploads\/2024\/05\/IMG_KA3016.jpg","datePublished":"2024-05-05T16:39:20+00:00","dateModified":"2025-06-14T11:49:25+00:00","description":"Explora la belleza aut\u00e9ntica y la artesan\u00eda de nuestro Kilim Soumak tradicional, elaborado a mano por h\u00e1biles n\u00f3madas del sureste de Turqu\u00eda.","breadcrumb":{"@id":"https:\/\/kilim-age.com\/en\/producto\/kilim-soumak-tradicional\/#breadcrumb"},"inLanguage":"en-US","potentialAction":[{"@type":"ReadAction","target":["https:\/\/kilim-age.com\/en\/producto\/kilim-soumak-tradicional\/"]}]},{"@type":"ImageObject","inLanguage":"en-US","@id":"https:\/\/kilim-age.com\/en\/producto\/kilim-soumak-tradicional\/#primaryimage","url":"https:\/\/kilim-age.com\/wp-content\/uploads\/2024\/05\/IMG_KA3016.jpg","contentUrl":"https:\/\/kilim-age.com\/wp-content\/uploads\/2024\/05\/IMG_KA3016.jpg","width":1000,"height":1300,"caption":"Kilim Soumak Tradicional"},{"@type":"BreadcrumbList","@id":"https:\/\/kilim-age.com\/en\/producto\/kilim-soumak-tradicional\/#breadcrumb","itemListElement":[{"@type":"ListItem","position":1,"name":"Home","item":"https:\/\/kilim-age.com\/en\/"},{"@type":"ListItem","position":2,"name":"Shop","item":"https:\/\/kilim-age.com\/en\/shop\/"},{"@type":"ListItem","position":3,"name":"Hallway Kilim 60&#215;250 cm"}]},{"@type":"WebSite","@id":"https:\/\/kilim-age.com\/en\/#website","url":"https:\/\/kilim-age.com\/en\/","name":"Kilim-Age","description":"Somos especialistas en productos artesanales de Turqu\u00eda como Alfombras, y Kilims","potentialAction":[{"@type":"SearchAction","target":{"@type":"EntryPoint","urlTemplate":"https:\/\/kilim-age.com\/en\/?s={search_term_string}"},"query-input":{"@type":"PropertyValueSpecification","valueRequired":true,"valueName":"search_term_string"}}],"inLanguage":"en-US"}]}},"_links":{"self":[{"href":"https:\/\/kilim-age.com\/en\/wp-json\/wp\/v2\/product\/40745","targetHints":{"allow":["GET"]}}],"collection":[{"href":"https:\/\/kilim-age.com\/en\/wp-json\/wp\/v2\/product"}],"about":[{"href":"https:\/\/kilim-age.com\/en\/wp-json\/wp\/v2\/types\/product"}],"replies":[{"embeddable":true,"href":"https:\/\/kilim-age.com\/en\/wp-json\/wp\/v2\/comments?post=40745"}],"wp:featuredmedia":[{"embeddable":true,"href":"https:\/\/kilim-age.com\/en\/wp-json\/wp\/v2\/media\/40746"}],"wp:attachment":[{"href":"https:\/\/kilim-age.com\/en\/wp-json\/wp\/v2\/media?parent=40745"}],"wp:term":[{"taxonomy":"product_brand","embeddable":true,"href":"https:\/\/kilim-age.com\/en\/wp-json\/wp\/v2\/product_brand?post=40745"},{"taxonomy":"product_cat","embeddable":true,"href":"https:\/\/kilim-age.com\/en\/wp-json\/wp\/v2\/product_cat?post=40745"},{"taxonomy":"product_tag","embeddable":true,"href":"https:\/\/kilim-age.com\/en\/wp-json\/wp\/v2\/product_tag?post=40745"}],"curies":[{"name":"wp","href":"https:\/\/api.w.org\/{rel}","templated":true}]}}