{"id":40675,"date":"2024-04-23T13:51:04","date_gmt":"2024-04-23T11:51:04","guid":{"rendered":"https:\/\/kilim-age.com\/?post_type=product&#038;p=40675"},"modified":"2025-07-30T19:27:00","modified_gmt":"2025-07-30T17:27:00","slug":"comprar-kilim-barato","status":"publish","type":"product","link":"https:\/\/kilim-age.com\/en\/producto\/comprar-kilim-barato\/","title":{"rendered":"Turkish kilim 117&#215;207 cm"},"content":{"rendered":"<div class=\"flex-1 overflow-hidden\">\n<div class=\"react-scroll-to-bottom--css-ovnhd-79elbk h-full\">\n<div class=\"react-scroll-to-bottom--css-ovnhd-1n7m0yu\">\n<div class=\"flex flex-col text-sm pb-9\">\n<div class=\"w-full text-token-text-primary\" dir=\"auto\" data-testid=\"conversation-turn-43\">\n<div class=\"px-4 py-2 justify-center text-base md:gap-6 m-auto\">\n<div class=\"flex flex-1 text-base mx-auto gap-3 juice:gap-4 juice:md:gap-6 md:px-5 lg:px-1 xl:px-5 md:max-w-3xl lg:max-w-[40rem] xl:max-w-[48rem]\">\n<div class=\"relative flex w-full flex-col agent-turn\">\n<div class=\"flex-col gap-1 md:gap-3\">\n<div class=\"flex flex-grow flex-col max-w-full\">\n<div class=\"min-h-[20px] text-message flex flex-col items-start gap-3 whitespace-pre-wrap break-words [.text-message+&amp;]:mt-5 overflow-x-auto\" dir=\"auto\" data-message-author-role=\"assistant\" data-message-id=\"a074c52f-1d29-4848-9026-80fc186efddd\">\n<div class=\"markdown prose w-full break-words dark:prose-invert light\">\n<p>Give Your Home a Touch of Warmth and Style with Our Affordable Handcrafted Kilims<\/p>\n<p>Are you looking for an economical way to add personality and charm to your home? Look no further! Our affordable handcrafted kilims are the perfect solution to transform any space with style and distinction.<\/p>\n<p>Crafted with care and dedication by skilled artisans, each of our kilims is a true one-of-a-kind work of art. With a vibrant ethnic design and a color palette including dominant orange and other cheerful tones, these tapestries will add a touch of warmth and vitality to any room.<\/p>\n<p>Whether you want to enhance your living room, bring life to your bedroom, or add a pop of color to your hallway, our kilims are the perfect choice. Their versatility makes them ideal for any environment, while their affordability makes them a smart option for those seeking quality and style without breaking the bank.<\/p>\n<p>In addition to their exceptional beauty, our affordable kilims are also durable and resilient, ensuring they will continue to look their best for years to come. So don&#8217;t wait any longer, beautify your home today with our handcrafted kilims at incredible prices!<\/p>\n<p>Buy now and discover how an affordable kilim can transform your home and add a touch of elegance and style to your life!<\/p>\n<\/div>\n<\/div>\n<\/div>\n<div class=\"mt-1 flex gap-3 empty:hidden\">\n<div class=\"text-gray-400 flex self-end lg:self-center items-center justify-center lg:justify-start mt-0 -ml-1 h-7 gap-[2px] visible\">\n<div class=\"flex items-center gap-1.5 text-xs\"><\/div>\n<div class=\"flex\"><\/div>\n<\/div>\n<\/div>\n<div class=\"pr-2 lg:pr-0\"><\/div>\n<\/div>\n<div class=\"absolute\">\n<div class=\"flex w-full gap-2 items-center justify-center\"><\/div>\n<\/div>\n<\/div>\n<\/div>\n<\/div>\n<\/div>\n<\/div>\n<\/div>\n<\/div>\n<\/div>\n<div class=\"w-full pt-2 md:pt-0 dark:border-white\/20 md:border-transparent md:dark:border-transparent md:w-[calc(100%-.5rem)]\">\n<form class=\"stretch mx-2 flex flex-row gap-3 last:mb-2 md:mx-4 md:last:mb-6 lg:mx-auto lg:max-w-2xl xl:max-w-3xl\">\n<div class=\"relative flex h-full flex-1 flex-col\">\n<div class=\"absolute bottom-full left-0 right-0\"><\/div>\n<div class=\"flex w-full items-center\"><\/div>\n<\/div>\n<\/form>\n<\/div>","protected":false},"excerpt":{"rendered":"<div class=\"flex-1 overflow-hidden\">\n<div class=\"react-scroll-to-bottom--css-ovnhd-79elbk h-full\">\n<div class=\"react-scroll-to-bottom--css-ovnhd-1n7m0yu\">\n<div class=\"flex flex-col text-sm pb-9\">\n<div class=\"w-full text-token-text-primary\" dir=\"auto\" data-testid=\"conversation-turn-43\">\n<div class=\"px-4 py-2 justify-center text-base md:gap-6 m-auto\">\n<div class=\"flex flex-1 text-base mx-auto gap-3 juice:gap-4 juice:md:gap-6 md:px-5 lg:px-1 xl:px-5 md:max-w-3xl lg:max-w-[40rem] xl:max-w-[48rem]\">\n<div class=\"relative flex w-full flex-col agent-turn\">\n<div class=\"flex-col gap-1 md:gap-3\">\n<div class=\"flex flex-grow flex-col max-w-full\">\n<div class=\"min-h-[20px] text-message flex flex-col items-start gap-3 whitespace-pre-wrap break-words [.text-message+&amp;]:mt-5 overflow-x-auto\" dir=\"auto\" data-message-author-role=\"assistant\" data-message-id=\"a074c52f-1d29-4848-9026-80fc186efddd\">\n<div class=\"markdown prose w-full break-words dark:prose-invert light\">\n<div class=\"product-short-description\">\n<p>Manufacturing: Knotted by hand<br \/>\nSize: 117 X 207 cm.<br \/>\nAge: New<br \/>\nOrigin: Turkiye<br \/>\nWeft: Wool<br \/>\nWarp: Wool<br \/>\nThickness approx: 1-2 mm.<br \/>\nNatural dyeing.<br \/>\nDelivery time: Spain approximately 2-5 days, Europe 5-7 days, other continents 7-10 days.<\/p>\n<\/div>\n<\/div>\n<\/div>\n<\/div>\n<\/div>\n<\/div>\n<\/div>\n<\/div>\n<\/div>\n<\/div>\n<\/div>\n<\/div>\n<\/div>\n","protected":false},"featured_media":40676,"comment_status":"open","ping_status":"closed","template":"","meta":[],"product_brand":[],"product_cat":[61,829],"product_tag":[72],"class_list":{"0":"post-40675","1":"product","2":"type-product","3":"status-publish","4":"has-post-thumbnail","6":"product_cat-kilims","7":"product_cat-toda-la-coleccion-kilim","8":"product_tag-kilim","9":"product_shipping_class-kilim-mediano","10":"pa_ancho-cm-1049","11":"pa_ancho-cm-1012","12":"pa_color-naranja","13":"pa_largo-cm-884","14":"pa_largo-cm-925","16":"first","17":"outofstock","18":"sale","19":"sold-individually","20":"taxable","21":"shipping-taxable","22":"purchasable","23":"product-type-simple"},"yoast_head":"<!-- This site is optimized with the Yoast SEO plugin v24.8.1 - https:\/\/yoast.com\/wordpress\/plugins\/seo\/ -->\n<title>Comprar Kilim Barato | Kilim-Age | Rebajas de Primavera -60%<\/title>\n<meta name=\"description\" content=\"Comprar Kilim Barato \u00bfEst\u00e1s buscando una forma econ\u00f3mica de a\u00f1adir personalidad y encanto a tu hogar? \u00a1No busques m\u00e1s! Rebajas -60%\" \/>\n<meta name=\"robots\" content=\"index, follow, max-snippet:-1, max-image-preview:large, max-video-preview:-1\" \/>\n<link rel=\"canonical\" href=\"https:\/\/kilim-age.com\/en\/producto\/comprar-kilim-barato\/\" \/>\n<meta property=\"og:locale\" content=\"en_US\" \/>\n<meta property=\"og:type\" content=\"article\" \/>\n<meta property=\"og:title\" content=\"Comprar Kilim Barato | Kilim-Age | Rebajas de Primavera -60%\" \/>\n<meta property=\"og:description\" content=\"Comprar Kilim Barato \u00bfEst\u00e1s buscando una forma econ\u00f3mica de a\u00f1adir personalidad y encanto a tu hogar? \u00a1No busques m\u00e1s! Rebajas -60%\" \/>\n<meta property=\"og:url\" content=\"https:\/\/kilim-age.com\/es\/producto\/comprar-kilim-barato\/\" \/>\n<meta property=\"og:site_name\" content=\"Kilim-Age\" \/>\n<meta property=\"article:modified_time\" content=\"2025-07-30T17:27:00+00:00\" \/>\n<meta property=\"og:image\" content=\"https:\/\/kilim-age.com\/wp-content\/uploads\/2024\/04\/IMG_2839.jpg\" \/>\n\t<meta property=\"og:image:width\" content=\"1000\" \/>\n\t<meta property=\"og:image:height\" content=\"1300\" \/>\n\t<meta property=\"og:image:type\" content=\"image\/jpeg\" \/>\n<meta name=\"twitter:card\" content=\"summary_large_image\" \/>\n<meta name=\"twitter:label1\" content=\"Est. reading time\" \/>\n\t<meta name=\"twitter:data1\" content=\"1 minute\" \/>\n<script type=\"application\/ld+json\" class=\"yoast-schema-graph\">{\"@context\":\"https:\/\/schema.org\",\"@graph\":[{\"@type\":\"WebPage\",\"@id\":\"https:\/\/kilim-age.com\/es\/producto\/comprar-kilim-barato\/\",\"url\":\"https:\/\/kilim-age.com\/es\/producto\/comprar-kilim-barato\/\",\"name\":\"Comprar Kilim Barato | Kilim-Age | Rebajas de Primavera -60%\",\"isPartOf\":{\"@id\":\"https:\/\/kilim-age.com\/en\/#website\"},\"primaryImageOfPage\":{\"@id\":\"https:\/\/kilim-age.com\/es\/producto\/comprar-kilim-barato\/#primaryimage\"},\"image\":{\"@id\":\"https:\/\/kilim-age.com\/es\/producto\/comprar-kilim-barato\/#primaryimage\"},\"thumbnailUrl\":\"https:\/\/kilim-age.com\/wp-content\/uploads\/2024\/04\/IMG_2839.jpg\",\"datePublished\":\"2024-04-23T11:51:04+00:00\",\"dateModified\":\"2025-07-30T17:27:00+00:00\",\"description\":\"Comprar Kilim Barato \u00bfEst\u00e1s buscando una forma econ\u00f3mica de a\u00f1adir personalidad y encanto a tu hogar? \u00a1No busques m\u00e1s! Rebajas -60%\",\"breadcrumb\":{\"@id\":\"https:\/\/kilim-age.com\/es\/producto\/comprar-kilim-barato\/#breadcrumb\"},\"inLanguage\":\"en-US\",\"potentialAction\":[{\"@type\":\"ReadAction\",\"target\":[\"https:\/\/kilim-age.com\/es\/producto\/comprar-kilim-barato\/\"]}]},{\"@type\":\"ImageObject\",\"inLanguage\":\"en-US\",\"@id\":\"https:\/\/kilim-age.com\/es\/producto\/comprar-kilim-barato\/#primaryimage\",\"url\":\"https:\/\/kilim-age.com\/wp-content\/uploads\/2024\/04\/IMG_2839.jpg\",\"contentUrl\":\"https:\/\/kilim-age.com\/wp-content\/uploads\/2024\/04\/IMG_2839.jpg\",\"width\":1000,\"height\":1300,\"caption\":\"comprar kilim barato\"},{\"@type\":\"BreadcrumbList\",\"@id\":\"https:\/\/kilim-age.com\/es\/producto\/comprar-kilim-barato\/#breadcrumb\",\"itemListElement\":[{\"@type\":\"ListItem\",\"position\":1,\"name\":\"Home\",\"item\":\"https:\/\/kilim-age.com\/en\/\"},{\"@type\":\"ListItem\",\"position\":2,\"name\":\"Shop\",\"item\":\"https:\/\/kilim-age.com\/es\/shop\/\"},{\"@type\":\"ListItem\",\"position\":3,\"name\":\"Kilim turco 117&#215;207 cm\"}]},{\"@type\":\"WebSite\",\"@id\":\"https:\/\/kilim-age.com\/en\/#website\",\"url\":\"https:\/\/kilim-age.com\/en\/\",\"name\":\"Kilim-Age\",\"description\":\"Somos especialistas en productos artesanales de Turqu\u00eda como Alfombras, y Kilims\",\"potentialAction\":[{\"@type\":\"SearchAction\",\"target\":{\"@type\":\"EntryPoint\",\"urlTemplate\":\"https:\/\/kilim-age.com\/en\/?s={search_term_string}\"},\"query-input\":{\"@type\":\"PropertyValueSpecification\",\"valueRequired\":true,\"valueName\":\"search_term_string\"}}],\"inLanguage\":\"en-US\"}]}<\/script>\n<!-- \/ Yoast SEO plugin. -->","yoast_head_json":{"title":"Comprar Kilim Barato | Kilim-Age | Rebajas de Primavera -60%","description":"Comprar Kilim Barato \u00bfEst\u00e1s buscando una forma econ\u00f3mica de a\u00f1adir personalidad y encanto a tu hogar? \u00a1No busques m\u00e1s! Rebajas -60%","robots":{"index":"index","follow":"follow","max-snippet":"max-snippet:-1","max-image-preview":"max-image-preview:large","max-video-preview":"max-video-preview:-1"},"canonical":"https:\/\/kilim-age.com\/en\/producto\/comprar-kilim-barato\/","og_locale":"en_US","og_type":"article","og_title":"Comprar Kilim Barato | Kilim-Age | Rebajas de Primavera -60%","og_description":"Comprar Kilim Barato \u00bfEst\u00e1s buscando una forma econ\u00f3mica de a\u00f1adir personalidad y encanto a tu hogar? \u00a1No busques m\u00e1s! Rebajas -60%","og_url":"https:\/\/kilim-age.com\/es\/producto\/comprar-kilim-barato\/","og_site_name":"Kilim-Age","article_modified_time":"2025-07-30T17:27:00+00:00","og_image":[{"width":1000,"height":1300,"url":"https:\/\/kilim-age.com\/wp-content\/uploads\/2024\/04\/IMG_2839.jpg","type":"image\/jpeg"}],"twitter_card":"summary_large_image","twitter_misc":{"Est. reading time":"1 minute"},"schema":{"@context":"https:\/\/schema.org","@graph":[{"@type":"WebPage","@id":"https:\/\/kilim-age.com\/es\/producto\/comprar-kilim-barato\/","url":"https:\/\/kilim-age.com\/es\/producto\/comprar-kilim-barato\/","name":"Comprar Kilim Barato | Kilim-Age | Rebajas de Primavera -60%","isPartOf":{"@id":"https:\/\/kilim-age.com\/en\/#website"},"primaryImageOfPage":{"@id":"https:\/\/kilim-age.com\/es\/producto\/comprar-kilim-barato\/#primaryimage"},"image":{"@id":"https:\/\/kilim-age.com\/es\/producto\/comprar-kilim-barato\/#primaryimage"},"thumbnailUrl":"https:\/\/kilim-age.com\/wp-content\/uploads\/2024\/04\/IMG_2839.jpg","datePublished":"2024-04-23T11:51:04+00:00","dateModified":"2025-07-30T17:27:00+00:00","description":"Comprar Kilim Barato \u00bfEst\u00e1s buscando una forma econ\u00f3mica de a\u00f1adir personalidad y encanto a tu hogar? \u00a1No busques m\u00e1s! Rebajas -60%","breadcrumb":{"@id":"https:\/\/kilim-age.com\/es\/producto\/comprar-kilim-barato\/#breadcrumb"},"inLanguage":"en-US","potentialAction":[{"@type":"ReadAction","target":["https:\/\/kilim-age.com\/es\/producto\/comprar-kilim-barato\/"]}]},{"@type":"ImageObject","inLanguage":"en-US","@id":"https:\/\/kilim-age.com\/es\/producto\/comprar-kilim-barato\/#primaryimage","url":"https:\/\/kilim-age.com\/wp-content\/uploads\/2024\/04\/IMG_2839.jpg","contentUrl":"https:\/\/kilim-age.com\/wp-content\/uploads\/2024\/04\/IMG_2839.jpg","width":1000,"height":1300,"caption":"comprar kilim barato"},{"@type":"BreadcrumbList","@id":"https:\/\/kilim-age.com\/es\/producto\/comprar-kilim-barato\/#breadcrumb","itemListElement":[{"@type":"ListItem","position":1,"name":"Home","item":"https:\/\/kilim-age.com\/en\/"},{"@type":"ListItem","position":2,"name":"Shop","item":"https:\/\/kilim-age.com\/es\/shop\/"},{"@type":"ListItem","position":3,"name":"Kilim turco 117&#215;207 cm"}]},{"@type":"WebSite","@id":"https:\/\/kilim-age.com\/en\/#website","url":"https:\/\/kilim-age.com\/en\/","name":"Kilim-Age","description":"Somos especialistas en productos artesanales de Turqu\u00eda como Alfombras, y Kilims","potentialAction":[{"@type":"SearchAction","target":{"@type":"EntryPoint","urlTemplate":"https:\/\/kilim-age.com\/en\/?s={search_term_string}"},"query-input":{"@type":"PropertyValueSpecification","valueRequired":true,"valueName":"search_term_string"}}],"inLanguage":"en-US"}]}},"_links":{"self":[{"href":"https:\/\/kilim-age.com\/en\/wp-json\/wp\/v2\/product\/40675","targetHints":{"allow":["GET"]}}],"collection":[{"href":"https:\/\/kilim-age.com\/en\/wp-json\/wp\/v2\/product"}],"about":[{"href":"https:\/\/kilim-age.com\/en\/wp-json\/wp\/v2\/types\/product"}],"replies":[{"embeddable":true,"href":"https:\/\/kilim-age.com\/en\/wp-json\/wp\/v2\/comments?post=40675"}],"wp:featuredmedia":[{"embeddable":true,"href":"https:\/\/kilim-age.com\/en\/wp-json\/wp\/v2\/media\/40676"}],"wp:attachment":[{"href":"https:\/\/kilim-age.com\/en\/wp-json\/wp\/v2\/media?parent=40675"}],"wp:term":[{"taxonomy":"product_brand","embeddable":true,"href":"https:\/\/kilim-age.com\/en\/wp-json\/wp\/v2\/product_brand?post=40675"},{"taxonomy":"product_cat","embeddable":true,"href":"https:\/\/kilim-age.com\/en\/wp-json\/wp\/v2\/product_cat?post=40675"},{"taxonomy":"product_tag","embeddable":true,"href":"https:\/\/kilim-age.com\/en\/wp-json\/wp\/v2\/product_tag?post=40675"}],"curies":[{"name":"wp","href":"https:\/\/api.w.org\/{rel}","templated":true}]}}