{"id":40535,"date":"2024-04-15T19:17:59","date_gmt":"2024-04-15T17:17:59","guid":{"rendered":"https:\/\/kilim-age.com\/?post_type=product&#038;p=40535"},"modified":"2025-06-14T13:53:35","modified_gmt":"2025-06-14T11:53:35","slug":"comprar-kilim-en-madrid-2","status":"publish","type":"product","link":"https:\/\/kilim-age.com\/en\/producto\/comprar-kilim-en-madrid-2\/","title":{"rendered":"KILIM 126&#215;179 cm"},"content":{"rendered":"Discover the Beauty of Kilim:<\/p>\n<p>Are you looking for a unique way to beautify your home in Madrid? Look no further! Our collection of Kilims offers a wide variety of options to add style and charm to any space. With a color palette in beige, pink, and light blue, our Kilims are the perfect choice for those looking to add a touch of warmth and elegance to their home.<\/p>\n<p>Each Kilim in our collection is carefully selected for its quality and beauty. Handcrafted by skilled artisans, these Kilims are a perfect blend of tradition and modernity. Their unique design and soft color palette make them versatile pieces that will complement any style of decor.<\/p>\n<p>Whether you&#8217;re looking for a Kilim for your living room, bedroom, or any other space in your home, we&#8217;re confident you&#8217;ll find the perfect Kilim in our Madrid store. Plus, our team will be happy to assist you in finding the ideal piece that suits your tastes and needs.<\/p>\n<p>Don&#8217;t wait any longer to transform your home with the beauty and charm of Kilim.","protected":false},"excerpt":{"rendered":"<p>Manufacturing: Knotted by hand<br \/>\nSize: 126 X 179 cm.<br \/>\nAge: New<br \/>\nOrigin: Kilim from center of Anatolia<br \/>\nWeft: Wool<br \/>\nWarp: Wool<br \/>\nThickness approx: 1-2 mm.<br \/>\nNatural dyeing.<br \/>\nDelivery time: Spain approximately 2-5 days, Europe 5-7 days, other continents 7-10 days.<\/p>\n","protected":false},"featured_media":40544,"comment_status":"open","ping_status":"closed","template":"","meta":[],"product_brand":[],"product_cat":[61,829],"product_tag":[73,74],"class_list":{"0":"post-40535","1":"product","2":"type-product","3":"status-publish","4":"has-post-thumbnail","6":"product_cat-kilims","7":"product_cat-toda-la-coleccion-kilim","8":"product_tag-anatolian-kilim","9":"product_tag-kilim-turca","10":"product_shipping_class-kilim-mediano","11":"pa_ancho-cm-1018","12":"pa_color-azul-clarito","13":"pa_color-beige","14":"pa_color-rosa","15":"pa_largo-cm-884","17":"first","18":"instock","19":"sale","20":"sold-individually","21":"taxable","22":"shipping-taxable","23":"purchasable","24":"product-type-simple"},"yoast_head":"<!-- This site is optimized with the Yoast SEO plugin v24.8.1 - https:\/\/yoast.com\/wordpress\/plugins\/seo\/ -->\n<title>Comprar Kilim en Madrid | Kilim-Age | Tienda de Kilim online<\/title>\n<meta name=\"description\" content=\"Compra Kilim en Madrid \u00bfEst\u00e1s buscando una manera \u00fanica de embellecer tu hogar en Madrid? Env\u00edo y devoluciones gratis..\" \/>\n<meta name=\"robots\" content=\"index, follow, max-snippet:-1, max-image-preview:large, max-video-preview:-1\" \/>\n<link rel=\"canonical\" href=\"https:\/\/www.kilim-age.com\/en\/producto\/comprar-kilim-en-madrid-2\/\" \/>\n<meta property=\"og:locale\" content=\"en_US\" \/>\n<meta property=\"og:type\" content=\"article\" \/>\n<meta property=\"og:title\" content=\"Comprar Kilim en Madrid | Kilim-Age | Tienda de Kilim online\" \/>\n<meta property=\"og:description\" content=\"Compra Kilim en Madrid \u00bfEst\u00e1s buscando una manera \u00fanica de embellecer tu hogar en Madrid? Env\u00edo y devoluciones gratis..\" \/>\n<meta property=\"og:url\" content=\"https:\/\/www.kilim-age.com\/en\/producto\/comprar-kilim-en-madrid-2\/\" \/>\n<meta property=\"og:site_name\" content=\"Kilim-Age\" \/>\n<meta property=\"article:modified_time\" content=\"2025-06-14T11:53:35+00:00\" \/>\n<meta property=\"og:image\" content=\"https:\/\/www.kilim-age.com\/wp-content\/uploads\/2024\/04\/IMG_28061.jpg\" \/>\n\t<meta property=\"og:image:width\" content=\"1000\" \/>\n\t<meta property=\"og:image:height\" content=\"1300\" \/>\n\t<meta property=\"og:image:type\" content=\"image\/jpeg\" \/>\n<meta name=\"twitter:card\" content=\"summary_large_image\" \/>\n<meta name=\"twitter:label1\" content=\"Est. reading time\" \/>\n\t<meta name=\"twitter:data1\" content=\"1 minute\" \/>\n<script type=\"application\/ld+json\" class=\"yoast-schema-graph\">{\"@context\":\"https:\/\/schema.org\",\"@graph\":[{\"@type\":\"WebPage\",\"@id\":\"https:\/\/www.kilim-age.com\/en\/producto\/comprar-kilim-en-madrid-2\/\",\"url\":\"https:\/\/www.kilim-age.com\/en\/producto\/comprar-kilim-en-madrid-2\/\",\"name\":\"Comprar Kilim en Madrid | Kilim-Age | Tienda de Kilim online\",\"isPartOf\":{\"@id\":\"https:\/\/kilim-age.com\/en\/#website\"},\"primaryImageOfPage\":{\"@id\":\"https:\/\/www.kilim-age.com\/en\/producto\/comprar-kilim-en-madrid-2\/#primaryimage\"},\"image\":{\"@id\":\"https:\/\/www.kilim-age.com\/en\/producto\/comprar-kilim-en-madrid-2\/#primaryimage\"},\"thumbnailUrl\":\"https:\/\/kilim-age.com\/wp-content\/uploads\/2024\/04\/IMG_28061.jpg\",\"datePublished\":\"2024-04-15T17:17:59+00:00\",\"dateModified\":\"2025-06-14T11:53:35+00:00\",\"description\":\"Compra Kilim en Madrid \u00bfEst\u00e1s buscando una manera \u00fanica de embellecer tu hogar en Madrid? Env\u00edo y devoluciones gratis..\",\"breadcrumb\":{\"@id\":\"https:\/\/www.kilim-age.com\/en\/producto\/comprar-kilim-en-madrid-2\/#breadcrumb\"},\"inLanguage\":\"en-US\",\"potentialAction\":[{\"@type\":\"ReadAction\",\"target\":[\"https:\/\/www.kilim-age.com\/en\/producto\/comprar-kilim-en-madrid-2\/\"]}]},{\"@type\":\"ImageObject\",\"inLanguage\":\"en-US\",\"@id\":\"https:\/\/www.kilim-age.com\/en\/producto\/comprar-kilim-en-madrid-2\/#primaryimage\",\"url\":\"https:\/\/kilim-age.com\/wp-content\/uploads\/2024\/04\/IMG_28061.jpg\",\"contentUrl\":\"https:\/\/kilim-age.com\/wp-content\/uploads\/2024\/04\/IMG_28061.jpg\",\"width\":1000,\"height\":1300,\"caption\":\"Comprar Kilim en Madrid\"},{\"@type\":\"BreadcrumbList\",\"@id\":\"https:\/\/www.kilim-age.com\/en\/producto\/comprar-kilim-en-madrid-2\/#breadcrumb\",\"itemListElement\":[{\"@type\":\"ListItem\",\"position\":1,\"name\":\"Home\",\"item\":\"https:\/\/kilim-age.com\/en\/\"},{\"@type\":\"ListItem\",\"position\":2,\"name\":\"Shop\",\"item\":\"https:\/\/kilim-age.com\/es\/shop\/\"},{\"@type\":\"ListItem\",\"position\":3,\"name\":\"KILIM 126&#215;179 cm\"}]},{\"@type\":\"WebSite\",\"@id\":\"https:\/\/kilim-age.com\/en\/#website\",\"url\":\"https:\/\/kilim-age.com\/en\/\",\"name\":\"Kilim-Age\",\"description\":\"Somos especialistas en productos artesanales de Turqu\u00eda como Alfombras, y Kilims\",\"potentialAction\":[{\"@type\":\"SearchAction\",\"target\":{\"@type\":\"EntryPoint\",\"urlTemplate\":\"https:\/\/kilim-age.com\/en\/?s={search_term_string}\"},\"query-input\":{\"@type\":\"PropertyValueSpecification\",\"valueRequired\":true,\"valueName\":\"search_term_string\"}}],\"inLanguage\":\"en-US\"}]}<\/script>\n<!-- \/ Yoast SEO plugin. -->","yoast_head_json":{"title":"Comprar Kilim en Madrid | Kilim-Age | Tienda de Kilim online","description":"Compra Kilim en Madrid \u00bfEst\u00e1s buscando una manera \u00fanica de embellecer tu hogar en Madrid? Env\u00edo y devoluciones gratis..","robots":{"index":"index","follow":"follow","max-snippet":"max-snippet:-1","max-image-preview":"max-image-preview:large","max-video-preview":"max-video-preview:-1"},"canonical":"https:\/\/www.kilim-age.com\/en\/producto\/comprar-kilim-en-madrid-2\/","og_locale":"en_US","og_type":"article","og_title":"Comprar Kilim en Madrid | Kilim-Age | Tienda de Kilim online","og_description":"Compra Kilim en Madrid \u00bfEst\u00e1s buscando una manera \u00fanica de embellecer tu hogar en Madrid? Env\u00edo y devoluciones gratis..","og_url":"https:\/\/www.kilim-age.com\/en\/producto\/comprar-kilim-en-madrid-2\/","og_site_name":"Kilim-Age","article_modified_time":"2025-06-14T11:53:35+00:00","og_image":[{"width":1000,"height":1300,"url":"https:\/\/www.kilim-age.com\/wp-content\/uploads\/2024\/04\/IMG_28061.jpg","type":"image\/jpeg"}],"twitter_card":"summary_large_image","twitter_misc":{"Est. reading time":"1 minute"},"schema":{"@context":"https:\/\/schema.org","@graph":[{"@type":"WebPage","@id":"https:\/\/www.kilim-age.com\/en\/producto\/comprar-kilim-en-madrid-2\/","url":"https:\/\/www.kilim-age.com\/en\/producto\/comprar-kilim-en-madrid-2\/","name":"Comprar Kilim en Madrid | Kilim-Age | Tienda de Kilim online","isPartOf":{"@id":"https:\/\/kilim-age.com\/en\/#website"},"primaryImageOfPage":{"@id":"https:\/\/www.kilim-age.com\/en\/producto\/comprar-kilim-en-madrid-2\/#primaryimage"},"image":{"@id":"https:\/\/www.kilim-age.com\/en\/producto\/comprar-kilim-en-madrid-2\/#primaryimage"},"thumbnailUrl":"https:\/\/kilim-age.com\/wp-content\/uploads\/2024\/04\/IMG_28061.jpg","datePublished":"2024-04-15T17:17:59+00:00","dateModified":"2025-06-14T11:53:35+00:00","description":"Compra Kilim en Madrid \u00bfEst\u00e1s buscando una manera \u00fanica de embellecer tu hogar en Madrid? Env\u00edo y devoluciones gratis..","breadcrumb":{"@id":"https:\/\/www.kilim-age.com\/en\/producto\/comprar-kilim-en-madrid-2\/#breadcrumb"},"inLanguage":"en-US","potentialAction":[{"@type":"ReadAction","target":["https:\/\/www.kilim-age.com\/en\/producto\/comprar-kilim-en-madrid-2\/"]}]},{"@type":"ImageObject","inLanguage":"en-US","@id":"https:\/\/www.kilim-age.com\/en\/producto\/comprar-kilim-en-madrid-2\/#primaryimage","url":"https:\/\/kilim-age.com\/wp-content\/uploads\/2024\/04\/IMG_28061.jpg","contentUrl":"https:\/\/kilim-age.com\/wp-content\/uploads\/2024\/04\/IMG_28061.jpg","width":1000,"height":1300,"caption":"Comprar Kilim en Madrid"},{"@type":"BreadcrumbList","@id":"https:\/\/www.kilim-age.com\/en\/producto\/comprar-kilim-en-madrid-2\/#breadcrumb","itemListElement":[{"@type":"ListItem","position":1,"name":"Home","item":"https:\/\/kilim-age.com\/en\/"},{"@type":"ListItem","position":2,"name":"Shop","item":"https:\/\/kilim-age.com\/es\/shop\/"},{"@type":"ListItem","position":3,"name":"KILIM 126&#215;179 cm"}]},{"@type":"WebSite","@id":"https:\/\/kilim-age.com\/en\/#website","url":"https:\/\/kilim-age.com\/en\/","name":"Kilim-Age","description":"Somos especialistas en productos artesanales de Turqu\u00eda como Alfombras, y Kilims","potentialAction":[{"@type":"SearchAction","target":{"@type":"EntryPoint","urlTemplate":"https:\/\/kilim-age.com\/en\/?s={search_term_string}"},"query-input":{"@type":"PropertyValueSpecification","valueRequired":true,"valueName":"search_term_string"}}],"inLanguage":"en-US"}]}},"_links":{"self":[{"href":"https:\/\/kilim-age.com\/en\/wp-json\/wp\/v2\/product\/40535","targetHints":{"allow":["GET"]}}],"collection":[{"href":"https:\/\/kilim-age.com\/en\/wp-json\/wp\/v2\/product"}],"about":[{"href":"https:\/\/kilim-age.com\/en\/wp-json\/wp\/v2\/types\/product"}],"replies":[{"embeddable":true,"href":"https:\/\/kilim-age.com\/en\/wp-json\/wp\/v2\/comments?post=40535"}],"wp:featuredmedia":[{"embeddable":true,"href":"https:\/\/kilim-age.com\/en\/wp-json\/wp\/v2\/media\/40544"}],"wp:attachment":[{"href":"https:\/\/kilim-age.com\/en\/wp-json\/wp\/v2\/media?parent=40535"}],"wp:term":[{"taxonomy":"product_brand","embeddable":true,"href":"https:\/\/kilim-age.com\/en\/wp-json\/wp\/v2\/product_brand?post=40535"},{"taxonomy":"product_cat","embeddable":true,"href":"https:\/\/kilim-age.com\/en\/wp-json\/wp\/v2\/product_cat?post=40535"},{"taxonomy":"product_tag","embeddable":true,"href":"https:\/\/kilim-age.com\/en\/wp-json\/wp\/v2\/product_tag?post=40535"}],"curies":[{"name":"wp","href":"https:\/\/api.w.org\/{rel}","templated":true}]}}