{"id":40404,"date":"2023-07-07T19:24:16","date_gmt":"2023-07-07T17:24:16","guid":{"rendered":"https:\/\/kilim-age.com\/?post_type=product&#038;p=40404"},"modified":"2024-04-17T18:01:52","modified_gmt":"2024-04-17T16:01:52","slug":"kilim-de-tamano-pequeno","status":"publish","type":"product","link":"https:\/\/kilim-age.com\/en\/producto\/kilim-de-tamano-pequeno\/","title":{"rendered":"Kilim 120 x 180 cm"},"content":{"rendered":"Introducing our exquisite small kilim with a captivating blend of orange, soft beige, and delicate hints of light blue. This handcrafted masterpiece will add a touch of warmth and sophistication to your space, making it truly stand out.<\/p>\n<p>Our small kilim showcases a mesmerizing geometric pattern that seamlessly combines these stunning colors. The vibrant orange creates a sense of energy and vibrancy, while the subtle beige adds a touch of elegance and versatility. The gentle accents of light blue bring a refreshing and serene ambiance to the overall design.<\/p>\n<p>Crafted with meticulous attention to detail, this kilim is made from high-quality materials, ensuring both durability and exceptional craftsmanship. Its compact size makes it perfect for smaller areas such as cozy corners, hallways, or even as a stylish centerpiece in your bedroom.<\/p>\n<p>Infuse your home with the unique charm of our small kilim. Whether you&#8217;re looking to enhance a contemporary or traditional setting, the blend of orange, soft beige, and light blue hues will effortlessly complement your existing d\u00e9cor. Each time you gaze upon this stunning kilim, you&#8217;ll be captivated by its intricate design and the rich tapestry of colors.<\/p>\n<p>Explore our collection today and bring home this small kilim to add a touch of artistry and elegance to your living space. With our secure online purchasing process, you can enjoy a convenient shopping experience, along with fast and reliable delivery.<\/p>\n<p>Elevate your interior design with our small kilim, a true masterpiece that combines the warmth of orange, the versatility of beige, and the tranquility of light blue. Discover the perfect blend of colors and patterns that will transform your space into a haven of beauty and style.&#8221;","protected":false},"excerpt":{"rendered":"<p>Manufacturing: Knotted by hand<br \/>\nSize: 120 X 187 cm.<br \/>\nAge: New<br \/>\nOrigin: Kilim from center of Anatolia<br \/>\nWeft: Wool<br \/>\nWarp: Wool<br \/>\nThickness approx: 1-2 mm.<br \/>\nNatural dyeing.<br \/>\nDelivery time: Spain approximately 2-5 days, Europe 5-7 days, other continents 7-10 days.<\/p>\n","protected":false},"featured_media":40405,"comment_status":"open","ping_status":"closed","template":"","meta":[],"product_brand":[],"product_cat":[61,829],"product_tag":[72,74],"class_list":{"0":"post-40404","1":"product","2":"type-product","3":"status-publish","4":"has-post-thumbnail","6":"product_cat-kilims","7":"product_cat-toda-la-coleccion-kilim","8":"product_tag-kilim","9":"product_tag-kilim-turca","10":"product_shipping_class-kilim-pequeno","11":"pa_ancho-cm-1049","12":"pa_color-azul-clarito","13":"pa_color-beige","14":"pa_color-naranja","15":"pa_largo-cm-884","16":"pa_medida-medianos","17":"pa_medida-pequenos","19":"first","20":"outofstock","21":"sold-individually","22":"taxable","23":"shipping-taxable","24":"purchasable","25":"product-type-simple"},"yoast_head":"<!-- This site is optimized with the Yoast SEO plugin v24.8.1 - https:\/\/yoast.com\/wordpress\/plugins\/seo\/ -->\n<title>Kilim de tama\u00f1o peque\u00f1o | Kilim-Age | Tienda Kilim<\/title>\n<meta name=\"description\" content=\"\u00a1Kilim de Tama\u00f1o Peque\u00f1o! Si est\u00e1s buscando una forma de agregar encanto y calidez a espacios m\u00e1s reducidos, nuestros kilims son la elecci\u00f3n perfecta.\" \/>\n<meta name=\"robots\" content=\"index, follow, max-snippet:-1, max-image-preview:large, max-video-preview:-1\" \/>\n<link rel=\"canonical\" href=\"https:\/\/kilim-age.com\/en\/producto\/kilim-de-tamano-pequeno\/\" \/>\n<meta property=\"og:locale\" content=\"en_US\" \/>\n<meta property=\"og:type\" content=\"article\" \/>\n<meta property=\"og:title\" content=\"Kilim de tama\u00f1o peque\u00f1o | Kilim-Age | Tienda Kilim\" \/>\n<meta property=\"og:description\" content=\"\u00a1Kilim de Tama\u00f1o Peque\u00f1o! Si est\u00e1s buscando una forma de agregar encanto y calidez a espacios m\u00e1s reducidos, nuestros kilims son la elecci\u00f3n perfecta.\" \/>\n<meta property=\"og:url\" content=\"https:\/\/kilim-age.com\/es\/producto\/kilim-de-tamano-pequeno\/\" \/>\n<meta property=\"og:site_name\" content=\"Kilim-Age\" \/>\n<meta property=\"article:modified_time\" content=\"2024-04-17T16:01:52+00:00\" \/>\n<meta property=\"og:image\" content=\"https:\/\/kilim-age.com\/wp-content\/uploads\/2023\/07\/IMG_1783.jpg\" \/>\n\t<meta property=\"og:image:width\" content=\"1000\" \/>\n\t<meta property=\"og:image:height\" content=\"1300\" \/>\n\t<meta property=\"og:image:type\" content=\"image\/jpeg\" \/>\n<meta name=\"twitter:card\" content=\"summary_large_image\" \/>\n<meta name=\"twitter:label1\" content=\"Est. reading time\" \/>\n\t<meta name=\"twitter:data1\" content=\"2 minutes\" \/>\n<script type=\"application\/ld+json\" class=\"yoast-schema-graph\">{\"@context\":\"https:\/\/schema.org\",\"@graph\":[{\"@type\":\"WebPage\",\"@id\":\"https:\/\/kilim-age.com\/es\/producto\/kilim-de-tamano-pequeno\/\",\"url\":\"https:\/\/kilim-age.com\/es\/producto\/kilim-de-tamano-pequeno\/\",\"name\":\"Kilim de tama\u00f1o peque\u00f1o | Kilim-Age | Tienda Kilim\",\"isPartOf\":{\"@id\":\"https:\/\/kilim-age.com\/en\/#website\"},\"primaryImageOfPage\":{\"@id\":\"https:\/\/kilim-age.com\/es\/producto\/kilim-de-tamano-pequeno\/#primaryimage\"},\"image\":{\"@id\":\"https:\/\/kilim-age.com\/es\/producto\/kilim-de-tamano-pequeno\/#primaryimage\"},\"thumbnailUrl\":\"https:\/\/kilim-age.com\/wp-content\/uploads\/2023\/07\/IMG_1783.jpg\",\"datePublished\":\"2023-07-07T17:24:16+00:00\",\"dateModified\":\"2024-04-17T16:01:52+00:00\",\"description\":\"\u00a1Kilim de Tama\u00f1o Peque\u00f1o! Si est\u00e1s buscando una forma de agregar encanto y calidez a espacios m\u00e1s reducidos, nuestros kilims son la elecci\u00f3n perfecta.\",\"breadcrumb\":{\"@id\":\"https:\/\/kilim-age.com\/es\/producto\/kilim-de-tamano-pequeno\/#breadcrumb\"},\"inLanguage\":\"en-US\",\"potentialAction\":[{\"@type\":\"ReadAction\",\"target\":[\"https:\/\/kilim-age.com\/es\/producto\/kilim-de-tamano-pequeno\/\"]}]},{\"@type\":\"ImageObject\",\"inLanguage\":\"en-US\",\"@id\":\"https:\/\/kilim-age.com\/es\/producto\/kilim-de-tamano-pequeno\/#primaryimage\",\"url\":\"https:\/\/kilim-age.com\/wp-content\/uploads\/2023\/07\/IMG_1783.jpg\",\"contentUrl\":\"https:\/\/kilim-age.com\/wp-content\/uploads\/2023\/07\/IMG_1783.jpg\",\"width\":1000,\"height\":1300,\"caption\":\"Kilim de tama\u00f1o peqeu\u00f1o\"},{\"@type\":\"BreadcrumbList\",\"@id\":\"https:\/\/kilim-age.com\/es\/producto\/kilim-de-tamano-pequeno\/#breadcrumb\",\"itemListElement\":[{\"@type\":\"ListItem\",\"position\":1,\"name\":\"Home\",\"item\":\"https:\/\/kilim-age.com\/en\/\"},{\"@type\":\"ListItem\",\"position\":2,\"name\":\"Shop\",\"item\":\"https:\/\/kilim-age.com\/es\/shop\/\"},{\"@type\":\"ListItem\",\"position\":3,\"name\":\"Kilim 120 x 187 cm\"}]},{\"@type\":\"WebSite\",\"@id\":\"https:\/\/kilim-age.com\/en\/#website\",\"url\":\"https:\/\/kilim-age.com\/en\/\",\"name\":\"Kilim-Age\",\"description\":\"Somos especialistas en productos artesanales de Turqu\u00eda como Alfombras, y Kilims\",\"potentialAction\":[{\"@type\":\"SearchAction\",\"target\":{\"@type\":\"EntryPoint\",\"urlTemplate\":\"https:\/\/kilim-age.com\/en\/?s={search_term_string}\"},\"query-input\":{\"@type\":\"PropertyValueSpecification\",\"valueRequired\":true,\"valueName\":\"search_term_string\"}}],\"inLanguage\":\"en-US\"}]}<\/script>\n<!-- \/ Yoast SEO plugin. -->","yoast_head_json":{"title":"Kilim de tama\u00f1o peque\u00f1o | Kilim-Age | Tienda Kilim","description":"\u00a1Kilim de Tama\u00f1o Peque\u00f1o! Si est\u00e1s buscando una forma de agregar encanto y calidez a espacios m\u00e1s reducidos, nuestros kilims son la elecci\u00f3n perfecta.","robots":{"index":"index","follow":"follow","max-snippet":"max-snippet:-1","max-image-preview":"max-image-preview:large","max-video-preview":"max-video-preview:-1"},"canonical":"https:\/\/kilim-age.com\/en\/producto\/kilim-de-tamano-pequeno\/","og_locale":"en_US","og_type":"article","og_title":"Kilim de tama\u00f1o peque\u00f1o | Kilim-Age | Tienda Kilim","og_description":"\u00a1Kilim de Tama\u00f1o Peque\u00f1o! Si est\u00e1s buscando una forma de agregar encanto y calidez a espacios m\u00e1s reducidos, nuestros kilims son la elecci\u00f3n perfecta.","og_url":"https:\/\/kilim-age.com\/es\/producto\/kilim-de-tamano-pequeno\/","og_site_name":"Kilim-Age","article_modified_time":"2024-04-17T16:01:52+00:00","og_image":[{"width":1000,"height":1300,"url":"https:\/\/kilim-age.com\/wp-content\/uploads\/2023\/07\/IMG_1783.jpg","type":"image\/jpeg"}],"twitter_card":"summary_large_image","twitter_misc":{"Est. reading time":"2 minutes"},"schema":{"@context":"https:\/\/schema.org","@graph":[{"@type":"WebPage","@id":"https:\/\/kilim-age.com\/es\/producto\/kilim-de-tamano-pequeno\/","url":"https:\/\/kilim-age.com\/es\/producto\/kilim-de-tamano-pequeno\/","name":"Kilim de tama\u00f1o peque\u00f1o | Kilim-Age | Tienda Kilim","isPartOf":{"@id":"https:\/\/kilim-age.com\/en\/#website"},"primaryImageOfPage":{"@id":"https:\/\/kilim-age.com\/es\/producto\/kilim-de-tamano-pequeno\/#primaryimage"},"image":{"@id":"https:\/\/kilim-age.com\/es\/producto\/kilim-de-tamano-pequeno\/#primaryimage"},"thumbnailUrl":"https:\/\/kilim-age.com\/wp-content\/uploads\/2023\/07\/IMG_1783.jpg","datePublished":"2023-07-07T17:24:16+00:00","dateModified":"2024-04-17T16:01:52+00:00","description":"\u00a1Kilim de Tama\u00f1o Peque\u00f1o! Si est\u00e1s buscando una forma de agregar encanto y calidez a espacios m\u00e1s reducidos, nuestros kilims son la elecci\u00f3n perfecta.","breadcrumb":{"@id":"https:\/\/kilim-age.com\/es\/producto\/kilim-de-tamano-pequeno\/#breadcrumb"},"inLanguage":"en-US","potentialAction":[{"@type":"ReadAction","target":["https:\/\/kilim-age.com\/es\/producto\/kilim-de-tamano-pequeno\/"]}]},{"@type":"ImageObject","inLanguage":"en-US","@id":"https:\/\/kilim-age.com\/es\/producto\/kilim-de-tamano-pequeno\/#primaryimage","url":"https:\/\/kilim-age.com\/wp-content\/uploads\/2023\/07\/IMG_1783.jpg","contentUrl":"https:\/\/kilim-age.com\/wp-content\/uploads\/2023\/07\/IMG_1783.jpg","width":1000,"height":1300,"caption":"Kilim de tama\u00f1o peqeu\u00f1o"},{"@type":"BreadcrumbList","@id":"https:\/\/kilim-age.com\/es\/producto\/kilim-de-tamano-pequeno\/#breadcrumb","itemListElement":[{"@type":"ListItem","position":1,"name":"Home","item":"https:\/\/kilim-age.com\/en\/"},{"@type":"ListItem","position":2,"name":"Shop","item":"https:\/\/kilim-age.com\/es\/shop\/"},{"@type":"ListItem","position":3,"name":"Kilim 120 x 187 cm"}]},{"@type":"WebSite","@id":"https:\/\/kilim-age.com\/en\/#website","url":"https:\/\/kilim-age.com\/en\/","name":"Kilim-Age","description":"Somos especialistas en productos artesanales de Turqu\u00eda como Alfombras, y Kilims","potentialAction":[{"@type":"SearchAction","target":{"@type":"EntryPoint","urlTemplate":"https:\/\/kilim-age.com\/en\/?s={search_term_string}"},"query-input":{"@type":"PropertyValueSpecification","valueRequired":true,"valueName":"search_term_string"}}],"inLanguage":"en-US"}]}},"_links":{"self":[{"href":"https:\/\/kilim-age.com\/en\/wp-json\/wp\/v2\/product\/40404","targetHints":{"allow":["GET"]}}],"collection":[{"href":"https:\/\/kilim-age.com\/en\/wp-json\/wp\/v2\/product"}],"about":[{"href":"https:\/\/kilim-age.com\/en\/wp-json\/wp\/v2\/types\/product"}],"replies":[{"embeddable":true,"href":"https:\/\/kilim-age.com\/en\/wp-json\/wp\/v2\/comments?post=40404"}],"wp:featuredmedia":[{"embeddable":true,"href":"https:\/\/kilim-age.com\/en\/wp-json\/wp\/v2\/media\/40405"}],"wp:attachment":[{"href":"https:\/\/kilim-age.com\/en\/wp-json\/wp\/v2\/media?parent=40404"}],"wp:term":[{"taxonomy":"product_brand","embeddable":true,"href":"https:\/\/kilim-age.com\/en\/wp-json\/wp\/v2\/product_brand?post=40404"},{"taxonomy":"product_cat","embeddable":true,"href":"https:\/\/kilim-age.com\/en\/wp-json\/wp\/v2\/product_cat?post=40404"},{"taxonomy":"product_tag","embeddable":true,"href":"https:\/\/kilim-age.com\/en\/wp-json\/wp\/v2\/product_tag?post=40404"}],"curies":[{"name":"wp","href":"https:\/\/api.w.org\/{rel}","templated":true}]}}