{"id":40236,"date":"2023-05-18T13:45:32","date_gmt":"2023-05-18T11:45:32","guid":{"rendered":"http:\/\/kilim-age.com\/?post_type=product&#038;p=40236"},"modified":"2023-08-01T12:25:14","modified_gmt":"2023-08-01T10:25:14","slug":"kilim-108","status":"publish","type":"product","link":"https:\/\/kilim-age.com\/en\/producto\/kilim-108\/","title":{"rendered":"KILIM 153 x 194 cm"},"content":{"rendered":"About Kilims<br \/>\n\u201cKilim\u201d is a Turkish word referring to the flat weaving technique or tapestry method. This carpet making method is different from the knotted stitch method (velvet look). Kilims are lighter-weight and more flexible.<\/p>\n<p>KILIM or tapestry weaving<\/p>\n<p>It\u2019s one of the simplest, the most widespread and the most ancient weaving modes. This technique is based on warp yarns or threads (vertical yarns going lengthwise from one end of the kilim to the other) and colored weft yarns or threads (horizontal yarns that pass over and under the warp to form the motifs).","protected":false},"excerpt":{"rendered":"<p>Manufacturing: Knotted by hand<br \/>\nSize: 153 X 194 cm.<br \/>\nAge: New<br \/>\nOrigin: Kilim from center of Anatolia<br \/>\nWeft: Wool<br \/>\nWarp: Wool<br \/>\nThickness approx: 1-2 mm.<br \/>\nNatural dyeing.<br \/>\nDelivery time: Spain approximately 2-5 days, Europe 5-7 days, other continents 7-10 days.<\/p>\n","protected":false},"featured_media":40237,"comment_status":"open","ping_status":"closed","template":"","meta":[],"product_brand":[],"product_cat":[61,829],"product_tag":[73,72],"class_list":{"0":"post-40236","1":"product","2":"type-product","3":"status-publish","4":"has-post-thumbnail","6":"product_cat-kilims","7":"product_cat-toda-la-coleccion-kilim","8":"product_tag-anatolian-kilim","9":"product_tag-kilim","10":"product_shipping_class-kilim-mediano","11":"pa_ancho-cm-924","12":"pa_ancho-cm-872","13":"pa_color-azul","14":"pa_color-naranja","15":"pa_color-verde","16":"pa_largo-cm-1050","17":"pa_largo-cm-885","18":"pa_largo-cm-1013","19":"pa_medida-grandes","20":"pa_medida-medianos","21":"pa_medida-pequenos","23":"first","24":"outofstock","25":"sold-individually","26":"taxable","27":"shipping-taxable","28":"purchasable","29":"product-type-simple"},"yoast_head":"<!-- This site is optimized with the Yoast SEO plugin v24.8.1 - https:\/\/yoast.com\/wordpress\/plugins\/seo\/ -->\n<title>AUT\u00c9NTICOS KILIMS | Kilim-Age | Compra online<\/title>\n<meta name=\"description\" content=\"Aut\u00e9nticos Kilims turcas importadas directamente de su origen. Env\u00edo y Devoluciones gratis, compra online o tienda..\" \/>\n<meta name=\"robots\" content=\"index, follow, max-snippet:-1, max-image-preview:large, max-video-preview:-1\" \/>\n<link rel=\"canonical\" href=\"https:\/\/www.kilim-age.com\/en\/producto\/kilim-108\/\" \/>\n<meta property=\"og:locale\" content=\"en_US\" \/>\n<meta property=\"og:type\" content=\"article\" \/>\n<meta property=\"og:title\" content=\"AUT\u00c9NTICOS KILIMS | Kilim-Age | Compra online\" \/>\n<meta property=\"og:description\" content=\"Aut\u00e9nticos Kilims turcas importadas directamente de su origen. Env\u00edo y Devoluciones gratis, compra online o tienda..\" \/>\n<meta property=\"og:url\" content=\"https:\/\/www.kilim-age.com\/en\/producto\/kilim-108\/\" \/>\n<meta property=\"og:site_name\" content=\"Kilim-Age\" \/>\n<meta property=\"article:modified_time\" content=\"2023-08-01T10:25:14+00:00\" \/>\n<meta property=\"og:image\" content=\"https:\/\/www.kilim-age.com\/wp-content\/uploads\/2023\/05\/16.jpg\" \/>\n\t<meta property=\"og:image:width\" content=\"1200\" \/>\n\t<meta property=\"og:image:height\" content=\"1500\" \/>\n\t<meta property=\"og:image:type\" content=\"image\/jpeg\" \/>\n<meta name=\"twitter:card\" content=\"summary_large_image\" \/>\n<meta name=\"twitter:label1\" content=\"Est. reading time\" \/>\n\t<meta name=\"twitter:data1\" content=\"1 minute\" \/>\n<script type=\"application\/ld+json\" class=\"yoast-schema-graph\">{\"@context\":\"https:\/\/schema.org\",\"@graph\":[{\"@type\":\"WebPage\",\"@id\":\"https:\/\/www.kilim-age.com\/en\/producto\/kilim-108\/\",\"url\":\"https:\/\/www.kilim-age.com\/en\/producto\/kilim-108\/\",\"name\":\"AUT\u00c9NTICOS KILIMS | Kilim-Age | Compra online\",\"isPartOf\":{\"@id\":\"https:\/\/kilim-age.com\/en\/#website\"},\"primaryImageOfPage\":{\"@id\":\"https:\/\/www.kilim-age.com\/en\/producto\/kilim-108\/#primaryimage\"},\"image\":{\"@id\":\"https:\/\/www.kilim-age.com\/en\/producto\/kilim-108\/#primaryimage\"},\"thumbnailUrl\":\"https:\/\/kilim-age.com\/wp-content\/uploads\/2023\/05\/16.jpg\",\"datePublished\":\"2023-05-18T11:45:32+00:00\",\"dateModified\":\"2023-08-01T10:25:14+00:00\",\"description\":\"Aut\u00e9nticos Kilims turcas importadas directamente de su origen. Env\u00edo y Devoluciones gratis, compra online o tienda..\",\"breadcrumb\":{\"@id\":\"https:\/\/www.kilim-age.com\/en\/producto\/kilim-108\/#breadcrumb\"},\"inLanguage\":\"en-US\",\"potentialAction\":[{\"@type\":\"ReadAction\",\"target\":[\"https:\/\/www.kilim-age.com\/en\/producto\/kilim-108\/\"]}]},{\"@type\":\"ImageObject\",\"inLanguage\":\"en-US\",\"@id\":\"https:\/\/www.kilim-age.com\/en\/producto\/kilim-108\/#primaryimage\",\"url\":\"https:\/\/kilim-age.com\/wp-content\/uploads\/2023\/05\/16.jpg\",\"contentUrl\":\"https:\/\/kilim-age.com\/wp-content\/uploads\/2023\/05\/16.jpg\",\"width\":1200,\"height\":1500},{\"@type\":\"BreadcrumbList\",\"@id\":\"https:\/\/www.kilim-age.com\/en\/producto\/kilim-108\/#breadcrumb\",\"itemListElement\":[{\"@type\":\"ListItem\",\"position\":1,\"name\":\"Home\",\"item\":\"https:\/\/kilim-age.com\/en\/\"},{\"@type\":\"ListItem\",\"position\":2,\"name\":\"Shop\",\"item\":\"https:\/\/kilim-age.com\/es\/shop\/\"},{\"@type\":\"ListItem\",\"position\":3,\"name\":\"KILIM 153 x 194 cm\"}]},{\"@type\":\"WebSite\",\"@id\":\"https:\/\/kilim-age.com\/en\/#website\",\"url\":\"https:\/\/kilim-age.com\/en\/\",\"name\":\"Kilim-Age\",\"description\":\"Somos especialistas en productos artesanales de Turqu\u00eda como Alfombras, y Kilims\",\"potentialAction\":[{\"@type\":\"SearchAction\",\"target\":{\"@type\":\"EntryPoint\",\"urlTemplate\":\"https:\/\/kilim-age.com\/en\/?s={search_term_string}\"},\"query-input\":{\"@type\":\"PropertyValueSpecification\",\"valueRequired\":true,\"valueName\":\"search_term_string\"}}],\"inLanguage\":\"en-US\"}]}<\/script>\n<!-- \/ Yoast SEO plugin. -->","yoast_head_json":{"title":"AUT\u00c9NTICOS KILIMS | Kilim-Age | Compra online","description":"Aut\u00e9nticos Kilims turcas importadas directamente de su origen. Env\u00edo y Devoluciones gratis, compra online o tienda..","robots":{"index":"index","follow":"follow","max-snippet":"max-snippet:-1","max-image-preview":"max-image-preview:large","max-video-preview":"max-video-preview:-1"},"canonical":"https:\/\/www.kilim-age.com\/en\/producto\/kilim-108\/","og_locale":"en_US","og_type":"article","og_title":"AUT\u00c9NTICOS KILIMS | Kilim-Age | Compra online","og_description":"Aut\u00e9nticos Kilims turcas importadas directamente de su origen. Env\u00edo y Devoluciones gratis, compra online o tienda..","og_url":"https:\/\/www.kilim-age.com\/en\/producto\/kilim-108\/","og_site_name":"Kilim-Age","article_modified_time":"2023-08-01T10:25:14+00:00","og_image":[{"width":1200,"height":1500,"url":"https:\/\/www.kilim-age.com\/wp-content\/uploads\/2023\/05\/16.jpg","type":"image\/jpeg"}],"twitter_card":"summary_large_image","twitter_misc":{"Est. reading time":"1 minute"},"schema":{"@context":"https:\/\/schema.org","@graph":[{"@type":"WebPage","@id":"https:\/\/www.kilim-age.com\/en\/producto\/kilim-108\/","url":"https:\/\/www.kilim-age.com\/en\/producto\/kilim-108\/","name":"AUT\u00c9NTICOS KILIMS | Kilim-Age | Compra online","isPartOf":{"@id":"https:\/\/kilim-age.com\/en\/#website"},"primaryImageOfPage":{"@id":"https:\/\/www.kilim-age.com\/en\/producto\/kilim-108\/#primaryimage"},"image":{"@id":"https:\/\/www.kilim-age.com\/en\/producto\/kilim-108\/#primaryimage"},"thumbnailUrl":"https:\/\/kilim-age.com\/wp-content\/uploads\/2023\/05\/16.jpg","datePublished":"2023-05-18T11:45:32+00:00","dateModified":"2023-08-01T10:25:14+00:00","description":"Aut\u00e9nticos Kilims turcas importadas directamente de su origen. Env\u00edo y Devoluciones gratis, compra online o tienda..","breadcrumb":{"@id":"https:\/\/www.kilim-age.com\/en\/producto\/kilim-108\/#breadcrumb"},"inLanguage":"en-US","potentialAction":[{"@type":"ReadAction","target":["https:\/\/www.kilim-age.com\/en\/producto\/kilim-108\/"]}]},{"@type":"ImageObject","inLanguage":"en-US","@id":"https:\/\/www.kilim-age.com\/en\/producto\/kilim-108\/#primaryimage","url":"https:\/\/kilim-age.com\/wp-content\/uploads\/2023\/05\/16.jpg","contentUrl":"https:\/\/kilim-age.com\/wp-content\/uploads\/2023\/05\/16.jpg","width":1200,"height":1500},{"@type":"BreadcrumbList","@id":"https:\/\/www.kilim-age.com\/en\/producto\/kilim-108\/#breadcrumb","itemListElement":[{"@type":"ListItem","position":1,"name":"Home","item":"https:\/\/kilim-age.com\/en\/"},{"@type":"ListItem","position":2,"name":"Shop","item":"https:\/\/kilim-age.com\/es\/shop\/"},{"@type":"ListItem","position":3,"name":"KILIM 153 x 194 cm"}]},{"@type":"WebSite","@id":"https:\/\/kilim-age.com\/en\/#website","url":"https:\/\/kilim-age.com\/en\/","name":"Kilim-Age","description":"Somos especialistas en productos artesanales de Turqu\u00eda como Alfombras, y Kilims","potentialAction":[{"@type":"SearchAction","target":{"@type":"EntryPoint","urlTemplate":"https:\/\/kilim-age.com\/en\/?s={search_term_string}"},"query-input":{"@type":"PropertyValueSpecification","valueRequired":true,"valueName":"search_term_string"}}],"inLanguage":"en-US"}]}},"_links":{"self":[{"href":"https:\/\/kilim-age.com\/en\/wp-json\/wp\/v2\/product\/40236","targetHints":{"allow":["GET"]}}],"collection":[{"href":"https:\/\/kilim-age.com\/en\/wp-json\/wp\/v2\/product"}],"about":[{"href":"https:\/\/kilim-age.com\/en\/wp-json\/wp\/v2\/types\/product"}],"replies":[{"embeddable":true,"href":"https:\/\/kilim-age.com\/en\/wp-json\/wp\/v2\/comments?post=40236"}],"wp:featuredmedia":[{"embeddable":true,"href":"https:\/\/kilim-age.com\/en\/wp-json\/wp\/v2\/media\/40237"}],"wp:attachment":[{"href":"https:\/\/kilim-age.com\/en\/wp-json\/wp\/v2\/media?parent=40236"}],"wp:term":[{"taxonomy":"product_brand","embeddable":true,"href":"https:\/\/kilim-age.com\/en\/wp-json\/wp\/v2\/product_brand?post=40236"},{"taxonomy":"product_cat","embeddable":true,"href":"https:\/\/kilim-age.com\/en\/wp-json\/wp\/v2\/product_cat?post=40236"},{"taxonomy":"product_tag","embeddable":true,"href":"https:\/\/kilim-age.com\/en\/wp-json\/wp\/v2\/product_tag?post=40236"}],"curies":[{"name":"wp","href":"https:\/\/api.w.org\/{rel}","templated":true}]}}