{"id":33812,"date":"2023-03-21T18:50:39","date_gmt":"2023-03-21T17:50:39","guid":{"rendered":"http:\/\/kilim-age.com\/?post_type=product&#038;p=33812"},"modified":"2025-06-14T17:16:47","modified_gmt":"2025-06-14T15:16:47","slug":"comprar-kilim-turco","status":"publish","type":"product","link":"https:\/\/kilim-age.com\/en\/producto\/comprar-kilim-turco\/","title":{"rendered":"KILIM CICIM 220 x 292 cm"},"content":{"rendered":"<h2><span style=\"font-size: 90%;\">KILIM CICIM<\/span><\/h2>\n<p>Cicim or floating weft brocade<\/p>\n<p>This technique consists of weaving decorative yarns into a plain background as the kilim is being created.<\/p>\n<h2>About Kilims<\/h2>\n<p>\u201cKilim\u201d is a Turkish word referring to the flat weaving technique or tapestry method. This carpet making method is different from the knotted stitch method (velvet look). Kilims are lighter-weight and more flexible.<\/p>\n<p>KILIM or tapestry weaving<\/p>\n<p>It\u2019s one of the simplest, the most widespread and the most ancient weaving modes. This technique is based on warp yarns or threads (vertical yarns going lengthwise from one end of the kilim to the other) and colored weft yarns or threads (horizontal yarns that pass over and under the warp to form the motifs).<\/p>\n<h3><span style=\"font-size: 110%;\">About the colors<\/span><\/h3>\n<p>Kilims from Anatolia (a Turkish region) are well known for their beauty and the diversity of their colors. The different colors come from plants or minerals. These colors were produced with traditional methods: by decoction, maceration and other processes.","protected":false},"excerpt":{"rendered":"<p>Manufacturing: Knotted by hand<br \/>\nSize: 185 X 297 cm<br \/>\nAge: Semi-antiq 20-25 a\u00f1os<br \/>\nOrigin: Turkey,center of Anatolia<br \/>\nMaterail: Wool and mixid with goat wool<br \/>\nThickness approx: 2-3 mm<br \/>\nNatural dyeing, handspun wool.<br \/>\nThe colors in the carpet will be perceived differently depending on the angle you view it from<br \/>\nDelivery time: Spain approximately 2-5 days, Europe 5-7 days, other continents 7-10 days.<\/p>\n","protected":false},"featured_media":41032,"comment_status":"open","ping_status":"closed","template":"","meta":[],"product_brand":[],"product_cat":[61,829],"product_tag":[73,72],"class_list":{"0":"post-33812","1":"product","2":"type-product","3":"status-publish","4":"has-post-thumbnail","6":"product_cat-kilims","7":"product_cat-toda-la-coleccion-kilim","8":"product_tag-anatolian-kilim","9":"product_tag-kilim","10":"product_shipping_class-kilim-grande","11":"pa_ancho-cm-874","12":"pa_ancho-cm-918","13":"pa_color-azul","14":"pa_color-naranja","15":"pa_color-rojo","16":"pa_color-vinotinto","17":"pa_largo-cm-1011","18":"pa_largo-cm-986","19":"pa_medida-grandes","21":"first","22":"instock","23":"sale","24":"sold-individually","25":"taxable","26":"shipping-taxable","27":"purchasable","28":"product-type-simple"},"yoast_head":"<!-- This site is optimized with the Yoast SEO plugin v24.8.1 - https:\/\/yoast.com\/wordpress\/plugins\/seo\/ -->\n<title>Comprar Kilim turco | Kilim-Age | Comprar Kilim Online<\/title>\n<meta name=\"description\" content=\"Cuando decides comprar kilim turco, est\u00e1s invirtiendo en m\u00e1s que simplemente una alfombra; est\u00e1s adquiriendo una pieza de historia.\" \/>\n<meta name=\"robots\" content=\"index, follow, max-snippet:-1, max-image-preview:large, max-video-preview:-1\" \/>\n<link rel=\"canonical\" href=\"https:\/\/www.kilim-age.com\/es\/producto\/comprar-kilim-turco\/\" \/>\n<meta property=\"og:locale\" content=\"en_US\" \/>\n<meta property=\"og:type\" content=\"article\" \/>\n<meta property=\"og:title\" content=\"Comprar Kilim turco | Kilim-Age | Comprar Kilim Online\" \/>\n<meta property=\"og:description\" content=\"Cuando decides comprar kilim turco, est\u00e1s invirtiendo en m\u00e1s que simplemente una alfombra; est\u00e1s adquiriendo una pieza de historia.\" \/>\n<meta property=\"og:url\" content=\"https:\/\/www.kilim-age.com\/es\/producto\/comprar-kilim-turco\/\" \/>\n<meta property=\"og:site_name\" content=\"Kilim-Age\" \/>\n<meta property=\"article:modified_time\" content=\"2025-06-14T15:16:47+00:00\" \/>\n<meta property=\"og:image\" content=\"https:\/\/www.kilim-age.com\/wp-content\/uploads\/2023\/03\/IMG_Cicim-Kilim-KA.jpg\" \/>\n\t<meta property=\"og:image:width\" content=\"1000\" \/>\n\t<meta property=\"og:image:height\" content=\"1300\" \/>\n\t<meta property=\"og:image:type\" content=\"image\/jpeg\" \/>\n<meta name=\"twitter:card\" content=\"summary_large_image\" \/>\n<meta name=\"twitter:label1\" content=\"Est. reading time\" \/>\n\t<meta name=\"twitter:data1\" content=\"1 minute\" \/>\n<script type=\"application\/ld+json\" class=\"yoast-schema-graph\">{\"@context\":\"https:\/\/schema.org\",\"@graph\":[{\"@type\":\"WebPage\",\"@id\":\"https:\/\/www.kilim-age.com\/es\/producto\/comprar-kilim-turco\/\",\"url\":\"https:\/\/www.kilim-age.com\/es\/producto\/comprar-kilim-turco\/\",\"name\":\"Comprar Kilim turco | Kilim-Age | Comprar Kilim Online\",\"isPartOf\":{\"@id\":\"https:\/\/kilim-age.com\/en\/#website\"},\"primaryImageOfPage\":{\"@id\":\"https:\/\/www.kilim-age.com\/es\/producto\/comprar-kilim-turco\/#primaryimage\"},\"image\":{\"@id\":\"https:\/\/www.kilim-age.com\/es\/producto\/comprar-kilim-turco\/#primaryimage\"},\"thumbnailUrl\":\"https:\/\/kilim-age.com\/wp-content\/uploads\/2023\/03\/IMG_Cicim-Kilim-KA.jpg\",\"datePublished\":\"2023-03-21T17:50:39+00:00\",\"dateModified\":\"2025-06-14T15:16:47+00:00\",\"description\":\"Cuando decides comprar kilim turco, est\u00e1s invirtiendo en m\u00e1s que simplemente una alfombra; est\u00e1s adquiriendo una pieza de historia.\",\"breadcrumb\":{\"@id\":\"https:\/\/www.kilim-age.com\/es\/producto\/comprar-kilim-turco\/#breadcrumb\"},\"inLanguage\":\"en-US\",\"potentialAction\":[{\"@type\":\"ReadAction\",\"target\":[\"https:\/\/www.kilim-age.com\/es\/producto\/comprar-kilim-turco\/\"]}]},{\"@type\":\"ImageObject\",\"inLanguage\":\"en-US\",\"@id\":\"https:\/\/www.kilim-age.com\/es\/producto\/comprar-kilim-turco\/#primaryimage\",\"url\":\"https:\/\/kilim-age.com\/wp-content\/uploads\/2023\/03\/IMG_Cicim-Kilim-KA.jpg\",\"contentUrl\":\"https:\/\/kilim-age.com\/wp-content\/uploads\/2023\/03\/IMG_Cicim-Kilim-KA.jpg\",\"width\":1000,\"height\":1300,\"caption\":\"Comprar Kilim turco\"},{\"@type\":\"BreadcrumbList\",\"@id\":\"https:\/\/www.kilim-age.com\/es\/producto\/comprar-kilim-turco\/#breadcrumb\",\"itemListElement\":[{\"@type\":\"ListItem\",\"position\":1,\"name\":\"Home\",\"item\":\"https:\/\/kilim-age.com\/en\/\"},{\"@type\":\"ListItem\",\"position\":2,\"name\":\"Shop\",\"item\":\"https:\/\/kilim-age.com\/es\/shop\/\"},{\"@type\":\"ListItem\",\"position\":3,\"name\":\"Kilim cicim 220&#215;292 cm\"}]},{\"@type\":\"WebSite\",\"@id\":\"https:\/\/kilim-age.com\/en\/#website\",\"url\":\"https:\/\/kilim-age.com\/en\/\",\"name\":\"Kilim-Age\",\"description\":\"Somos especialistas en productos artesanales de Turqu\u00eda como Alfombras, y Kilims\",\"potentialAction\":[{\"@type\":\"SearchAction\",\"target\":{\"@type\":\"EntryPoint\",\"urlTemplate\":\"https:\/\/kilim-age.com\/en\/?s={search_term_string}\"},\"query-input\":{\"@type\":\"PropertyValueSpecification\",\"valueRequired\":true,\"valueName\":\"search_term_string\"}}],\"inLanguage\":\"en-US\"}]}<\/script>\n<!-- \/ Yoast SEO plugin. -->","yoast_head_json":{"title":"Comprar Kilim turco | Kilim-Age | Comprar Kilim Online","description":"Cuando decides comprar kilim turco, est\u00e1s invirtiendo en m\u00e1s que simplemente una alfombra; est\u00e1s adquiriendo una pieza de historia.","robots":{"index":"index","follow":"follow","max-snippet":"max-snippet:-1","max-image-preview":"max-image-preview:large","max-video-preview":"max-video-preview:-1"},"canonical":"https:\/\/www.kilim-age.com\/es\/producto\/comprar-kilim-turco\/","og_locale":"en_US","og_type":"article","og_title":"Comprar Kilim turco | Kilim-Age | Comprar Kilim Online","og_description":"Cuando decides comprar kilim turco, est\u00e1s invirtiendo en m\u00e1s que simplemente una alfombra; est\u00e1s adquiriendo una pieza de historia.","og_url":"https:\/\/www.kilim-age.com\/es\/producto\/comprar-kilim-turco\/","og_site_name":"Kilim-Age","article_modified_time":"2025-06-14T15:16:47+00:00","og_image":[{"width":1000,"height":1300,"url":"https:\/\/www.kilim-age.com\/wp-content\/uploads\/2023\/03\/IMG_Cicim-Kilim-KA.jpg","type":"image\/jpeg"}],"twitter_card":"summary_large_image","twitter_misc":{"Est. reading time":"1 minute"},"schema":{"@context":"https:\/\/schema.org","@graph":[{"@type":"WebPage","@id":"https:\/\/www.kilim-age.com\/es\/producto\/comprar-kilim-turco\/","url":"https:\/\/www.kilim-age.com\/es\/producto\/comprar-kilim-turco\/","name":"Comprar Kilim turco | Kilim-Age | Comprar Kilim Online","isPartOf":{"@id":"https:\/\/kilim-age.com\/en\/#website"},"primaryImageOfPage":{"@id":"https:\/\/www.kilim-age.com\/es\/producto\/comprar-kilim-turco\/#primaryimage"},"image":{"@id":"https:\/\/www.kilim-age.com\/es\/producto\/comprar-kilim-turco\/#primaryimage"},"thumbnailUrl":"https:\/\/kilim-age.com\/wp-content\/uploads\/2023\/03\/IMG_Cicim-Kilim-KA.jpg","datePublished":"2023-03-21T17:50:39+00:00","dateModified":"2025-06-14T15:16:47+00:00","description":"Cuando decides comprar kilim turco, est\u00e1s invirtiendo en m\u00e1s que simplemente una alfombra; est\u00e1s adquiriendo una pieza de historia.","breadcrumb":{"@id":"https:\/\/www.kilim-age.com\/es\/producto\/comprar-kilim-turco\/#breadcrumb"},"inLanguage":"en-US","potentialAction":[{"@type":"ReadAction","target":["https:\/\/www.kilim-age.com\/es\/producto\/comprar-kilim-turco\/"]}]},{"@type":"ImageObject","inLanguage":"en-US","@id":"https:\/\/www.kilim-age.com\/es\/producto\/comprar-kilim-turco\/#primaryimage","url":"https:\/\/kilim-age.com\/wp-content\/uploads\/2023\/03\/IMG_Cicim-Kilim-KA.jpg","contentUrl":"https:\/\/kilim-age.com\/wp-content\/uploads\/2023\/03\/IMG_Cicim-Kilim-KA.jpg","width":1000,"height":1300,"caption":"Comprar Kilim turco"},{"@type":"BreadcrumbList","@id":"https:\/\/www.kilim-age.com\/es\/producto\/comprar-kilim-turco\/#breadcrumb","itemListElement":[{"@type":"ListItem","position":1,"name":"Home","item":"https:\/\/kilim-age.com\/en\/"},{"@type":"ListItem","position":2,"name":"Shop","item":"https:\/\/kilim-age.com\/es\/shop\/"},{"@type":"ListItem","position":3,"name":"Kilim cicim 220&#215;292 cm"}]},{"@type":"WebSite","@id":"https:\/\/kilim-age.com\/en\/#website","url":"https:\/\/kilim-age.com\/en\/","name":"Kilim-Age","description":"Somos especialistas en productos artesanales de Turqu\u00eda como Alfombras, y Kilims","potentialAction":[{"@type":"SearchAction","target":{"@type":"EntryPoint","urlTemplate":"https:\/\/kilim-age.com\/en\/?s={search_term_string}"},"query-input":{"@type":"PropertyValueSpecification","valueRequired":true,"valueName":"search_term_string"}}],"inLanguage":"en-US"}]}},"_links":{"self":[{"href":"https:\/\/kilim-age.com\/en\/wp-json\/wp\/v2\/product\/33812","targetHints":{"allow":["GET"]}}],"collection":[{"href":"https:\/\/kilim-age.com\/en\/wp-json\/wp\/v2\/product"}],"about":[{"href":"https:\/\/kilim-age.com\/en\/wp-json\/wp\/v2\/types\/product"}],"replies":[{"embeddable":true,"href":"https:\/\/kilim-age.com\/en\/wp-json\/wp\/v2\/comments?post=33812"}],"wp:featuredmedia":[{"embeddable":true,"href":"https:\/\/kilim-age.com\/en\/wp-json\/wp\/v2\/media\/41032"}],"wp:attachment":[{"href":"https:\/\/kilim-age.com\/en\/wp-json\/wp\/v2\/media?parent=33812"}],"wp:term":[{"taxonomy":"product_brand","embeddable":true,"href":"https:\/\/kilim-age.com\/en\/wp-json\/wp\/v2\/product_brand?post=33812"},{"taxonomy":"product_cat","embeddable":true,"href":"https:\/\/kilim-age.com\/en\/wp-json\/wp\/v2\/product_cat?post=33812"},{"taxonomy":"product_tag","embeddable":true,"href":"https:\/\/kilim-age.com\/en\/wp-json\/wp\/v2\/product_tag?post=33812"}],"curies":[{"name":"wp","href":"https:\/\/api.w.org\/{rel}","templated":true}]}}