{"id":33549,"date":"2023-03-07T20:04:41","date_gmt":"2023-03-07T19:04:41","guid":{"rendered":"http:\/\/kilim-age.com\/?post_type=product&#038;p=33549"},"modified":"2025-12-09T11:34:04","modified_gmt":"2025-12-09T10:34:04","slug":"comprar-alfombras-economicas","status":"publish","type":"product","link":"https:\/\/kilim-age.com\/en\/producto\/comprar-alfombras-economicas\/","title":{"rendered":"New fragment rosette 200&#215;300 cm"},"content":{"rendered":"<h1><span lang=\"EN-US\">MODERN CARPETS<\/span><\/h1>\n<p><span lang=\"EN-US\">Classic Modern contemporary style rug.<\/span><\/p>\n<p><span lang=\"EN-US\">The fabric is somewhat thicker compared to a classic carpet but when you touch it feels a very soft and pleasant touch.<\/span><\/p>\n<p>Modern carpets have always been used in the decoration of the houses. Our\u00a0<strong>modern carpets<\/strong>\u00a0are made using different types of natural materials such as wool, cotton, silk, and viscose. They are available in different sizes, shapes, and textures. They are elegant as well as they help you keep your flooring warm and give a soft sensation to your feet. When modern carpets began to developed in the sector, people found them really nice, elegant and attractive. Nowadays,\u00a0carpets\u00a0are essential decorative elements. According to the design and style of the house, they provide a unique and cozy atmosphere. We use them in hall, living room, dining room, bedrooms \u2026 Both, we can use them for the floor or to hang on the walls.<\/p>\n<p>Our modern carpets collection offers quality and durability. You can also find\u00a0beautiful and contemporary designs,\u00a0inspired by both classic and modern art. You can choose the carpet according to the style of your furniture, the color of the wall, etc. The prices of the modern carpets vary according to your choice and design. Also, there are some other factors that affects the price range.","protected":false},"excerpt":{"rendered":"<p style=\"text-align: left;\">Origin: Turkey<br \/>\nMaterial: Cotton and Viscos<br \/>\nThickness approximately: 8 mm<br \/>\nKnot density: 2.000.000 points\/m<sup>2<\/sup><br \/>\nAge: New<br \/>\nHigh-precision weaving<br \/>\nAll our rugs are made with natural fibers materials.<br \/>\nColors: Natural dyeing<br \/>\nThe colors of the carpet will be perceived in different ways depending on the viewing angle.<br \/>\nDelivery time: Spain approximately 2-5 days, Europe 5-7 days, other continents 7-10<br \/>\ndays.<\/p>\n","protected":false},"featured_media":40933,"comment_status":"open","ping_status":"closed","template":"","meta":[],"product_brand":[],"product_cat":[62,232],"product_tag":[92,167],"class_list":{"0":"post-33549","1":"product","2":"type-product","3":"status-publish","4":"has-post-thumbnail","6":"product_cat-alfombras-turcas","7":"product_cat-alfombras-modernas","8":"product_tag-alfombra-moderna","9":"product_tag-modern-carpet","10":"pa_ancho-cm-908","11":"pa_ancho-cm-1049","12":"pa_ancho-cm-873","13":"pa_ancho-cm-875","14":"pa_ancho-cm-1029","15":"pa_ancho-cm-878","16":"pa_color-dorado","17":"pa_color-gris","18":"pa_color-rojo","19":"pa_largo-cm-993","20":"pa_largo-cm-884","21":"pa_largo-cm-886","22":"pa_largo-cm-888","23":"pa_largo-cm-1030","24":"pa_largo-cm-889","25":"pa_medida-grandes","26":"pa_medida-medianos","27":"pa_medida-pequenos","28":"pa_seleccionar-medidas-120x180-cm","29":"pa_seleccionar-medidas-200x300-cm","30":"pa_seleccionar-medidas-230x160-cm","31":"pa_seleccionar-medidas-240x340-cm","32":"pa_seleccionar-medidas-300x400-cm","33":"pa_seleccionar-medidas-80x150cm","34":"pa_seleccionar-medidas-80x400-cm","36":"first","37":"instock","38":"sale","39":"taxable","40":"shipping-taxable","41":"purchasable","42":"product-type-variable"},"yoast_head":"<!-- This site is optimized with the Yoast SEO plugin v24.8.1 - https:\/\/yoast.com\/wordpress\/plugins\/seo\/ -->\n<title>Comprar Alfombras Econ\u00f3micas | Kilim-Age | Alfombras modernas<\/title>\n<meta name=\"description\" content=\"Comprar Alfombras Econ\u00f3micas. Tenemos las mejores alfombras de Turqu\u00eda. Env\u00edo y devoluci\u00f3n gratis\" \/>\n<meta name=\"robots\" content=\"index, follow, max-snippet:-1, max-image-preview:large, max-video-preview:-1\" \/>\n<link rel=\"canonical\" href=\"https:\/\/www.kilim-age.com\/en\/producto\/comprar-alfombras-economicas\/\" \/>\n<meta property=\"og:locale\" content=\"en_US\" \/>\n<meta property=\"og:type\" content=\"article\" \/>\n<meta property=\"og:title\" content=\"Comprar Alfombras Econ\u00f3micas | Kilim-Age | Alfombras modernas\" \/>\n<meta property=\"og:description\" content=\"Comprar Alfombras Econ\u00f3micas. Tenemos las mejores alfombras de Turqu\u00eda. Env\u00edo y devoluci\u00f3n gratis\" \/>\n<meta property=\"og:url\" content=\"https:\/\/www.kilim-age.com\/en\/producto\/comprar-alfombras-economicas\/\" \/>\n<meta property=\"og:site_name\" content=\"Kilim-Age\" \/>\n<meta property=\"article:modified_time\" content=\"2025-12-09T10:34:04+00:00\" \/>\n<meta property=\"og:image\" content=\"https:\/\/www.kilim-age.com\/wp-content\/uploads\/2023\/03\/MULxTI-1.jpg\" \/>\n\t<meta property=\"og:image:width\" content=\"1050\" \/>\n\t<meta property=\"og:image:height\" content=\"1350\" \/>\n\t<meta property=\"og:image:type\" content=\"image\/jpeg\" \/>\n<meta name=\"twitter:card\" content=\"summary_large_image\" \/>\n<meta name=\"twitter:label1\" content=\"Est. reading time\" \/>\n\t<meta name=\"twitter:data1\" content=\"1 minute\" \/>\n<script type=\"application\/ld+json\" class=\"yoast-schema-graph\">{\"@context\":\"https:\/\/schema.org\",\"@graph\":[{\"@type\":\"WebPage\",\"@id\":\"https:\/\/www.kilim-age.com\/en\/producto\/comprar-alfombras-economicas\/\",\"url\":\"https:\/\/www.kilim-age.com\/en\/producto\/comprar-alfombras-economicas\/\",\"name\":\"Comprar Alfombras Econ\u00f3micas | Kilim-Age | Alfombras modernas\",\"isPartOf\":{\"@id\":\"https:\/\/kilim-age.com\/en\/#website\"},\"primaryImageOfPage\":{\"@id\":\"https:\/\/www.kilim-age.com\/en\/producto\/comprar-alfombras-economicas\/#primaryimage\"},\"image\":{\"@id\":\"https:\/\/www.kilim-age.com\/en\/producto\/comprar-alfombras-economicas\/#primaryimage\"},\"thumbnailUrl\":\"https:\/\/kilim-age.com\/wp-content\/uploads\/2023\/03\/MULxTI-1.jpg\",\"datePublished\":\"2023-03-07T19:04:41+00:00\",\"dateModified\":\"2025-12-09T10:34:04+00:00\",\"description\":\"Comprar Alfombras Econ\u00f3micas. Tenemos las mejores alfombras de Turqu\u00eda. Env\u00edo y devoluci\u00f3n gratis\",\"breadcrumb\":{\"@id\":\"https:\/\/www.kilim-age.com\/en\/producto\/comprar-alfombras-economicas\/#breadcrumb\"},\"inLanguage\":\"en-US\",\"potentialAction\":[{\"@type\":\"ReadAction\",\"target\":[\"https:\/\/www.kilim-age.com\/en\/producto\/comprar-alfombras-economicas\/\"]}]},{\"@type\":\"ImageObject\",\"inLanguage\":\"en-US\",\"@id\":\"https:\/\/www.kilim-age.com\/en\/producto\/comprar-alfombras-economicas\/#primaryimage\",\"url\":\"https:\/\/kilim-age.com\/wp-content\/uploads\/2023\/03\/MULxTI-1.jpg\",\"contentUrl\":\"https:\/\/kilim-age.com\/wp-content\/uploads\/2023\/03\/MULxTI-1.jpg\",\"width\":1050,\"height\":1350,\"caption\":\"comprar alfombras econ\u00f3micas\"},{\"@type\":\"BreadcrumbList\",\"@id\":\"https:\/\/www.kilim-age.com\/en\/producto\/comprar-alfombras-economicas\/#breadcrumb\",\"itemListElement\":[{\"@type\":\"ListItem\",\"position\":1,\"name\":\"Home\",\"item\":\"https:\/\/kilim-age.com\/en\/\"},{\"@type\":\"ListItem\",\"position\":2,\"name\":\"Shop\",\"item\":\"https:\/\/kilim-age.com\/es\/shop\/\"},{\"@type\":\"ListItem\",\"position\":3,\"name\":\"New fragment rosette 200&#215;300 cm\"}]},{\"@type\":\"WebSite\",\"@id\":\"https:\/\/kilim-age.com\/en\/#website\",\"url\":\"https:\/\/kilim-age.com\/en\/\",\"name\":\"Kilim-Age\",\"description\":\"Somos especialistas en productos artesanales de Turqu\u00eda como Alfombras, y Kilims\",\"potentialAction\":[{\"@type\":\"SearchAction\",\"target\":{\"@type\":\"EntryPoint\",\"urlTemplate\":\"https:\/\/kilim-age.com\/en\/?s={search_term_string}\"},\"query-input\":{\"@type\":\"PropertyValueSpecification\",\"valueRequired\":true,\"valueName\":\"search_term_string\"}}],\"inLanguage\":\"en-US\"}]}<\/script>\n<!-- \/ Yoast SEO plugin. -->","yoast_head_json":{"title":"Comprar Alfombras Econ\u00f3micas | Kilim-Age | Alfombras modernas","description":"Comprar Alfombras Econ\u00f3micas. Tenemos las mejores alfombras de Turqu\u00eda. Env\u00edo y devoluci\u00f3n gratis","robots":{"index":"index","follow":"follow","max-snippet":"max-snippet:-1","max-image-preview":"max-image-preview:large","max-video-preview":"max-video-preview:-1"},"canonical":"https:\/\/www.kilim-age.com\/en\/producto\/comprar-alfombras-economicas\/","og_locale":"en_US","og_type":"article","og_title":"Comprar Alfombras Econ\u00f3micas | Kilim-Age | Alfombras modernas","og_description":"Comprar Alfombras Econ\u00f3micas. Tenemos las mejores alfombras de Turqu\u00eda. Env\u00edo y devoluci\u00f3n gratis","og_url":"https:\/\/www.kilim-age.com\/en\/producto\/comprar-alfombras-economicas\/","og_site_name":"Kilim-Age","article_modified_time":"2025-12-09T10:34:04+00:00","og_image":[{"width":1050,"height":1350,"url":"https:\/\/www.kilim-age.com\/wp-content\/uploads\/2023\/03\/MULxTI-1.jpg","type":"image\/jpeg"}],"twitter_card":"summary_large_image","twitter_misc":{"Est. reading time":"1 minute"},"schema":{"@context":"https:\/\/schema.org","@graph":[{"@type":"WebPage","@id":"https:\/\/www.kilim-age.com\/en\/producto\/comprar-alfombras-economicas\/","url":"https:\/\/www.kilim-age.com\/en\/producto\/comprar-alfombras-economicas\/","name":"Comprar Alfombras Econ\u00f3micas | Kilim-Age | Alfombras modernas","isPartOf":{"@id":"https:\/\/kilim-age.com\/en\/#website"},"primaryImageOfPage":{"@id":"https:\/\/www.kilim-age.com\/en\/producto\/comprar-alfombras-economicas\/#primaryimage"},"image":{"@id":"https:\/\/www.kilim-age.com\/en\/producto\/comprar-alfombras-economicas\/#primaryimage"},"thumbnailUrl":"https:\/\/kilim-age.com\/wp-content\/uploads\/2023\/03\/MULxTI-1.jpg","datePublished":"2023-03-07T19:04:41+00:00","dateModified":"2025-12-09T10:34:04+00:00","description":"Comprar Alfombras Econ\u00f3micas. Tenemos las mejores alfombras de Turqu\u00eda. Env\u00edo y devoluci\u00f3n gratis","breadcrumb":{"@id":"https:\/\/www.kilim-age.com\/en\/producto\/comprar-alfombras-economicas\/#breadcrumb"},"inLanguage":"en-US","potentialAction":[{"@type":"ReadAction","target":["https:\/\/www.kilim-age.com\/en\/producto\/comprar-alfombras-economicas\/"]}]},{"@type":"ImageObject","inLanguage":"en-US","@id":"https:\/\/www.kilim-age.com\/en\/producto\/comprar-alfombras-economicas\/#primaryimage","url":"https:\/\/kilim-age.com\/wp-content\/uploads\/2023\/03\/MULxTI-1.jpg","contentUrl":"https:\/\/kilim-age.com\/wp-content\/uploads\/2023\/03\/MULxTI-1.jpg","width":1050,"height":1350,"caption":"comprar alfombras econ\u00f3micas"},{"@type":"BreadcrumbList","@id":"https:\/\/www.kilim-age.com\/en\/producto\/comprar-alfombras-economicas\/#breadcrumb","itemListElement":[{"@type":"ListItem","position":1,"name":"Home","item":"https:\/\/kilim-age.com\/en\/"},{"@type":"ListItem","position":2,"name":"Shop","item":"https:\/\/kilim-age.com\/es\/shop\/"},{"@type":"ListItem","position":3,"name":"New fragment rosette 200&#215;300 cm"}]},{"@type":"WebSite","@id":"https:\/\/kilim-age.com\/en\/#website","url":"https:\/\/kilim-age.com\/en\/","name":"Kilim-Age","description":"Somos especialistas en productos artesanales de Turqu\u00eda como Alfombras, y Kilims","potentialAction":[{"@type":"SearchAction","target":{"@type":"EntryPoint","urlTemplate":"https:\/\/kilim-age.com\/en\/?s={search_term_string}"},"query-input":{"@type":"PropertyValueSpecification","valueRequired":true,"valueName":"search_term_string"}}],"inLanguage":"en-US"}]}},"_links":{"self":[{"href":"https:\/\/kilim-age.com\/en\/wp-json\/wp\/v2\/product\/33549","targetHints":{"allow":["GET"]}}],"collection":[{"href":"https:\/\/kilim-age.com\/en\/wp-json\/wp\/v2\/product"}],"about":[{"href":"https:\/\/kilim-age.com\/en\/wp-json\/wp\/v2\/types\/product"}],"replies":[{"embeddable":true,"href":"https:\/\/kilim-age.com\/en\/wp-json\/wp\/v2\/comments?post=33549"}],"wp:featuredmedia":[{"embeddable":true,"href":"https:\/\/kilim-age.com\/en\/wp-json\/wp\/v2\/media\/40933"}],"wp:attachment":[{"href":"https:\/\/kilim-age.com\/en\/wp-json\/wp\/v2\/media?parent=33549"}],"wp:term":[{"taxonomy":"product_brand","embeddable":true,"href":"https:\/\/kilim-age.com\/en\/wp-json\/wp\/v2\/product_brand?post=33549"},{"taxonomy":"product_cat","embeddable":true,"href":"https:\/\/kilim-age.com\/en\/wp-json\/wp\/v2\/product_cat?post=33549"},{"taxonomy":"product_tag","embeddable":true,"href":"https:\/\/kilim-age.com\/en\/wp-json\/wp\/v2\/product_tag?post=33549"}],"curies":[{"name":"wp","href":"https:\/\/api.w.org\/{rel}","templated":true}]}}