{"id":30964,"date":"2023-03-03T19:20:15","date_gmt":"2023-03-03T18:20:15","guid":{"rendered":"http:\/\/kilim-age.com\/?post_type=product&#038;p=30964"},"modified":"2025-10-13T17:50:53","modified_gmt":"2025-10-13T15:50:53","slug":"kilims-antiguas","status":"publish","type":"product","link":"https:\/\/kilim-age.com\/en\/producto\/kilims-antiguas\/","title":{"rendered":"Turkish kilim 180 x 260 cm"},"content":{"rendered":"<h1><span style=\"font-size: 75%;\">ABOUTH KILIM<\/span><\/h1>\n<p>\u201cKilim&#8221; is a Turkish word referring to the flat weaving technique or tapestry method. This carpet making method is different from the knotted stitch method (velvet look). Kilims are lighter-weight and more flexible.<\/p>\n<p>They were born about 3,500 years ago in Central Asia, from where they extended to Eastern Europe, North Africa and later Western Europe. They are considered, therefore, the oldest carpets of the world. The nomadic origin of those who used it in the antiquity, made that they had a special feature in the weave of warp, flat and without knots, to avoid the passage of the sand of the desert, since they accompanied their owners like suitcases or like divisions in The stores they put together on trips. The designs were full of symbolism, desires, messages or orders for example the S-shaped motifs heralded a happy event. In general they were made without a previous pattern that gave them spontaneity and exclusivity to each piece, the current ones do not respect these traditions but maintain the agile spirit of the original fabric.<\/p>\n<h2><span style=\"font-size: 75%;\">About the colors<\/span><\/h2>\n<p>Kilims from Anatolia (a Turkish region) are well known for their beauty and the diversity of their colors. The different colors come from plants or minerals. These colors were produced with traditional methods: by decoction, maceration and other processes.<\/p>\n<h3><span style=\"font-size: 85%;\">About the motifs<\/span><\/h3>\n<p>Each motif comes from a symbol with numerous forms. Abstract, geometric and stylized animals as primitive motifs. These symbols of nomadic origin are the expression of beliefs and superstitions. The motifs change according to the tribes and the villages. This allows the geographic origin or the ethnic group at the origin of each kilim to be determined. Each composition is the work of a particular weaver whose style and inspiration comes from his family and from village traditions.","protected":false},"excerpt":{"rendered":"<p>Manufacturing: Knotted by hand<br \/>\nSize: 180 X 260 cm.<br \/>\nAge: Semi old 25\/30 years old<br \/>\nOrigin: Kilim from center of Anatolia<br \/>\nWeft: Wool<br \/>\nWarp: Wool<br \/>\nThickness approx: 1-2 mm.<br \/>\nNatural dyeing.<\/p>\n<p>Delivery time: Spain approximately 2-5 days, Europe 5-7 days, other continents 7-10 days.<\/p>\n","protected":false},"featured_media":30965,"comment_status":"open","ping_status":"closed","template":"","meta":[],"product_brand":[],"product_cat":[61,829],"product_tag":[74],"class_list":{"0":"post-30964","1":"product","2":"type-product","3":"status-publish","4":"has-post-thumbnail","6":"product_cat-kilims","7":"product_cat-toda-la-coleccion-kilim","8":"product_tag-kilim-turca","9":"product_shipping_class-kilim-grande","10":"pa_ancho-cm-1033","11":"pa_ancho-cm-874","12":"pa_ancho-cm-875","13":"pa_color-multicolor","14":"pa_color-naranja","15":"pa_color-ocre","16":"pa_color-rojo","17":"pa_color-terracota","18":"pa_largo-cm-887","19":"pa_largo-cm-920","20":"pa_largo-cm-1064","21":"pa_largo-cm-1048","22":"pa_medida-grandes","23":"pa_medida-medianos","25":"first","26":"instock","27":"sale","28":"sold-individually","29":"taxable","30":"shipping-taxable","31":"purchasable","32":"product-type-simple"},"yoast_head":"<!-- This site is optimized with the Yoast SEO plugin v24.8.1 - https:\/\/yoast.com\/wordpress\/plugins\/seo\/ -->\n<title>KILIMS ANTIGUAS | Kilim-Age | Kilims de Turqu\u00eda<\/title>\n<meta name=\"description\" content=\"Comprar Kilims Antiguas. En Kilim-Age tenemos aut\u00e9nticos antiguos o semi antiguos kilims de Turqu\u00eda\" \/>\n<meta name=\"robots\" content=\"index, follow, max-snippet:-1, max-image-preview:large, max-video-preview:-1\" \/>\n<link rel=\"canonical\" href=\"https:\/\/www.kilim-age.com\/es\/producto\/kilims-antiguas\/\" \/>\n<meta property=\"og:locale\" content=\"en_US\" \/>\n<meta property=\"og:type\" content=\"article\" \/>\n<meta property=\"og:title\" content=\"KILIMS ANTIGUAS | Kilim-Age | Kilims de Turqu\u00eda\" \/>\n<meta property=\"og:description\" content=\"Comprar Kilims Antiguas. En Kilim-Age tenemos aut\u00e9nticos antiguos o semi antiguos kilims de Turqu\u00eda\" \/>\n<meta property=\"og:url\" content=\"https:\/\/www.kilim-age.com\/es\/producto\/kilims-antiguas\/\" \/>\n<meta property=\"og:site_name\" content=\"Kilim-Age\" \/>\n<meta property=\"article:modified_time\" content=\"2025-10-13T15:50:53+00:00\" \/>\n<meta property=\"og:image\" content=\"https:\/\/www.kilim-age.com\/wp-content\/uploads\/2023\/03\/IMG_0173.jpg\" \/>\n\t<meta property=\"og:image:width\" content=\"1000\" \/>\n\t<meta property=\"og:image:height\" content=\"1300\" \/>\n\t<meta property=\"og:image:type\" content=\"image\/jpeg\" \/>\n<meta name=\"twitter:card\" content=\"summary_large_image\" \/>\n<meta name=\"twitter:label1\" content=\"Est. reading time\" \/>\n\t<meta name=\"twitter:data1\" content=\"2 minutes\" \/>\n<script type=\"application\/ld+json\" class=\"yoast-schema-graph\">{\"@context\":\"https:\/\/schema.org\",\"@graph\":[{\"@type\":\"WebPage\",\"@id\":\"https:\/\/www.kilim-age.com\/es\/producto\/kilims-antiguas\/\",\"url\":\"https:\/\/www.kilim-age.com\/es\/producto\/kilims-antiguas\/\",\"name\":\"KILIMS ANTIGUAS | Kilim-Age | Kilims de Turqu\u00eda\",\"isPartOf\":{\"@id\":\"https:\/\/kilim-age.com\/en\/#website\"},\"primaryImageOfPage\":{\"@id\":\"https:\/\/www.kilim-age.com\/es\/producto\/kilims-antiguas\/#primaryimage\"},\"image\":{\"@id\":\"https:\/\/www.kilim-age.com\/es\/producto\/kilims-antiguas\/#primaryimage\"},\"thumbnailUrl\":\"https:\/\/kilim-age.com\/wp-content\/uploads\/2023\/03\/IMG_0173.jpg\",\"datePublished\":\"2023-03-03T18:20:15+00:00\",\"dateModified\":\"2025-10-13T15:50:53+00:00\",\"description\":\"Comprar Kilims Antiguas. En Kilim-Age tenemos aut\u00e9nticos antiguos o semi antiguos kilims de Turqu\u00eda\",\"breadcrumb\":{\"@id\":\"https:\/\/www.kilim-age.com\/es\/producto\/kilims-antiguas\/#breadcrumb\"},\"inLanguage\":\"en-US\",\"potentialAction\":[{\"@type\":\"ReadAction\",\"target\":[\"https:\/\/www.kilim-age.com\/es\/producto\/kilims-antiguas\/\"]}]},{\"@type\":\"ImageObject\",\"inLanguage\":\"en-US\",\"@id\":\"https:\/\/www.kilim-age.com\/es\/producto\/kilims-antiguas\/#primaryimage\",\"url\":\"https:\/\/kilim-age.com\/wp-content\/uploads\/2023\/03\/IMG_0173.jpg\",\"contentUrl\":\"https:\/\/kilim-age.com\/wp-content\/uploads\/2023\/03\/IMG_0173.jpg\",\"width\":1000,\"height\":1300},{\"@type\":\"BreadcrumbList\",\"@id\":\"https:\/\/www.kilim-age.com\/es\/producto\/kilims-antiguas\/#breadcrumb\",\"itemListElement\":[{\"@type\":\"ListItem\",\"position\":1,\"name\":\"Home\",\"item\":\"https:\/\/kilim-age.com\/en\/\"},{\"@type\":\"ListItem\",\"position\":2,\"name\":\"Shop\",\"item\":\"https:\/\/kilim-age.com\/es\/shop\/\"},{\"@type\":\"ListItem\",\"position\":3,\"name\":\"Kilim turco 180 x 260 cm\"}]},{\"@type\":\"WebSite\",\"@id\":\"https:\/\/kilim-age.com\/en\/#website\",\"url\":\"https:\/\/kilim-age.com\/en\/\",\"name\":\"Kilim-Age\",\"description\":\"Somos especialistas en productos artesanales de Turqu\u00eda como Alfombras, y Kilims\",\"potentialAction\":[{\"@type\":\"SearchAction\",\"target\":{\"@type\":\"EntryPoint\",\"urlTemplate\":\"https:\/\/kilim-age.com\/en\/?s={search_term_string}\"},\"query-input\":{\"@type\":\"PropertyValueSpecification\",\"valueRequired\":true,\"valueName\":\"search_term_string\"}}],\"inLanguage\":\"en-US\"}]}<\/script>\n<!-- \/ Yoast SEO plugin. -->","yoast_head_json":{"title":"KILIMS ANTIGUAS | Kilim-Age | Kilims de Turqu\u00eda","description":"Comprar Kilims Antiguas. En Kilim-Age tenemos aut\u00e9nticos antiguos o semi antiguos kilims de Turqu\u00eda","robots":{"index":"index","follow":"follow","max-snippet":"max-snippet:-1","max-image-preview":"max-image-preview:large","max-video-preview":"max-video-preview:-1"},"canonical":"https:\/\/www.kilim-age.com\/es\/producto\/kilims-antiguas\/","og_locale":"en_US","og_type":"article","og_title":"KILIMS ANTIGUAS | Kilim-Age | Kilims de Turqu\u00eda","og_description":"Comprar Kilims Antiguas. En Kilim-Age tenemos aut\u00e9nticos antiguos o semi antiguos kilims de Turqu\u00eda","og_url":"https:\/\/www.kilim-age.com\/es\/producto\/kilims-antiguas\/","og_site_name":"Kilim-Age","article_modified_time":"2025-10-13T15:50:53+00:00","og_image":[{"width":1000,"height":1300,"url":"https:\/\/www.kilim-age.com\/wp-content\/uploads\/2023\/03\/IMG_0173.jpg","type":"image\/jpeg"}],"twitter_card":"summary_large_image","twitter_misc":{"Est. reading time":"2 minutes"},"schema":{"@context":"https:\/\/schema.org","@graph":[{"@type":"WebPage","@id":"https:\/\/www.kilim-age.com\/es\/producto\/kilims-antiguas\/","url":"https:\/\/www.kilim-age.com\/es\/producto\/kilims-antiguas\/","name":"KILIMS ANTIGUAS | Kilim-Age | Kilims de Turqu\u00eda","isPartOf":{"@id":"https:\/\/kilim-age.com\/en\/#website"},"primaryImageOfPage":{"@id":"https:\/\/www.kilim-age.com\/es\/producto\/kilims-antiguas\/#primaryimage"},"image":{"@id":"https:\/\/www.kilim-age.com\/es\/producto\/kilims-antiguas\/#primaryimage"},"thumbnailUrl":"https:\/\/kilim-age.com\/wp-content\/uploads\/2023\/03\/IMG_0173.jpg","datePublished":"2023-03-03T18:20:15+00:00","dateModified":"2025-10-13T15:50:53+00:00","description":"Comprar Kilims Antiguas. En Kilim-Age tenemos aut\u00e9nticos antiguos o semi antiguos kilims de Turqu\u00eda","breadcrumb":{"@id":"https:\/\/www.kilim-age.com\/es\/producto\/kilims-antiguas\/#breadcrumb"},"inLanguage":"en-US","potentialAction":[{"@type":"ReadAction","target":["https:\/\/www.kilim-age.com\/es\/producto\/kilims-antiguas\/"]}]},{"@type":"ImageObject","inLanguage":"en-US","@id":"https:\/\/www.kilim-age.com\/es\/producto\/kilims-antiguas\/#primaryimage","url":"https:\/\/kilim-age.com\/wp-content\/uploads\/2023\/03\/IMG_0173.jpg","contentUrl":"https:\/\/kilim-age.com\/wp-content\/uploads\/2023\/03\/IMG_0173.jpg","width":1000,"height":1300},{"@type":"BreadcrumbList","@id":"https:\/\/www.kilim-age.com\/es\/producto\/kilims-antiguas\/#breadcrumb","itemListElement":[{"@type":"ListItem","position":1,"name":"Home","item":"https:\/\/kilim-age.com\/en\/"},{"@type":"ListItem","position":2,"name":"Shop","item":"https:\/\/kilim-age.com\/es\/shop\/"},{"@type":"ListItem","position":3,"name":"Kilim turco 180 x 260 cm"}]},{"@type":"WebSite","@id":"https:\/\/kilim-age.com\/en\/#website","url":"https:\/\/kilim-age.com\/en\/","name":"Kilim-Age","description":"Somos especialistas en productos artesanales de Turqu\u00eda como Alfombras, y Kilims","potentialAction":[{"@type":"SearchAction","target":{"@type":"EntryPoint","urlTemplate":"https:\/\/kilim-age.com\/en\/?s={search_term_string}"},"query-input":{"@type":"PropertyValueSpecification","valueRequired":true,"valueName":"search_term_string"}}],"inLanguage":"en-US"}]}},"_links":{"self":[{"href":"https:\/\/kilim-age.com\/en\/wp-json\/wp\/v2\/product\/30964","targetHints":{"allow":["GET"]}}],"collection":[{"href":"https:\/\/kilim-age.com\/en\/wp-json\/wp\/v2\/product"}],"about":[{"href":"https:\/\/kilim-age.com\/en\/wp-json\/wp\/v2\/types\/product"}],"replies":[{"embeddable":true,"href":"https:\/\/kilim-age.com\/en\/wp-json\/wp\/v2\/comments?post=30964"}],"wp:featuredmedia":[{"embeddable":true,"href":"https:\/\/kilim-age.com\/en\/wp-json\/wp\/v2\/media\/30965"}],"wp:attachment":[{"href":"https:\/\/kilim-age.com\/en\/wp-json\/wp\/v2\/media?parent=30964"}],"wp:term":[{"taxonomy":"product_brand","embeddable":true,"href":"https:\/\/kilim-age.com\/en\/wp-json\/wp\/v2\/product_brand?post=30964"},{"taxonomy":"product_cat","embeddable":true,"href":"https:\/\/kilim-age.com\/en\/wp-json\/wp\/v2\/product_cat?post=30964"},{"taxonomy":"product_tag","embeddable":true,"href":"https:\/\/kilim-age.com\/en\/wp-json\/wp\/v2\/product_tag?post=30964"}],"curies":[{"name":"wp","href":"https:\/\/api.w.org\/{rel}","templated":true}]}}