{"id":30794,"date":"2023-03-03T14:42:56","date_gmt":"2023-03-03T13:42:56","guid":{"rendered":"http:\/\/kilim-age.com\/?post_type=product&#038;p=30794"},"modified":"2025-06-14T17:18:11","modified_gmt":"2025-06-14T15:18:11","slug":"kilim-cicim","status":"publish","type":"product","link":"https:\/\/kilim-age.com\/en\/producto\/kilim-cicim\/","title":{"rendered":"Cicim kilim 154&#215;197 cm"},"content":{"rendered":"Kilim cicim is a type of flat weave technique, somewhat resembling but stronger and thicker than kilim, with a smooth front face and a ragged back, where kilim is smooth both sides. Cicim lacks the slits characteristic of kilim, as it is usually woven with supplementary weft threads as continuous supports.<br \/>\nThe technique involves wrapping coloured weft threads over and under the warp threads, adding strength and embroidery like pattern.<\/p>\n<p>About the motifs<\/p>\n<p>Each motif comes from a symbol with numerous forms. Abstract and geometric figures for the Sunnite Muslims or stylised animals for the Chiite Muslims: these symbols of nomad origin are the expression of beliefs and superstitions. The motifs change according to the tribes and the villages. This allows the geographic origin or the ethnic group at the origin of each kilim to be determined. Each composition is the work of a particular weaver whose style and inspiration comes from his family and from village traditions","protected":false},"excerpt":{"rendered":"<p>Manufacturing: Knotted by hand<br \/>\nSize: 154 X 197 cm<br \/>\nAge: 20-25 a\u00f1os<br \/>\nOrigin: Turkey,center of Anatolia<br \/>\nMaterail: Wool and mixid with goat wool<br \/>\nThickness approx: 2-3 mm<br \/>\nNatural dyeing, handspun wool.<br \/>\nThe colors in the carpet will be perceived differently depending on the angle you view it from<br \/>\nDelivery time: Spain approximately 2-5 days, Europe 5-7 days, other continents 7-10 days.<\/p>\n","protected":false},"featured_media":30798,"comment_status":"open","ping_status":"closed","template":"","meta":[],"product_brand":[],"product_cat":[61,829],"product_tag":[81],"class_list":{"0":"post-30794","1":"product","2":"type-product","3":"status-publish","4":"has-post-thumbnail","6":"product_cat-kilims","7":"product_cat-toda-la-coleccion-kilim","8":"product_tag-kilim-cicim","9":"product_shipping_class-kilim-mediano","10":"pa_ancho-cm-872","11":"pa_ancho-cm-873","12":"pa_color-marron","13":"pa_color-multicolor","14":"pa_color-naranja","15":"pa_largo-cm-1021","16":"pa_largo-cm-1016","17":"pa_largo-cm-1013","18":"pa_medida-medianos","19":"pa_medida-pequenos","21":"first","22":"instock","23":"sale","24":"sold-individually","25":"taxable","26":"shipping-taxable","27":"purchasable","28":"product-type-simple"},"yoast_head":"<!-- This site is optimized with the Yoast SEO plugin v24.8.1 - https:\/\/yoast.com\/wordpress\/plugins\/seo\/ -->\n<title>KILIM CICIM | Kilim-Age | Kilims de Turqu\u00eda<\/title>\n<meta name=\"description\" content=\"Kilim Cicim. En nuestra amplia gama de Kilims disponemos los aut\u00e9nticos Kilims Cicim de Turqu\u00eda.\" \/>\n<meta name=\"robots\" content=\"index, follow, max-snippet:-1, max-image-preview:large, max-video-preview:-1\" \/>\n<link rel=\"canonical\" href=\"https:\/\/kilim-age.com\/en\/producto\/kilim-cicim\/\" \/>\n<meta property=\"og:locale\" content=\"en_US\" \/>\n<meta property=\"og:type\" content=\"article\" \/>\n<meta property=\"og:title\" content=\"KILIM CICIM | Kilim-Age | Kilims de Turqu\u00eda\" \/>\n<meta property=\"og:description\" content=\"Kilim Cicim. En nuestra amplia gama de Kilims disponemos los aut\u00e9nticos Kilims Cicim de Turqu\u00eda.\" \/>\n<meta property=\"og:url\" content=\"https:\/\/kilim-age.com\/en\/producto\/kilim-cicim\/\" \/>\n<meta property=\"og:site_name\" content=\"Kilim-Age\" \/>\n<meta property=\"article:modified_time\" content=\"2025-06-14T15:18:11+00:00\" \/>\n<meta property=\"og:image\" content=\"https:\/\/kilim-age.com\/wp-content\/uploads\/2023\/03\/IMG_0093.jpg\" \/>\n\t<meta property=\"og:image:width\" content=\"1000\" \/>\n\t<meta property=\"og:image:height\" content=\"1300\" \/>\n\t<meta property=\"og:image:type\" content=\"image\/jpeg\" \/>\n<meta name=\"twitter:card\" content=\"summary_large_image\" \/>\n<meta name=\"twitter:label1\" content=\"Est. reading time\" \/>\n\t<meta name=\"twitter:data1\" content=\"1 minute\" \/>\n<script type=\"application\/ld+json\" class=\"yoast-schema-graph\">{\"@context\":\"https:\/\/schema.org\",\"@graph\":[{\"@type\":\"WebPage\",\"@id\":\"https:\/\/kilim-age.com\/en\/producto\/kilim-cicim\/\",\"url\":\"https:\/\/kilim-age.com\/en\/producto\/kilim-cicim\/\",\"name\":\"KILIM CICIM | Kilim-Age | Kilims de Turqu\u00eda\",\"isPartOf\":{\"@id\":\"https:\/\/kilim-age.com\/en\/#website\"},\"primaryImageOfPage\":{\"@id\":\"https:\/\/kilim-age.com\/en\/producto\/kilim-cicim\/#primaryimage\"},\"image\":{\"@id\":\"https:\/\/kilim-age.com\/en\/producto\/kilim-cicim\/#primaryimage\"},\"thumbnailUrl\":\"https:\/\/kilim-age.com\/wp-content\/uploads\/2023\/03\/IMG_0093.jpg\",\"datePublished\":\"2023-03-03T13:42:56+00:00\",\"dateModified\":\"2025-06-14T15:18:11+00:00\",\"description\":\"Kilim Cicim. En nuestra amplia gama de Kilims disponemos los aut\u00e9nticos Kilims Cicim de Turqu\u00eda.\",\"breadcrumb\":{\"@id\":\"https:\/\/kilim-age.com\/en\/producto\/kilim-cicim\/#breadcrumb\"},\"inLanguage\":\"en-US\",\"potentialAction\":[{\"@type\":\"ReadAction\",\"target\":[\"https:\/\/kilim-age.com\/en\/producto\/kilim-cicim\/\"]}]},{\"@type\":\"ImageObject\",\"inLanguage\":\"en-US\",\"@id\":\"https:\/\/kilim-age.com\/en\/producto\/kilim-cicim\/#primaryimage\",\"url\":\"https:\/\/kilim-age.com\/wp-content\/uploads\/2023\/03\/IMG_0093.jpg\",\"contentUrl\":\"https:\/\/kilim-age.com\/wp-content\/uploads\/2023\/03\/IMG_0093.jpg\",\"width\":1000,\"height\":1300,\"caption\":\"Kilim Cicim\"},{\"@type\":\"BreadcrumbList\",\"@id\":\"https:\/\/kilim-age.com\/en\/producto\/kilim-cicim\/#breadcrumb\",\"itemListElement\":[{\"@type\":\"ListItem\",\"position\":1,\"name\":\"Home\",\"item\":\"https:\/\/kilim-age.com\/en\/\"},{\"@type\":\"ListItem\",\"position\":2,\"name\":\"Shop\",\"item\":\"https:\/\/kilim-age.com\/es\/shop\/\"},{\"@type\":\"ListItem\",\"position\":3,\"name\":\"Cicim kilim 154&#215;197 cm\"}]},{\"@type\":\"WebSite\",\"@id\":\"https:\/\/kilim-age.com\/en\/#website\",\"url\":\"https:\/\/kilim-age.com\/en\/\",\"name\":\"Kilim-Age\",\"description\":\"Somos especialistas en productos artesanales de Turqu\u00eda como Alfombras, y Kilims\",\"potentialAction\":[{\"@type\":\"SearchAction\",\"target\":{\"@type\":\"EntryPoint\",\"urlTemplate\":\"https:\/\/kilim-age.com\/en\/?s={search_term_string}\"},\"query-input\":{\"@type\":\"PropertyValueSpecification\",\"valueRequired\":true,\"valueName\":\"search_term_string\"}}],\"inLanguage\":\"en-US\"}]}<\/script>\n<!-- \/ Yoast SEO plugin. -->","yoast_head_json":{"title":"KILIM CICIM | Kilim-Age | Kilims de Turqu\u00eda","description":"Kilim Cicim. En nuestra amplia gama de Kilims disponemos los aut\u00e9nticos Kilims Cicim de Turqu\u00eda.","robots":{"index":"index","follow":"follow","max-snippet":"max-snippet:-1","max-image-preview":"max-image-preview:large","max-video-preview":"max-video-preview:-1"},"canonical":"https:\/\/kilim-age.com\/en\/producto\/kilim-cicim\/","og_locale":"en_US","og_type":"article","og_title":"KILIM CICIM | Kilim-Age | Kilims de Turqu\u00eda","og_description":"Kilim Cicim. En nuestra amplia gama de Kilims disponemos los aut\u00e9nticos Kilims Cicim de Turqu\u00eda.","og_url":"https:\/\/kilim-age.com\/en\/producto\/kilim-cicim\/","og_site_name":"Kilim-Age","article_modified_time":"2025-06-14T15:18:11+00:00","og_image":[{"width":1000,"height":1300,"url":"https:\/\/kilim-age.com\/wp-content\/uploads\/2023\/03\/IMG_0093.jpg","type":"image\/jpeg"}],"twitter_card":"summary_large_image","twitter_misc":{"Est. reading time":"1 minute"},"schema":{"@context":"https:\/\/schema.org","@graph":[{"@type":"WebPage","@id":"https:\/\/kilim-age.com\/en\/producto\/kilim-cicim\/","url":"https:\/\/kilim-age.com\/en\/producto\/kilim-cicim\/","name":"KILIM CICIM | Kilim-Age | Kilims de Turqu\u00eda","isPartOf":{"@id":"https:\/\/kilim-age.com\/en\/#website"},"primaryImageOfPage":{"@id":"https:\/\/kilim-age.com\/en\/producto\/kilim-cicim\/#primaryimage"},"image":{"@id":"https:\/\/kilim-age.com\/en\/producto\/kilim-cicim\/#primaryimage"},"thumbnailUrl":"https:\/\/kilim-age.com\/wp-content\/uploads\/2023\/03\/IMG_0093.jpg","datePublished":"2023-03-03T13:42:56+00:00","dateModified":"2025-06-14T15:18:11+00:00","description":"Kilim Cicim. En nuestra amplia gama de Kilims disponemos los aut\u00e9nticos Kilims Cicim de Turqu\u00eda.","breadcrumb":{"@id":"https:\/\/kilim-age.com\/en\/producto\/kilim-cicim\/#breadcrumb"},"inLanguage":"en-US","potentialAction":[{"@type":"ReadAction","target":["https:\/\/kilim-age.com\/en\/producto\/kilim-cicim\/"]}]},{"@type":"ImageObject","inLanguage":"en-US","@id":"https:\/\/kilim-age.com\/en\/producto\/kilim-cicim\/#primaryimage","url":"https:\/\/kilim-age.com\/wp-content\/uploads\/2023\/03\/IMG_0093.jpg","contentUrl":"https:\/\/kilim-age.com\/wp-content\/uploads\/2023\/03\/IMG_0093.jpg","width":1000,"height":1300,"caption":"Kilim Cicim"},{"@type":"BreadcrumbList","@id":"https:\/\/kilim-age.com\/en\/producto\/kilim-cicim\/#breadcrumb","itemListElement":[{"@type":"ListItem","position":1,"name":"Home","item":"https:\/\/kilim-age.com\/en\/"},{"@type":"ListItem","position":2,"name":"Shop","item":"https:\/\/kilim-age.com\/es\/shop\/"},{"@type":"ListItem","position":3,"name":"Cicim kilim 154&#215;197 cm"}]},{"@type":"WebSite","@id":"https:\/\/kilim-age.com\/en\/#website","url":"https:\/\/kilim-age.com\/en\/","name":"Kilim-Age","description":"Somos especialistas en productos artesanales de Turqu\u00eda como Alfombras, y Kilims","potentialAction":[{"@type":"SearchAction","target":{"@type":"EntryPoint","urlTemplate":"https:\/\/kilim-age.com\/en\/?s={search_term_string}"},"query-input":{"@type":"PropertyValueSpecification","valueRequired":true,"valueName":"search_term_string"}}],"inLanguage":"en-US"}]}},"_links":{"self":[{"href":"https:\/\/kilim-age.com\/en\/wp-json\/wp\/v2\/product\/30794","targetHints":{"allow":["GET"]}}],"collection":[{"href":"https:\/\/kilim-age.com\/en\/wp-json\/wp\/v2\/product"}],"about":[{"href":"https:\/\/kilim-age.com\/en\/wp-json\/wp\/v2\/types\/product"}],"replies":[{"embeddable":true,"href":"https:\/\/kilim-age.com\/en\/wp-json\/wp\/v2\/comments?post=30794"}],"wp:featuredmedia":[{"embeddable":true,"href":"https:\/\/kilim-age.com\/en\/wp-json\/wp\/v2\/media\/30798"}],"wp:attachment":[{"href":"https:\/\/kilim-age.com\/en\/wp-json\/wp\/v2\/media?parent=30794"}],"wp:term":[{"taxonomy":"product_brand","embeddable":true,"href":"https:\/\/kilim-age.com\/en\/wp-json\/wp\/v2\/product_brand?post=30794"},{"taxonomy":"product_cat","embeddable":true,"href":"https:\/\/kilim-age.com\/en\/wp-json\/wp\/v2\/product_cat?post=30794"},{"taxonomy":"product_tag","embeddable":true,"href":"https:\/\/kilim-age.com\/en\/wp-json\/wp\/v2\/product_tag?post=30794"}],"curies":[{"name":"wp","href":"https:\/\/api.w.org\/{rel}","templated":true}]}}