{"id":2655,"date":"2017-05-28T23:09:58","date_gmt":"2017-05-28T23:09:58","guid":{"rendered":"http:\/\/kilim-age.com\/?post_type=product&#038;p=2655"},"modified":"2021-07-17T17:35:45","modified_gmt":"2021-07-17T15:35:45","slug":"gocmen-kilim-272-x-208-cm","status":"publish","type":"product","link":"https:\/\/kilim-age.com\/en\/producto\/gocmen-kilim-272-x-208-cm\/","title":{"rendered":"GOCMEN KILIM 272 X 208 cm"},"content":{"rendered":"Kilim from the Balkan region.<\/p>\n<p>QUE ES KILIM?<br \/>\nEl kilim es un tejido simple con un urdimbre y tramo. B\u00e1sicamente se distingue por no tener \u201cpelos\u201d como la alfombra.<br \/>\nNacieron hace unos 3.500 a\u00f1os en Asia Central, desde donde se fueron extendiendo hacia Europa Oriental, \u00c1frica del Norte y m\u00e1s tarde Europa Occidental. Son consideradas, por tanto, las alfombras m\u00e1s antiguas del mundo. El origen n\u00f3mada de quienes lo usaban en la antig\u00fcedad, hicieron que tuviesen una caracter\u00edstica especial en la trama de urdimbre, plana y sin nudos, para evitar el paso de la arena del desierto, ya que acompa\u00f1aban a sus due\u00f1os como maletas o como divisorios en las tiendas que armaban en los viajes. Los dise\u00f1os estaban llenos de simbolismo, de deseos, de mensajes o de pedidos por ejemplo los motivos con forma de S anunciaban un feliz acontecimiento. En general se confeccionaban sin un patr\u00f3n previo que los daba espontaneidad y exclusividad a cada pieza, los actuales no respetan a estos tradiciones pero mantienen el esp\u00edritu \u00e1gil del tejido original.<br \/>\nUna de las principales ventajas del kilim es pesa muy poco, es liviana y nos transmite una imagen fresca y ligera.","protected":false},"excerpt":{"rendered":"<p>Manufacturing: Knotted by hand<br \/>\nSize: 272 X 208 cm.<br \/>\nAge:Semi old 40-50 years old<br \/>\nOrigin: Balcan region<br \/>\nPile: Wool<br \/>\nWarp: Cotton<br \/>\nThickness approx: 1-2 mm.<br \/>\nNatural dyeing.<br \/>\nThe colors in the carpet will be perceived differently depending on the angle you view it from.<br \/>\nDelivery time: Spain approximately 3-6 days, Europe 7-10 days, other continents 15-20 days.<\/p>\n","protected":false},"featured_media":2669,"comment_status":"open","ping_status":"closed","template":"","meta":[],"product_brand":[],"product_cat":[1054,61,829],"product_tag":[73,72],"class_list":{"0":"post-2655","1":"product","2":"type-product","3":"status-publish","4":"has-post-thumbnail","6":"product_cat-ofertas","7":"product_cat-kilims","8":"product_cat-toda-la-coleccion-kilim","9":"product_tag-anatolian-kilim","10":"product_tag-kilim","11":"product_shipping_class-kilim-pequeno","12":"pa_ancho-cm-918","13":"pa_ancho-cm-1008","14":"pa_color-multicolor","15":"pa_color-terracota","16":"pa_largo-cm-1048","17":"pa_medida-grandes","19":"first","20":"instock","21":"sale","22":"sold-individually","23":"taxable","24":"shipping-taxable","25":"purchasable","26":"product-type-simple"},"yoast_head":"<!-- This site is optimized with the Yoast SEO plugin v24.8.1 - https:\/\/yoast.com\/wordpress\/plugins\/seo\/ -->\n<title>GOCMEN KILIM 272 X 208 cm | Kilim-Age<\/title>\n<meta name=\"robots\" content=\"index, follow, max-snippet:-1, max-image-preview:large, max-video-preview:-1\" \/>\n<link rel=\"canonical\" href=\"https:\/\/www.kilim-age.com\/en\/producto\/gocmen-kilim-272-x-208-cm\/\" \/>\n<meta property=\"og:locale\" content=\"en_US\" \/>\n<meta property=\"og:type\" content=\"article\" \/>\n<meta property=\"og:title\" content=\"GOCMEN KILIM 272 X 208 cm | Kilim-Age\" \/>\n<meta property=\"og:description\" content=\"Manufacturing: Knotted by hand Size: 272 X 208 cm. Age:Semi old 40-50 years old Origin: Balcan region  Pile: Wool Warp: Cotton Thickness approx: 1-2 mm. Natural dyeing. The colors in the carpet will be perceived differently depending on the angle you view it from. Delivery time: Spain approximately 3-6 days, Europe 7-10 days, other continents 15-20 days.\" \/>\n<meta property=\"og:url\" content=\"https:\/\/www.kilim-age.com\/en\/producto\/gocmen-kilim-272-x-208-cm\/\" \/>\n<meta property=\"og:site_name\" content=\"Kilim-Age\" \/>\n<meta property=\"article:modified_time\" content=\"2021-07-17T15:35:45+00:00\" \/>\n<meta property=\"og:image\" content=\"https:\/\/www.kilim-age.com\/wp-content\/uploads\/2017\/05\/WEB-KA_4654-e1547838322444.jpg\" \/>\n\t<meta property=\"og:image:width\" content=\"999\" \/>\n\t<meta property=\"og:image:height\" content=\"1299\" \/>\n\t<meta property=\"og:image:type\" content=\"image\/jpeg\" \/>\n<meta name=\"twitter:card\" content=\"summary_large_image\" \/>\n<meta name=\"twitter:label1\" content=\"Est. reading time\" \/>\n\t<meta name=\"twitter:data1\" content=\"2 minutes\" \/>\n<script type=\"application\/ld+json\" class=\"yoast-schema-graph\">{\"@context\":\"https:\/\/schema.org\",\"@graph\":[{\"@type\":\"WebPage\",\"@id\":\"https:\/\/www.kilim-age.com\/en\/producto\/gocmen-kilim-272-x-208-cm\/\",\"url\":\"https:\/\/www.kilim-age.com\/en\/producto\/gocmen-kilim-272-x-208-cm\/\",\"name\":\"GOCMEN KILIM 272 X 208 cm | Kilim-Age\",\"isPartOf\":{\"@id\":\"https:\/\/kilim-age.com\/en\/#website\"},\"primaryImageOfPage\":{\"@id\":\"https:\/\/www.kilim-age.com\/en\/producto\/gocmen-kilim-272-x-208-cm\/#primaryimage\"},\"image\":{\"@id\":\"https:\/\/www.kilim-age.com\/en\/producto\/gocmen-kilim-272-x-208-cm\/#primaryimage\"},\"thumbnailUrl\":\"https:\/\/kilim-age.com\/wp-content\/uploads\/2017\/05\/WEB-KA_4654-e1547838322444.jpg\",\"datePublished\":\"2017-05-28T23:09:58+00:00\",\"dateModified\":\"2021-07-17T15:35:45+00:00\",\"breadcrumb\":{\"@id\":\"https:\/\/www.kilim-age.com\/en\/producto\/gocmen-kilim-272-x-208-cm\/#breadcrumb\"},\"inLanguage\":\"en-US\",\"potentialAction\":[{\"@type\":\"ReadAction\",\"target\":[\"https:\/\/www.kilim-age.com\/en\/producto\/gocmen-kilim-272-x-208-cm\/\"]}]},{\"@type\":\"ImageObject\",\"inLanguage\":\"en-US\",\"@id\":\"https:\/\/www.kilim-age.com\/en\/producto\/gocmen-kilim-272-x-208-cm\/#primaryimage\",\"url\":\"https:\/\/kilim-age.com\/wp-content\/uploads\/2017\/05\/WEB-KA_4654-e1547838322444.jpg\",\"contentUrl\":\"https:\/\/kilim-age.com\/wp-content\/uploads\/2017\/05\/WEB-KA_4654-e1547838322444.jpg\",\"width\":999,\"height\":1299,\"caption\":\"Kilim\"},{\"@type\":\"BreadcrumbList\",\"@id\":\"https:\/\/www.kilim-age.com\/en\/producto\/gocmen-kilim-272-x-208-cm\/#breadcrumb\",\"itemListElement\":[{\"@type\":\"ListItem\",\"position\":1,\"name\":\"Home\",\"item\":\"https:\/\/kilim-age.com\/en\/\"},{\"@type\":\"ListItem\",\"position\":2,\"name\":\"Shop\",\"item\":\"https:\/\/kilim-age.com\/es\/shop\/\"},{\"@type\":\"ListItem\",\"position\":3,\"name\":\"GOCMEN KILIM 272 X 208 cm\"}]},{\"@type\":\"WebSite\",\"@id\":\"https:\/\/kilim-age.com\/en\/#website\",\"url\":\"https:\/\/kilim-age.com\/en\/\",\"name\":\"Kilim-Age\",\"description\":\"Somos especialistas en productos artesanales de Turqu\u00eda como Alfombras, y Kilims\",\"potentialAction\":[{\"@type\":\"SearchAction\",\"target\":{\"@type\":\"EntryPoint\",\"urlTemplate\":\"https:\/\/kilim-age.com\/en\/?s={search_term_string}\"},\"query-input\":{\"@type\":\"PropertyValueSpecification\",\"valueRequired\":true,\"valueName\":\"search_term_string\"}}],\"inLanguage\":\"en-US\"}]}<\/script>\n<!-- \/ Yoast SEO plugin. -->","yoast_head_json":{"title":"GOCMEN KILIM 272 X 208 cm | Kilim-Age","robots":{"index":"index","follow":"follow","max-snippet":"max-snippet:-1","max-image-preview":"max-image-preview:large","max-video-preview":"max-video-preview:-1"},"canonical":"https:\/\/www.kilim-age.com\/en\/producto\/gocmen-kilim-272-x-208-cm\/","og_locale":"en_US","og_type":"article","og_title":"GOCMEN KILIM 272 X 208 cm | Kilim-Age","og_description":"Manufacturing: Knotted by hand Size: 272 X 208 cm. Age:Semi old 40-50 years old Origin: Balcan region  Pile: Wool Warp: Cotton Thickness approx: 1-2 mm. Natural dyeing. The colors in the carpet will be perceived differently depending on the angle you view it from. Delivery time: Spain approximately 3-6 days, Europe 7-10 days, other continents 15-20 days.","og_url":"https:\/\/www.kilim-age.com\/en\/producto\/gocmen-kilim-272-x-208-cm\/","og_site_name":"Kilim-Age","article_modified_time":"2021-07-17T15:35:45+00:00","og_image":[{"width":999,"height":1299,"url":"https:\/\/www.kilim-age.com\/wp-content\/uploads\/2017\/05\/WEB-KA_4654-e1547838322444.jpg","type":"image\/jpeg"}],"twitter_card":"summary_large_image","twitter_misc":{"Est. reading time":"2 minutes"},"schema":{"@context":"https:\/\/schema.org","@graph":[{"@type":"WebPage","@id":"https:\/\/www.kilim-age.com\/en\/producto\/gocmen-kilim-272-x-208-cm\/","url":"https:\/\/www.kilim-age.com\/en\/producto\/gocmen-kilim-272-x-208-cm\/","name":"GOCMEN KILIM 272 X 208 cm | Kilim-Age","isPartOf":{"@id":"https:\/\/kilim-age.com\/en\/#website"},"primaryImageOfPage":{"@id":"https:\/\/www.kilim-age.com\/en\/producto\/gocmen-kilim-272-x-208-cm\/#primaryimage"},"image":{"@id":"https:\/\/www.kilim-age.com\/en\/producto\/gocmen-kilim-272-x-208-cm\/#primaryimage"},"thumbnailUrl":"https:\/\/kilim-age.com\/wp-content\/uploads\/2017\/05\/WEB-KA_4654-e1547838322444.jpg","datePublished":"2017-05-28T23:09:58+00:00","dateModified":"2021-07-17T15:35:45+00:00","breadcrumb":{"@id":"https:\/\/www.kilim-age.com\/en\/producto\/gocmen-kilim-272-x-208-cm\/#breadcrumb"},"inLanguage":"en-US","potentialAction":[{"@type":"ReadAction","target":["https:\/\/www.kilim-age.com\/en\/producto\/gocmen-kilim-272-x-208-cm\/"]}]},{"@type":"ImageObject","inLanguage":"en-US","@id":"https:\/\/www.kilim-age.com\/en\/producto\/gocmen-kilim-272-x-208-cm\/#primaryimage","url":"https:\/\/kilim-age.com\/wp-content\/uploads\/2017\/05\/WEB-KA_4654-e1547838322444.jpg","contentUrl":"https:\/\/kilim-age.com\/wp-content\/uploads\/2017\/05\/WEB-KA_4654-e1547838322444.jpg","width":999,"height":1299,"caption":"Kilim"},{"@type":"BreadcrumbList","@id":"https:\/\/www.kilim-age.com\/en\/producto\/gocmen-kilim-272-x-208-cm\/#breadcrumb","itemListElement":[{"@type":"ListItem","position":1,"name":"Home","item":"https:\/\/kilim-age.com\/en\/"},{"@type":"ListItem","position":2,"name":"Shop","item":"https:\/\/kilim-age.com\/es\/shop\/"},{"@type":"ListItem","position":3,"name":"GOCMEN KILIM 272 X 208 cm"}]},{"@type":"WebSite","@id":"https:\/\/kilim-age.com\/en\/#website","url":"https:\/\/kilim-age.com\/en\/","name":"Kilim-Age","description":"Somos especialistas en productos artesanales de Turqu\u00eda como Alfombras, y Kilims","potentialAction":[{"@type":"SearchAction","target":{"@type":"EntryPoint","urlTemplate":"https:\/\/kilim-age.com\/en\/?s={search_term_string}"},"query-input":{"@type":"PropertyValueSpecification","valueRequired":true,"valueName":"search_term_string"}}],"inLanguage":"en-US"}]}},"_links":{"self":[{"href":"https:\/\/kilim-age.com\/en\/wp-json\/wp\/v2\/product\/2655","targetHints":{"allow":["GET"]}}],"collection":[{"href":"https:\/\/kilim-age.com\/en\/wp-json\/wp\/v2\/product"}],"about":[{"href":"https:\/\/kilim-age.com\/en\/wp-json\/wp\/v2\/types\/product"}],"replies":[{"embeddable":true,"href":"https:\/\/kilim-age.com\/en\/wp-json\/wp\/v2\/comments?post=2655"}],"wp:featuredmedia":[{"embeddable":true,"href":"https:\/\/kilim-age.com\/en\/wp-json\/wp\/v2\/media\/2669"}],"wp:attachment":[{"href":"https:\/\/kilim-age.com\/en\/wp-json\/wp\/v2\/media?parent=2655"}],"wp:term":[{"taxonomy":"product_brand","embeddable":true,"href":"https:\/\/kilim-age.com\/en\/wp-json\/wp\/v2\/product_brand?post=2655"},{"taxonomy":"product_cat","embeddable":true,"href":"https:\/\/kilim-age.com\/en\/wp-json\/wp\/v2\/product_cat?post=2655"},{"taxonomy":"product_tag","embeddable":true,"href":"https:\/\/kilim-age.com\/en\/wp-json\/wp\/v2\/product_tag?post=2655"}],"curies":[{"name":"wp","href":"https:\/\/api.w.org\/{rel}","templated":true}]}}