{"id":20154,"date":"2021-08-20T12:11:04","date_gmt":"2021-08-20T10:11:04","guid":{"rendered":"http:\/\/kilim-age.com\/?post_type=product&#038;p=20154"},"modified":"2025-10-01T19:42:45","modified_gmt":"2025-10-01T17:42:45","slug":"alfombra-de-salon-moderna-300-x-200-cm","status":"publish","type":"product","link":"https:\/\/kilim-age.com\/en\/producto\/alfombra-de-salon-moderna-300-x-200-cm\/","title":{"rendered":"MODERN TURKISH CARPET 200 X 300 cm"},"content":{"rendered":"<span lang=\"EN-US\">MODERN TURKISH CARPETS<\/span><\/p>\n<p><span lang=\"EN-US\">Modern style rugs knotted by machine. The fabric is somewhat thicker compared to a classic carpet but when you touch it feels a very soft and pleasant touch.<\/span>","protected":false},"excerpt":{"rendered":"<p><span lang=\"EN-US\">Manufacturing: Machine made carpet<\/span><\/p>\n<p><span lang=\"EN-US\">Size: 300 x 200 cm<\/span><\/p>\n<p><span lang=\"EN-US\">Knot density: Aprox 120000 knots per m\u00b2<\/span><\/p>\n<p><span lang=\"EN-US\">Age: New<\/span><\/p>\n<p><span lang=\"EN-US\">Origin: Turkey<\/span><\/p>\n<p><span lang=\"EN-US\">Pile: Cotton and Viscose<\/span><\/p>\n<p><span lang=\"EN-US\">Thickness approx: 6,7 mm<\/span><\/p>\n<p><span lang=\"EN-US\">All our rugs are made with high quality natural materials.<\/span><\/p>\n<p><span lang=\"EN-US\">Colors: Natural dyeing<\/span><\/p>\n<p><span lang=\"EN-US\">The colors in the carpet will be perceived differently depending on the angle you view it from<br \/>\n<\/span><\/p>\n<p><span lang=\"EN-US\"><strong>Delivery time<\/strong>: Currently out of stock, delivery on request. <\/span><\/p>\n<p><span lang=\"EN-US\">Delivery time Spain approximately 20-30 days, Europe 20-30 days, other continents 30-35 days.<\/span><\/p>\n<p><span lang=\"EN-US\">\u00a0<\/span><\/p>\n","protected":false},"featured_media":24382,"comment_status":"open","ping_status":"closed","template":"","meta":[],"product_brand":[],"product_cat":[62,230],"product_tag":[1070,1069,92,813],"class_list":{"0":"post-20154","1":"product","2":"type-product","3":"status-publish","4":"has-post-thumbnail","6":"product_cat-alfombras-turcas","7":"product_cat-alfombras-clasicas","8":"product_tag-alfombra-de-salon","9":"product_tag-alfombra-gris","10":"product_tag-alfombra-moderna","11":"product_tag-alfombra-turca","12":"product_shipping_class-alfombra-grande","13":"pa_ancho-cm-875","14":"pa_color-gris","15":"pa_largo-cm-888","16":"pa_seleccionar-medidas-200x300-cm","18":"first","19":"instock","20":"sale","21":"sold-individually","22":"taxable","23":"shipping-taxable","24":"purchasable","25":"product-type-simple"},"yoast_head":"<!-- This site is optimized with the Yoast SEO plugin v24.8.1 - https:\/\/yoast.com\/wordpress\/plugins\/seo\/ -->\n<title>ALFOMBRA DE SALON EN GRIS CON MOTIVOS GEOM\u00c9TRICOS Comprar Alfombras Modernas Econ\u00f3micas | Kilim-Age | Compra online<\/title>\n<meta name=\"description\" content=\"Alfombra Moderna de sal\u00f3n en tonos grises 3x2 metros , de pelo corto y tacto agradable. Env\u00edo y devoluciones gratis!\" \/>\n<meta name=\"robots\" content=\"index, follow, max-snippet:-1, max-image-preview:large, max-video-preview:-1\" \/>\n<link rel=\"canonical\" href=\"https:\/\/www.kilim-age.com\/es\/producto\/alfombra-de-salon-moderna-300-x-200-cm\/\" \/>\n<meta property=\"og:locale\" content=\"en_US\" \/>\n<meta property=\"og:type\" content=\"article\" \/>\n<meta property=\"og:title\" content=\"ALFOMBRA DE SALON EN GRIS CON MOTIVOS GEOM\u00c9TRICOS Comprar Alfombras Modernas Econ\u00f3micas | Kilim-Age | Compra online\" \/>\n<meta property=\"og:description\" content=\"Alfombra Moderna de sal\u00f3n en tonos grises 3x2 metros , de pelo corto y tacto agradable. Env\u00edo y devoluciones gratis!\" \/>\n<meta property=\"og:url\" content=\"https:\/\/www.kilim-age.com\/es\/producto\/alfombra-de-salon-moderna-300-x-200-cm\/\" \/>\n<meta property=\"og:site_name\" content=\"Kilim-Age\" \/>\n<meta property=\"article:modified_time\" content=\"2025-10-01T17:42:45+00:00\" \/>\n<meta property=\"og:image\" content=\"https:\/\/www.kilim-age.com\/wp-content\/uploads\/2021\/08\/ALFOMBRA-DE-SALO\u0301N-MODERNA-300-X-200-cm-1.jpg\" \/>\n\t<meta property=\"og:image:width\" content=\"700\" \/>\n\t<meta property=\"og:image:height\" content=\"910\" \/>\n\t<meta property=\"og:image:type\" content=\"image\/jpeg\" \/>\n<meta name=\"twitter:card\" content=\"summary_large_image\" \/>\n<meta name=\"twitter:label1\" content=\"Est. reading time\" \/>\n\t<meta name=\"twitter:data1\" content=\"1 minute\" \/>\n<script type=\"application\/ld+json\" class=\"yoast-schema-graph\">{\"@context\":\"https:\/\/schema.org\",\"@graph\":[{\"@type\":\"WebPage\",\"@id\":\"https:\/\/www.kilim-age.com\/es\/producto\/alfombra-de-salon-moderna-300-x-200-cm\/\",\"url\":\"https:\/\/www.kilim-age.com\/es\/producto\/alfombra-de-salon-moderna-300-x-200-cm\/\",\"name\":\"ALFOMBRA DE SALON EN GRIS CON MOTIVOS GEOM\u00c9TRICOS Comprar Alfombras Modernas Econ\u00f3micas | Kilim-Age | Compra online\",\"isPartOf\":{\"@id\":\"https:\/\/kilim-age.com\/en\/#website\"},\"primaryImageOfPage\":{\"@id\":\"https:\/\/www.kilim-age.com\/es\/producto\/alfombra-de-salon-moderna-300-x-200-cm\/#primaryimage\"},\"image\":{\"@id\":\"https:\/\/www.kilim-age.com\/es\/producto\/alfombra-de-salon-moderna-300-x-200-cm\/#primaryimage\"},\"thumbnailUrl\":\"https:\/\/kilim-age.com\/wp-content\/uploads\/2021\/08\/ALFOMBRA-DE-SALO\u0301N-MODERNA-300-X-200-cm-1.jpg\",\"datePublished\":\"2021-08-20T10:11:04+00:00\",\"dateModified\":\"2025-10-01T17:42:45+00:00\",\"description\":\"Alfombra Moderna de sal\u00f3n en tonos grises 3x2 metros , de pelo corto y tacto agradable. Env\u00edo y devoluciones gratis!\",\"breadcrumb\":{\"@id\":\"https:\/\/www.kilim-age.com\/es\/producto\/alfombra-de-salon-moderna-300-x-200-cm\/#breadcrumb\"},\"inLanguage\":\"en-US\",\"potentialAction\":[{\"@type\":\"ReadAction\",\"target\":[\"https:\/\/www.kilim-age.com\/es\/producto\/alfombra-de-salon-moderna-300-x-200-cm\/\"]}]},{\"@type\":\"ImageObject\",\"inLanguage\":\"en-US\",\"@id\":\"https:\/\/www.kilim-age.com\/es\/producto\/alfombra-de-salon-moderna-300-x-200-cm\/#primaryimage\",\"url\":\"https:\/\/kilim-age.com\/wp-content\/uploads\/2021\/08\/ALFOMBRA-DE-SALO\u0301N-MODERNA-300-X-200-cm-1.jpg\",\"contentUrl\":\"https:\/\/kilim-age.com\/wp-content\/uploads\/2021\/08\/ALFOMBRA-DE-SALO\u0301N-MODERNA-300-X-200-cm-1.jpg\",\"width\":700,\"height\":910},{\"@type\":\"BreadcrumbList\",\"@id\":\"https:\/\/www.kilim-age.com\/es\/producto\/alfombra-de-salon-moderna-300-x-200-cm\/#breadcrumb\",\"itemListElement\":[{\"@type\":\"ListItem\",\"position\":1,\"name\":\"Home\",\"item\":\"https:\/\/kilim-age.com\/en\/\"},{\"@type\":\"ListItem\",\"position\":2,\"name\":\"Shop\",\"item\":\"https:\/\/kilim-age.com\/es\/shop\/\"},{\"@type\":\"ListItem\",\"position\":3,\"name\":\"ALFOMBRA DE SAL\u00d3N MODERNA 200 X 300 cm\"}]},{\"@type\":\"WebSite\",\"@id\":\"https:\/\/kilim-age.com\/en\/#website\",\"url\":\"https:\/\/kilim-age.com\/en\/\",\"name\":\"Kilim-Age\",\"description\":\"Somos especialistas en productos artesanales de Turqu\u00eda como Alfombras, y Kilims\",\"potentialAction\":[{\"@type\":\"SearchAction\",\"target\":{\"@type\":\"EntryPoint\",\"urlTemplate\":\"https:\/\/kilim-age.com\/en\/?s={search_term_string}\"},\"query-input\":{\"@type\":\"PropertyValueSpecification\",\"valueRequired\":true,\"valueName\":\"search_term_string\"}}],\"inLanguage\":\"en-US\"}]}<\/script>\n<!-- \/ Yoast SEO plugin. -->","yoast_head_json":{"title":"ALFOMBRA DE SALON EN GRIS CON MOTIVOS GEOM\u00c9TRICOS Comprar Alfombras Modernas Econ\u00f3micas | Kilim-Age | Compra online","description":"Alfombra Moderna de sal\u00f3n en tonos grises 3x2 metros , de pelo corto y tacto agradable. Env\u00edo y devoluciones gratis!","robots":{"index":"index","follow":"follow","max-snippet":"max-snippet:-1","max-image-preview":"max-image-preview:large","max-video-preview":"max-video-preview:-1"},"canonical":"https:\/\/www.kilim-age.com\/es\/producto\/alfombra-de-salon-moderna-300-x-200-cm\/","og_locale":"en_US","og_type":"article","og_title":"ALFOMBRA DE SALON EN GRIS CON MOTIVOS GEOM\u00c9TRICOS Comprar Alfombras Modernas Econ\u00f3micas | Kilim-Age | Compra online","og_description":"Alfombra Moderna de sal\u00f3n en tonos grises 3x2 metros , de pelo corto y tacto agradable. Env\u00edo y devoluciones gratis!","og_url":"https:\/\/www.kilim-age.com\/es\/producto\/alfombra-de-salon-moderna-300-x-200-cm\/","og_site_name":"Kilim-Age","article_modified_time":"2025-10-01T17:42:45+00:00","og_image":[{"width":700,"height":910,"url":"https:\/\/www.kilim-age.com\/wp-content\/uploads\/2021\/08\/ALFOMBRA-DE-SALO\u0301N-MODERNA-300-X-200-cm-1.jpg","type":"image\/jpeg"}],"twitter_card":"summary_large_image","twitter_misc":{"Est. reading time":"1 minute"},"schema":{"@context":"https:\/\/schema.org","@graph":[{"@type":"WebPage","@id":"https:\/\/www.kilim-age.com\/es\/producto\/alfombra-de-salon-moderna-300-x-200-cm\/","url":"https:\/\/www.kilim-age.com\/es\/producto\/alfombra-de-salon-moderna-300-x-200-cm\/","name":"ALFOMBRA DE SALON EN GRIS CON MOTIVOS GEOM\u00c9TRICOS Comprar Alfombras Modernas Econ\u00f3micas | Kilim-Age | Compra online","isPartOf":{"@id":"https:\/\/kilim-age.com\/en\/#website"},"primaryImageOfPage":{"@id":"https:\/\/www.kilim-age.com\/es\/producto\/alfombra-de-salon-moderna-300-x-200-cm\/#primaryimage"},"image":{"@id":"https:\/\/www.kilim-age.com\/es\/producto\/alfombra-de-salon-moderna-300-x-200-cm\/#primaryimage"},"thumbnailUrl":"https:\/\/kilim-age.com\/wp-content\/uploads\/2021\/08\/ALFOMBRA-DE-SALO\u0301N-MODERNA-300-X-200-cm-1.jpg","datePublished":"2021-08-20T10:11:04+00:00","dateModified":"2025-10-01T17:42:45+00:00","description":"Alfombra Moderna de sal\u00f3n en tonos grises 3x2 metros , de pelo corto y tacto agradable. Env\u00edo y devoluciones gratis!","breadcrumb":{"@id":"https:\/\/www.kilim-age.com\/es\/producto\/alfombra-de-salon-moderna-300-x-200-cm\/#breadcrumb"},"inLanguage":"en-US","potentialAction":[{"@type":"ReadAction","target":["https:\/\/www.kilim-age.com\/es\/producto\/alfombra-de-salon-moderna-300-x-200-cm\/"]}]},{"@type":"ImageObject","inLanguage":"en-US","@id":"https:\/\/www.kilim-age.com\/es\/producto\/alfombra-de-salon-moderna-300-x-200-cm\/#primaryimage","url":"https:\/\/kilim-age.com\/wp-content\/uploads\/2021\/08\/ALFOMBRA-DE-SALO\u0301N-MODERNA-300-X-200-cm-1.jpg","contentUrl":"https:\/\/kilim-age.com\/wp-content\/uploads\/2021\/08\/ALFOMBRA-DE-SALO\u0301N-MODERNA-300-X-200-cm-1.jpg","width":700,"height":910},{"@type":"BreadcrumbList","@id":"https:\/\/www.kilim-age.com\/es\/producto\/alfombra-de-salon-moderna-300-x-200-cm\/#breadcrumb","itemListElement":[{"@type":"ListItem","position":1,"name":"Home","item":"https:\/\/kilim-age.com\/en\/"},{"@type":"ListItem","position":2,"name":"Shop","item":"https:\/\/kilim-age.com\/es\/shop\/"},{"@type":"ListItem","position":3,"name":"ALFOMBRA DE SAL\u00d3N MODERNA 200 X 300 cm"}]},{"@type":"WebSite","@id":"https:\/\/kilim-age.com\/en\/#website","url":"https:\/\/kilim-age.com\/en\/","name":"Kilim-Age","description":"Somos especialistas en productos artesanales de Turqu\u00eda como Alfombras, y Kilims","potentialAction":[{"@type":"SearchAction","target":{"@type":"EntryPoint","urlTemplate":"https:\/\/kilim-age.com\/en\/?s={search_term_string}"},"query-input":{"@type":"PropertyValueSpecification","valueRequired":true,"valueName":"search_term_string"}}],"inLanguage":"en-US"}]}},"_links":{"self":[{"href":"https:\/\/kilim-age.com\/en\/wp-json\/wp\/v2\/product\/20154","targetHints":{"allow":["GET"]}}],"collection":[{"href":"https:\/\/kilim-age.com\/en\/wp-json\/wp\/v2\/product"}],"about":[{"href":"https:\/\/kilim-age.com\/en\/wp-json\/wp\/v2\/types\/product"}],"replies":[{"embeddable":true,"href":"https:\/\/kilim-age.com\/en\/wp-json\/wp\/v2\/comments?post=20154"}],"wp:featuredmedia":[{"embeddable":true,"href":"https:\/\/kilim-age.com\/en\/wp-json\/wp\/v2\/media\/24382"}],"wp:attachment":[{"href":"https:\/\/kilim-age.com\/en\/wp-json\/wp\/v2\/media?parent=20154"}],"wp:term":[{"taxonomy":"product_brand","embeddable":true,"href":"https:\/\/kilim-age.com\/en\/wp-json\/wp\/v2\/product_brand?post=20154"},{"taxonomy":"product_cat","embeddable":true,"href":"https:\/\/kilim-age.com\/en\/wp-json\/wp\/v2\/product_cat?post=20154"},{"taxonomy":"product_tag","embeddable":true,"href":"https:\/\/kilim-age.com\/en\/wp-json\/wp\/v2\/product_tag?post=20154"}],"curies":[{"name":"wp","href":"https:\/\/api.w.org\/{rel}","templated":true}]}}