{"id":16719,"date":"2021-02-05T09:48:46","date_gmt":"2021-02-05T09:48:46","guid":{"rendered":"http:\/\/kilim-age.com\/?post_type=product&#038;p=16719"},"modified":"2025-06-14T17:34:05","modified_gmt":"2025-06-14T15:34:05","slug":"alfombra-moderna-abstracta-lineas-azules","status":"publish","type":"product","link":"https:\/\/kilim-age.com\/en\/producto\/alfombra-moderna-abstracta-lineas-azules\/","title":{"rendered":"Modern Rug Abstracts Blue"},"content":{"rendered":"<span lang=\"EN-US\">MODERN CARPETS<\/span><\/p>\n<p><span lang=\"EN-US\">Modern style rugs knotted by machine. The fabric is somewhat thicker compared to a classic carpet but when you touch it feels a very soft and pleasant touch.<\/span>","protected":false},"excerpt":{"rendered":"<p style=\"text-align: left;\">Origin: Turkey<br \/>\nMaterial: Cotton and Viscos<br \/>\nThickness approximately: 7 mm<br \/>\nKnot density: 2.000.000 points\/m<sup>2<\/sup><br \/>\nAge: New<br \/>\nHigh-precision weaving<br \/>\nAll our rugs are made with natural fibers materials.<br \/>\nColors: Natural dyeing<br \/>\nThe colors of the carpet will be perceived in different ways depending on the viewing angle.<br \/>\nDelivery time: Spain approximately 2-5 days, Europe 5-7 days, other continents 7-10<br \/>\ndays.<\/p>\n","protected":false},"featured_media":40974,"comment_status":"open","ping_status":"closed","template":"","meta":[],"product_brand":[],"product_cat":[62,232],"product_tag":[813,294,803],"class_list":{"0":"post-16719","1":"product","2":"type-product","3":"status-publish","4":"has-post-thumbnail","6":"product_cat-alfombras-turcas","7":"product_cat-alfombras-modernas","8":"product_tag-alfombra-turca","9":"product_tag-alfombras-modernas","10":"product_tag-modern-carpets","11":"product_shipping_class-alfombra-grande","12":"pa_color-azul","13":"pa_color-beige","14":"pa_color-gris","15":"pa_seleccionar-medidas-120x180-cm","16":"pa_seleccionar-medidas-160x230-cm","17":"pa_seleccionar-medidas-200x300-cm","18":"pa_seleccionar-medidas-240x340-cm","19":"pa_seleccionar-medidas-400x300-cm","20":"pa_seleccionar-medidas-80x150-cm","22":"first","23":"instock","24":"taxable","25":"shipping-taxable","26":"product-type-variable"},"yoast_head":"<!-- This site is optimized with the Yoast SEO plugin v24.8.1 - https:\/\/yoast.com\/wordpress\/plugins\/seo\/ -->\n<title>Alfombra moderna turca abstracta l\u00edneas azules tejida de alta calidad.<\/title>\n<meta name=\"description\" content=\"Alfombra moderna turca abstracta tejida de forma semi-manual con el antiguo arte de anudaci\u00f3n. Fabricada con alta calidad. Env\u00edos a Espa\u00f1a y resto de Europa\" \/>\n<meta name=\"robots\" content=\"index, follow, max-snippet:-1, max-image-preview:large, max-video-preview:-1\" \/>\n<link rel=\"canonical\" href=\"https:\/\/kilim-age.com\/en\/producto\/alfombra-moderna-abstracta-lineas-azules\/\" \/>\n<meta property=\"og:locale\" content=\"en_US\" \/>\n<meta property=\"og:type\" content=\"article\" \/>\n<meta property=\"og:title\" content=\"Alfombra moderna turca abstracta l\u00edneas azules tejida de alta calidad.\" \/>\n<meta property=\"og:description\" content=\"Alfombra moderna turca abstracta tejida de forma semi-manual con el antiguo arte de anudaci\u00f3n. Fabricada con alta calidad. Env\u00edos a Espa\u00f1a y resto de Europa\" \/>\n<meta property=\"og:url\" content=\"https:\/\/kilim-age.com\/en\/producto\/alfombra-moderna-abstracta-lineas-azules\/\" \/>\n<meta property=\"og:site_name\" content=\"Kilim-Age\" \/>\n<meta property=\"article:modified_time\" content=\"2025-06-14T15:34:05+00:00\" \/>\n<meta property=\"og:image\" content=\"https:\/\/kilim-age.com\/wp-content\/uploads\/2021\/02\/KA17.jpg\" \/>\n\t<meta property=\"og:image:width\" content=\"1000\" \/>\n\t<meta property=\"og:image:height\" content=\"1300\" \/>\n\t<meta property=\"og:image:type\" content=\"image\/jpeg\" \/>\n<meta name=\"twitter:card\" content=\"summary_large_image\" \/>\n<meta name=\"twitter:label1\" content=\"Est. reading time\" \/>\n\t<meta name=\"twitter:data1\" content=\"1 minute\" \/>\n<script type=\"application\/ld+json\" class=\"yoast-schema-graph\">{\"@context\":\"https:\/\/schema.org\",\"@graph\":[{\"@type\":\"WebPage\",\"@id\":\"https:\/\/kilim-age.com\/en\/producto\/alfombra-moderna-abstracta-lineas-azules\/\",\"url\":\"https:\/\/kilim-age.com\/en\/producto\/alfombra-moderna-abstracta-lineas-azules\/\",\"name\":\"Alfombra moderna turca abstracta l\u00edneas azules tejida de alta calidad.\",\"isPartOf\":{\"@id\":\"https:\/\/kilim-age.com\/en\/#website\"},\"primaryImageOfPage\":{\"@id\":\"https:\/\/kilim-age.com\/en\/producto\/alfombra-moderna-abstracta-lineas-azules\/#primaryimage\"},\"image\":{\"@id\":\"https:\/\/kilim-age.com\/en\/producto\/alfombra-moderna-abstracta-lineas-azules\/#primaryimage\"},\"thumbnailUrl\":\"https:\/\/kilim-age.com\/wp-content\/uploads\/2021\/02\/KA17.jpg\",\"datePublished\":\"2021-02-05T09:48:46+00:00\",\"dateModified\":\"2025-06-14T15:34:05+00:00\",\"description\":\"Alfombra moderna turca abstracta tejida de forma semi-manual con el antiguo arte de anudaci\u00f3n. Fabricada con alta calidad. Env\u00edos a Espa\u00f1a y resto de Europa\",\"breadcrumb\":{\"@id\":\"https:\/\/kilim-age.com\/en\/producto\/alfombra-moderna-abstracta-lineas-azules\/#breadcrumb\"},\"inLanguage\":\"en-US\",\"potentialAction\":[{\"@type\":\"ReadAction\",\"target\":[\"https:\/\/kilim-age.com\/en\/producto\/alfombra-moderna-abstracta-lineas-azules\/\"]}]},{\"@type\":\"ImageObject\",\"inLanguage\":\"en-US\",\"@id\":\"https:\/\/kilim-age.com\/en\/producto\/alfombra-moderna-abstracta-lineas-azules\/#primaryimage\",\"url\":\"https:\/\/kilim-age.com\/wp-content\/uploads\/2021\/02\/KA17.jpg\",\"contentUrl\":\"https:\/\/kilim-age.com\/wp-content\/uploads\/2021\/02\/KA17.jpg\",\"width\":1000,\"height\":1300},{\"@type\":\"BreadcrumbList\",\"@id\":\"https:\/\/kilim-age.com\/en\/producto\/alfombra-moderna-abstracta-lineas-azules\/#breadcrumb\",\"itemListElement\":[{\"@type\":\"ListItem\",\"position\":1,\"name\":\"Home\",\"item\":\"https:\/\/kilim-age.com\/en\/\"},{\"@type\":\"ListItem\",\"position\":2,\"name\":\"Shop\",\"item\":\"https:\/\/kilim-age.com\/es\/shop\/\"},{\"@type\":\"ListItem\",\"position\":3,\"name\":\"Modern Rug Abstracts Blue\"}]},{\"@type\":\"WebSite\",\"@id\":\"https:\/\/kilim-age.com\/en\/#website\",\"url\":\"https:\/\/kilim-age.com\/en\/\",\"name\":\"Kilim-Age\",\"description\":\"Somos especialistas en productos artesanales de Turqu\u00eda como Alfombras, y Kilims\",\"potentialAction\":[{\"@type\":\"SearchAction\",\"target\":{\"@type\":\"EntryPoint\",\"urlTemplate\":\"https:\/\/kilim-age.com\/en\/?s={search_term_string}\"},\"query-input\":{\"@type\":\"PropertyValueSpecification\",\"valueRequired\":true,\"valueName\":\"search_term_string\"}}],\"inLanguage\":\"en-US\"}]}<\/script>\n<!-- \/ Yoast SEO plugin. -->","yoast_head_json":{"title":"Alfombra moderna turca abstracta l\u00edneas azules tejida de alta calidad.","description":"Alfombra moderna turca abstracta tejida de forma semi-manual con el antiguo arte de anudaci\u00f3n. Fabricada con alta calidad. Env\u00edos a Espa\u00f1a y resto de Europa","robots":{"index":"index","follow":"follow","max-snippet":"max-snippet:-1","max-image-preview":"max-image-preview:large","max-video-preview":"max-video-preview:-1"},"canonical":"https:\/\/kilim-age.com\/en\/producto\/alfombra-moderna-abstracta-lineas-azules\/","og_locale":"en_US","og_type":"article","og_title":"Alfombra moderna turca abstracta l\u00edneas azules tejida de alta calidad.","og_description":"Alfombra moderna turca abstracta tejida de forma semi-manual con el antiguo arte de anudaci\u00f3n. Fabricada con alta calidad. Env\u00edos a Espa\u00f1a y resto de Europa","og_url":"https:\/\/kilim-age.com\/en\/producto\/alfombra-moderna-abstracta-lineas-azules\/","og_site_name":"Kilim-Age","article_modified_time":"2025-06-14T15:34:05+00:00","og_image":[{"width":1000,"height":1300,"url":"https:\/\/kilim-age.com\/wp-content\/uploads\/2021\/02\/KA17.jpg","type":"image\/jpeg"}],"twitter_card":"summary_large_image","twitter_misc":{"Est. reading time":"1 minute"},"schema":{"@context":"https:\/\/schema.org","@graph":[{"@type":"WebPage","@id":"https:\/\/kilim-age.com\/en\/producto\/alfombra-moderna-abstracta-lineas-azules\/","url":"https:\/\/kilim-age.com\/en\/producto\/alfombra-moderna-abstracta-lineas-azules\/","name":"Alfombra moderna turca abstracta l\u00edneas azules tejida de alta calidad.","isPartOf":{"@id":"https:\/\/kilim-age.com\/en\/#website"},"primaryImageOfPage":{"@id":"https:\/\/kilim-age.com\/en\/producto\/alfombra-moderna-abstracta-lineas-azules\/#primaryimage"},"image":{"@id":"https:\/\/kilim-age.com\/en\/producto\/alfombra-moderna-abstracta-lineas-azules\/#primaryimage"},"thumbnailUrl":"https:\/\/kilim-age.com\/wp-content\/uploads\/2021\/02\/KA17.jpg","datePublished":"2021-02-05T09:48:46+00:00","dateModified":"2025-06-14T15:34:05+00:00","description":"Alfombra moderna turca abstracta tejida de forma semi-manual con el antiguo arte de anudaci\u00f3n. Fabricada con alta calidad. Env\u00edos a Espa\u00f1a y resto de Europa","breadcrumb":{"@id":"https:\/\/kilim-age.com\/en\/producto\/alfombra-moderna-abstracta-lineas-azules\/#breadcrumb"},"inLanguage":"en-US","potentialAction":[{"@type":"ReadAction","target":["https:\/\/kilim-age.com\/en\/producto\/alfombra-moderna-abstracta-lineas-azules\/"]}]},{"@type":"ImageObject","inLanguage":"en-US","@id":"https:\/\/kilim-age.com\/en\/producto\/alfombra-moderna-abstracta-lineas-azules\/#primaryimage","url":"https:\/\/kilim-age.com\/wp-content\/uploads\/2021\/02\/KA17.jpg","contentUrl":"https:\/\/kilim-age.com\/wp-content\/uploads\/2021\/02\/KA17.jpg","width":1000,"height":1300},{"@type":"BreadcrumbList","@id":"https:\/\/kilim-age.com\/en\/producto\/alfombra-moderna-abstracta-lineas-azules\/#breadcrumb","itemListElement":[{"@type":"ListItem","position":1,"name":"Home","item":"https:\/\/kilim-age.com\/en\/"},{"@type":"ListItem","position":2,"name":"Shop","item":"https:\/\/kilim-age.com\/es\/shop\/"},{"@type":"ListItem","position":3,"name":"Modern Rug Abstracts Blue"}]},{"@type":"WebSite","@id":"https:\/\/kilim-age.com\/en\/#website","url":"https:\/\/kilim-age.com\/en\/","name":"Kilim-Age","description":"Somos especialistas en productos artesanales de Turqu\u00eda como Alfombras, y Kilims","potentialAction":[{"@type":"SearchAction","target":{"@type":"EntryPoint","urlTemplate":"https:\/\/kilim-age.com\/en\/?s={search_term_string}"},"query-input":{"@type":"PropertyValueSpecification","valueRequired":true,"valueName":"search_term_string"}}],"inLanguage":"en-US"}]}},"_links":{"self":[{"href":"https:\/\/kilim-age.com\/en\/wp-json\/wp\/v2\/product\/16719","targetHints":{"allow":["GET"]}}],"collection":[{"href":"https:\/\/kilim-age.com\/en\/wp-json\/wp\/v2\/product"}],"about":[{"href":"https:\/\/kilim-age.com\/en\/wp-json\/wp\/v2\/types\/product"}],"replies":[{"embeddable":true,"href":"https:\/\/kilim-age.com\/en\/wp-json\/wp\/v2\/comments?post=16719"}],"wp:featuredmedia":[{"embeddable":true,"href":"https:\/\/kilim-age.com\/en\/wp-json\/wp\/v2\/media\/40974"}],"wp:attachment":[{"href":"https:\/\/kilim-age.com\/en\/wp-json\/wp\/v2\/media?parent=16719"}],"wp:term":[{"taxonomy":"product_brand","embeddable":true,"href":"https:\/\/kilim-age.com\/en\/wp-json\/wp\/v2\/product_brand?post=16719"},{"taxonomy":"product_cat","embeddable":true,"href":"https:\/\/kilim-age.com\/en\/wp-json\/wp\/v2\/product_cat?post=16719"},{"taxonomy":"product_tag","embeddable":true,"href":"https:\/\/kilim-age.com\/en\/wp-json\/wp\/v2\/product_tag?post=16719"}],"curies":[{"name":"wp","href":"https:\/\/api.w.org\/{rel}","templated":true}]}}