{"id":16240,"date":"2021-01-30T11:20:28","date_gmt":"2021-01-30T11:20:28","guid":{"rendered":"http:\/\/kilim-age.com\/?post_type=product&#038;p=16240"},"modified":"2025-12-09T11:52:01","modified_gmt":"2025-12-09T10:52:01","slug":"alfombra-moderna-turca-estilo-bujara","status":"publish","type":"product","link":"https:\/\/kilim-age.com\/en\/producto\/alfombra-moderna-turca-estilo-bujara\/","title":{"rendered":"New Fragment Bujar\u00e1 1952"},"content":{"rendered":"<span lang=\"EN-US\">MODERN CARPETS<\/span><\/p>\n<p><span lang=\"EN-US\">Modern style rugs knotted by machine. The fabric is somewhat thicker compared to a classic carpet but when you touch it feels a very soft and pleasant touch.<\/span>","protected":false},"excerpt":{"rendered":"<p style=\"text-align: left;\">Origin: Turkey<br \/>\nMaterial: Cotton and Bamboo silk<br \/>\nThickness 7 mm<br \/>\nKnot density: 2.000.000 points\/m<sup>2<\/sup><br \/>\nAge: New<br \/>\nHigh-precision weaving<br \/>\nAll our rugs are made with natural fibers materials.<br \/>\nColors: Natural dyeing<br \/>\nThe colors in the carpet will be perceived differently depending on the angle you view it from<br \/>\nDelivery time: Spain approximately 2-5 days, Europe 5-7 days, other continents 7-10 days.<\/p>\n","protected":false},"featured_media":40976,"comment_status":"open","ping_status":"closed","template":"","meta":[],"product_brand":[],"product_cat":[62,232],"product_tag":[816,294,803],"class_list":{"0":"post-16240","1":"product","2":"type-product","3":"status-publish","4":"has-post-thumbnail","6":"product_cat-alfombras-turcas","7":"product_cat-alfombras-modernas","8":"product_tag-alfombra-bujara","9":"product_tag-alfombras-modernas","10":"product_tag-modern-carpets","11":"product_shipping_class-alfombra-grande","12":"pa_ancho-cm-1029","13":"pa_color-azul","14":"pa_color-beige","15":"pa_color-turquesa","16":"pa_largo-cm-1030","17":"pa_seleccionar-medidas-120x180-cm","18":"pa_seleccionar-medidas-160x230-cm","19":"pa_seleccionar-medidas-200x300-cm","20":"pa_seleccionar-medidas-240x340-cm","21":"pa_seleccionar-medidas-400x300-cm","22":"pa_seleccionar-medidas-80x150-cm","23":"pa_seleccionar-medidas-80x150cm","25":"first","26":"instock","27":"sale","28":"sold-individually","29":"taxable","30":"shipping-taxable","31":"purchasable","32":"product-type-variable"},"yoast_head":"<!-- This site is optimized with the Yoast SEO plugin v24.8.1 - https:\/\/yoast.com\/wordpress\/plugins\/seo\/ -->\n<title>Alfombra Moderna | Kilim-Age | Alfombras Modernas turcas<\/title>\n<meta name=\"description\" content=\"Alfombra moderna turca bujar\u00e1 tejida de forma semi-manual con el antiguo arte de anudaci\u00f3n. Fabricada con alta calidad. Env\u00edos a Espa\u00f1a y resto de Europa\" \/>\n<meta name=\"robots\" content=\"index, follow, max-snippet:-1, max-image-preview:large, max-video-preview:-1\" \/>\n<link rel=\"canonical\" href=\"https:\/\/kilim-age.com\/en\/producto\/alfombra-moderna-turca-estilo-bujara\/\" \/>\n<meta property=\"og:locale\" content=\"en_US\" \/>\n<meta property=\"og:type\" content=\"article\" \/>\n<meta property=\"og:title\" content=\"Alfombra Moderna | Kilim-Age | Alfombras Modernas turcas\" \/>\n<meta property=\"og:description\" content=\"Alfombra moderna turca bujar\u00e1 tejida de forma semi-manual con el antiguo arte de anudaci\u00f3n. Fabricada con alta calidad. Env\u00edos a Espa\u00f1a y resto de Europa\" \/>\n<meta property=\"og:url\" content=\"https:\/\/kilim-age.com\/es\/producto\/alfombra-moderna-turca-estilo-bujara\/\" \/>\n<meta property=\"og:site_name\" content=\"Kilim-Age\" \/>\n<meta property=\"article:modified_time\" content=\"2025-12-09T10:52:01+00:00\" \/>\n<meta property=\"og:image\" content=\"https:\/\/kilim-age.com\/wp-content\/uploads\/2021\/01\/KA51.jpg\" \/>\n\t<meta property=\"og:image:width\" content=\"1000\" \/>\n\t<meta property=\"og:image:height\" content=\"1300\" \/>\n\t<meta property=\"og:image:type\" content=\"image\/jpeg\" \/>\n<meta name=\"twitter:card\" content=\"summary_large_image\" \/>\n<meta name=\"twitter:label1\" content=\"Est. reading time\" \/>\n\t<meta name=\"twitter:data1\" content=\"1 minute\" \/>\n<script type=\"application\/ld+json\" class=\"yoast-schema-graph\">{\"@context\":\"https:\/\/schema.org\",\"@graph\":[{\"@type\":\"WebPage\",\"@id\":\"https:\/\/kilim-age.com\/es\/producto\/alfombra-moderna-turca-estilo-bujara\/\",\"url\":\"https:\/\/kilim-age.com\/es\/producto\/alfombra-moderna-turca-estilo-bujara\/\",\"name\":\"Alfombra Moderna | Kilim-Age | Alfombras Modernas turcas\",\"isPartOf\":{\"@id\":\"https:\/\/www.kilim-age.com\/en\/#website\"},\"primaryImageOfPage\":{\"@id\":\"https:\/\/kilim-age.com\/es\/producto\/alfombra-moderna-turca-estilo-bujara\/#primaryimage\"},\"image\":{\"@id\":\"https:\/\/kilim-age.com\/es\/producto\/alfombra-moderna-turca-estilo-bujara\/#primaryimage\"},\"thumbnailUrl\":\"https:\/\/kilim-age.com\/wp-content\/uploads\/2021\/01\/KA51.jpg\",\"datePublished\":\"2021-01-30T11:20:28+00:00\",\"dateModified\":\"2025-12-09T10:52:01+00:00\",\"description\":\"Alfombra moderna turca bujar\u00e1 tejida de forma semi-manual con el antiguo arte de anudaci\u00f3n. Fabricada con alta calidad. Env\u00edos a Espa\u00f1a y resto de Europa\",\"breadcrumb\":{\"@id\":\"https:\/\/kilim-age.com\/es\/producto\/alfombra-moderna-turca-estilo-bujara\/#breadcrumb\"},\"inLanguage\":\"en-US\",\"potentialAction\":[{\"@type\":\"ReadAction\",\"target\":[\"https:\/\/kilim-age.com\/es\/producto\/alfombra-moderna-turca-estilo-bujara\/\"]}]},{\"@type\":\"ImageObject\",\"inLanguage\":\"en-US\",\"@id\":\"https:\/\/kilim-age.com\/es\/producto\/alfombra-moderna-turca-estilo-bujara\/#primaryimage\",\"url\":\"https:\/\/kilim-age.com\/wp-content\/uploads\/2021\/01\/KA51.jpg\",\"contentUrl\":\"https:\/\/kilim-age.com\/wp-content\/uploads\/2021\/01\/KA51.jpg\",\"width\":1000,\"height\":1300},{\"@type\":\"BreadcrumbList\",\"@id\":\"https:\/\/kilim-age.com\/es\/producto\/alfombra-moderna-turca-estilo-bujara\/#breadcrumb\",\"itemListElement\":[{\"@type\":\"ListItem\",\"position\":1,\"name\":\"Home\",\"item\":\"https:\/\/www.kilim-age.com\/en\/\"},{\"@type\":\"ListItem\",\"position\":2,\"name\":\"Shop\",\"item\":\"https:\/\/www.kilim-age.com\/en\/shop\/\"},{\"@type\":\"ListItem\",\"position\":3,\"name\":\"New Fragment Bujar\u00e1 240&#215;340 cm\"}]},{\"@type\":\"WebSite\",\"@id\":\"https:\/\/www.kilim-age.com\/en\/#website\",\"url\":\"https:\/\/www.kilim-age.com\/en\/\",\"name\":\"Kilim-Age\",\"description\":\"Somos especialistas en productos artesanales de Turqu\u00eda como Alfombras, y Kilims\",\"potentialAction\":[{\"@type\":\"SearchAction\",\"target\":{\"@type\":\"EntryPoint\",\"urlTemplate\":\"https:\/\/www.kilim-age.com\/en\/?s={search_term_string}\"},\"query-input\":{\"@type\":\"PropertyValueSpecification\",\"valueRequired\":true,\"valueName\":\"search_term_string\"}}],\"inLanguage\":\"en-US\"}]}<\/script>\n<!-- \/ Yoast SEO plugin. -->","yoast_head_json":{"title":"Alfombra Moderna | Kilim-Age | Alfombras Modernas turcas","description":"Alfombra moderna turca bujar\u00e1 tejida de forma semi-manual con el antiguo arte de anudaci\u00f3n. Fabricada con alta calidad. Env\u00edos a Espa\u00f1a y resto de Europa","robots":{"index":"index","follow":"follow","max-snippet":"max-snippet:-1","max-image-preview":"max-image-preview:large","max-video-preview":"max-video-preview:-1"},"canonical":"https:\/\/kilim-age.com\/en\/producto\/alfombra-moderna-turca-estilo-bujara\/","og_locale":"en_US","og_type":"article","og_title":"Alfombra Moderna | Kilim-Age | Alfombras Modernas turcas","og_description":"Alfombra moderna turca bujar\u00e1 tejida de forma semi-manual con el antiguo arte de anudaci\u00f3n. Fabricada con alta calidad. Env\u00edos a Espa\u00f1a y resto de Europa","og_url":"https:\/\/kilim-age.com\/es\/producto\/alfombra-moderna-turca-estilo-bujara\/","og_site_name":"Kilim-Age","article_modified_time":"2025-12-09T10:52:01+00:00","og_image":[{"width":1000,"height":1300,"url":"https:\/\/kilim-age.com\/wp-content\/uploads\/2021\/01\/KA51.jpg","type":"image\/jpeg"}],"twitter_card":"summary_large_image","twitter_misc":{"Est. reading time":"1 minute"},"schema":{"@context":"https:\/\/schema.org","@graph":[{"@type":"WebPage","@id":"https:\/\/kilim-age.com\/es\/producto\/alfombra-moderna-turca-estilo-bujara\/","url":"https:\/\/kilim-age.com\/es\/producto\/alfombra-moderna-turca-estilo-bujara\/","name":"Alfombra Moderna | Kilim-Age | Alfombras Modernas turcas","isPartOf":{"@id":"https:\/\/www.kilim-age.com\/en\/#website"},"primaryImageOfPage":{"@id":"https:\/\/kilim-age.com\/es\/producto\/alfombra-moderna-turca-estilo-bujara\/#primaryimage"},"image":{"@id":"https:\/\/kilim-age.com\/es\/producto\/alfombra-moderna-turca-estilo-bujara\/#primaryimage"},"thumbnailUrl":"https:\/\/kilim-age.com\/wp-content\/uploads\/2021\/01\/KA51.jpg","datePublished":"2021-01-30T11:20:28+00:00","dateModified":"2025-12-09T10:52:01+00:00","description":"Alfombra moderna turca bujar\u00e1 tejida de forma semi-manual con el antiguo arte de anudaci\u00f3n. Fabricada con alta calidad. Env\u00edos a Espa\u00f1a y resto de Europa","breadcrumb":{"@id":"https:\/\/kilim-age.com\/es\/producto\/alfombra-moderna-turca-estilo-bujara\/#breadcrumb"},"inLanguage":"en-US","potentialAction":[{"@type":"ReadAction","target":["https:\/\/kilim-age.com\/es\/producto\/alfombra-moderna-turca-estilo-bujara\/"]}]},{"@type":"ImageObject","inLanguage":"en-US","@id":"https:\/\/kilim-age.com\/es\/producto\/alfombra-moderna-turca-estilo-bujara\/#primaryimage","url":"https:\/\/kilim-age.com\/wp-content\/uploads\/2021\/01\/KA51.jpg","contentUrl":"https:\/\/kilim-age.com\/wp-content\/uploads\/2021\/01\/KA51.jpg","width":1000,"height":1300},{"@type":"BreadcrumbList","@id":"https:\/\/kilim-age.com\/es\/producto\/alfombra-moderna-turca-estilo-bujara\/#breadcrumb","itemListElement":[{"@type":"ListItem","position":1,"name":"Home","item":"https:\/\/www.kilim-age.com\/en\/"},{"@type":"ListItem","position":2,"name":"Shop","item":"https:\/\/www.kilim-age.com\/en\/shop\/"},{"@type":"ListItem","position":3,"name":"New Fragment Bujar\u00e1 240&#215;340 cm"}]},{"@type":"WebSite","@id":"https:\/\/www.kilim-age.com\/en\/#website","url":"https:\/\/www.kilim-age.com\/en\/","name":"Kilim-Age","description":"Somos especialistas en productos artesanales de Turqu\u00eda como Alfombras, y Kilims","potentialAction":[{"@type":"SearchAction","target":{"@type":"EntryPoint","urlTemplate":"https:\/\/www.kilim-age.com\/en\/?s={search_term_string}"},"query-input":{"@type":"PropertyValueSpecification","valueRequired":true,"valueName":"search_term_string"}}],"inLanguage":"en-US"}]}},"_links":{"self":[{"href":"https:\/\/kilim-age.com\/en\/wp-json\/wp\/v2\/product\/16240","targetHints":{"allow":["GET"]}}],"collection":[{"href":"https:\/\/kilim-age.com\/en\/wp-json\/wp\/v2\/product"}],"about":[{"href":"https:\/\/kilim-age.com\/en\/wp-json\/wp\/v2\/types\/product"}],"replies":[{"embeddable":true,"href":"https:\/\/kilim-age.com\/en\/wp-json\/wp\/v2\/comments?post=16240"}],"wp:featuredmedia":[{"embeddable":true,"href":"https:\/\/kilim-age.com\/en\/wp-json\/wp\/v2\/media\/40976"}],"wp:attachment":[{"href":"https:\/\/kilim-age.com\/en\/wp-json\/wp\/v2\/media?parent=16240"}],"wp:term":[{"taxonomy":"product_brand","embeddable":true,"href":"https:\/\/kilim-age.com\/en\/wp-json\/wp\/v2\/product_brand?post=16240"},{"taxonomy":"product_cat","embeddable":true,"href":"https:\/\/kilim-age.com\/en\/wp-json\/wp\/v2\/product_cat?post=16240"},{"taxonomy":"product_tag","embeddable":true,"href":"https:\/\/kilim-age.com\/en\/wp-json\/wp\/v2\/product_tag?post=16240"}],"curies":[{"name":"wp","href":"https:\/\/api.w.org\/{rel}","templated":true}]}}