{"id":1505,"date":"2017-04-21T17:32:50","date_gmt":"2017-04-21T15:32:50","guid":{"rendered":"http:\/\/kilim-age.com\/?post_type=product&#038;p=1505"},"modified":"2024-12-17T12:18:55","modified_gmt":"2024-12-17T11:18:55","slug":"alfombra-vintage-258-x-165-cm","status":"publish","type":"product","link":"https:\/\/kilim-age.com\/en\/producto\/alfombra-vintage-258-x-165-cm\/","title":{"rendered":"VINTAGE CARPET 258 X 165 cm"},"content":{"rendered":"VINTAGE CARPETS<\/p>\n<p>Classic vintage carpet from Turkey. These carpets are approximately 20 or 30 years old. Each carpet is selected carefully and submitted an exceptional chromatic neutralization process before being dyed. The worn out effect offers a new, updated and contemporary perspective.","protected":false},"excerpt":{"rendered":"<p>Manufacturing: Knotted by hand<br \/>\nSize: 258 X 165 cm.<br \/>\nKnot density: Aprox 150000-300000 knots per m\u00b2<br \/>\nAge: 15-20 years old<br \/>\nOrigin: Turkey<br \/>\nPile: Wool<br \/>\nWarp: Cotton<br \/>\nThickness approx: 4-5 mm.<br \/>\nNatural dyeing.<br \/>\nThe colors in the carpet will be perceived differently depending on the angle you view it from.<br \/>\nDelivery time: Spain approximately 2-5 days, Europe 5-7 days, other continents 7-10 days.<\/p>\n","protected":false},"featured_media":1508,"comment_status":"open","ping_status":"closed","template":"","meta":[],"product_brand":[],"product_cat":[1054,62,183],"product_tag":[112,113],"class_list":{"0":"post-1505","1":"product","2":"type-product","3":"status-publish","4":"has-post-thumbnail","6":"product_cat-ofertas","7":"product_cat-alfombras-turcas","8":"product_cat-alfombras-vintage","9":"product_tag-alfombra-vintage","10":"product_tag-vintage-carpet","11":"product_shipping_class-alfombra-mediana","12":"pa_ancho-cm-945","13":"pa_color-fucsia","14":"pa_color-rosa","15":"pa_largo-cm-1064","16":"pa_medida-grandes","18":"first","19":"instock","20":"sale","21":"taxable","22":"shipping-taxable","23":"purchasable","24":"product-type-simple"},"yoast_head":"<!-- This site is optimized with the Yoast SEO plugin v24.8.1 - https:\/\/yoast.com\/wordpress\/plugins\/seo\/ -->\n<title>VINTAGE CARPET 258 X 165 cm | Kilim-Age<\/title>\n<meta name=\"description\" content=\"Alfombra Turca estilo Vintage color fucsia con medall\u00f3n al centro. de 258 x 165 cms Ideal como alfombra de sal\u00f3n o alfombra de habitaci\u00f3n.\" \/>\n<meta name=\"robots\" content=\"index, follow, max-snippet:-1, max-image-preview:large, max-video-preview:-1\" \/>\n<link rel=\"canonical\" href=\"https:\/\/www.kilim-age.com\/es\/producto\/alfombra-vintage-258-x-165-cm\/\" \/>\n<meta property=\"og:locale\" content=\"en_US\" \/>\n<meta property=\"og:type\" content=\"article\" \/>\n<meta property=\"og:title\" content=\"VINTAGE CARPET 258 X 165 cm | Kilim-Age\" \/>\n<meta property=\"og:description\" content=\"Alfombra Turca estilo Vintage color fucsia con medall\u00f3n al centro. de 258 x 165 cms Ideal como alfombra de sal\u00f3n o alfombra de habitaci\u00f3n.\" \/>\n<meta property=\"og:url\" content=\"https:\/\/www.kilim-age.com\/es\/producto\/alfombra-vintage-258-x-165-cm\/\" \/>\n<meta property=\"og:site_name\" content=\"Kilim-Age\" \/>\n<meta property=\"article:modified_time\" content=\"2024-12-17T11:18:55+00:00\" \/>\n<meta property=\"og:image\" content=\"https:\/\/www.kilim-age.com\/wp-content\/uploads\/2017\/04\/IMG-KA-WEB.jpg\" \/>\n\t<meta property=\"og:image:width\" content=\"660\" \/>\n\t<meta property=\"og:image:height\" content=\"900\" \/>\n\t<meta property=\"og:image:type\" content=\"image\/jpeg\" \/>\n<meta name=\"twitter:card\" content=\"summary_large_image\" \/>\n<meta name=\"twitter:label1\" content=\"Est. reading time\" \/>\n\t<meta name=\"twitter:data1\" content=\"1 minute\" \/>\n<script type=\"application\/ld+json\" class=\"yoast-schema-graph\">{\"@context\":\"https:\/\/schema.org\",\"@graph\":[{\"@type\":\"WebPage\",\"@id\":\"https:\/\/www.kilim-age.com\/es\/producto\/alfombra-vintage-258-x-165-cm\/\",\"url\":\"https:\/\/www.kilim-age.com\/es\/producto\/alfombra-vintage-258-x-165-cm\/\",\"name\":\"VINTAGE CARPET 258 X 165 cm | Kilim-Age\",\"isPartOf\":{\"@id\":\"https:\/\/www.kilim-age.com\/es\/#website\"},\"primaryImageOfPage\":{\"@id\":\"https:\/\/www.kilim-age.com\/es\/producto\/alfombra-vintage-258-x-165-cm\/#primaryimage\"},\"image\":{\"@id\":\"https:\/\/www.kilim-age.com\/es\/producto\/alfombra-vintage-258-x-165-cm\/#primaryimage\"},\"thumbnailUrl\":\"https:\/\/kilim-age.com\/wp-content\/uploads\/2017\/04\/IMG-KA-WEB.jpg\",\"datePublished\":\"2017-04-21T15:32:50+00:00\",\"dateModified\":\"2024-12-17T11:18:55+00:00\",\"description\":\"Alfombra Turca estilo Vintage color fucsia con medall\u00f3n al centro. de 258 x 165 cms Ideal como alfombra de sal\u00f3n o alfombra de habitaci\u00f3n.\",\"breadcrumb\":{\"@id\":\"https:\/\/www.kilim-age.com\/es\/producto\/alfombra-vintage-258-x-165-cm\/#breadcrumb\"},\"inLanguage\":\"en-US\",\"potentialAction\":[{\"@type\":\"ReadAction\",\"target\":[\"https:\/\/www.kilim-age.com\/es\/producto\/alfombra-vintage-258-x-165-cm\/\"]}]},{\"@type\":\"ImageObject\",\"inLanguage\":\"en-US\",\"@id\":\"https:\/\/www.kilim-age.com\/es\/producto\/alfombra-vintage-258-x-165-cm\/#primaryimage\",\"url\":\"https:\/\/kilim-age.com\/wp-content\/uploads\/2017\/04\/IMG-KA-WEB.jpg\",\"contentUrl\":\"https:\/\/kilim-age.com\/wp-content\/uploads\/2017\/04\/IMG-KA-WEB.jpg\",\"width\":660,\"height\":900},{\"@type\":\"BreadcrumbList\",\"@id\":\"https:\/\/www.kilim-age.com\/es\/producto\/alfombra-vintage-258-x-165-cm\/#breadcrumb\",\"itemListElement\":[{\"@type\":\"ListItem\",\"position\":1,\"name\":\"Home\",\"item\":\"https:\/\/www.kilim-age.com\/es\/\"},{\"@type\":\"ListItem\",\"position\":2,\"name\":\"Shop\",\"item\":\"https:\/\/www.kilim-age.com\/es\/shop\/\"},{\"@type\":\"ListItem\",\"position\":3,\"name\":\"ALFOMBRA VINTAGE 258 X 165 cm\"}]},{\"@type\":\"WebSite\",\"@id\":\"https:\/\/www.kilim-age.com\/es\/#website\",\"url\":\"https:\/\/www.kilim-age.com\/es\/\",\"name\":\"Kilim-Age\",\"description\":\"Somos especialistas en productos artesanales de Turqu\u00eda como Alfombras, y Kilims\",\"potentialAction\":[{\"@type\":\"SearchAction\",\"target\":{\"@type\":\"EntryPoint\",\"urlTemplate\":\"https:\/\/www.kilim-age.com\/es\/?s={search_term_string}\"},\"query-input\":{\"@type\":\"PropertyValueSpecification\",\"valueRequired\":true,\"valueName\":\"search_term_string\"}}],\"inLanguage\":\"en-US\"}]}<\/script>\n<!-- \/ Yoast SEO plugin. -->","yoast_head_json":{"title":"VINTAGE CARPET 258 X 165 cm | Kilim-Age","description":"Alfombra Turca estilo Vintage color fucsia con medall\u00f3n al centro. de 258 x 165 cms Ideal como alfombra de sal\u00f3n o alfombra de habitaci\u00f3n.","robots":{"index":"index","follow":"follow","max-snippet":"max-snippet:-1","max-image-preview":"max-image-preview:large","max-video-preview":"max-video-preview:-1"},"canonical":"https:\/\/www.kilim-age.com\/es\/producto\/alfombra-vintage-258-x-165-cm\/","og_locale":"en_US","og_type":"article","og_title":"VINTAGE CARPET 258 X 165 cm | Kilim-Age","og_description":"Alfombra Turca estilo Vintage color fucsia con medall\u00f3n al centro. de 258 x 165 cms Ideal como alfombra de sal\u00f3n o alfombra de habitaci\u00f3n.","og_url":"https:\/\/www.kilim-age.com\/es\/producto\/alfombra-vintage-258-x-165-cm\/","og_site_name":"Kilim-Age","article_modified_time":"2024-12-17T11:18:55+00:00","og_image":[{"width":660,"height":900,"url":"https:\/\/www.kilim-age.com\/wp-content\/uploads\/2017\/04\/IMG-KA-WEB.jpg","type":"image\/jpeg"}],"twitter_card":"summary_large_image","twitter_misc":{"Est. reading time":"1 minute"},"schema":{"@context":"https:\/\/schema.org","@graph":[{"@type":"WebPage","@id":"https:\/\/www.kilim-age.com\/es\/producto\/alfombra-vintage-258-x-165-cm\/","url":"https:\/\/www.kilim-age.com\/es\/producto\/alfombra-vintage-258-x-165-cm\/","name":"VINTAGE CARPET 258 X 165 cm | Kilim-Age","isPartOf":{"@id":"https:\/\/www.kilim-age.com\/es\/#website"},"primaryImageOfPage":{"@id":"https:\/\/www.kilim-age.com\/es\/producto\/alfombra-vintage-258-x-165-cm\/#primaryimage"},"image":{"@id":"https:\/\/www.kilim-age.com\/es\/producto\/alfombra-vintage-258-x-165-cm\/#primaryimage"},"thumbnailUrl":"https:\/\/kilim-age.com\/wp-content\/uploads\/2017\/04\/IMG-KA-WEB.jpg","datePublished":"2017-04-21T15:32:50+00:00","dateModified":"2024-12-17T11:18:55+00:00","description":"Alfombra Turca estilo Vintage color fucsia con medall\u00f3n al centro. de 258 x 165 cms Ideal como alfombra de sal\u00f3n o alfombra de habitaci\u00f3n.","breadcrumb":{"@id":"https:\/\/www.kilim-age.com\/es\/producto\/alfombra-vintage-258-x-165-cm\/#breadcrumb"},"inLanguage":"en-US","potentialAction":[{"@type":"ReadAction","target":["https:\/\/www.kilim-age.com\/es\/producto\/alfombra-vintage-258-x-165-cm\/"]}]},{"@type":"ImageObject","inLanguage":"en-US","@id":"https:\/\/www.kilim-age.com\/es\/producto\/alfombra-vintage-258-x-165-cm\/#primaryimage","url":"https:\/\/kilim-age.com\/wp-content\/uploads\/2017\/04\/IMG-KA-WEB.jpg","contentUrl":"https:\/\/kilim-age.com\/wp-content\/uploads\/2017\/04\/IMG-KA-WEB.jpg","width":660,"height":900},{"@type":"BreadcrumbList","@id":"https:\/\/www.kilim-age.com\/es\/producto\/alfombra-vintage-258-x-165-cm\/#breadcrumb","itemListElement":[{"@type":"ListItem","position":1,"name":"Home","item":"https:\/\/www.kilim-age.com\/es\/"},{"@type":"ListItem","position":2,"name":"Shop","item":"https:\/\/www.kilim-age.com\/es\/shop\/"},{"@type":"ListItem","position":3,"name":"ALFOMBRA VINTAGE 258 X 165 cm"}]},{"@type":"WebSite","@id":"https:\/\/www.kilim-age.com\/es\/#website","url":"https:\/\/www.kilim-age.com\/es\/","name":"Kilim-Age","description":"Somos especialistas en productos artesanales de Turqu\u00eda como Alfombras, y Kilims","potentialAction":[{"@type":"SearchAction","target":{"@type":"EntryPoint","urlTemplate":"https:\/\/www.kilim-age.com\/es\/?s={search_term_string}"},"query-input":{"@type":"PropertyValueSpecification","valueRequired":true,"valueName":"search_term_string"}}],"inLanguage":"en-US"}]}},"_links":{"self":[{"href":"https:\/\/kilim-age.com\/en\/wp-json\/wp\/v2\/product\/1505","targetHints":{"allow":["GET"]}}],"collection":[{"href":"https:\/\/kilim-age.com\/en\/wp-json\/wp\/v2\/product"}],"about":[{"href":"https:\/\/kilim-age.com\/en\/wp-json\/wp\/v2\/types\/product"}],"replies":[{"embeddable":true,"href":"https:\/\/kilim-age.com\/en\/wp-json\/wp\/v2\/comments?post=1505"}],"wp:featuredmedia":[{"embeddable":true,"href":"https:\/\/kilim-age.com\/en\/wp-json\/wp\/v2\/media\/1508"}],"wp:attachment":[{"href":"https:\/\/kilim-age.com\/en\/wp-json\/wp\/v2\/media?parent=1505"}],"wp:term":[{"taxonomy":"product_brand","embeddable":true,"href":"https:\/\/kilim-age.com\/en\/wp-json\/wp\/v2\/product_brand?post=1505"},{"taxonomy":"product_cat","embeddable":true,"href":"https:\/\/kilim-age.com\/en\/wp-json\/wp\/v2\/product_cat?post=1505"},{"taxonomy":"product_tag","embeddable":true,"href":"https:\/\/kilim-age.com\/en\/wp-json\/wp\/v2\/product_tag?post=1505"}],"curies":[{"name":"wp","href":"https:\/\/api.w.org\/{rel}","templated":true}]}}