{"id":14439,"date":"2020-10-29T12:54:28","date_gmt":"2020-10-29T12:54:28","guid":{"rendered":"http:\/\/kilim-age.com\/?post_type=product&#038;p=14439"},"modified":"2025-10-01T19:48:26","modified_gmt":"2025-10-01T17:48:26","slug":"comprar-alfombras-clasicas-econonicas","status":"publish","type":"product","link":"https:\/\/kilim-age.com\/en\/producto\/comprar-alfombras-clasicas-econonicas\/","title":{"rendered":"CLASSIC TURKISH CARPET 248 x 165 cm"},"content":{"rendered":"<h1><span style=\"font-size: 75%;\">CLASSIC TURKISH CARPETS<\/span><\/h1>\n<p>The classic Turkish carpets are made throughout the region of Anatolia \/ <a href=\"https:\/\/www.goturkey.com\/\">Turkey<\/a>. They are characterized by very special designs and compositions, which are considered one of the best carpets in Turkey. These carpets are 100% <a href=\"http:\/\/kilim-age.com\/es\/una-navidad-llena-de-ideas-kilim-age\/\">handmade<\/a> with high quality wool yarns by hand and natural dyed.","protected":false},"excerpt":{"rendered":"<p>Manufacturing: Knotted by hand<br \/>\nSize: 248 X 165 cm<br \/>\nKnot density: Aprox 200000 knots per m\u00b2<br \/>\nAge: New<br \/>\nOrigin: Turkey<br \/>\nPile: Wool<br \/>\nWarp: Cotton<br \/>\nThickness approx: 4-5 mm<br \/>\nNatural dyeing<br \/>\nThe colors in the carpet will be perceived differently depending on the angle you view it from<br \/>\nDelivery time: Spain approximately 2-5 days, Europe 5-7 days, other continents 7-10 days.<\/p>\n","protected":false},"featured_media":14441,"comment_status":"open","ping_status":"closed","template":"","meta":[],"product_brand":[],"product_cat":[62,230],"product_tag":[79,80],"class_list":{"0":"post-14439","1":"product","2":"type-product","3":"status-publish","4":"has-post-thumbnail","6":"product_cat-alfombras-turcas","7":"product_cat-alfombras-clasicas","8":"product_tag-alfombras-clasicas","9":"product_tag-classic-carpets","10":"product_shipping_class-alfombra-mediana","11":"pa_ancho-cm-923","12":"pa_color-rojo","13":"pa_largo-cm-922","14":"pa_medida-medianos","16":"first","17":"instock","18":"sale","19":"sold-individually","20":"taxable","21":"shipping-taxable","22":"purchasable","23":"product-type-simple"},"yoast_head":"<!-- This site is optimized with the Yoast SEO plugin v24.8.1 - https:\/\/yoast.com\/wordpress\/plugins\/seo\/ -->\n<title>COMPRAR ALFOMBRAS CLASICAS ECONOMICAS | Kilim-Age | -30%<\/title>\n<meta name=\"description\" content=\"Comprar Alfombras Cl\u00e1sicas Econ\u00f3micas! Aut\u00e9nticas alfombras turcas y persas artesanales. Env\u00edo rapido y gratuito. Hasta 30% 50% de descuentos.\" \/>\n<meta name=\"robots\" content=\"index, follow, max-snippet:-1, max-image-preview:large, max-video-preview:-1\" \/>\n<link rel=\"canonical\" href=\"https:\/\/www.kilim-age.com\/en\/producto\/comprar-alfombras-clasicas-econonicas\/\" \/>\n<meta property=\"og:locale\" content=\"en_US\" \/>\n<meta property=\"og:type\" content=\"article\" \/>\n<meta property=\"og:title\" content=\"COMPRAR ALFOMBRAS CLASICAS ECONOMICAS | Kilim-Age | -30%\" \/>\n<meta property=\"og:description\" content=\"Comprar Alfombras Cl\u00e1sicas Econ\u00f3micas! Aut\u00e9nticas alfombras turcas y persas artesanales. Env\u00edo rapido y gratuito. Hasta 30% 50% de descuentos.\" \/>\n<meta property=\"og:url\" content=\"https:\/\/www.kilim-age.com\/en\/producto\/comprar-alfombras-clasicas-econonicas\/\" \/>\n<meta property=\"og:site_name\" content=\"Kilim-Age\" \/>\n<meta property=\"article:modified_time\" content=\"2025-10-01T17:48:26+00:00\" \/>\n<meta property=\"og:image\" content=\"https:\/\/www.kilim-age.com\/wp-content\/uploads\/2020\/10\/IMG_99601.jpg\" \/>\n\t<meta property=\"og:image:width\" content=\"1000\" \/>\n\t<meta property=\"og:image:height\" content=\"1300\" \/>\n\t<meta property=\"og:image:type\" content=\"image\/jpeg\" \/>\n<meta name=\"twitter:card\" content=\"summary_large_image\" \/>\n<meta name=\"twitter:label1\" content=\"Est. reading time\" \/>\n\t<meta name=\"twitter:data1\" content=\"2 minutes\" \/>\n<script type=\"application\/ld+json\" class=\"yoast-schema-graph\">{\"@context\":\"https:\/\/schema.org\",\"@graph\":[{\"@type\":\"WebPage\",\"@id\":\"https:\/\/www.kilim-age.com\/en\/producto\/comprar-alfombras-clasicas-econonicas\/\",\"url\":\"https:\/\/www.kilim-age.com\/en\/producto\/comprar-alfombras-clasicas-econonicas\/\",\"name\":\"COMPRAR ALFOMBRAS CLASICAS ECONOMICAS | Kilim-Age | -30%\",\"isPartOf\":{\"@id\":\"https:\/\/kilim-age.com\/en\/#website\"},\"primaryImageOfPage\":{\"@id\":\"https:\/\/www.kilim-age.com\/en\/producto\/comprar-alfombras-clasicas-econonicas\/#primaryimage\"},\"image\":{\"@id\":\"https:\/\/www.kilim-age.com\/en\/producto\/comprar-alfombras-clasicas-econonicas\/#primaryimage\"},\"thumbnailUrl\":\"https:\/\/kilim-age.com\/wp-content\/uploads\/2020\/10\/IMG_99601.jpg\",\"datePublished\":\"2020-10-29T12:54:28+00:00\",\"dateModified\":\"2025-10-01T17:48:26+00:00\",\"description\":\"Comprar Alfombras Cl\u00e1sicas Econ\u00f3micas! Aut\u00e9nticas alfombras turcas y persas artesanales. Env\u00edo rapido y gratuito. Hasta 30% 50% de descuentos.\",\"breadcrumb\":{\"@id\":\"https:\/\/www.kilim-age.com\/en\/producto\/comprar-alfombras-clasicas-econonicas\/#breadcrumb\"},\"inLanguage\":\"en-US\",\"potentialAction\":[{\"@type\":\"ReadAction\",\"target\":[\"https:\/\/www.kilim-age.com\/en\/producto\/comprar-alfombras-clasicas-econonicas\/\"]}]},{\"@type\":\"ImageObject\",\"inLanguage\":\"en-US\",\"@id\":\"https:\/\/www.kilim-age.com\/en\/producto\/comprar-alfombras-clasicas-econonicas\/#primaryimage\",\"url\":\"https:\/\/kilim-age.com\/wp-content\/uploads\/2020\/10\/IMG_99601.jpg\",\"contentUrl\":\"https:\/\/kilim-age.com\/wp-content\/uploads\/2020\/10\/IMG_99601.jpg\",\"width\":1000,\"height\":1300,\"caption\":\"Alfombras Cl\u00e1sicas\"},{\"@type\":\"BreadcrumbList\",\"@id\":\"https:\/\/www.kilim-age.com\/en\/producto\/comprar-alfombras-clasicas-econonicas\/#breadcrumb\",\"itemListElement\":[{\"@type\":\"ListItem\",\"position\":1,\"name\":\"Home\",\"item\":\"https:\/\/kilim-age.com\/en\/\"},{\"@type\":\"ListItem\",\"position\":2,\"name\":\"Shop\",\"item\":\"https:\/\/kilim-age.com\/es\/shop\/\"},{\"@type\":\"ListItem\",\"position\":3,\"name\":\"CLASSIC TURKISH CARPET 248 x 165 cm\"}]},{\"@type\":\"WebSite\",\"@id\":\"https:\/\/kilim-age.com\/en\/#website\",\"url\":\"https:\/\/kilim-age.com\/en\/\",\"name\":\"Kilim-Age\",\"description\":\"Somos especialistas en productos artesanales de Turqu\u00eda como Alfombras, y Kilims\",\"potentialAction\":[{\"@type\":\"SearchAction\",\"target\":{\"@type\":\"EntryPoint\",\"urlTemplate\":\"https:\/\/kilim-age.com\/en\/?s={search_term_string}\"},\"query-input\":{\"@type\":\"PropertyValueSpecification\",\"valueRequired\":true,\"valueName\":\"search_term_string\"}}],\"inLanguage\":\"en-US\"}]}<\/script>\n<!-- \/ Yoast SEO plugin. -->","yoast_head_json":{"title":"COMPRAR ALFOMBRAS CLASICAS ECONOMICAS | Kilim-Age | -30%","description":"Comprar Alfombras Cl\u00e1sicas Econ\u00f3micas! Aut\u00e9nticas alfombras turcas y persas artesanales. Env\u00edo rapido y gratuito. Hasta 30% 50% de descuentos.","robots":{"index":"index","follow":"follow","max-snippet":"max-snippet:-1","max-image-preview":"max-image-preview:large","max-video-preview":"max-video-preview:-1"},"canonical":"https:\/\/www.kilim-age.com\/en\/producto\/comprar-alfombras-clasicas-econonicas\/","og_locale":"en_US","og_type":"article","og_title":"COMPRAR ALFOMBRAS CLASICAS ECONOMICAS | Kilim-Age | -30%","og_description":"Comprar Alfombras Cl\u00e1sicas Econ\u00f3micas! Aut\u00e9nticas alfombras turcas y persas artesanales. Env\u00edo rapido y gratuito. Hasta 30% 50% de descuentos.","og_url":"https:\/\/www.kilim-age.com\/en\/producto\/comprar-alfombras-clasicas-econonicas\/","og_site_name":"Kilim-Age","article_modified_time":"2025-10-01T17:48:26+00:00","og_image":[{"width":1000,"height":1300,"url":"https:\/\/www.kilim-age.com\/wp-content\/uploads\/2020\/10\/IMG_99601.jpg","type":"image\/jpeg"}],"twitter_card":"summary_large_image","twitter_misc":{"Est. reading time":"2 minutes"},"schema":{"@context":"https:\/\/schema.org","@graph":[{"@type":"WebPage","@id":"https:\/\/www.kilim-age.com\/en\/producto\/comprar-alfombras-clasicas-econonicas\/","url":"https:\/\/www.kilim-age.com\/en\/producto\/comprar-alfombras-clasicas-econonicas\/","name":"COMPRAR ALFOMBRAS CLASICAS ECONOMICAS | Kilim-Age | -30%","isPartOf":{"@id":"https:\/\/kilim-age.com\/en\/#website"},"primaryImageOfPage":{"@id":"https:\/\/www.kilim-age.com\/en\/producto\/comprar-alfombras-clasicas-econonicas\/#primaryimage"},"image":{"@id":"https:\/\/www.kilim-age.com\/en\/producto\/comprar-alfombras-clasicas-econonicas\/#primaryimage"},"thumbnailUrl":"https:\/\/kilim-age.com\/wp-content\/uploads\/2020\/10\/IMG_99601.jpg","datePublished":"2020-10-29T12:54:28+00:00","dateModified":"2025-10-01T17:48:26+00:00","description":"Comprar Alfombras Cl\u00e1sicas Econ\u00f3micas! Aut\u00e9nticas alfombras turcas y persas artesanales. Env\u00edo rapido y gratuito. Hasta 30% 50% de descuentos.","breadcrumb":{"@id":"https:\/\/www.kilim-age.com\/en\/producto\/comprar-alfombras-clasicas-econonicas\/#breadcrumb"},"inLanguage":"en-US","potentialAction":[{"@type":"ReadAction","target":["https:\/\/www.kilim-age.com\/en\/producto\/comprar-alfombras-clasicas-econonicas\/"]}]},{"@type":"ImageObject","inLanguage":"en-US","@id":"https:\/\/www.kilim-age.com\/en\/producto\/comprar-alfombras-clasicas-econonicas\/#primaryimage","url":"https:\/\/kilim-age.com\/wp-content\/uploads\/2020\/10\/IMG_99601.jpg","contentUrl":"https:\/\/kilim-age.com\/wp-content\/uploads\/2020\/10\/IMG_99601.jpg","width":1000,"height":1300,"caption":"Alfombras Cl\u00e1sicas"},{"@type":"BreadcrumbList","@id":"https:\/\/www.kilim-age.com\/en\/producto\/comprar-alfombras-clasicas-econonicas\/#breadcrumb","itemListElement":[{"@type":"ListItem","position":1,"name":"Home","item":"https:\/\/kilim-age.com\/en\/"},{"@type":"ListItem","position":2,"name":"Shop","item":"https:\/\/kilim-age.com\/es\/shop\/"},{"@type":"ListItem","position":3,"name":"CLASSIC TURKISH CARPET 248 x 165 cm"}]},{"@type":"WebSite","@id":"https:\/\/kilim-age.com\/en\/#website","url":"https:\/\/kilim-age.com\/en\/","name":"Kilim-Age","description":"Somos especialistas en productos artesanales de Turqu\u00eda como Alfombras, y Kilims","potentialAction":[{"@type":"SearchAction","target":{"@type":"EntryPoint","urlTemplate":"https:\/\/kilim-age.com\/en\/?s={search_term_string}"},"query-input":{"@type":"PropertyValueSpecification","valueRequired":true,"valueName":"search_term_string"}}],"inLanguage":"en-US"}]}},"_links":{"self":[{"href":"https:\/\/kilim-age.com\/en\/wp-json\/wp\/v2\/product\/14439","targetHints":{"allow":["GET"]}}],"collection":[{"href":"https:\/\/kilim-age.com\/en\/wp-json\/wp\/v2\/product"}],"about":[{"href":"https:\/\/kilim-age.com\/en\/wp-json\/wp\/v2\/types\/product"}],"replies":[{"embeddable":true,"href":"https:\/\/kilim-age.com\/en\/wp-json\/wp\/v2\/comments?post=14439"}],"wp:featuredmedia":[{"embeddable":true,"href":"https:\/\/kilim-age.com\/en\/wp-json\/wp\/v2\/media\/14441"}],"wp:attachment":[{"href":"https:\/\/kilim-age.com\/en\/wp-json\/wp\/v2\/media?parent=14439"}],"wp:term":[{"taxonomy":"product_brand","embeddable":true,"href":"https:\/\/kilim-age.com\/en\/wp-json\/wp\/v2\/product_brand?post=14439"},{"taxonomy":"product_cat","embeddable":true,"href":"https:\/\/kilim-age.com\/en\/wp-json\/wp\/v2\/product_cat?post=14439"},{"taxonomy":"product_tag","embeddable":true,"href":"https:\/\/kilim-age.com\/en\/wp-json\/wp\/v2\/product_tag?post=14439"}],"curies":[{"name":"wp","href":"https:\/\/api.w.org\/{rel}","templated":true}]}}