{"id":14334,"date":"2020-10-26T12:44:51","date_gmt":"2020-10-26T12:44:51","guid":{"rendered":"http:\/\/kilim-age.com\/?post_type=product&#038;p=14334"},"modified":"2024-08-13T13:45:31","modified_gmt":"2024-08-13T11:45:31","slug":"suaves-lineas-neutras","status":"publish","type":"product","link":"https:\/\/kilim-age.com\/en\/producto\/suaves-lineas-neutras\/","title":{"rendered":"New Age beige 1926"},"content":{"rendered":"<p style=\"text-align: left;\"><span lang=\"EN-US\">MODERN CARPETS<\/span><\/p>\n<p><span lang=\"EN-US\">Modern style rugs knotted by machine. The fabric is somewhat thicker compared to a classic carpet but when you touch it feels a very soft and pleasant touch.<\/span><\/p>\n<figure id=\"attachment_17864\" aria-describedby=\"caption-attachment-17864\" style=\"width: 300px\" class=\"wp-caption alignnone\"><img fetchpriority=\"high\" decoding=\"async\" class=\"size-medium wp-image-17864\" src=\"http:\/\/kilim-age.com\/wp-content\/uploads\/2020\/10\/1926-200x290-3_Original-300x300.jpg\" alt=\"Alfombra Moderna\" width=\"300\" height=\"300\" srcset=\"https:\/\/kilim-age.com\/wp-content\/uploads\/2020\/10\/1926-200x290-3_Original-300x300.jpg 300w, https:\/\/kilim-age.com\/wp-content\/uploads\/2020\/10\/1926-200x290-3_Original-150x150.jpg 150w, https:\/\/kilim-age.com\/wp-content\/uploads\/2020\/10\/1926-200x290-3_Original-768x768.jpg 768w, https:\/\/kilim-age.com\/wp-content\/uploads\/2020\/10\/1926-200x290-3_Original-1024x1024.jpg 1024w, https:\/\/kilim-age.com\/wp-content\/uploads\/2020\/10\/1926-200x290-3_Original-600x600.jpg 600w, https:\/\/kilim-age.com\/wp-content\/uploads\/2020\/10\/1926-200x290-3_Original-100x100.jpg 100w, https:\/\/kilim-age.com\/wp-content\/uploads\/2020\/10\/1926-200x290-3_Original.jpg 1080w\" sizes=\"(max-width: 300px) 100vw, 300px\" \/><figcaption id=\"caption-attachment-17864\" class=\"wp-caption-text\">Alfombra Moderna<\/figcaption><\/figure>\n<figure id=\"attachment_17863\" aria-describedby=\"caption-attachment-17863\" style=\"width: 300px\" class=\"wp-caption alignnone\"><img decoding=\"async\" class=\"size-medium wp-image-17863\" src=\"http:\/\/kilim-age.com\/wp-content\/uploads\/2020\/10\/Alfombra-Moderna-1926-300x300.jpg\" alt=\"Alfombra Moderna\" width=\"300\" height=\"300\" srcset=\"https:\/\/kilim-age.com\/wp-content\/uploads\/2020\/10\/Alfombra-Moderna-1926-300x300.jpg 300w, https:\/\/kilim-age.com\/wp-content\/uploads\/2020\/10\/Alfombra-Moderna-1926-150x150.jpg 150w, https:\/\/kilim-age.com\/wp-content\/uploads\/2020\/10\/Alfombra-Moderna-1926-768x768.jpg 768w, https:\/\/kilim-age.com\/wp-content\/uploads\/2020\/10\/Alfombra-Moderna-1926-1024x1024.jpg 1024w, https:\/\/kilim-age.com\/wp-content\/uploads\/2020\/10\/Alfombra-Moderna-1926-600x600.jpg 600w, https:\/\/kilim-age.com\/wp-content\/uploads\/2020\/10\/Alfombra-Moderna-1926-100x100.jpg 100w, https:\/\/kilim-age.com\/wp-content\/uploads\/2020\/10\/Alfombra-Moderna-1926.jpg 1080w\" sizes=\"(max-width: 300px) 100vw, 300px\" \/><figcaption id=\"caption-attachment-17863\" class=\"wp-caption-text\">Alfombra Moderna<\/figcaption><\/figure>","protected":false},"excerpt":{"rendered":"<p style=\"text-align: left;\">Origin: Turkey<br \/>\nMaterial: Cotton and Bamboo silk<br \/>\nThickness 7 mm<br \/>\nKnot density: 2.000.000 points\/m<sup>2<\/sup><br \/>\nAge: New<br \/>\nHigh-precision weaving<br \/>\nAll our rugs are made with natural fibers materials.<br \/>\nColors: Natural dyeing<br \/>\nThe colors in the carpet will be perceived differently depending on the angle you view it from<br \/>\nDelivery time: Spain approximately 2-5 days, Europe 5-7 days, other continents 7-10 days.<\/p>\n","protected":false},"featured_media":40977,"comment_status":"open","ping_status":"closed","template":"","meta":[],"product_brand":[],"product_cat":[62,232],"product_tag":[826,857,294,167,804],"class_list":{"0":"post-14334","1":"product","2":"type-product","3":"status-publish","4":"has-post-thumbnail","6":"product_cat-alfombras-turcas","7":"product_cat-alfombras-modernas","8":"product_tag-alfombra-abstracta","9":"product_tag-alfombra-contemporanea","10":"product_tag-alfombras-modernas","11":"product_tag-modern-carpet","12":"product_tag-modern-rugs","13":"product_shipping_class-alfombra-mediana","14":"pa_color-beige","15":"pa_color-gris","16":"pa_seleccionar-medidas-120x180-cm","17":"pa_seleccionar-medidas-160x230-cm","18":"pa_seleccionar-medidas-200x300-cm","19":"pa_seleccionar-medidas-240x340-cm","20":"pa_seleccionar-medidas-400x300-cm","21":"pa_seleccionar-medidas-80x150cm","23":"first","24":"outofstock","25":"sold-individually","26":"taxable","27":"shipping-taxable","28":"product-type-variable"},"yoast_head":"<!-- This site is optimized with the Yoast SEO plugin v24.8.1 - https:\/\/yoast.com\/wordpress\/plugins\/seo\/ -->\n<title>Alfombra moderna suaves l\u00edneas degradadas en beige y gris | Kilim-Age Alfombra moderna suaves l\u00edneas degradadas en beige y gris<\/title>\n<meta name=\"description\" content=\"Alfombras Modernas de Turqu\u00eda! Dise\u00f1os exclusivos y modernos, amplia gama de medidas y colores. Env\u00edo r\u00e1pido y gratuito! Hasta -20%-30% de Descuentos\" \/>\n<meta name=\"robots\" content=\"index, follow, max-snippet:-1, max-image-preview:large, max-video-preview:-1\" \/>\n<link rel=\"canonical\" href=\"https:\/\/www.kilim-age.com\/es\/producto\/suaves-lineas-neutras\/\" \/>\n<meta property=\"og:locale\" content=\"en_US\" \/>\n<meta property=\"og:type\" content=\"article\" \/>\n<meta property=\"og:title\" content=\"Alfombra moderna suaves l\u00edneas degradadas en beige y gris | Kilim-Age Alfombra moderna suaves l\u00edneas degradadas en beige y gris\" \/>\n<meta property=\"og:description\" content=\"Alfombras Modernas de Turqu\u00eda! Dise\u00f1os exclusivos y modernos, amplia gama de medidas y colores. Env\u00edo r\u00e1pido y gratuito! Hasta -20%-30% de Descuentos\" \/>\n<meta property=\"og:url\" content=\"https:\/\/www.kilim-age.com\/es\/producto\/suaves-lineas-neutras\/\" \/>\n<meta property=\"og:site_name\" content=\"Kilim-Age\" \/>\n<meta property=\"article:modified_time\" content=\"2024-08-13T11:45:31+00:00\" \/>\n<meta property=\"og:image\" content=\"https:\/\/www.kilim-age.com\/wp-content\/uploads\/2020\/10\/KAModern-carpet-1926.jpg\" \/>\n\t<meta property=\"og:image:width\" content=\"1000\" \/>\n\t<meta property=\"og:image:height\" content=\"1300\" \/>\n\t<meta property=\"og:image:type\" content=\"image\/jpeg\" \/>\n<meta name=\"twitter:card\" content=\"summary_large_image\" \/>\n<meta name=\"twitter:label1\" content=\"Est. reading time\" \/>\n\t<meta name=\"twitter:data1\" content=\"1 minute\" \/>\n<script type=\"application\/ld+json\" class=\"yoast-schema-graph\">{\"@context\":\"https:\/\/schema.org\",\"@graph\":[{\"@type\":\"WebPage\",\"@id\":\"https:\/\/www.kilim-age.com\/es\/producto\/suaves-lineas-neutras\/\",\"url\":\"https:\/\/www.kilim-age.com\/es\/producto\/suaves-lineas-neutras\/\",\"name\":\"Alfombra moderna suaves l\u00edneas degradadas en beige y gris | Kilim-Age Alfombra moderna suaves l\u00edneas degradadas en beige y gris\",\"isPartOf\":{\"@id\":\"https:\/\/kilim-age.com\/en\/#website\"},\"primaryImageOfPage\":{\"@id\":\"https:\/\/www.kilim-age.com\/es\/producto\/suaves-lineas-neutras\/#primaryimage\"},\"image\":{\"@id\":\"https:\/\/www.kilim-age.com\/es\/producto\/suaves-lineas-neutras\/#primaryimage\"},\"thumbnailUrl\":\"https:\/\/kilim-age.com\/wp-content\/uploads\/2020\/10\/KAModern-carpet-1926.jpg\",\"datePublished\":\"2020-10-26T12:44:51+00:00\",\"dateModified\":\"2024-08-13T11:45:31+00:00\",\"description\":\"Alfombras Modernas de Turqu\u00eda! Dise\u00f1os exclusivos y modernos, amplia gama de medidas y colores. Env\u00edo r\u00e1pido y gratuito! Hasta -20%-30% de Descuentos\",\"breadcrumb\":{\"@id\":\"https:\/\/www.kilim-age.com\/es\/producto\/suaves-lineas-neutras\/#breadcrumb\"},\"inLanguage\":\"en-US\",\"potentialAction\":[{\"@type\":\"ReadAction\",\"target\":[\"https:\/\/www.kilim-age.com\/es\/producto\/suaves-lineas-neutras\/\"]}]},{\"@type\":\"ImageObject\",\"inLanguage\":\"en-US\",\"@id\":\"https:\/\/www.kilim-age.com\/es\/producto\/suaves-lineas-neutras\/#primaryimage\",\"url\":\"https:\/\/kilim-age.com\/wp-content\/uploads\/2020\/10\/KAModern-carpet-1926.jpg\",\"contentUrl\":\"https:\/\/kilim-age.com\/wp-content\/uploads\/2020\/10\/KAModern-carpet-1926.jpg\",\"width\":1000,\"height\":1300},{\"@type\":\"BreadcrumbList\",\"@id\":\"https:\/\/www.kilim-age.com\/es\/producto\/suaves-lineas-neutras\/#breadcrumb\",\"itemListElement\":[{\"@type\":\"ListItem\",\"position\":1,\"name\":\"Home\",\"item\":\"https:\/\/kilim-age.com\/en\/\"},{\"@type\":\"ListItem\",\"position\":2,\"name\":\"Shop\",\"item\":\"https:\/\/kilim-age.com\/es\/shop\/\"},{\"@type\":\"ListItem\",\"position\":3,\"name\":\"New Age beige 1926\"}]},{\"@type\":\"WebSite\",\"@id\":\"https:\/\/kilim-age.com\/en\/#website\",\"url\":\"https:\/\/kilim-age.com\/en\/\",\"name\":\"Kilim-Age\",\"description\":\"Somos especialistas en productos artesanales de Turqu\u00eda como Alfombras, y Kilims\",\"potentialAction\":[{\"@type\":\"SearchAction\",\"target\":{\"@type\":\"EntryPoint\",\"urlTemplate\":\"https:\/\/kilim-age.com\/en\/?s={search_term_string}\"},\"query-input\":{\"@type\":\"PropertyValueSpecification\",\"valueRequired\":true,\"valueName\":\"search_term_string\"}}],\"inLanguage\":\"en-US\"}]}<\/script>\n<!-- \/ Yoast SEO plugin. -->","yoast_head_json":{"title":"Alfombra moderna suaves l\u00edneas degradadas en beige y gris | Kilim-Age Alfombra moderna suaves l\u00edneas degradadas en beige y gris","description":"Alfombras Modernas de Turqu\u00eda! Dise\u00f1os exclusivos y modernos, amplia gama de medidas y colores. Env\u00edo r\u00e1pido y gratuito! Hasta -20%-30% de Descuentos","robots":{"index":"index","follow":"follow","max-snippet":"max-snippet:-1","max-image-preview":"max-image-preview:large","max-video-preview":"max-video-preview:-1"},"canonical":"https:\/\/www.kilim-age.com\/es\/producto\/suaves-lineas-neutras\/","og_locale":"en_US","og_type":"article","og_title":"Alfombra moderna suaves l\u00edneas degradadas en beige y gris | Kilim-Age Alfombra moderna suaves l\u00edneas degradadas en beige y gris","og_description":"Alfombras Modernas de Turqu\u00eda! Dise\u00f1os exclusivos y modernos, amplia gama de medidas y colores. Env\u00edo r\u00e1pido y gratuito! Hasta -20%-30% de Descuentos","og_url":"https:\/\/www.kilim-age.com\/es\/producto\/suaves-lineas-neutras\/","og_site_name":"Kilim-Age","article_modified_time":"2024-08-13T11:45:31+00:00","og_image":[{"width":1000,"height":1300,"url":"https:\/\/www.kilim-age.com\/wp-content\/uploads\/2020\/10\/KAModern-carpet-1926.jpg","type":"image\/jpeg"}],"twitter_card":"summary_large_image","twitter_misc":{"Est. reading time":"1 minute"},"schema":{"@context":"https:\/\/schema.org","@graph":[{"@type":"WebPage","@id":"https:\/\/www.kilim-age.com\/es\/producto\/suaves-lineas-neutras\/","url":"https:\/\/www.kilim-age.com\/es\/producto\/suaves-lineas-neutras\/","name":"Alfombra moderna suaves l\u00edneas degradadas en beige y gris | Kilim-Age Alfombra moderna suaves l\u00edneas degradadas en beige y gris","isPartOf":{"@id":"https:\/\/kilim-age.com\/en\/#website"},"primaryImageOfPage":{"@id":"https:\/\/www.kilim-age.com\/es\/producto\/suaves-lineas-neutras\/#primaryimage"},"image":{"@id":"https:\/\/www.kilim-age.com\/es\/producto\/suaves-lineas-neutras\/#primaryimage"},"thumbnailUrl":"https:\/\/kilim-age.com\/wp-content\/uploads\/2020\/10\/KAModern-carpet-1926.jpg","datePublished":"2020-10-26T12:44:51+00:00","dateModified":"2024-08-13T11:45:31+00:00","description":"Alfombras Modernas de Turqu\u00eda! Dise\u00f1os exclusivos y modernos, amplia gama de medidas y colores. Env\u00edo r\u00e1pido y gratuito! Hasta -20%-30% de Descuentos","breadcrumb":{"@id":"https:\/\/www.kilim-age.com\/es\/producto\/suaves-lineas-neutras\/#breadcrumb"},"inLanguage":"en-US","potentialAction":[{"@type":"ReadAction","target":["https:\/\/www.kilim-age.com\/es\/producto\/suaves-lineas-neutras\/"]}]},{"@type":"ImageObject","inLanguage":"en-US","@id":"https:\/\/www.kilim-age.com\/es\/producto\/suaves-lineas-neutras\/#primaryimage","url":"https:\/\/kilim-age.com\/wp-content\/uploads\/2020\/10\/KAModern-carpet-1926.jpg","contentUrl":"https:\/\/kilim-age.com\/wp-content\/uploads\/2020\/10\/KAModern-carpet-1926.jpg","width":1000,"height":1300},{"@type":"BreadcrumbList","@id":"https:\/\/www.kilim-age.com\/es\/producto\/suaves-lineas-neutras\/#breadcrumb","itemListElement":[{"@type":"ListItem","position":1,"name":"Home","item":"https:\/\/kilim-age.com\/en\/"},{"@type":"ListItem","position":2,"name":"Shop","item":"https:\/\/kilim-age.com\/es\/shop\/"},{"@type":"ListItem","position":3,"name":"New Age beige 1926"}]},{"@type":"WebSite","@id":"https:\/\/kilim-age.com\/en\/#website","url":"https:\/\/kilim-age.com\/en\/","name":"Kilim-Age","description":"Somos especialistas en productos artesanales de Turqu\u00eda como Alfombras, y Kilims","potentialAction":[{"@type":"SearchAction","target":{"@type":"EntryPoint","urlTemplate":"https:\/\/kilim-age.com\/en\/?s={search_term_string}"},"query-input":{"@type":"PropertyValueSpecification","valueRequired":true,"valueName":"search_term_string"}}],"inLanguage":"en-US"}]}},"_links":{"self":[{"href":"https:\/\/kilim-age.com\/en\/wp-json\/wp\/v2\/product\/14334","targetHints":{"allow":["GET"]}}],"collection":[{"href":"https:\/\/kilim-age.com\/en\/wp-json\/wp\/v2\/product"}],"about":[{"href":"https:\/\/kilim-age.com\/en\/wp-json\/wp\/v2\/types\/product"}],"replies":[{"embeddable":true,"href":"https:\/\/kilim-age.com\/en\/wp-json\/wp\/v2\/comments?post=14334"}],"wp:featuredmedia":[{"embeddable":true,"href":"https:\/\/kilim-age.com\/en\/wp-json\/wp\/v2\/media\/40977"}],"wp:attachment":[{"href":"https:\/\/kilim-age.com\/en\/wp-json\/wp\/v2\/media?parent=14334"}],"wp:term":[{"taxonomy":"product_brand","embeddable":true,"href":"https:\/\/kilim-age.com\/en\/wp-json\/wp\/v2\/product_brand?post=14334"},{"taxonomy":"product_cat","embeddable":true,"href":"https:\/\/kilim-age.com\/en\/wp-json\/wp\/v2\/product_cat?post=14334"},{"taxonomy":"product_tag","embeddable":true,"href":"https:\/\/kilim-age.com\/en\/wp-json\/wp\/v2\/product_tag?post=14334"}],"curies":[{"name":"wp","href":"https:\/\/api.w.org\/{rel}","templated":true}]}}