{"id":13417,"date":"2020-09-23T16:51:50","date_gmt":"2020-09-23T16:51:50","guid":{"rendered":"http:\/\/kilim-age.com\/?post_type=product&#038;p=13417"},"modified":"2025-06-14T17:41:38","modified_gmt":"2025-06-14T15:41:38","slug":"comprar-alfombras-vintage","status":"publish","type":"product","link":"https:\/\/kilim-age.com\/en\/producto\/comprar-alfombras-vintage\/","title":{"rendered":"VINTAGE CARPET 284 X 189 cm"},"content":{"rendered":"<h1><span style=\"font-size: 95%;\">VINTAGE CARPETS<\/span><\/h1>\n<p>Classic vintage carpets from Turkey. These carpets are approximately 20 or 30 years old. Each carpet is selected carefully and submitted an exceptional chromatic neutralization process before being dyed. The worn out effect offers a new, updated and contemporary perspective.","protected":false},"excerpt":{"rendered":"<p>Manufacturing: Knotted by hand<br \/>\nSize: 284 X 189 cm<br \/>\nKnot density: Aprox 300000 knots per m\u00b2<br \/>\nOrigin: Turkey<br \/>\nPile: Wool<br \/>\nWarp: Cotton<br \/>\nThickness approx: 4-5 mm<br \/>\nNatural dyeing<br \/>\nThe colors in the carpet will be perceived differently depending on the angle you view it from<br \/>\nDelivery time: Spain approximately 2-5 days, Europe 5-7 days, other continents 7-10 days.<\/p>\n","protected":false},"featured_media":13418,"comment_status":"open","ping_status":"closed","template":"","meta":[],"product_brand":[],"product_cat":[62,183],"product_tag":[123],"class_list":{"0":"post-13417","1":"product","2":"type-product","3":"status-publish","4":"has-post-thumbnail","6":"product_cat-alfombras-turcas","7":"product_cat-alfombras-vintage","8":"product_tag-alfombras-vintage","9":"product_shipping_class-alfombra-grande","10":"pa_ancho-cm-969","11":"pa_color-verde","12":"pa_largo-cm-970","13":"pa_medida-grandes","15":"first","16":"outofstock","17":"sale","18":"sold-individually","19":"taxable","20":"shipping-taxable","21":"purchasable","22":"product-type-simple"},"yoast_head":"<!-- This site is optimized with the Yoast SEO plugin v24.8.1 - https:\/\/yoast.com\/wordpress\/plugins\/seo\/ -->\n<title>COMPRAR ALFOMBRAS VINTAGE ECON\u00d3MICAS | Kilim-Age |<\/title>\n<meta name=\"description\" content=\"Comprar Alfombras Vintage Online! Ofertas y grandes descuentos en toda la colecci\u00f3n. Tenemos alfombras Vintage, Patchwork, Modernas y Kilims de Turqu\u00eda..\" \/>\n<meta name=\"robots\" content=\"index, follow, max-snippet:-1, max-image-preview:large, max-video-preview:-1\" \/>\n<link rel=\"canonical\" href=\"https:\/\/www.kilim-age.com\/es\/producto\/comprar-alfombras-vintage\/\" \/>\n<meta property=\"og:locale\" content=\"en_US\" \/>\n<meta property=\"og:type\" content=\"article\" \/>\n<meta property=\"og:title\" content=\"COMPRAR ALFOMBRAS VINTAGE ECON\u00d3MICAS | Kilim-Age |\" \/>\n<meta property=\"og:description\" content=\"Comprar Alfombras Vintage Online! Ofertas y grandes descuentos en toda la colecci\u00f3n. Tenemos alfombras Vintage, Patchwork, Modernas y Kilims de Turqu\u00eda..\" \/>\n<meta property=\"og:url\" content=\"https:\/\/www.kilim-age.com\/es\/producto\/comprar-alfombras-vintage\/\" \/>\n<meta property=\"og:site_name\" content=\"Kilim-Age\" \/>\n<meta property=\"article:modified_time\" content=\"2025-06-14T15:41:38+00:00\" \/>\n<meta property=\"og:image\" content=\"https:\/\/www.kilim-age.com\/wp-content\/uploads\/2020\/09\/IMG_72121.jpg\" \/>\n\t<meta property=\"og:image:width\" content=\"1000\" \/>\n\t<meta property=\"og:image:height\" content=\"1300\" \/>\n\t<meta property=\"og:image:type\" content=\"image\/jpeg\" \/>\n<meta name=\"twitter:card\" content=\"summary_large_image\" \/>\n<meta name=\"twitter:label1\" content=\"Est. reading time\" \/>\n\t<meta name=\"twitter:data1\" content=\"2 minutes\" \/>\n<script type=\"application\/ld+json\" class=\"yoast-schema-graph\">{\"@context\":\"https:\/\/schema.org\",\"@graph\":[{\"@type\":\"WebPage\",\"@id\":\"https:\/\/www.kilim-age.com\/es\/producto\/comprar-alfombras-vintage\/\",\"url\":\"https:\/\/www.kilim-age.com\/es\/producto\/comprar-alfombras-vintage\/\",\"name\":\"COMPRAR ALFOMBRAS VINTAGE ECON\u00d3MICAS | Kilim-Age |\",\"isPartOf\":{\"@id\":\"https:\/\/kilim-age.com\/en\/#website\"},\"primaryImageOfPage\":{\"@id\":\"https:\/\/www.kilim-age.com\/es\/producto\/comprar-alfombras-vintage\/#primaryimage\"},\"image\":{\"@id\":\"https:\/\/www.kilim-age.com\/es\/producto\/comprar-alfombras-vintage\/#primaryimage\"},\"thumbnailUrl\":\"https:\/\/kilim-age.com\/wp-content\/uploads\/2020\/09\/IMG_72121.jpg\",\"datePublished\":\"2020-09-23T16:51:50+00:00\",\"dateModified\":\"2025-06-14T15:41:38+00:00\",\"description\":\"Comprar Alfombras Vintage Online! Ofertas y grandes descuentos en toda la colecci\u00f3n. Tenemos alfombras Vintage, Patchwork, Modernas y Kilims de Turqu\u00eda..\",\"breadcrumb\":{\"@id\":\"https:\/\/www.kilim-age.com\/es\/producto\/comprar-alfombras-vintage\/#breadcrumb\"},\"inLanguage\":\"en-US\",\"potentialAction\":[{\"@type\":\"ReadAction\",\"target\":[\"https:\/\/www.kilim-age.com\/es\/producto\/comprar-alfombras-vintage\/\"]}]},{\"@type\":\"ImageObject\",\"inLanguage\":\"en-US\",\"@id\":\"https:\/\/www.kilim-age.com\/es\/producto\/comprar-alfombras-vintage\/#primaryimage\",\"url\":\"https:\/\/kilim-age.com\/wp-content\/uploads\/2020\/09\/IMG_72121.jpg\",\"contentUrl\":\"https:\/\/kilim-age.com\/wp-content\/uploads\/2020\/09\/IMG_72121.jpg\",\"width\":1000,\"height\":1300,\"caption\":\"Alfombras Vintage\"},{\"@type\":\"BreadcrumbList\",\"@id\":\"https:\/\/www.kilim-age.com\/es\/producto\/comprar-alfombras-vintage\/#breadcrumb\",\"itemListElement\":[{\"@type\":\"ListItem\",\"position\":1,\"name\":\"Home\",\"item\":\"https:\/\/kilim-age.com\/en\/\"},{\"@type\":\"ListItem\",\"position\":2,\"name\":\"Shop\",\"item\":\"https:\/\/kilim-age.com\/es\/shop\/\"},{\"@type\":\"ListItem\",\"position\":3,\"name\":\"ALFOMBRA VINTAGE 284 X 189 cm\"}]},{\"@type\":\"WebSite\",\"@id\":\"https:\/\/kilim-age.com\/en\/#website\",\"url\":\"https:\/\/kilim-age.com\/en\/\",\"name\":\"Kilim-Age\",\"description\":\"Somos especialistas en productos artesanales de Turqu\u00eda como Alfombras, y Kilims\",\"potentialAction\":[{\"@type\":\"SearchAction\",\"target\":{\"@type\":\"EntryPoint\",\"urlTemplate\":\"https:\/\/kilim-age.com\/en\/?s={search_term_string}\"},\"query-input\":{\"@type\":\"PropertyValueSpecification\",\"valueRequired\":true,\"valueName\":\"search_term_string\"}}],\"inLanguage\":\"en-US\"}]}<\/script>\n<!-- \/ Yoast SEO plugin. -->","yoast_head_json":{"title":"COMPRAR ALFOMBRAS VINTAGE ECON\u00d3MICAS | Kilim-Age |","description":"Comprar Alfombras Vintage Online! Ofertas y grandes descuentos en toda la colecci\u00f3n. Tenemos alfombras Vintage, Patchwork, Modernas y Kilims de Turqu\u00eda..","robots":{"index":"index","follow":"follow","max-snippet":"max-snippet:-1","max-image-preview":"max-image-preview:large","max-video-preview":"max-video-preview:-1"},"canonical":"https:\/\/www.kilim-age.com\/es\/producto\/comprar-alfombras-vintage\/","og_locale":"en_US","og_type":"article","og_title":"COMPRAR ALFOMBRAS VINTAGE ECON\u00d3MICAS | Kilim-Age |","og_description":"Comprar Alfombras Vintage Online! Ofertas y grandes descuentos en toda la colecci\u00f3n. Tenemos alfombras Vintage, Patchwork, Modernas y Kilims de Turqu\u00eda..","og_url":"https:\/\/www.kilim-age.com\/es\/producto\/comprar-alfombras-vintage\/","og_site_name":"Kilim-Age","article_modified_time":"2025-06-14T15:41:38+00:00","og_image":[{"width":1000,"height":1300,"url":"https:\/\/www.kilim-age.com\/wp-content\/uploads\/2020\/09\/IMG_72121.jpg","type":"image\/jpeg"}],"twitter_card":"summary_large_image","twitter_misc":{"Est. reading time":"2 minutes"},"schema":{"@context":"https:\/\/schema.org","@graph":[{"@type":"WebPage","@id":"https:\/\/www.kilim-age.com\/es\/producto\/comprar-alfombras-vintage\/","url":"https:\/\/www.kilim-age.com\/es\/producto\/comprar-alfombras-vintage\/","name":"COMPRAR ALFOMBRAS VINTAGE ECON\u00d3MICAS | Kilim-Age |","isPartOf":{"@id":"https:\/\/kilim-age.com\/en\/#website"},"primaryImageOfPage":{"@id":"https:\/\/www.kilim-age.com\/es\/producto\/comprar-alfombras-vintage\/#primaryimage"},"image":{"@id":"https:\/\/www.kilim-age.com\/es\/producto\/comprar-alfombras-vintage\/#primaryimage"},"thumbnailUrl":"https:\/\/kilim-age.com\/wp-content\/uploads\/2020\/09\/IMG_72121.jpg","datePublished":"2020-09-23T16:51:50+00:00","dateModified":"2025-06-14T15:41:38+00:00","description":"Comprar Alfombras Vintage Online! Ofertas y grandes descuentos en toda la colecci\u00f3n. Tenemos alfombras Vintage, Patchwork, Modernas y Kilims de Turqu\u00eda..","breadcrumb":{"@id":"https:\/\/www.kilim-age.com\/es\/producto\/comprar-alfombras-vintage\/#breadcrumb"},"inLanguage":"en-US","potentialAction":[{"@type":"ReadAction","target":["https:\/\/www.kilim-age.com\/es\/producto\/comprar-alfombras-vintage\/"]}]},{"@type":"ImageObject","inLanguage":"en-US","@id":"https:\/\/www.kilim-age.com\/es\/producto\/comprar-alfombras-vintage\/#primaryimage","url":"https:\/\/kilim-age.com\/wp-content\/uploads\/2020\/09\/IMG_72121.jpg","contentUrl":"https:\/\/kilim-age.com\/wp-content\/uploads\/2020\/09\/IMG_72121.jpg","width":1000,"height":1300,"caption":"Alfombras Vintage"},{"@type":"BreadcrumbList","@id":"https:\/\/www.kilim-age.com\/es\/producto\/comprar-alfombras-vintage\/#breadcrumb","itemListElement":[{"@type":"ListItem","position":1,"name":"Home","item":"https:\/\/kilim-age.com\/en\/"},{"@type":"ListItem","position":2,"name":"Shop","item":"https:\/\/kilim-age.com\/es\/shop\/"},{"@type":"ListItem","position":3,"name":"ALFOMBRA VINTAGE 284 X 189 cm"}]},{"@type":"WebSite","@id":"https:\/\/kilim-age.com\/en\/#website","url":"https:\/\/kilim-age.com\/en\/","name":"Kilim-Age","description":"Somos especialistas en productos artesanales de Turqu\u00eda como Alfombras, y Kilims","potentialAction":[{"@type":"SearchAction","target":{"@type":"EntryPoint","urlTemplate":"https:\/\/kilim-age.com\/en\/?s={search_term_string}"},"query-input":{"@type":"PropertyValueSpecification","valueRequired":true,"valueName":"search_term_string"}}],"inLanguage":"en-US"}]}},"_links":{"self":[{"href":"https:\/\/kilim-age.com\/en\/wp-json\/wp\/v2\/product\/13417","targetHints":{"allow":["GET"]}}],"collection":[{"href":"https:\/\/kilim-age.com\/en\/wp-json\/wp\/v2\/product"}],"about":[{"href":"https:\/\/kilim-age.com\/en\/wp-json\/wp\/v2\/types\/product"}],"replies":[{"embeddable":true,"href":"https:\/\/kilim-age.com\/en\/wp-json\/wp\/v2\/comments?post=13417"}],"wp:featuredmedia":[{"embeddable":true,"href":"https:\/\/kilim-age.com\/en\/wp-json\/wp\/v2\/media\/13418"}],"wp:attachment":[{"href":"https:\/\/kilim-age.com\/en\/wp-json\/wp\/v2\/media?parent=13417"}],"wp:term":[{"taxonomy":"product_brand","embeddable":true,"href":"https:\/\/kilim-age.com\/en\/wp-json\/wp\/v2\/product_brand?post=13417"},{"taxonomy":"product_cat","embeddable":true,"href":"https:\/\/kilim-age.com\/en\/wp-json\/wp\/v2\/product_cat?post=13417"},{"taxonomy":"product_tag","embeddable":true,"href":"https:\/\/kilim-age.com\/en\/wp-json\/wp\/v2\/product_tag?post=13417"}],"curies":[{"name":"wp","href":"https:\/\/api.w.org\/{rel}","templated":true}]}}