{"id":11369,"date":"2020-07-07T11:55:28","date_gmt":"2020-07-07T11:55:28","guid":{"rendered":"http:\/\/kilim-age.com\/?post_type=product&#038;p=11369"},"modified":"2024-12-17T18:25:41","modified_gmt":"2024-12-17T17:25:41","slug":"alfombra-moderna-azul-y-beige","status":"publish","type":"product","link":"https:\/\/kilim-age.com\/en\/producto\/alfombra-moderna-azul-y-beige\/","title":{"rendered":"MODERN BLUE BEIGE CARPET AZUL BEIGE"},"content":{"rendered":"<div>Modern and contemporary design rug in various sizes available, combining blue and beige colors. Made with wool spun by hand and natural dyed. This rug with multiple environments thanks to its neutral tones is full of nuances. Its appearance is silky and very elegant.<\/div>\n<div>The colors of the carpet will be perceived in different ways depending on the viewing angle.<\/div>\n<div><\/div>\n<div>You can buy this carpet and test it at home without obligation and if you are not satisfied with your choice, you have a period of 14 days from delivery for any exchange or return of it. If you have any further questions, you can write or call us at the numbers you will find in the contact section.<\/div>\n<h2>LARGE MODERN CARPETS<\/h2>\n<div>Modern rugs! They are an adaptation of classic rugs to new trends and current design needs. In the manufacturing process we always use high quality natural materials. Modern rugs are characterized by contrasting colors and more abstract shapes. They have shorter pile than the classic rugs of a lifetime, therefore, the touch is very soft and pleasant.<\/div>\n<div><\/div>\n<div>In their composition they combine materials such as cotton, wool, silk and viscose dyed in natural mineral dyes. Likewise, they offer a very easy level of maintenance and have an unbeatable quality and resistance.<\/div>\n<h2>WHY DO WE RECOMMEND?<\/h2>\n<div>This new trend in rugs is an alternative for more homogeneous environments. They are rugs that adapt to spaces of any style and give a modern and original touch. They give an artistic note to the environment we want to create. They offer warmth and dress the spaces to give them consistency and robustness.<\/div>\n<p>&nbsp;","protected":false},"excerpt":{"rendered":"<p><span lang=\"EN-US\">Manufacturing: Machine made carpet<\/span><\/p>\n<p><span lang=\"EN-US\">Knot density: Aprox 120000 knots per m\u00b2<\/span><\/p>\n<p><span lang=\"EN-US\">Age: New<\/span><\/p>\n<p><span lang=\"EN-US\">Origin: Turkey<\/span><\/p>\n<p><span lang=\"EN-US\">Pile: Cotton and Viscose<\/span><\/p>\n<p><span lang=\"EN-US\">Thickness approx: 6,7 mm<\/span><\/p>\n<p><span lang=\"EN-US\">All our rugs are made with high quality natural materials.<\/span><\/p>\n<p><span lang=\"EN-US\">Colors: Natural dyeing<\/span><\/p>\n<p><span lang=\"EN-US\">The colors in the carpet will be perceived differently depending on the angle you view it from<br \/>\nDelivery time: Spain approximately 2-5 days, Europe 5-7 days, other continents 7-10 days.<\/span><\/p>\n","protected":false},"featured_media":19833,"comment_status":"open","ping_status":"closed","template":"","meta":[],"product_brand":[],"product_cat":[62,232],"product_tag":[294,803,804],"class_list":{"0":"post-11369","1":"product","2":"type-product","3":"status-publish","4":"has-post-thumbnail","6":"product_cat-alfombras-turcas","7":"product_cat-alfombras-modernas","8":"product_tag-alfombras-modernas","9":"product_tag-modern-carpets","10":"product_tag-modern-rugs","11":"product_shipping_class-alfombra-mediana","12":"pa_medida-medianos","13":"pa_seleccionar-medidas-120x180-cm","14":"pa_seleccionar-medidas-160x230-cm","15":"pa_seleccionar-medidas-200x300-cm","16":"pa_seleccionar-medidas-240x340-cm","17":"pa_seleccionar-medidas-400x300-cm","18":"pa_seleccionar-medidas-80x150cm","20":"first","21":"outofstock","22":"sale","23":"sold-individually","24":"taxable","25":"shipping-taxable","26":"purchasable","27":"product-type-variable"},"yoast_head":"<!-- This site is optimized with the Yoast SEO plugin v24.8.1 - https:\/\/yoast.com\/wordpress\/plugins\/seo\/ -->\n<title>Alfombra turca de dise\u00f1o moderno con colores azules con beige<\/title>\n<meta name=\"description\" content=\"Alfombra de dise\u00f1o moderno combina colores azules con beige. Fabricada con lana hilada a mano y te\u00f1ido natural.\" \/>\n<meta name=\"robots\" content=\"index, follow, max-snippet:-1, max-image-preview:large, max-video-preview:-1\" \/>\n<link rel=\"canonical\" href=\"https:\/\/www.kilim-age.com\/es\/producto\/alfombra-moderna-azul-y-beige\/\" \/>\n<meta property=\"og:locale\" content=\"en_US\" \/>\n<meta property=\"og:type\" content=\"article\" \/>\n<meta property=\"og:title\" content=\"Alfombra turca de dise\u00f1o moderno con colores azules con beige\" \/>\n<meta property=\"og:description\" content=\"Alfombra de dise\u00f1o moderno combina colores azules con beige. Fabricada con lana hilada a mano y te\u00f1ido natural.\" \/>\n<meta property=\"og:url\" content=\"https:\/\/www.kilim-age.com\/es\/producto\/alfombra-moderna-azul-y-beige\/\" \/>\n<meta property=\"og:site_name\" content=\"Kilim-Age\" \/>\n<meta property=\"article:modified_time\" content=\"2024-12-17T17:25:41+00:00\" \/>\n<meta property=\"og:image\" content=\"https:\/\/www.kilim-age.com\/wp-content\/uploads\/2020\/07\/IMG_9988.jpg\" \/>\n\t<meta property=\"og:image:width\" content=\"1000\" \/>\n\t<meta property=\"og:image:height\" content=\"1300\" \/>\n\t<meta property=\"og:image:type\" content=\"image\/jpeg\" \/>\n<meta name=\"twitter:card\" content=\"summary_large_image\" \/>\n<meta name=\"twitter:label1\" content=\"Est. reading time\" \/>\n\t<meta name=\"twitter:data1\" content=\"2 minutes\" \/>\n<script type=\"application\/ld+json\" class=\"yoast-schema-graph\">{\"@context\":\"https:\/\/schema.org\",\"@graph\":[{\"@type\":\"WebPage\",\"@id\":\"https:\/\/www.kilim-age.com\/es\/producto\/alfombra-moderna-azul-y-beige\/\",\"url\":\"https:\/\/www.kilim-age.com\/es\/producto\/alfombra-moderna-azul-y-beige\/\",\"name\":\"Alfombra turca de dise\u00f1o moderno con colores azules con beige\",\"isPartOf\":{\"@id\":\"https:\/\/kilim-age.com\/en\/#website\"},\"primaryImageOfPage\":{\"@id\":\"https:\/\/www.kilim-age.com\/es\/producto\/alfombra-moderna-azul-y-beige\/#primaryimage\"},\"image\":{\"@id\":\"https:\/\/www.kilim-age.com\/es\/producto\/alfombra-moderna-azul-y-beige\/#primaryimage\"},\"thumbnailUrl\":\"https:\/\/kilim-age.com\/wp-content\/uploads\/2020\/07\/IMG_9988.jpg\",\"datePublished\":\"2020-07-07T11:55:28+00:00\",\"dateModified\":\"2024-12-17T17:25:41+00:00\",\"description\":\"Alfombra de dise\u00f1o moderno combina colores azules con beige. Fabricada con lana hilada a mano y te\u00f1ido natural.\",\"breadcrumb\":{\"@id\":\"https:\/\/www.kilim-age.com\/es\/producto\/alfombra-moderna-azul-y-beige\/#breadcrumb\"},\"inLanguage\":\"en-US\",\"potentialAction\":[{\"@type\":\"ReadAction\",\"target\":[\"https:\/\/www.kilim-age.com\/es\/producto\/alfombra-moderna-azul-y-beige\/\"]}]},{\"@type\":\"ImageObject\",\"inLanguage\":\"en-US\",\"@id\":\"https:\/\/www.kilim-age.com\/es\/producto\/alfombra-moderna-azul-y-beige\/#primaryimage\",\"url\":\"https:\/\/kilim-age.com\/wp-content\/uploads\/2020\/07\/IMG_9988.jpg\",\"contentUrl\":\"https:\/\/kilim-age.com\/wp-content\/uploads\/2020\/07\/IMG_9988.jpg\",\"width\":1000,\"height\":1300,\"caption\":\"Alfombra Moderna\"},{\"@type\":\"BreadcrumbList\",\"@id\":\"https:\/\/www.kilim-age.com\/es\/producto\/alfombra-moderna-azul-y-beige\/#breadcrumb\",\"itemListElement\":[{\"@type\":\"ListItem\",\"position\":1,\"name\":\"Home\",\"item\":\"https:\/\/kilim-age.com\/en\/\"},{\"@type\":\"ListItem\",\"position\":2,\"name\":\"Shop\",\"item\":\"https:\/\/kilim-age.com\/es\/shop\/\"},{\"@type\":\"ListItem\",\"position\":3,\"name\":\"ALFOMBRA MODERNA AZUL Y BEIGE\"}]},{\"@type\":\"WebSite\",\"@id\":\"https:\/\/kilim-age.com\/en\/#website\",\"url\":\"https:\/\/kilim-age.com\/en\/\",\"name\":\"Kilim-Age\",\"description\":\"Somos especialistas en productos artesanales de Turqu\u00eda como Alfombras, y Kilims\",\"potentialAction\":[{\"@type\":\"SearchAction\",\"target\":{\"@type\":\"EntryPoint\",\"urlTemplate\":\"https:\/\/kilim-age.com\/en\/?s={search_term_string}\"},\"query-input\":{\"@type\":\"PropertyValueSpecification\",\"valueRequired\":true,\"valueName\":\"search_term_string\"}}],\"inLanguage\":\"en-US\"}]}<\/script>\n<!-- \/ Yoast SEO plugin. -->","yoast_head_json":{"title":"Alfombra turca de dise\u00f1o moderno con colores azules con beige","description":"Alfombra de dise\u00f1o moderno combina colores azules con beige. Fabricada con lana hilada a mano y te\u00f1ido natural.","robots":{"index":"index","follow":"follow","max-snippet":"max-snippet:-1","max-image-preview":"max-image-preview:large","max-video-preview":"max-video-preview:-1"},"canonical":"https:\/\/www.kilim-age.com\/es\/producto\/alfombra-moderna-azul-y-beige\/","og_locale":"en_US","og_type":"article","og_title":"Alfombra turca de dise\u00f1o moderno con colores azules con beige","og_description":"Alfombra de dise\u00f1o moderno combina colores azules con beige. Fabricada con lana hilada a mano y te\u00f1ido natural.","og_url":"https:\/\/www.kilim-age.com\/es\/producto\/alfombra-moderna-azul-y-beige\/","og_site_name":"Kilim-Age","article_modified_time":"2024-12-17T17:25:41+00:00","og_image":[{"width":1000,"height":1300,"url":"https:\/\/www.kilim-age.com\/wp-content\/uploads\/2020\/07\/IMG_9988.jpg","type":"image\/jpeg"}],"twitter_card":"summary_large_image","twitter_misc":{"Est. reading time":"2 minutes"},"schema":{"@context":"https:\/\/schema.org","@graph":[{"@type":"WebPage","@id":"https:\/\/www.kilim-age.com\/es\/producto\/alfombra-moderna-azul-y-beige\/","url":"https:\/\/www.kilim-age.com\/es\/producto\/alfombra-moderna-azul-y-beige\/","name":"Alfombra turca de dise\u00f1o moderno con colores azules con beige","isPartOf":{"@id":"https:\/\/kilim-age.com\/en\/#website"},"primaryImageOfPage":{"@id":"https:\/\/www.kilim-age.com\/es\/producto\/alfombra-moderna-azul-y-beige\/#primaryimage"},"image":{"@id":"https:\/\/www.kilim-age.com\/es\/producto\/alfombra-moderna-azul-y-beige\/#primaryimage"},"thumbnailUrl":"https:\/\/kilim-age.com\/wp-content\/uploads\/2020\/07\/IMG_9988.jpg","datePublished":"2020-07-07T11:55:28+00:00","dateModified":"2024-12-17T17:25:41+00:00","description":"Alfombra de dise\u00f1o moderno combina colores azules con beige. Fabricada con lana hilada a mano y te\u00f1ido natural.","breadcrumb":{"@id":"https:\/\/www.kilim-age.com\/es\/producto\/alfombra-moderna-azul-y-beige\/#breadcrumb"},"inLanguage":"en-US","potentialAction":[{"@type":"ReadAction","target":["https:\/\/www.kilim-age.com\/es\/producto\/alfombra-moderna-azul-y-beige\/"]}]},{"@type":"ImageObject","inLanguage":"en-US","@id":"https:\/\/www.kilim-age.com\/es\/producto\/alfombra-moderna-azul-y-beige\/#primaryimage","url":"https:\/\/kilim-age.com\/wp-content\/uploads\/2020\/07\/IMG_9988.jpg","contentUrl":"https:\/\/kilim-age.com\/wp-content\/uploads\/2020\/07\/IMG_9988.jpg","width":1000,"height":1300,"caption":"Alfombra Moderna"},{"@type":"BreadcrumbList","@id":"https:\/\/www.kilim-age.com\/es\/producto\/alfombra-moderna-azul-y-beige\/#breadcrumb","itemListElement":[{"@type":"ListItem","position":1,"name":"Home","item":"https:\/\/kilim-age.com\/en\/"},{"@type":"ListItem","position":2,"name":"Shop","item":"https:\/\/kilim-age.com\/es\/shop\/"},{"@type":"ListItem","position":3,"name":"ALFOMBRA MODERNA AZUL Y BEIGE"}]},{"@type":"WebSite","@id":"https:\/\/kilim-age.com\/en\/#website","url":"https:\/\/kilim-age.com\/en\/","name":"Kilim-Age","description":"Somos especialistas en productos artesanales de Turqu\u00eda como Alfombras, y Kilims","potentialAction":[{"@type":"SearchAction","target":{"@type":"EntryPoint","urlTemplate":"https:\/\/kilim-age.com\/en\/?s={search_term_string}"},"query-input":{"@type":"PropertyValueSpecification","valueRequired":true,"valueName":"search_term_string"}}],"inLanguage":"en-US"}]}},"_links":{"self":[{"href":"https:\/\/kilim-age.com\/en\/wp-json\/wp\/v2\/product\/11369","targetHints":{"allow":["GET"]}}],"collection":[{"href":"https:\/\/kilim-age.com\/en\/wp-json\/wp\/v2\/product"}],"about":[{"href":"https:\/\/kilim-age.com\/en\/wp-json\/wp\/v2\/types\/product"}],"replies":[{"embeddable":true,"href":"https:\/\/kilim-age.com\/en\/wp-json\/wp\/v2\/comments?post=11369"}],"wp:featuredmedia":[{"embeddable":true,"href":"https:\/\/kilim-age.com\/en\/wp-json\/wp\/v2\/media\/19833"}],"wp:attachment":[{"href":"https:\/\/kilim-age.com\/en\/wp-json\/wp\/v2\/media?parent=11369"}],"wp:term":[{"taxonomy":"product_brand","embeddable":true,"href":"https:\/\/kilim-age.com\/en\/wp-json\/wp\/v2\/product_brand?post=11369"},{"taxonomy":"product_cat","embeddable":true,"href":"https:\/\/kilim-age.com\/en\/wp-json\/wp\/v2\/product_cat?post=11369"},{"taxonomy":"product_tag","embeddable":true,"href":"https:\/\/kilim-age.com\/en\/wp-json\/wp\/v2\/product_tag?post=11369"}],"curies":[{"name":"wp","href":"https:\/\/api.w.org\/{rel}","templated":true}]}}