{"id":11231,"date":"2020-07-01T17:54:08","date_gmt":"2020-07-01T17:54:08","guid":{"rendered":"http:\/\/kilim-age.com\/?post_type=product&#038;p=11231"},"modified":"2023-12-26T14:07:05","modified_gmt":"2023-12-26T13:07:05","slug":"alfombras-modernas-economicas","status":"publish","type":"product","link":"https:\/\/kilim-age.com\/en\/producto\/alfombras-modernas-economicas\/","title":{"rendered":"MODERN CARPET 300 X 80 cm"},"content":{"rendered":"MODERN CARPETS<\/p>\n<p>Modern style rugs knotted by machine. The fabric is somewhat thicker compared to a classic carpet but when you touch it feels a very soft and pleasant touch.","protected":false},"excerpt":{"rendered":"<p>Manufacturing: Machine made carpet<\/p>\n<p>Size: 300 x 80 cm<\/p>\n<p>Knot density: Aprox 120000 knots per m\u00b2<\/p>\n<p>Age: New<\/p>\n<p>Origin: Turkey<\/p>\n<p>Pile: Cotton and Viscose<\/p>\n<p>Thickness approx: 6,7 mm<\/p>\n<p>All our rugs are made with high quality natural materials.<\/p>\n<p>Colors: Natural dyeing<\/p>\n<p>The colors in the carpet will be perceived differently depending on the angle you view it from<br \/>\nDelivery time: Spain approximately 2-5 days, Europe 5-7 days, other continents 7-10 days.<\/p>\n","protected":false},"featured_media":13959,"comment_status":"open","ping_status":"closed","template":"","meta":[],"product_brand":[],"product_cat":[62,232,231],"product_tag":[802,803,804],"class_list":{"0":"post-11231","1":"product","2":"type-product","3":"status-publish","4":"has-post-thumbnail","6":"product_cat-alfombras-turcas","7":"product_cat-alfombras-modernas","8":"product_cat-pasilleros","9":"product_tag-alfombras-modernas-para-el-pasillo","10":"product_tag-modern-carpets","11":"product_tag-modern-rugs","12":"product_shipping_class-alfombra-mediana","13":"pa_medida-pasilleros","15":"first","16":"outofstock","17":"sale","18":"sold-individually","19":"taxable","20":"shipping-taxable","21":"purchasable","22":"product-type-simple"},"yoast_head":"<!-- This site is optimized with the Yoast SEO plugin v24.8.1 - https:\/\/yoast.com\/wordpress\/plugins\/seo\/ -->\n<title>Alfombras Modernas Econ\u00f3micas | Kilim-Age | Alfombras de calidas<\/title>\n<meta name=\"description\" content=\"Alfombras Modernas Econ\u00f3micas! Tenemos las mejores alfombras modernas hechas en Turqu\u00eda! Alfombras grandes para el sal\u00f3n, para el pasillo y otras medidas!\" \/>\n<meta name=\"robots\" content=\"index, follow, max-snippet:-1, max-image-preview:large, max-video-preview:-1\" \/>\n<link rel=\"canonical\" href=\"https:\/\/www.kilim-age.com\/en\/producto\/alfombras-modernas-economicas\/\" \/>\n<meta property=\"og:locale\" content=\"en_US\" \/>\n<meta property=\"og:type\" content=\"article\" \/>\n<meta property=\"og:title\" content=\"Alfombras Modernas Econ\u00f3micas | Kilim-Age | Alfombras de calidas\" \/>\n<meta property=\"og:description\" content=\"Alfombras Modernas Econ\u00f3micas! Tenemos las mejores alfombras modernas hechas en Turqu\u00eda! Alfombras grandes para el sal\u00f3n, para el pasillo y otras medidas!\" \/>\n<meta property=\"og:url\" content=\"https:\/\/www.kilim-age.com\/en\/producto\/alfombras-modernas-economicas\/\" \/>\n<meta property=\"og:site_name\" content=\"Kilim-Age\" \/>\n<meta property=\"article:modified_time\" content=\"2023-12-26T13:07:05+00:00\" \/>\n<meta property=\"og:image\" content=\"https:\/\/www.kilim-age.com\/wp-content\/uploads\/2020\/07\/IMG_9955.jpg\" \/>\n\t<meta property=\"og:image:width\" content=\"1000\" \/>\n\t<meta property=\"og:image:height\" content=\"1300\" \/>\n\t<meta property=\"og:image:type\" content=\"image\/jpeg\" \/>\n<meta name=\"twitter:card\" content=\"summary_large_image\" \/>\n<meta name=\"twitter:label1\" content=\"Est. reading time\" \/>\n\t<meta name=\"twitter:data1\" content=\"1 minute\" \/>\n<script type=\"application\/ld+json\" class=\"yoast-schema-graph\">{\"@context\":\"https:\/\/schema.org\",\"@graph\":[{\"@type\":\"WebPage\",\"@id\":\"https:\/\/www.kilim-age.com\/en\/producto\/alfombras-modernas-economicas\/\",\"url\":\"https:\/\/www.kilim-age.com\/en\/producto\/alfombras-modernas-economicas\/\",\"name\":\"Alfombras Modernas Econ\u00f3micas | Kilim-Age | Alfombras de calidas\",\"isPartOf\":{\"@id\":\"https:\/\/kilim-age.com\/en\/#website\"},\"primaryImageOfPage\":{\"@id\":\"https:\/\/www.kilim-age.com\/en\/producto\/alfombras-modernas-economicas\/#primaryimage\"},\"image\":{\"@id\":\"https:\/\/www.kilim-age.com\/en\/producto\/alfombras-modernas-economicas\/#primaryimage\"},\"thumbnailUrl\":\"https:\/\/kilim-age.com\/wp-content\/uploads\/2020\/07\/IMG_9955.jpg\",\"datePublished\":\"2020-07-01T17:54:08+00:00\",\"dateModified\":\"2023-12-26T13:07:05+00:00\",\"description\":\"Alfombras Modernas Econ\u00f3micas! Tenemos las mejores alfombras modernas hechas en Turqu\u00eda! Alfombras grandes para el sal\u00f3n, para el pasillo y otras medidas!\",\"breadcrumb\":{\"@id\":\"https:\/\/www.kilim-age.com\/en\/producto\/alfombras-modernas-economicas\/#breadcrumb\"},\"inLanguage\":\"en-US\",\"potentialAction\":[{\"@type\":\"ReadAction\",\"target\":[\"https:\/\/www.kilim-age.com\/en\/producto\/alfombras-modernas-economicas\/\"]}]},{\"@type\":\"ImageObject\",\"inLanguage\":\"en-US\",\"@id\":\"https:\/\/www.kilim-age.com\/en\/producto\/alfombras-modernas-economicas\/#primaryimage\",\"url\":\"https:\/\/kilim-age.com\/wp-content\/uploads\/2020\/07\/IMG_9955.jpg\",\"contentUrl\":\"https:\/\/kilim-age.com\/wp-content\/uploads\/2020\/07\/IMG_9955.jpg\",\"width\":1000,\"height\":1300,\"caption\":\"Alfombras Modernas Econ\u00f3micas\"},{\"@type\":\"BreadcrumbList\",\"@id\":\"https:\/\/www.kilim-age.com\/en\/producto\/alfombras-modernas-economicas\/#breadcrumb\",\"itemListElement\":[{\"@type\":\"ListItem\",\"position\":1,\"name\":\"Home\",\"item\":\"https:\/\/kilim-age.com\/en\/\"},{\"@type\":\"ListItem\",\"position\":2,\"name\":\"Shop\",\"item\":\"https:\/\/kilim-age.com\/es\/shop\/\"},{\"@type\":\"ListItem\",\"position\":3,\"name\":\"MODERN CARPET 300 X 80 cm\"}]},{\"@type\":\"WebSite\",\"@id\":\"https:\/\/kilim-age.com\/en\/#website\",\"url\":\"https:\/\/kilim-age.com\/en\/\",\"name\":\"Kilim-Age\",\"description\":\"Somos especialistas en productos artesanales de Turqu\u00eda como Alfombras, y Kilims\",\"potentialAction\":[{\"@type\":\"SearchAction\",\"target\":{\"@type\":\"EntryPoint\",\"urlTemplate\":\"https:\/\/kilim-age.com\/en\/?s={search_term_string}\"},\"query-input\":{\"@type\":\"PropertyValueSpecification\",\"valueRequired\":true,\"valueName\":\"search_term_string\"}}],\"inLanguage\":\"en-US\"}]}<\/script>\n<!-- \/ Yoast SEO plugin. -->","yoast_head_json":{"title":"Alfombras Modernas Econ\u00f3micas | Kilim-Age | Alfombras de calidas","description":"Alfombras Modernas Econ\u00f3micas! Tenemos las mejores alfombras modernas hechas en Turqu\u00eda! Alfombras grandes para el sal\u00f3n, para el pasillo y otras medidas!","robots":{"index":"index","follow":"follow","max-snippet":"max-snippet:-1","max-image-preview":"max-image-preview:large","max-video-preview":"max-video-preview:-1"},"canonical":"https:\/\/www.kilim-age.com\/en\/producto\/alfombras-modernas-economicas\/","og_locale":"en_US","og_type":"article","og_title":"Alfombras Modernas Econ\u00f3micas | Kilim-Age | Alfombras de calidas","og_description":"Alfombras Modernas Econ\u00f3micas! Tenemos las mejores alfombras modernas hechas en Turqu\u00eda! Alfombras grandes para el sal\u00f3n, para el pasillo y otras medidas!","og_url":"https:\/\/www.kilim-age.com\/en\/producto\/alfombras-modernas-economicas\/","og_site_name":"Kilim-Age","article_modified_time":"2023-12-26T13:07:05+00:00","og_image":[{"width":1000,"height":1300,"url":"https:\/\/www.kilim-age.com\/wp-content\/uploads\/2020\/07\/IMG_9955.jpg","type":"image\/jpeg"}],"twitter_card":"summary_large_image","twitter_misc":{"Est. reading time":"1 minute"},"schema":{"@context":"https:\/\/schema.org","@graph":[{"@type":"WebPage","@id":"https:\/\/www.kilim-age.com\/en\/producto\/alfombras-modernas-economicas\/","url":"https:\/\/www.kilim-age.com\/en\/producto\/alfombras-modernas-economicas\/","name":"Alfombras Modernas Econ\u00f3micas | Kilim-Age | Alfombras de calidas","isPartOf":{"@id":"https:\/\/kilim-age.com\/en\/#website"},"primaryImageOfPage":{"@id":"https:\/\/www.kilim-age.com\/en\/producto\/alfombras-modernas-economicas\/#primaryimage"},"image":{"@id":"https:\/\/www.kilim-age.com\/en\/producto\/alfombras-modernas-economicas\/#primaryimage"},"thumbnailUrl":"https:\/\/kilim-age.com\/wp-content\/uploads\/2020\/07\/IMG_9955.jpg","datePublished":"2020-07-01T17:54:08+00:00","dateModified":"2023-12-26T13:07:05+00:00","description":"Alfombras Modernas Econ\u00f3micas! Tenemos las mejores alfombras modernas hechas en Turqu\u00eda! Alfombras grandes para el sal\u00f3n, para el pasillo y otras medidas!","breadcrumb":{"@id":"https:\/\/www.kilim-age.com\/en\/producto\/alfombras-modernas-economicas\/#breadcrumb"},"inLanguage":"en-US","potentialAction":[{"@type":"ReadAction","target":["https:\/\/www.kilim-age.com\/en\/producto\/alfombras-modernas-economicas\/"]}]},{"@type":"ImageObject","inLanguage":"en-US","@id":"https:\/\/www.kilim-age.com\/en\/producto\/alfombras-modernas-economicas\/#primaryimage","url":"https:\/\/kilim-age.com\/wp-content\/uploads\/2020\/07\/IMG_9955.jpg","contentUrl":"https:\/\/kilim-age.com\/wp-content\/uploads\/2020\/07\/IMG_9955.jpg","width":1000,"height":1300,"caption":"Alfombras Modernas Econ\u00f3micas"},{"@type":"BreadcrumbList","@id":"https:\/\/www.kilim-age.com\/en\/producto\/alfombras-modernas-economicas\/#breadcrumb","itemListElement":[{"@type":"ListItem","position":1,"name":"Home","item":"https:\/\/kilim-age.com\/en\/"},{"@type":"ListItem","position":2,"name":"Shop","item":"https:\/\/kilim-age.com\/es\/shop\/"},{"@type":"ListItem","position":3,"name":"MODERN CARPET 300 X 80 cm"}]},{"@type":"WebSite","@id":"https:\/\/kilim-age.com\/en\/#website","url":"https:\/\/kilim-age.com\/en\/","name":"Kilim-Age","description":"Somos especialistas en productos artesanales de Turqu\u00eda como Alfombras, y Kilims","potentialAction":[{"@type":"SearchAction","target":{"@type":"EntryPoint","urlTemplate":"https:\/\/kilim-age.com\/en\/?s={search_term_string}"},"query-input":{"@type":"PropertyValueSpecification","valueRequired":true,"valueName":"search_term_string"}}],"inLanguage":"en-US"}]}},"_links":{"self":[{"href":"https:\/\/kilim-age.com\/en\/wp-json\/wp\/v2\/product\/11231","targetHints":{"allow":["GET"]}}],"collection":[{"href":"https:\/\/kilim-age.com\/en\/wp-json\/wp\/v2\/product"}],"about":[{"href":"https:\/\/kilim-age.com\/en\/wp-json\/wp\/v2\/types\/product"}],"replies":[{"embeddable":true,"href":"https:\/\/kilim-age.com\/en\/wp-json\/wp\/v2\/comments?post=11231"}],"wp:featuredmedia":[{"embeddable":true,"href":"https:\/\/kilim-age.com\/en\/wp-json\/wp\/v2\/media\/13959"}],"wp:attachment":[{"href":"https:\/\/kilim-age.com\/en\/wp-json\/wp\/v2\/media?parent=11231"}],"wp:term":[{"taxonomy":"product_brand","embeddable":true,"href":"https:\/\/kilim-age.com\/en\/wp-json\/wp\/v2\/product_brand?post=11231"},{"taxonomy":"product_cat","embeddable":true,"href":"https:\/\/kilim-age.com\/en\/wp-json\/wp\/v2\/product_cat?post=11231"},{"taxonomy":"product_tag","embeddable":true,"href":"https:\/\/kilim-age.com\/en\/wp-json\/wp\/v2\/product_tag?post=11231"}],"curies":[{"name":"wp","href":"https:\/\/api.w.org\/{rel}","templated":true}]}}