{"id":10544,"date":"2019-08-05T16:10:30","date_gmt":"2019-08-05T16:10:30","guid":{"rendered":"http:\/\/kilim-age.com\/?post_type=product&#038;p=10544"},"modified":"2022-11-21T20:09:47","modified_gmt":"2022-11-21T19:09:47","slug":"alfombra-clasica-usak-116-x-77-cm","status":"publish","type":"product","link":"https:\/\/kilim-age.com\/en\/producto\/alfombra-clasica-usak-116-x-77-cm\/","title":{"rendered":"CLASSIC USAK CARPET 116 x  77 cm"},"content":{"rendered":"U\u015fak is a city located in the center of Turkey. During pre-industrial times, U\u015fak was already an important centre of production and export, especially of rugs. U\u015fak carpets also called Holbein carpets in reference to the painter of the century XVI Hans Holbein , who put them in detail in his paintings, reflecting his popularity in the European market. Although carpets designs have changed since then, it is still an important industry that makes the name of the city have relevance in the market of handmade carpets.","protected":false},"excerpt":{"rendered":"<p>Manufacturing: Knotted by hand<br \/>\nSize: 116 X 77 cm<br \/>\nKnot density: Aprox 160000 knots per m\u00b2<br \/>\nAge: New<br \/>\nOrigin:Turkey<br \/>\nPile: Wool<br \/>\nWarp: Wool<br \/>\nThickness approx: 6-7 mm<br \/>\nNatural dyeing.<br \/>\nThe colors in the carpet will be perceived differently depending on the angle you view it from<br \/>\nDelivery time: Spain approximately 2-5 days, Europe 5-7 days, other continents 7-10 days.<\/p>\n","protected":false},"featured_media":24989,"comment_status":"open","ping_status":"closed","template":"","meta":[],"product_brand":[],"product_cat":[1054,62,230],"product_tag":[341,117],"class_list":{"0":"post-10544","1":"product","2":"type-product","3":"status-publish","4":"has-post-thumbnail","6":"product_cat-ofertas","7":"product_cat-alfombras-turcas","8":"product_cat-alfombras-clasicas","9":"product_tag-alfombra-clasica","10":"product_tag-alfombra-usak","11":"product_shipping_class-alfombra-pequena","12":"pa_ancho-cm-938","13":"pa_color-beige","14":"pa_color-marron","15":"pa_largo-cm-939","16":"pa_medida-pequenos","18":"first","19":"instock","20":"sale","21":"sold-individually","22":"taxable","23":"shipping-taxable","24":"purchasable","25":"product-type-simple"},"yoast_head":"<!-- This site is optimized with the Yoast SEO plugin v24.8.1 - https:\/\/yoast.com\/wordpress\/plugins\/seo\/ -->\n<title>CLASSIC USAK CARPET 116 x 77 cm | Kilim-Age<\/title>\n<meta name=\"robots\" content=\"index, follow, max-snippet:-1, max-image-preview:large, max-video-preview:-1\" \/>\n<link rel=\"canonical\" href=\"https:\/\/kilim-age.com\/en\/producto\/alfombra-clasica-usak-116-x-77-cm\/\" \/>\n<meta property=\"og:locale\" content=\"en_US\" \/>\n<meta property=\"og:type\" content=\"article\" \/>\n<meta property=\"og:title\" content=\"CLASSIC USAK CARPET 116 x 77 cm | Kilim-Age\" \/>\n<meta property=\"og:description\" content=\"Manufacturing: Knotted by hand Size: 116 X 77 cm Knot density: Aprox 160000 knots per m\u00b2 Age: New Origin:Turkey Pile: Wool Warp: Wool Thickness approx: 6-7 mm Natural dyeing. The colors in the carpet will be perceived differently depending on the angle you view it from Delivery time: Spain approximately 2-5 days, Europe 5-7 days, other continents 7-10 days.\" \/>\n<meta property=\"og:url\" content=\"https:\/\/kilim-age.com\/es\/producto\/alfombra-clasica-usak-116-x-77-cm\/\" \/>\n<meta property=\"og:site_name\" content=\"Kilim-Age\" \/>\n<meta property=\"article:modified_time\" content=\"2022-11-21T19:09:47+00:00\" \/>\n<meta property=\"og:image\" content=\"https:\/\/kilim-age.com\/wp-content\/uploads\/2019\/08\/IMG_03584-2-1.jpg\" \/>\n\t<meta property=\"og:image:width\" content=\"1000\" \/>\n\t<meta property=\"og:image:height\" content=\"1300\" \/>\n\t<meta property=\"og:image:type\" content=\"image\/jpeg\" \/>\n<meta name=\"twitter:card\" content=\"summary_large_image\" \/>\n<meta name=\"twitter:label1\" content=\"Est. reading time\" \/>\n\t<meta name=\"twitter:data1\" content=\"2 minutes\" \/>\n<script type=\"application\/ld+json\" class=\"yoast-schema-graph\">{\"@context\":\"https:\/\/schema.org\",\"@graph\":[{\"@type\":\"WebPage\",\"@id\":\"https:\/\/kilim-age.com\/es\/producto\/alfombra-clasica-usak-116-x-77-cm\/\",\"url\":\"https:\/\/kilim-age.com\/es\/producto\/alfombra-clasica-usak-116-x-77-cm\/\",\"name\":\"CLASSIC USAK CARPET 116 x 77 cm | Kilim-Age\",\"isPartOf\":{\"@id\":\"https:\/\/kilim-age.com\/en\/#website\"},\"primaryImageOfPage\":{\"@id\":\"https:\/\/kilim-age.com\/es\/producto\/alfombra-clasica-usak-116-x-77-cm\/#primaryimage\"},\"image\":{\"@id\":\"https:\/\/kilim-age.com\/es\/producto\/alfombra-clasica-usak-116-x-77-cm\/#primaryimage\"},\"thumbnailUrl\":\"https:\/\/kilim-age.com\/wp-content\/uploads\/2019\/08\/IMG_03584-2-1.jpg\",\"datePublished\":\"2019-08-05T16:10:30+00:00\",\"dateModified\":\"2022-11-21T19:09:47+00:00\",\"breadcrumb\":{\"@id\":\"https:\/\/kilim-age.com\/es\/producto\/alfombra-clasica-usak-116-x-77-cm\/#breadcrumb\"},\"inLanguage\":\"en-US\",\"potentialAction\":[{\"@type\":\"ReadAction\",\"target\":[\"https:\/\/kilim-age.com\/es\/producto\/alfombra-clasica-usak-116-x-77-cm\/\"]}]},{\"@type\":\"ImageObject\",\"inLanguage\":\"en-US\",\"@id\":\"https:\/\/kilim-age.com\/es\/producto\/alfombra-clasica-usak-116-x-77-cm\/#primaryimage\",\"url\":\"https:\/\/kilim-age.com\/wp-content\/uploads\/2019\/08\/IMG_03584-2-1.jpg\",\"contentUrl\":\"https:\/\/kilim-age.com\/wp-content\/uploads\/2019\/08\/IMG_03584-2-1.jpg\",\"width\":1000,\"height\":1300},{\"@type\":\"BreadcrumbList\",\"@id\":\"https:\/\/kilim-age.com\/es\/producto\/alfombra-clasica-usak-116-x-77-cm\/#breadcrumb\",\"itemListElement\":[{\"@type\":\"ListItem\",\"position\":1,\"name\":\"Home\",\"item\":\"https:\/\/kilim-age.com\/en\/\"},{\"@type\":\"ListItem\",\"position\":2,\"name\":\"Shop\",\"item\":\"https:\/\/kilim-age.com\/es\/shop\/\"},{\"@type\":\"ListItem\",\"position\":3,\"name\":\"ALFOMBRA CL\u00c1SICA USAK 116 x 77 cm\"}]},{\"@type\":\"WebSite\",\"@id\":\"https:\/\/kilim-age.com\/en\/#website\",\"url\":\"https:\/\/kilim-age.com\/en\/\",\"name\":\"Kilim-Age\",\"description\":\"Somos especialistas en productos artesanales de Turqu\u00eda como Alfombras, y Kilims\",\"potentialAction\":[{\"@type\":\"SearchAction\",\"target\":{\"@type\":\"EntryPoint\",\"urlTemplate\":\"https:\/\/kilim-age.com\/en\/?s={search_term_string}\"},\"query-input\":{\"@type\":\"PropertyValueSpecification\",\"valueRequired\":true,\"valueName\":\"search_term_string\"}}],\"inLanguage\":\"en-US\"}]}<\/script>\n<!-- \/ Yoast SEO plugin. -->","yoast_head_json":{"title":"CLASSIC USAK CARPET 116 x 77 cm | Kilim-Age","robots":{"index":"index","follow":"follow","max-snippet":"max-snippet:-1","max-image-preview":"max-image-preview:large","max-video-preview":"max-video-preview:-1"},"canonical":"https:\/\/kilim-age.com\/en\/producto\/alfombra-clasica-usak-116-x-77-cm\/","og_locale":"en_US","og_type":"article","og_title":"CLASSIC USAK CARPET 116 x 77 cm | Kilim-Age","og_description":"Manufacturing: Knotted by hand Size: 116 X 77 cm Knot density: Aprox 160000 knots per m\u00b2 Age: New Origin:Turkey Pile: Wool Warp: Wool Thickness approx: 6-7 mm Natural dyeing. The colors in the carpet will be perceived differently depending on the angle you view it from Delivery time: Spain approximately 2-5 days, Europe 5-7 days, other continents 7-10 days.","og_url":"https:\/\/kilim-age.com\/es\/producto\/alfombra-clasica-usak-116-x-77-cm\/","og_site_name":"Kilim-Age","article_modified_time":"2022-11-21T19:09:47+00:00","og_image":[{"width":1000,"height":1300,"url":"https:\/\/kilim-age.com\/wp-content\/uploads\/2019\/08\/IMG_03584-2-1.jpg","type":"image\/jpeg"}],"twitter_card":"summary_large_image","twitter_misc":{"Est. reading time":"2 minutes"},"schema":{"@context":"https:\/\/schema.org","@graph":[{"@type":"WebPage","@id":"https:\/\/kilim-age.com\/es\/producto\/alfombra-clasica-usak-116-x-77-cm\/","url":"https:\/\/kilim-age.com\/es\/producto\/alfombra-clasica-usak-116-x-77-cm\/","name":"CLASSIC USAK CARPET 116 x 77 cm | Kilim-Age","isPartOf":{"@id":"https:\/\/kilim-age.com\/en\/#website"},"primaryImageOfPage":{"@id":"https:\/\/kilim-age.com\/es\/producto\/alfombra-clasica-usak-116-x-77-cm\/#primaryimage"},"image":{"@id":"https:\/\/kilim-age.com\/es\/producto\/alfombra-clasica-usak-116-x-77-cm\/#primaryimage"},"thumbnailUrl":"https:\/\/kilim-age.com\/wp-content\/uploads\/2019\/08\/IMG_03584-2-1.jpg","datePublished":"2019-08-05T16:10:30+00:00","dateModified":"2022-11-21T19:09:47+00:00","breadcrumb":{"@id":"https:\/\/kilim-age.com\/es\/producto\/alfombra-clasica-usak-116-x-77-cm\/#breadcrumb"},"inLanguage":"en-US","potentialAction":[{"@type":"ReadAction","target":["https:\/\/kilim-age.com\/es\/producto\/alfombra-clasica-usak-116-x-77-cm\/"]}]},{"@type":"ImageObject","inLanguage":"en-US","@id":"https:\/\/kilim-age.com\/es\/producto\/alfombra-clasica-usak-116-x-77-cm\/#primaryimage","url":"https:\/\/kilim-age.com\/wp-content\/uploads\/2019\/08\/IMG_03584-2-1.jpg","contentUrl":"https:\/\/kilim-age.com\/wp-content\/uploads\/2019\/08\/IMG_03584-2-1.jpg","width":1000,"height":1300},{"@type":"BreadcrumbList","@id":"https:\/\/kilim-age.com\/es\/producto\/alfombra-clasica-usak-116-x-77-cm\/#breadcrumb","itemListElement":[{"@type":"ListItem","position":1,"name":"Home","item":"https:\/\/kilim-age.com\/en\/"},{"@type":"ListItem","position":2,"name":"Shop","item":"https:\/\/kilim-age.com\/es\/shop\/"},{"@type":"ListItem","position":3,"name":"ALFOMBRA CL\u00c1SICA USAK 116 x 77 cm"}]},{"@type":"WebSite","@id":"https:\/\/kilim-age.com\/en\/#website","url":"https:\/\/kilim-age.com\/en\/","name":"Kilim-Age","description":"Somos especialistas en productos artesanales de Turqu\u00eda como Alfombras, y Kilims","potentialAction":[{"@type":"SearchAction","target":{"@type":"EntryPoint","urlTemplate":"https:\/\/kilim-age.com\/en\/?s={search_term_string}"},"query-input":{"@type":"PropertyValueSpecification","valueRequired":true,"valueName":"search_term_string"}}],"inLanguage":"en-US"}]}},"_links":{"self":[{"href":"https:\/\/kilim-age.com\/en\/wp-json\/wp\/v2\/product\/10544","targetHints":{"allow":["GET"]}}],"collection":[{"href":"https:\/\/kilim-age.com\/en\/wp-json\/wp\/v2\/product"}],"about":[{"href":"https:\/\/kilim-age.com\/en\/wp-json\/wp\/v2\/types\/product"}],"replies":[{"embeddable":true,"href":"https:\/\/kilim-age.com\/en\/wp-json\/wp\/v2\/comments?post=10544"}],"wp:featuredmedia":[{"embeddable":true,"href":"https:\/\/kilim-age.com\/en\/wp-json\/wp\/v2\/media\/24989"}],"wp:attachment":[{"href":"https:\/\/kilim-age.com\/en\/wp-json\/wp\/v2\/media?parent=10544"}],"wp:term":[{"taxonomy":"product_brand","embeddable":true,"href":"https:\/\/kilim-age.com\/en\/wp-json\/wp\/v2\/product_brand?post=10544"},{"taxonomy":"product_cat","embeddable":true,"href":"https:\/\/kilim-age.com\/en\/wp-json\/wp\/v2\/product_cat?post=10544"},{"taxonomy":"product_tag","embeddable":true,"href":"https:\/\/kilim-age.com\/en\/wp-json\/wp\/v2\/product_tag?post=10544"}],"curies":[{"name":"wp","href":"https:\/\/api.w.org\/{rel}","templated":true}]}}