{"id":5624,"date":"2018-02-28T13:46:22","date_gmt":"2018-02-28T13:46:22","guid":{"rendered":"http:\/\/kilim-age.com\/?page_id=5624"},"modified":"2019-12-11T18:03:04","modified_gmt":"2019-12-11T18:03:04","slug":"zapatos-kilim","status":"publish","type":"page","link":"https:\/\/kilim-age.com\/en\/zapatos-kilim\/","title":{"rendered":"Zapatos kilim"},"content":{"rendered":"<p class=\"qtranxs-available-languages-message qtranxs-available-languages-message-en\">Sorry, this entry is only available in <a href=\"https:\/\/kilim-age.com\/es\/wp-json\/wp\/v2\/pages\/5624\" class=\"qtranxs-available-language-link qtranxs-available-language-link-es\" title=\"Espa\u00f1ol\">Espa\u00f1ol<\/a>.<\/p><h1 style=\"font-size: 2.2em; color: rgba(77,183,179,0.54);\">Zapatos kilim<\/h1>\n<p><img fetchpriority=\"high\" decoding=\"async\" class=\" wp-image-1778 alignright\" title=\"Zapatos kilim\" src=\"http:\/\/kilim-age.com\/wp-content\/uploads\/2017\/05\/IMG_5242-WEB-12-40-1.jpg\" alt=\"Zapatos kilim\" width=\"410\" height=\"273\" \/><\/p>\n<p>\u00bfYa conoces el incomparable encanto de los <strong>zapatos kilim<\/strong>? Te presentamos un calzado hecho a mano que hace furor por su aire ex\u00f3tico, su colorido y su comodidad, adem\u00e1s de la fant\u00e1stica variedad de opciones disponibles. Aqu\u00ed tienes la oportunidad de vestir tus pies con patrones que no solo beben directamente de la tradici\u00f3n milenaria de estos tejidos orientales, sino que est\u00e1n realizados realmente a partir de kilims turcos, resultando as\u00ed en creaciones genuinas, irrepetibles y muy originales. El interior de piel y la suela de cuero conforman un zapato de calidad y resistente. Todo ello, con las garant\u00edas de un comercio plenamente especializado como el nuestro: en Kilim-Age importamos lo mejor en textil turco para toda Espa\u00f1a.<\/p>\n<p>Con el <strong>calzado kilim<\/strong> acercamos a nuestra clientela una propuesta diferente e irresistible. Te invitamos a deleitarte explorando la variedad de coloridas tramas que se ven plasmadas en estos zapatos de formas sencillas, ideales para caminar con un toque alegre y sorprendente. No dejes pasar la oportunidad de encargar un par de estos zapatos de manufactura artesanal y cuidadosa, que sin duda te aportar\u00e1n un peque\u00f1o aliciente para salir a pasear al sol.<\/p>\n<h2 style=\"color: rgba(77,183,179,0.54);\"><strong>Encarga un par de zapatos kilim a domicilio<\/strong><\/h2>\n<p>Lo mejor es que puedes hacer tu encargo con gastos de env\u00edo gratuitos desde cualquier punto de Espa\u00f1a. Comprueba los n\u00fameros disponibles para cada modelo y efect\u00faa tu pedido con total comodidad. No dejes de aprovechar tu visita a nuestra tienda online para examinar el resto de nuestra oferta. Contamos principalmente con las mejores opciones para la decoraci\u00f3n de tu sal\u00f3n y tu dormitorio con genuino sabor turco. Pero no nos quedamos ah\u00ed, puesto que a nuestro calzado de mujer se suman complementos como los bolsos de tela de suzani, reforzados en cuero y decorados con encantadores bordados de seda realizados a mano.<\/p>\n<hr \/>\n<h2 style=\"color: rgba(77,183,179,0.54);\"><strong>Contacta con nosotros<\/strong><\/h2>\n\n<div class=\"wpcf7 no-js\" id=\"wpcf7-f6132-o1\" lang=\"en-US\" dir=\"ltr\" data-wpcf7-id=\"6132\">\n<div class=\"screen-reader-response\"><p role=\"status\" aria-live=\"polite\" aria-atomic=\"true\"><\/p> <ul><\/ul><\/div>\n<form action=\"\/en\/wp-json\/wp\/v2\/pages\/5624#wpcf7-f6132-o1\" method=\"post\" class=\"wpcf7-form init\" aria-label=\"Contact form\" novalidate=\"novalidate\" data-status=\"init\">\n<div style=\"display: none;\">\n<input type=\"hidden\" name=\"_wpcf7\" value=\"6132\" \/>\n<input type=\"hidden\" name=\"_wpcf7_version\" value=\"6.0.5\" \/>\n<input type=\"hidden\" name=\"_wpcf7_locale\" value=\"en_US\" \/>\n<input type=\"hidden\" name=\"_wpcf7_unit_tag\" value=\"wpcf7-f6132-o1\" \/>\n<input type=\"hidden\" name=\"_wpcf7_container_post\" value=\"0\" \/>\n<input type=\"hidden\" name=\"_wpcf7_posted_data_hash\" value=\"\" \/>\n<input type=\"hidden\" name=\"_wpcf7_recaptcha_response\" value=\"\" \/>\n<\/div>\n<p><label>Tu nombre (requerido)<\/label><br \/>\n<span class=\"wpcf7-form-control-wrap\" data-name=\"your-name\"><input size=\"40\" maxlength=\"400\" class=\"wpcf7-form-control wpcf7-text wpcf7-validates-as-required\" aria-required=\"true\" aria-invalid=\"false\" value=\"\" type=\"text\" name=\"your-name\" \/><\/span>\n<\/p>\n<p><label>Tu email (requerido)<\/label><br \/>\n<span class=\"wpcf7-form-control-wrap\" data-name=\"your-email\"><input size=\"40\" maxlength=\"400\" class=\"wpcf7-form-control wpcf7-email wpcf7-validates-as-required wpcf7-text wpcf7-validates-as-email\" aria-required=\"true\" aria-invalid=\"false\" value=\"\" type=\"email\" name=\"your-email\" \/><\/span>\n<\/p>\n<p><label>Tu mensaje (requerido)<\/label><br \/>\n<span class=\"wpcf7-form-control-wrap\" data-name=\"your-message\"><textarea cols=\"40\" rows=\"10\" maxlength=\"2000\" class=\"wpcf7-form-control wpcf7-textarea\" aria-invalid=\"false\" name=\"your-message\"><\/textarea><\/span>\n<\/p>\n<p><input class=\"wpcf7-form-control wpcf7-submit has-spinner button\" type=\"submit\" value=\"Enviar\" \/>\n<\/p><input type='hidden' class='wpcf7-pum' value='{\"closepopup\":false,\"closedelay\":0,\"openpopup\":false,\"openpopup_id\":0}' \/><div class=\"wpcf7-response-output\" aria-hidden=\"true\"><\/div>\n<\/form>\n<\/div>","protected":false},"excerpt":{"rendered":"<p>Sorry, this entry is only available in Espa\u00f1ol.Zapatos kilim \u00bfYa conoces el incomparable encanto de los zapatos kilim? Te presentamos un calzado hecho a mano que hace furor por su aire ex\u00f3tico, su colorido y su comodidad, adem\u00e1s de la fant\u00e1stica variedad de opciones disponibles. Aqu\u00ed tienes la oportunidad de vestir tus pies con patrones [&#8230;]\n","protected":false},"author":1,"featured_media":0,"parent":0,"menu_order":0,"comment_status":"closed","ping_status":"closed","template":"","meta":{"footnotes":""},"class_list":["post-5624","page","type-page","status-publish","hentry"],"yoast_head":"<!-- This site is optimized with the Yoast SEO plugin v24.8.1 - https:\/\/yoast.com\/wordpress\/plugins\/seo\/ -->\n<title>Zapatos kilim | Kilim-Age<\/title>\n<meta name=\"description\" content=\"Si est\u00e1s buscando un calzado con el encanto del Oriente, no dudes en ver los zapatos kilim que tenemos en cat\u00e1logo. \u00a1Visita ahora nuestra web!\" \/>\n<meta name=\"robots\" content=\"index, follow, max-snippet:-1, max-image-preview:large, max-video-preview:-1\" \/>\n<link rel=\"canonical\" href=\"https:\/\/kilim-age.com\/en\/zapatos-kilim\/\" \/>\n<meta property=\"og:locale\" content=\"en_US\" \/>\n<meta property=\"og:type\" content=\"article\" \/>\n<meta property=\"og:title\" content=\"Zapatos kilim | Kilim-Age\" \/>\n<meta property=\"og:description\" content=\"Si est\u00e1s buscando un calzado con el encanto del Oriente, no dudes en ver los zapatos kilim que tenemos en cat\u00e1logo. \u00a1Visita ahora nuestra web!\" \/>\n<meta property=\"og:url\" content=\"https:\/\/kilim-age.com\/es\/zapatos-kilim\/\" \/>\n<meta property=\"og:site_name\" content=\"Kilim-Age\" \/>\n<meta property=\"article:modified_time\" content=\"2019-12-11T18:03:04+00:00\" \/>\n<meta property=\"og:image\" content=\"http:\/\/kilim-age.com\/wp-content\/uploads\/2017\/05\/IMG_5242-WEB-12-40-1.jpg\" \/>\n<meta name=\"twitter:card\" content=\"summary_large_image\" \/>\n<meta name=\"twitter:label1\" content=\"Est. reading time\" \/>\n\t<meta name=\"twitter:data1\" content=\"2 minutes\" \/>\n<script type=\"application\/ld+json\" class=\"yoast-schema-graph\">{\"@context\":\"https:\/\/schema.org\",\"@graph\":[{\"@type\":\"WebPage\",\"@id\":\"https:\/\/kilim-age.com\/es\/zapatos-kilim\/\",\"url\":\"https:\/\/kilim-age.com\/es\/zapatos-kilim\/\",\"name\":\"Zapatos kilim | Kilim-Age\",\"isPartOf\":{\"@id\":\"https:\/\/kilim-age.com\/en\/#website\"},\"primaryImageOfPage\":{\"@id\":\"https:\/\/kilim-age.com\/es\/zapatos-kilim\/#primaryimage\"},\"image\":{\"@id\":\"https:\/\/kilim-age.com\/es\/zapatos-kilim\/#primaryimage\"},\"thumbnailUrl\":\"http:\/\/kilim-age.com\/wp-content\/uploads\/2017\/05\/IMG_5242-WEB-12-40-1.jpg\",\"datePublished\":\"2018-02-28T13:46:22+00:00\",\"dateModified\":\"2019-12-11T18:03:04+00:00\",\"description\":\"Si est\u00e1s buscando un calzado con el encanto del Oriente, no dudes en ver los zapatos kilim que tenemos en cat\u00e1logo. \u00a1Visita ahora nuestra web!\",\"breadcrumb\":{\"@id\":\"https:\/\/kilim-age.com\/es\/zapatos-kilim\/#breadcrumb\"},\"inLanguage\":\"en-US\",\"potentialAction\":[{\"@type\":\"ReadAction\",\"target\":[\"https:\/\/kilim-age.com\/es\/zapatos-kilim\/\"]}]},{\"@type\":\"ImageObject\",\"inLanguage\":\"en-US\",\"@id\":\"https:\/\/kilim-age.com\/es\/zapatos-kilim\/#primaryimage\",\"url\":\"http:\/\/kilim-age.com\/wp-content\/uploads\/2017\/05\/IMG_5242-WEB-12-40-1.jpg\",\"contentUrl\":\"http:\/\/kilim-age.com\/wp-content\/uploads\/2017\/05\/IMG_5242-WEB-12-40-1.jpg\"},{\"@type\":\"BreadcrumbList\",\"@id\":\"https:\/\/kilim-age.com\/es\/zapatos-kilim\/#breadcrumb\",\"itemListElement\":[{\"@type\":\"ListItem\",\"position\":1,\"name\":\"Home\",\"item\":\"https:\/\/kilim-age.com\/en\/\"},{\"@type\":\"ListItem\",\"position\":2,\"name\":\"Zapatos kilim\"}]},{\"@type\":\"WebSite\",\"@id\":\"https:\/\/kilim-age.com\/en\/#website\",\"url\":\"https:\/\/kilim-age.com\/en\/\",\"name\":\"Kilim-Age\",\"description\":\"Somos especialistas en productos artesanales de Turqu\u00eda como Alfombras, y Kilims\",\"potentialAction\":[{\"@type\":\"SearchAction\",\"target\":{\"@type\":\"EntryPoint\",\"urlTemplate\":\"https:\/\/kilim-age.com\/en\/?s={search_term_string}\"},\"query-input\":{\"@type\":\"PropertyValueSpecification\",\"valueRequired\":true,\"valueName\":\"search_term_string\"}}],\"inLanguage\":\"en-US\"}]}<\/script>\n<!-- \/ Yoast SEO plugin. -->","yoast_head_json":{"title":"Zapatos kilim | Kilim-Age","description":"Si est\u00e1s buscando un calzado con el encanto del Oriente, no dudes en ver los zapatos kilim que tenemos en cat\u00e1logo. \u00a1Visita ahora nuestra web!","robots":{"index":"index","follow":"follow","max-snippet":"max-snippet:-1","max-image-preview":"max-image-preview:large","max-video-preview":"max-video-preview:-1"},"canonical":"https:\/\/kilim-age.com\/en\/zapatos-kilim\/","og_locale":"en_US","og_type":"article","og_title":"Zapatos kilim | Kilim-Age","og_description":"Si est\u00e1s buscando un calzado con el encanto del Oriente, no dudes en ver los zapatos kilim que tenemos en cat\u00e1logo. \u00a1Visita ahora nuestra web!","og_url":"https:\/\/kilim-age.com\/es\/zapatos-kilim\/","og_site_name":"Kilim-Age","article_modified_time":"2019-12-11T18:03:04+00:00","og_image":[{"url":"http:\/\/kilim-age.com\/wp-content\/uploads\/2017\/05\/IMG_5242-WEB-12-40-1.jpg","type":"","width":"","height":""}],"twitter_card":"summary_large_image","twitter_misc":{"Est. reading time":"2 minutes"},"schema":{"@context":"https:\/\/schema.org","@graph":[{"@type":"WebPage","@id":"https:\/\/kilim-age.com\/es\/zapatos-kilim\/","url":"https:\/\/kilim-age.com\/es\/zapatos-kilim\/","name":"Zapatos kilim | Kilim-Age","isPartOf":{"@id":"https:\/\/kilim-age.com\/en\/#website"},"primaryImageOfPage":{"@id":"https:\/\/kilim-age.com\/es\/zapatos-kilim\/#primaryimage"},"image":{"@id":"https:\/\/kilim-age.com\/es\/zapatos-kilim\/#primaryimage"},"thumbnailUrl":"http:\/\/kilim-age.com\/wp-content\/uploads\/2017\/05\/IMG_5242-WEB-12-40-1.jpg","datePublished":"2018-02-28T13:46:22+00:00","dateModified":"2019-12-11T18:03:04+00:00","description":"Si est\u00e1s buscando un calzado con el encanto del Oriente, no dudes en ver los zapatos kilim que tenemos en cat\u00e1logo. \u00a1Visita ahora nuestra web!","breadcrumb":{"@id":"https:\/\/kilim-age.com\/es\/zapatos-kilim\/#breadcrumb"},"inLanguage":"en-US","potentialAction":[{"@type":"ReadAction","target":["https:\/\/kilim-age.com\/es\/zapatos-kilim\/"]}]},{"@type":"ImageObject","inLanguage":"en-US","@id":"https:\/\/kilim-age.com\/es\/zapatos-kilim\/#primaryimage","url":"http:\/\/kilim-age.com\/wp-content\/uploads\/2017\/05\/IMG_5242-WEB-12-40-1.jpg","contentUrl":"http:\/\/kilim-age.com\/wp-content\/uploads\/2017\/05\/IMG_5242-WEB-12-40-1.jpg"},{"@type":"BreadcrumbList","@id":"https:\/\/kilim-age.com\/es\/zapatos-kilim\/#breadcrumb","itemListElement":[{"@type":"ListItem","position":1,"name":"Home","item":"https:\/\/kilim-age.com\/en\/"},{"@type":"ListItem","position":2,"name":"Zapatos kilim"}]},{"@type":"WebSite","@id":"https:\/\/kilim-age.com\/en\/#website","url":"https:\/\/kilim-age.com\/en\/","name":"Kilim-Age","description":"Somos especialistas en productos artesanales de Turqu\u00eda como Alfombras, y Kilims","potentialAction":[{"@type":"SearchAction","target":{"@type":"EntryPoint","urlTemplate":"https:\/\/kilim-age.com\/en\/?s={search_term_string}"},"query-input":{"@type":"PropertyValueSpecification","valueRequired":true,"valueName":"search_term_string"}}],"inLanguage":"en-US"}]}},"_links":{"self":[{"href":"https:\/\/kilim-age.com\/en\/wp-json\/wp\/v2\/pages\/5624","targetHints":{"allow":["GET"]}}],"collection":[{"href":"https:\/\/kilim-age.com\/en\/wp-json\/wp\/v2\/pages"}],"about":[{"href":"https:\/\/kilim-age.com\/en\/wp-json\/wp\/v2\/types\/page"}],"author":[{"embeddable":true,"href":"https:\/\/kilim-age.com\/en\/wp-json\/wp\/v2\/users\/1"}],"replies":[{"embeddable":true,"href":"https:\/\/kilim-age.com\/en\/wp-json\/wp\/v2\/comments?post=5624"}],"version-history":[{"count":0,"href":"https:\/\/kilim-age.com\/en\/wp-json\/wp\/v2\/pages\/5624\/revisions"}],"wp:attachment":[{"href":"https:\/\/kilim-age.com\/en\/wp-json\/wp\/v2\/media?parent=5624"}],"curies":[{"name":"wp","href":"https:\/\/api.w.org\/{rel}","templated":true}]}}