{"id":2080,"date":"2017-05-12T10:40:09","date_gmt":"2017-05-12T10:40:09","guid":{"rendered":"http:\/\/kilim-age.com\/?page_id=2080"},"modified":"2024-05-07T17:39:27","modified_gmt":"2024-05-07T15:39:27","slug":"comprar-kilim-online","status":"publish","type":"page","link":"https:\/\/kilim-age.com\/en\/comprar-kilim-online\/","title":{"rendered":"Comprar kilim online baratos"},"content":{"rendered":"<h1 style=\"font-size: 2.2em; color: rgba(77,183,179,0.54);\">Comprar kilim online<\/h1>\n<p><img fetchpriority=\"high\" decoding=\"async\" class=\"alignright wp-image-5801\" title=\"Comprar kilim online\" src=\"http:\/\/kilim-age.com\/wp-content\/uploads\/2018\/03\/IMG_1110-web-ka-1423-266x180-231x300.jpg\" alt=\"\" width=\"400\" height=\"520\" srcset=\"https:\/\/kilim-age.com\/wp-content\/uploads\/2018\/03\/IMG_1110-web-ka-1423-266x180-231x300.jpg 231w, https:\/\/kilim-age.com\/wp-content\/uploads\/2018\/03\/IMG_1110-web-ka-1423-266x180-768x998.jpg 768w, https:\/\/kilim-age.com\/wp-content\/uploads\/2018\/03\/IMG_1110-web-ka-1423-266x180-788x1024.jpg 788w, https:\/\/kilim-age.com\/wp-content\/uploads\/2018\/03\/IMG_1110-web-ka-1423-266x180-600x780.jpg 600w, https:\/\/kilim-age.com\/wp-content\/uploads\/2018\/03\/IMG_1110-web-ka-1423-266x180.jpg 1000w\" sizes=\"(max-width: 400px) 100vw, 400px\" \/>Ya tienes en tu mano la posibilidad de <strong>comprar kilim online<\/strong> para llevar a cualquier rinc\u00f3n de tu vivienda el inconfundible toque que aportan estos tejidos orientales de marcada y dilatada tradici\u00f3n. Si tienes afici\u00f3n por el particular encanto de la t\u00e9cnica kilim o sencillamente te interesa la idea de probar con este tipo de decoraci\u00f3n con tanta personalidad, te gustar\u00e1 la oferta que te presentamos desde Kilim-Age. Nuestra tienda distribuye para toda Espa\u00f1a una selecci\u00f3n de tejidos de genuina producci\u00f3n artesana, tra\u00eddos directamente de Turqu\u00eda para acercarte todo el valor de la mejor tradici\u00f3n del kilim, ya sea en tapetes convencionales o en opciones diversas que te sorprender\u00e1n.<\/p>\n<p>Dentro de nuestra <strong>tienda online de kilim<\/strong> disponemos tanto de <a title=\"alfombras turcas\" href=\" http:\/\/kilim-age.com\/alfombras-turcas-precios\/\">alfombras turcas<\/a> que combinan los aires propios de esta t\u00e9cnica con multitud de motivos y est\u00e9ticas como de productos entre los que se incluyen cojines, zapatos y bolsos. De esta manera, con nosotros tienes la oportunidad de llevar el valor \u00fanico del kilim a los accesorios de decoraci\u00f3n que marcan la diferencia en tu sal\u00f3n o dormitorio, as\u00ed como incluso a tus complementos de moda. Disfruta del placer de un bolso de calidad con un acabado bonito, original y lleno del encanto propio de las piezas hechas a mano, o incluso de zapatos hechos a base de este tejido.<\/p>\n<h2 style=\"color: rgba(77,183,179,0.54);\">Comprar kilim online en comercio especializado<\/h2>\n<p>Apostamos fuerte por el kilim porque, como especialistas en la venta de textiles artesanos turcos, somos conscientes de la demanda que generan estas creaciones entre buena parte del p\u00fablico. Disponemos de la capacidad y el conocimiento necesarios para satisfacerla con creces, garantizando que nuestros art\u00edculos cumplan y superen las expectativas. Por supuesto, te invitamos a conocer el resto del <a href=\"http:\/\/kilim-age.com\/es\/shop\/\">cat\u00e1logo<\/a> que comercializamos, que va m\u00e1s all\u00e1 del kilim pero siempre dentro de los valores del mejor textil artesano, con piezas importadas en las que se hace notar el mimo en cada detalle de su dise\u00f1o y su confecci\u00f3n.","protected":false},"excerpt":{"rendered":"<p>Comprar kilim online Ya tienes en tu mano la posibilidad de comprar kilim online para llevar a cualquier rinc\u00f3n de tu vivienda el inconfundible toque que aportan estos tejidos orientales de marcada y dilatada tradici\u00f3n. Si tienes afici\u00f3n por el particular encanto de la t\u00e9cnica kilim o sencillamente te interesa la idea de probar con [&#8230;]\n","protected":false},"author":1,"featured_media":40891,"parent":0,"menu_order":0,"comment_status":"closed","ping_status":"closed","template":"","meta":{"footnotes":""},"class_list":["post-2080","page","type-page","status-publish","has-post-thumbnail","hentry"],"yoast_head":"<!-- This site is optimized with the Yoast SEO plugin v24.8.1 - https:\/\/yoast.com\/wordpress\/plugins\/seo\/ -->\n<title>Comprar kilim online econ\u00f3micas | Kilim-Age | Tienda de Kilim Online<\/title>\n<meta name=\"description\" content=\"Comprar kilim online econ\u00f3micas en Kilim-Age. Explora alfombras y Kilims turcos \u00fanicos a precios accesibles. Env\u00edo gratuito\" \/>\n<meta name=\"robots\" content=\"index, follow, max-snippet:-1, max-image-preview:large, max-video-preview:-1\" \/>\n<link rel=\"canonical\" href=\"https:\/\/www.kilim-age.com\/en\/comprar-kilim-online\/\" \/>\n<meta property=\"og:locale\" content=\"en_US\" \/>\n<meta property=\"og:type\" content=\"article\" \/>\n<meta property=\"og:title\" content=\"Comprar kilim online econ\u00f3micas | Kilim-Age | Tienda de Kilim Online\" \/>\n<meta property=\"og:description\" content=\"Comprar kilim online econ\u00f3micas en Kilim-Age. Explora alfombras y Kilims turcos \u00fanicos a precios accesibles. Env\u00edo gratuito\" \/>\n<meta property=\"og:url\" content=\"https:\/\/www.kilim-age.com\/en\/comprar-kilim-online\/\" \/>\n<meta property=\"og:site_name\" content=\"Kilim-Age\" \/>\n<meta property=\"article:modified_time\" content=\"2024-05-07T15:39:27+00:00\" \/>\n<meta property=\"og:image\" content=\"https:\/\/www.kilim-age.com\/wp-content\/uploads\/2024\/05\/banner-6.jpg\" \/>\n\t<meta property=\"og:image:width\" content=\"797\" \/>\n\t<meta property=\"og:image:height\" content=\"800\" \/>\n\t<meta property=\"og:image:type\" content=\"image\/jpeg\" \/>\n<meta name=\"twitter:card\" content=\"summary_large_image\" \/>\n<meta name=\"twitter:label1\" content=\"Est. reading time\" \/>\n\t<meta name=\"twitter:data1\" content=\"2 minutes\" \/>\n<script type=\"application\/ld+json\" class=\"yoast-schema-graph\">{\"@context\":\"https:\/\/schema.org\",\"@graph\":[{\"@type\":\"WebPage\",\"@id\":\"https:\/\/www.kilim-age.com\/en\/comprar-kilim-online\/\",\"url\":\"https:\/\/www.kilim-age.com\/en\/comprar-kilim-online\/\",\"name\":\"Comprar kilim online econ\u00f3micas | Kilim-Age | Tienda de Kilim Online\",\"isPartOf\":{\"@id\":\"https:\/\/kilim-age.com\/en\/#website\"},\"primaryImageOfPage\":{\"@id\":\"https:\/\/www.kilim-age.com\/en\/comprar-kilim-online\/#primaryimage\"},\"image\":{\"@id\":\"https:\/\/www.kilim-age.com\/en\/comprar-kilim-online\/#primaryimage\"},\"thumbnailUrl\":\"https:\/\/kilim-age.com\/wp-content\/uploads\/2024\/05\/banner-6.jpg\",\"datePublished\":\"2017-05-12T10:40:09+00:00\",\"dateModified\":\"2024-05-07T15:39:27+00:00\",\"description\":\"Comprar kilim online econ\u00f3micas en Kilim-Age. Explora alfombras y Kilims turcos \u00fanicos a precios accesibles. Env\u00edo gratuito\",\"breadcrumb\":{\"@id\":\"https:\/\/www.kilim-age.com\/en\/comprar-kilim-online\/#breadcrumb\"},\"inLanguage\":\"en-US\",\"potentialAction\":[{\"@type\":\"ReadAction\",\"target\":[\"https:\/\/www.kilim-age.com\/en\/comprar-kilim-online\/\"]}]},{\"@type\":\"ImageObject\",\"inLanguage\":\"en-US\",\"@id\":\"https:\/\/www.kilim-age.com\/en\/comprar-kilim-online\/#primaryimage\",\"url\":\"https:\/\/kilim-age.com\/wp-content\/uploads\/2024\/05\/banner-6.jpg\",\"contentUrl\":\"https:\/\/kilim-age.com\/wp-content\/uploads\/2024\/05\/banner-6.jpg\",\"width\":797,\"height\":800,\"caption\":\"Comprar Kilim Online Econ\u00f3micas\"},{\"@type\":\"BreadcrumbList\",\"@id\":\"https:\/\/www.kilim-age.com\/en\/comprar-kilim-online\/#breadcrumb\",\"itemListElement\":[{\"@type\":\"ListItem\",\"position\":1,\"name\":\"Home\",\"item\":\"https:\/\/kilim-age.com\/en\/\"},{\"@type\":\"ListItem\",\"position\":2,\"name\":\"Comprar kilim online baratos\"}]},{\"@type\":\"WebSite\",\"@id\":\"https:\/\/kilim-age.com\/en\/#website\",\"url\":\"https:\/\/kilim-age.com\/en\/\",\"name\":\"Kilim-Age\",\"description\":\"Somos especialistas en productos artesanales de Turqu\u00eda como Alfombras, y Kilims\",\"potentialAction\":[{\"@type\":\"SearchAction\",\"target\":{\"@type\":\"EntryPoint\",\"urlTemplate\":\"https:\/\/kilim-age.com\/en\/?s={search_term_string}\"},\"query-input\":{\"@type\":\"PropertyValueSpecification\",\"valueRequired\":true,\"valueName\":\"search_term_string\"}}],\"inLanguage\":\"en-US\"}]}<\/script>\n<!-- \/ Yoast SEO plugin. -->","yoast_head_json":{"title":"Comprar kilim online econ\u00f3micas | Kilim-Age | Tienda de Kilim Online","description":"Comprar kilim online econ\u00f3micas en Kilim-Age. Explora alfombras y Kilims turcos \u00fanicos a precios accesibles. Env\u00edo gratuito","robots":{"index":"index","follow":"follow","max-snippet":"max-snippet:-1","max-image-preview":"max-image-preview:large","max-video-preview":"max-video-preview:-1"},"canonical":"https:\/\/www.kilim-age.com\/en\/comprar-kilim-online\/","og_locale":"en_US","og_type":"article","og_title":"Comprar kilim online econ\u00f3micas | Kilim-Age | Tienda de Kilim Online","og_description":"Comprar kilim online econ\u00f3micas en Kilim-Age. Explora alfombras y Kilims turcos \u00fanicos a precios accesibles. Env\u00edo gratuito","og_url":"https:\/\/www.kilim-age.com\/en\/comprar-kilim-online\/","og_site_name":"Kilim-Age","article_modified_time":"2024-05-07T15:39:27+00:00","og_image":[{"width":797,"height":800,"url":"https:\/\/www.kilim-age.com\/wp-content\/uploads\/2024\/05\/banner-6.jpg","type":"image\/jpeg"}],"twitter_card":"summary_large_image","twitter_misc":{"Est. reading time":"2 minutes"},"schema":{"@context":"https:\/\/schema.org","@graph":[{"@type":"WebPage","@id":"https:\/\/www.kilim-age.com\/en\/comprar-kilim-online\/","url":"https:\/\/www.kilim-age.com\/en\/comprar-kilim-online\/","name":"Comprar kilim online econ\u00f3micas | Kilim-Age | Tienda de Kilim Online","isPartOf":{"@id":"https:\/\/kilim-age.com\/en\/#website"},"primaryImageOfPage":{"@id":"https:\/\/www.kilim-age.com\/en\/comprar-kilim-online\/#primaryimage"},"image":{"@id":"https:\/\/www.kilim-age.com\/en\/comprar-kilim-online\/#primaryimage"},"thumbnailUrl":"https:\/\/kilim-age.com\/wp-content\/uploads\/2024\/05\/banner-6.jpg","datePublished":"2017-05-12T10:40:09+00:00","dateModified":"2024-05-07T15:39:27+00:00","description":"Comprar kilim online econ\u00f3micas en Kilim-Age. Explora alfombras y Kilims turcos \u00fanicos a precios accesibles. Env\u00edo gratuito","breadcrumb":{"@id":"https:\/\/www.kilim-age.com\/en\/comprar-kilim-online\/#breadcrumb"},"inLanguage":"en-US","potentialAction":[{"@type":"ReadAction","target":["https:\/\/www.kilim-age.com\/en\/comprar-kilim-online\/"]}]},{"@type":"ImageObject","inLanguage":"en-US","@id":"https:\/\/www.kilim-age.com\/en\/comprar-kilim-online\/#primaryimage","url":"https:\/\/kilim-age.com\/wp-content\/uploads\/2024\/05\/banner-6.jpg","contentUrl":"https:\/\/kilim-age.com\/wp-content\/uploads\/2024\/05\/banner-6.jpg","width":797,"height":800,"caption":"Comprar Kilim Online Econ\u00f3micas"},{"@type":"BreadcrumbList","@id":"https:\/\/www.kilim-age.com\/en\/comprar-kilim-online\/#breadcrumb","itemListElement":[{"@type":"ListItem","position":1,"name":"Home","item":"https:\/\/kilim-age.com\/en\/"},{"@type":"ListItem","position":2,"name":"Comprar kilim online baratos"}]},{"@type":"WebSite","@id":"https:\/\/kilim-age.com\/en\/#website","url":"https:\/\/kilim-age.com\/en\/","name":"Kilim-Age","description":"Somos especialistas en productos artesanales de Turqu\u00eda como Alfombras, y Kilims","potentialAction":[{"@type":"SearchAction","target":{"@type":"EntryPoint","urlTemplate":"https:\/\/kilim-age.com\/en\/?s={search_term_string}"},"query-input":{"@type":"PropertyValueSpecification","valueRequired":true,"valueName":"search_term_string"}}],"inLanguage":"en-US"}]}},"_links":{"self":[{"href":"https:\/\/kilim-age.com\/en\/wp-json\/wp\/v2\/pages\/2080","targetHints":{"allow":["GET"]}}],"collection":[{"href":"https:\/\/kilim-age.com\/en\/wp-json\/wp\/v2\/pages"}],"about":[{"href":"https:\/\/kilim-age.com\/en\/wp-json\/wp\/v2\/types\/page"}],"author":[{"embeddable":true,"href":"https:\/\/kilim-age.com\/en\/wp-json\/wp\/v2\/users\/1"}],"replies":[{"embeddable":true,"href":"https:\/\/kilim-age.com\/en\/wp-json\/wp\/v2\/comments?post=2080"}],"version-history":[{"count":1,"href":"https:\/\/kilim-age.com\/en\/wp-json\/wp\/v2\/pages\/2080\/revisions"}],"predecessor-version":[{"id":40892,"href":"https:\/\/kilim-age.com\/en\/wp-json\/wp\/v2\/pages\/2080\/revisions\/40892"}],"wp:featuredmedia":[{"embeddable":true,"href":"https:\/\/kilim-age.com\/en\/wp-json\/wp\/v2\/media\/40891"}],"wp:attachment":[{"href":"https:\/\/kilim-age.com\/en\/wp-json\/wp\/v2\/media?parent=2080"}],"curies":[{"name":"wp","href":"https:\/\/api.w.org\/{rel}","templated":true}]}}