{"id":2068,"date":"2017-05-12T10:27:06","date_gmt":"2017-05-12T10:27:06","guid":{"rendered":"http:\/\/kilim-age.com\/?page_id=2068"},"modified":"2019-12-10T22:07:28","modified_gmt":"2019-12-10T22:07:28","slug":"cojines-ikat","status":"publish","type":"page","link":"https:\/\/kilim-age.com\/en\/cojines-ikat\/","title":{"rendered":"Cojines ikat"},"content":{"rendered":"<h1 style=\"font-size: 2.2em; color: rgba(77,183,179,0.54);\">Cojines ikat<\/h1>\n<p><img fetchpriority=\"high\" decoding=\"async\" class=\"wp-image-8873 size-medium alignright\" src=\"http:\/\/kilim-age.com\/wp-content\/uploads\/2019\/01\/E-7-5-1-300x181.jpg\" alt=\"\" width=\"300\" height=\"181\" srcset=\"https:\/\/kilim-age.com\/wp-content\/uploads\/2019\/01\/E-7-5-1-300x181.jpg 300w, https:\/\/kilim-age.com\/wp-content\/uploads\/2019\/01\/E-7-5-1-600x363.jpg 600w, https:\/\/kilim-age.com\/wp-content\/uploads\/2019\/01\/E-7-5-1-768x464.jpg 768w, https:\/\/kilim-age.com\/wp-content\/uploads\/2019\/01\/E-7-5-1-1024x619.jpg 1024w, https:\/\/kilim-age.com\/wp-content\/uploads\/2019\/01\/E-7-5-1.jpg 1323w\" sizes=\"(max-width: 300px) 100vw, 300px\" \/>\u00bfHas pensado en la idea de comprar unos <strong>cojines de ikat<\/strong> para dar un toque de colorida tradici\u00f3n a tu sal\u00f3n o a tu dormitorio? Estamos ante unos complementos de textil del hogar que aportan una dimensi\u00f3n est\u00e9tica muy interesante a partir de unos dise\u00f1os procedentes de una arraigada tradici\u00f3n en buena parte de Asia. Nuestra tienda es un referente en la comercializaci\u00f3n de textiles turcos de verdadera manufactura artesana y por eso merece la pena echar un vistazo a nuestra selecci\u00f3n de propuestas a base de ikat, para disfrutar de la mejor forma posible del genuino encanto de esta t\u00e9cnica de te\u00f1ido.<\/p>\n<h2 style=\"color: rgba(77,183,179,0.54);\">Cojines ikat a tu alcance<\/h2>\n<p>Disponemos de distintos <strong>cojines con patrones ikat<\/strong> que te invitamos a conocer y que te resultar\u00e1 realmente f\u00e1cil encargar, aprovechando los atractivos precios que ofertamos y las comodidades que presenta nuestra tienda online. Nunca hab\u00eda sido tan f\u00e1cil recibir en tu propio domicilio unos textiles artesanos importados y de primera calidad como los que aqu\u00ed comercializamos. Por supuesto, estas ventajas y garant\u00edas se extienden a todo el cat\u00e1logo de Kilim-Age. Y como indica nuestro nombre, podemos destacar particularmente que nuestra tienda cuenta con la mejor selecci\u00f3n de alfombras, cojines o <a title=\"bolsos kilim\" href=\"http:\/\/kilim-age.com\/es\/bolsos-kilim\/\">bolsos kilim<\/a> a tu alcance. No te pierdas la oportunidad de contar con este toque tan especial en tu casa.<\/p>\n<p>Por otro lado, un aspecto rese\u00f1able es que no nos limitamos a la comercializaci\u00f3n de textiles, puesto que tambi\u00e9n hacemos un esfuerzo dentro de nuestra labor importadora para satisfacer la elevada demanda que suscitan las <a title=\"l\u00e1mparas turcas de techo\" href=\"http:\/\/kilim-age.com\/lamparas-turcas-de-techo\/\">l\u00e1mparas turcas de techo<\/a>. No tendr\u00e1s que buscar m\u00e1s lejos para acceder a una gama que re\u00fane algunas de las mejores creaciones con esos detallados vidrios caracter\u00edsticos del pa\u00eds, y por supuesto con las mismas garant\u00edas que siempre nos caracterizan. Esperamos tu pedido para hacerte llegar pronto la genuina calidad de nuestras decoraciones turcas.","protected":false},"excerpt":{"rendered":"<p>Cojines ikat \u00bfHas pensado en la idea de comprar unos cojines de ikat para dar un toque de colorida tradici\u00f3n a tu sal\u00f3n o a tu dormitorio? Estamos ante unos complementos de textil del hogar que aportan una dimensi\u00f3n est\u00e9tica muy interesante a partir de unos dise\u00f1os procedentes de una arraigada tradici\u00f3n en buena parte [&#8230;]\n","protected":false},"author":1,"featured_media":0,"parent":0,"menu_order":0,"comment_status":"closed","ping_status":"closed","template":"","meta":{"footnotes":""},"class_list":["post-2068","page","type-page","status-publish","hentry"],"yoast_head":"<!-- This site is optimized with the Yoast SEO plugin v24.8.1 - https:\/\/yoast.com\/wordpress\/plugins\/seo\/ -->\n<title>Cojines ikat | Kilim Age<\/title>\n<meta name=\"description\" content=\"Conozca los cojines ikat confeccionados con telas tejidas a mano, directamente tra\u00eddos desde Turqu\u00eda y dele un toque de color a su hogar. \u00a1Entre ya a nuestra tienda online!\" \/>\n<meta name=\"robots\" content=\"index, follow, max-snippet:-1, max-image-preview:large, max-video-preview:-1\" \/>\n<link rel=\"canonical\" href=\"https:\/\/kilim-age.com\/en\/cojines-ikat\/\" \/>\n<meta property=\"og:locale\" content=\"en_US\" \/>\n<meta property=\"og:type\" content=\"article\" \/>\n<meta property=\"og:title\" content=\"Cojines ikat | Kilim Age\" \/>\n<meta property=\"og:description\" content=\"Conozca los cojines ikat confeccionados con telas tejidas a mano, directamente tra\u00eddos desde Turqu\u00eda y dele un toque de color a su hogar. \u00a1Entre ya a nuestra tienda online!\" \/>\n<meta property=\"og:url\" content=\"https:\/\/kilim-age.com\/es\/cojines-ikat\/\" \/>\n<meta property=\"og:site_name\" content=\"Kilim-Age\" \/>\n<meta property=\"article:modified_time\" content=\"2019-12-10T22:07:28+00:00\" \/>\n<meta property=\"og:image\" content=\"http:\/\/kilim-age.com\/wp-content\/uploads\/2019\/01\/E-7-5-1-300x181.jpg\" \/>\n<meta name=\"twitter:card\" content=\"summary_large_image\" \/>\n<meta name=\"twitter:label1\" content=\"Est. reading time\" \/>\n\t<meta name=\"twitter:data1\" content=\"3 minutes\" \/>\n<script type=\"application\/ld+json\" class=\"yoast-schema-graph\">{\"@context\":\"https:\/\/schema.org\",\"@graph\":[{\"@type\":\"WebPage\",\"@id\":\"https:\/\/kilim-age.com\/es\/cojines-ikat\/\",\"url\":\"https:\/\/kilim-age.com\/es\/cojines-ikat\/\",\"name\":\"Cojines ikat | Kilim Age\",\"isPartOf\":{\"@id\":\"https:\/\/www.kilim-age.com\/es\/#website\"},\"primaryImageOfPage\":{\"@id\":\"https:\/\/kilim-age.com\/es\/cojines-ikat\/#primaryimage\"},\"image\":{\"@id\":\"https:\/\/kilim-age.com\/es\/cojines-ikat\/#primaryimage\"},\"thumbnailUrl\":\"http:\/\/kilim-age.com\/wp-content\/uploads\/2019\/01\/E-7-5-1-300x181.jpg\",\"datePublished\":\"2017-05-12T10:27:06+00:00\",\"dateModified\":\"2019-12-10T22:07:28+00:00\",\"description\":\"Conozca los cojines ikat confeccionados con telas tejidas a mano, directamente tra\u00eddos desde Turqu\u00eda y dele un toque de color a su hogar. \u00a1Entre ya a nuestra tienda online!\",\"breadcrumb\":{\"@id\":\"https:\/\/kilim-age.com\/es\/cojines-ikat\/#breadcrumb\"},\"inLanguage\":\"en-US\",\"potentialAction\":[{\"@type\":\"ReadAction\",\"target\":[\"https:\/\/kilim-age.com\/es\/cojines-ikat\/\"]}]},{\"@type\":\"ImageObject\",\"inLanguage\":\"en-US\",\"@id\":\"https:\/\/kilim-age.com\/es\/cojines-ikat\/#primaryimage\",\"url\":\"http:\/\/kilim-age.com\/wp-content\/uploads\/2019\/01\/E-7-5-1-300x181.jpg\",\"contentUrl\":\"http:\/\/kilim-age.com\/wp-content\/uploads\/2019\/01\/E-7-5-1-300x181.jpg\"},{\"@type\":\"BreadcrumbList\",\"@id\":\"https:\/\/kilim-age.com\/es\/cojines-ikat\/#breadcrumb\",\"itemListElement\":[{\"@type\":\"ListItem\",\"position\":1,\"name\":\"Home\",\"item\":\"https:\/\/www.kilim-age.com\/es\/\"},{\"@type\":\"ListItem\",\"position\":2,\"name\":\"Cojines ikat\"}]},{\"@type\":\"WebSite\",\"@id\":\"https:\/\/www.kilim-age.com\/es\/#website\",\"url\":\"https:\/\/www.kilim-age.com\/es\/\",\"name\":\"Kilim-Age\",\"description\":\"Somos especialistas en productos artesanales de Turqu\u00eda como Alfombras, y Kilims\",\"potentialAction\":[{\"@type\":\"SearchAction\",\"target\":{\"@type\":\"EntryPoint\",\"urlTemplate\":\"https:\/\/www.kilim-age.com\/es\/?s={search_term_string}\"},\"query-input\":{\"@type\":\"PropertyValueSpecification\",\"valueRequired\":true,\"valueName\":\"search_term_string\"}}],\"inLanguage\":\"en-US\"}]}<\/script>\n<!-- \/ Yoast SEO plugin. -->","yoast_head_json":{"title":"Cojines ikat | Kilim Age","description":"Conozca los cojines ikat confeccionados con telas tejidas a mano, directamente tra\u00eddos desde Turqu\u00eda y dele un toque de color a su hogar. \u00a1Entre ya a nuestra tienda online!","robots":{"index":"index","follow":"follow","max-snippet":"max-snippet:-1","max-image-preview":"max-image-preview:large","max-video-preview":"max-video-preview:-1"},"canonical":"https:\/\/kilim-age.com\/en\/cojines-ikat\/","og_locale":"en_US","og_type":"article","og_title":"Cojines ikat | Kilim Age","og_description":"Conozca los cojines ikat confeccionados con telas tejidas a mano, directamente tra\u00eddos desde Turqu\u00eda y dele un toque de color a su hogar. \u00a1Entre ya a nuestra tienda online!","og_url":"https:\/\/kilim-age.com\/es\/cojines-ikat\/","og_site_name":"Kilim-Age","article_modified_time":"2019-12-10T22:07:28+00:00","og_image":[{"url":"http:\/\/kilim-age.com\/wp-content\/uploads\/2019\/01\/E-7-5-1-300x181.jpg","type":"","width":"","height":""}],"twitter_card":"summary_large_image","twitter_misc":{"Est. reading time":"3 minutes"},"schema":{"@context":"https:\/\/schema.org","@graph":[{"@type":"WebPage","@id":"https:\/\/kilim-age.com\/es\/cojines-ikat\/","url":"https:\/\/kilim-age.com\/es\/cojines-ikat\/","name":"Cojines ikat | Kilim Age","isPartOf":{"@id":"https:\/\/www.kilim-age.com\/es\/#website"},"primaryImageOfPage":{"@id":"https:\/\/kilim-age.com\/es\/cojines-ikat\/#primaryimage"},"image":{"@id":"https:\/\/kilim-age.com\/es\/cojines-ikat\/#primaryimage"},"thumbnailUrl":"http:\/\/kilim-age.com\/wp-content\/uploads\/2019\/01\/E-7-5-1-300x181.jpg","datePublished":"2017-05-12T10:27:06+00:00","dateModified":"2019-12-10T22:07:28+00:00","description":"Conozca los cojines ikat confeccionados con telas tejidas a mano, directamente tra\u00eddos desde Turqu\u00eda y dele un toque de color a su hogar. \u00a1Entre ya a nuestra tienda online!","breadcrumb":{"@id":"https:\/\/kilim-age.com\/es\/cojines-ikat\/#breadcrumb"},"inLanguage":"en-US","potentialAction":[{"@type":"ReadAction","target":["https:\/\/kilim-age.com\/es\/cojines-ikat\/"]}]},{"@type":"ImageObject","inLanguage":"en-US","@id":"https:\/\/kilim-age.com\/es\/cojines-ikat\/#primaryimage","url":"http:\/\/kilim-age.com\/wp-content\/uploads\/2019\/01\/E-7-5-1-300x181.jpg","contentUrl":"http:\/\/kilim-age.com\/wp-content\/uploads\/2019\/01\/E-7-5-1-300x181.jpg"},{"@type":"BreadcrumbList","@id":"https:\/\/kilim-age.com\/es\/cojines-ikat\/#breadcrumb","itemListElement":[{"@type":"ListItem","position":1,"name":"Home","item":"https:\/\/www.kilim-age.com\/es\/"},{"@type":"ListItem","position":2,"name":"Cojines ikat"}]},{"@type":"WebSite","@id":"https:\/\/www.kilim-age.com\/es\/#website","url":"https:\/\/www.kilim-age.com\/es\/","name":"Kilim-Age","description":"Somos especialistas en productos artesanales de Turqu\u00eda como Alfombras, y Kilims","potentialAction":[{"@type":"SearchAction","target":{"@type":"EntryPoint","urlTemplate":"https:\/\/www.kilim-age.com\/es\/?s={search_term_string}"},"query-input":{"@type":"PropertyValueSpecification","valueRequired":true,"valueName":"search_term_string"}}],"inLanguage":"en-US"}]}},"_links":{"self":[{"href":"https:\/\/kilim-age.com\/en\/wp-json\/wp\/v2\/pages\/2068","targetHints":{"allow":["GET"]}}],"collection":[{"href":"https:\/\/kilim-age.com\/en\/wp-json\/wp\/v2\/pages"}],"about":[{"href":"https:\/\/kilim-age.com\/en\/wp-json\/wp\/v2\/types\/page"}],"author":[{"embeddable":true,"href":"https:\/\/kilim-age.com\/en\/wp-json\/wp\/v2\/users\/1"}],"replies":[{"embeddable":true,"href":"https:\/\/kilim-age.com\/en\/wp-json\/wp\/v2\/comments?post=2068"}],"version-history":[{"count":0,"href":"https:\/\/kilim-age.com\/en\/wp-json\/wp\/v2\/pages\/2068\/revisions"}],"wp:attachment":[{"href":"https:\/\/kilim-age.com\/en\/wp-json\/wp\/v2\/media?parent=2068"}],"curies":[{"name":"wp","href":"https:\/\/api.w.org\/{rel}","templated":true}]}}