{"id":2038,"date":"2017-05-12T07:45:07","date_gmt":"2017-05-12T07:45:07","guid":{"rendered":"http:\/\/kilim-age.com\/?page_id=2038"},"modified":"2020-01-11T00:28:46","modified_gmt":"2020-01-11T00:28:46","slug":"alfombras-patchwork-vintage","status":"publish","type":"page","link":"https:\/\/kilim-age.com\/en\/alfombras-patchwork-vintage\/","title":{"rendered":"Alfombras patchwork vintage"},"content":{"rendered":"<h1 style=\"font-size: 2.2em; color: rgba(77,183,179,0.54);\">Alfombras patchwork vintage<\/h1>\n<p><img fetchpriority=\"high\" decoding=\"async\" class=\"alignright wp-image-6994 size-medium\" title=\"Alfombras Patchwork Vintage\" src=\"http:\/\/kilim-age.com\/wp-content\/uploads\/2018\/06\/IMG_7615-300x225.jpg\" alt=\"Alfombras Patchwork Vintage\" width=\"300\" height=\"225\" srcset=\"https:\/\/kilim-age.com\/wp-content\/uploads\/2018\/06\/IMG_7615-300x225.jpg 300w, https:\/\/kilim-age.com\/wp-content\/uploads\/2018\/06\/IMG_7615-600x450.jpg 600w, https:\/\/kilim-age.com\/wp-content\/uploads\/2018\/06\/IMG_7615-768x576.jpg 768w, https:\/\/kilim-age.com\/wp-content\/uploads\/2018\/06\/IMG_7615-1024x768.jpg 1024w, https:\/\/kilim-age.com\/wp-content\/uploads\/2018\/06\/IMG_7615.jpg 1067w\" sizes=\"(max-width: 300px) 100vw, 300px\" \/><\/p>\n<p>No cabe duda de que hoy en d\u00eda las <strong>alfombras de patchwork vintage<\/strong> son un elemento muy buscado en la decoraci\u00f3n de viviendas que persiguen distintos matices est\u00e9ticos. Sean cuales sean tus preferencias est\u00e9ticas, si lo que buscas es algo diferente, con un punto ex\u00f3tico y original para un sal\u00f3n con verdadera personalidad, te encantar\u00e1n las propuestas que te est\u00e1n esperando en el cat\u00e1logo de Kilim-Age. \u00bfPor qu\u00e9 estamos tan seguros? Porque disponemos de unas alfombras de primeras calidades, llamativas y duraderas, en las que se dan la mano la est\u00e9tica patchwork tan de moda con el incomparable valor de la dilatada tradici\u00f3n alfombrera turca.<\/p>\n<p>D\u00e9jate sorprender por el buen gusto de las propuestas que conforman nuestra secci\u00f3n de <strong>alfombras vintage de patchwork<\/strong>. Explora cada modelo en la secci\u00f3n correspondiente de nuestra intuitiva tienda online y quiz\u00e1s te costar\u00e1 elegir solo uno. Sea cual sea la elecci\u00f3n que hagas, te estar\u00e1s llevando un producto destacable tanto por su originalidad como por las impecables condiciones de calidad que le confiere su genuino origen: producci\u00f3n artesanal a mano en Turqu\u00eda para un producto que sin duda estar\u00e1 a la altura de tus mayores expectativas, de los salones m\u00e1s cuidadosamente dise\u00f1ados.<\/p>\n<h2 style=\"color: rgba(77,183,179,0.54);\">Venta especializada de alfombras de patchwork vintage artesanales<\/h2>\n<p>Te invitamos a descubrir que aqu\u00ed no solo hay esper\u00e1ndote una selecci\u00f3n de <a title=\"alfombras persas precios\" href=\"http:\/\/kilim-age.com\/alfombras-persas-precios\/\">alfombras persas con precios<\/a> competitivos, calidades intachables y una notable variedad de modelos, sino que tambi\u00e9n comercializamos otros excelentes art\u00edculos decorativos venidos directamente de Turqu\u00eda para contribuir a un abanico de opciones inigualable a la hora de equipar tu vivienda. Lleva un poco de Oriente Medio a tu interiorismo con las garant\u00edas de Kilim-Age descubriendo, por ejemplo, una gama de <a title=\"l\u00e1mparas turcas online\" href=\"http:\/\/kilim-age.com\/lamparas-turcas-online\/\">l\u00e1mparas turcas online<\/a> que no tiene comparaci\u00f3n posible. La facilidad de comprar en nuestra tienda pone la guinda a una experiencia que nadie te ofrece con nuestras garant\u00edas.","protected":false},"excerpt":{"rendered":"<p>Alfombras patchwork vintage No cabe duda de que hoy en d\u00eda las alfombras de patchwork vintage son un elemento muy buscado en la decoraci\u00f3n de viviendas que persiguen distintos matices est\u00e9ticos. Sean cuales sean tus preferencias est\u00e9ticas, si lo que buscas es algo diferente, con un punto ex\u00f3tico y original para un sal\u00f3n con verdadera [&#8230;]\n","protected":false},"author":1,"featured_media":0,"parent":0,"menu_order":0,"comment_status":"closed","ping_status":"closed","template":"","meta":{"footnotes":""},"class_list":["post-2038","page","type-page","status-publish","hentry"],"yoast_head":"<!-- This site is optimized with the Yoast SEO plugin v24.8.1 - https:\/\/yoast.com\/wordpress\/plugins\/seo\/ -->\n<title>Alfombras patchwork vintage | Kilim Age<\/title>\n<meta name=\"description\" content=\"En Kilim-Age encontrar\u00e1s una completa selecci\u00f3n de alfombras con un estilo patchwork vintage a los mejores precios. \u00a1Haz hoy mismo tu pedido, enviamos a toda Espa\u00f1a!\" \/>\n<meta name=\"robots\" content=\"index, follow, max-snippet:-1, max-image-preview:large, max-video-preview:-1\" \/>\n<link rel=\"canonical\" href=\"https:\/\/www.kilim-age.com\/en\/alfombras-patchwork-vintage\/\" \/>\n<meta property=\"og:locale\" content=\"en_US\" \/>\n<meta property=\"og:type\" content=\"article\" \/>\n<meta property=\"og:title\" content=\"Alfombras patchwork vintage | Kilim Age\" \/>\n<meta property=\"og:description\" content=\"En Kilim-Age encontrar\u00e1s una completa selecci\u00f3n de alfombras con un estilo patchwork vintage a los mejores precios. \u00a1Haz hoy mismo tu pedido, enviamos a toda Espa\u00f1a!\" \/>\n<meta property=\"og:url\" content=\"https:\/\/www.kilim-age.com\/en\/alfombras-patchwork-vintage\/\" \/>\n<meta property=\"og:site_name\" content=\"Kilim-Age\" \/>\n<meta property=\"article:modified_time\" content=\"2020-01-11T00:28:46+00:00\" \/>\n<meta property=\"og:image\" content=\"http:\/\/kilim-age.com\/wp-content\/uploads\/2018\/06\/IMG_7615-300x225.jpg\" \/>\n<meta name=\"twitter:card\" content=\"summary_large_image\" \/>\n<meta name=\"twitter:label1\" content=\"Est. reading time\" \/>\n\t<meta name=\"twitter:data1\" content=\"3 minutes\" \/>\n<script type=\"application\/ld+json\" class=\"yoast-schema-graph\">{\"@context\":\"https:\/\/schema.org\",\"@graph\":[{\"@type\":\"WebPage\",\"@id\":\"https:\/\/www.kilim-age.com\/en\/alfombras-patchwork-vintage\/\",\"url\":\"https:\/\/www.kilim-age.com\/en\/alfombras-patchwork-vintage\/\",\"name\":\"Alfombras patchwork vintage | Kilim Age\",\"isPartOf\":{\"@id\":\"https:\/\/www.kilim-age.com\/es\/#website\"},\"primaryImageOfPage\":{\"@id\":\"https:\/\/www.kilim-age.com\/en\/alfombras-patchwork-vintage\/#primaryimage\"},\"image\":{\"@id\":\"https:\/\/www.kilim-age.com\/en\/alfombras-patchwork-vintage\/#primaryimage\"},\"thumbnailUrl\":\"http:\/\/kilim-age.com\/wp-content\/uploads\/2018\/06\/IMG_7615-300x225.jpg\",\"datePublished\":\"2017-05-12T07:45:07+00:00\",\"dateModified\":\"2020-01-11T00:28:46+00:00\",\"description\":\"En Kilim-Age encontrar\u00e1s una completa selecci\u00f3n de alfombras con un estilo patchwork vintage a los mejores precios. \u00a1Haz hoy mismo tu pedido, enviamos a toda Espa\u00f1a!\",\"breadcrumb\":{\"@id\":\"https:\/\/www.kilim-age.com\/en\/alfombras-patchwork-vintage\/#breadcrumb\"},\"inLanguage\":\"en-US\",\"potentialAction\":[{\"@type\":\"ReadAction\",\"target\":[\"https:\/\/www.kilim-age.com\/en\/alfombras-patchwork-vintage\/\"]}]},{\"@type\":\"ImageObject\",\"inLanguage\":\"en-US\",\"@id\":\"https:\/\/www.kilim-age.com\/en\/alfombras-patchwork-vintage\/#primaryimage\",\"url\":\"http:\/\/kilim-age.com\/wp-content\/uploads\/2018\/06\/IMG_7615-300x225.jpg\",\"contentUrl\":\"http:\/\/kilim-age.com\/wp-content\/uploads\/2018\/06\/IMG_7615-300x225.jpg\"},{\"@type\":\"BreadcrumbList\",\"@id\":\"https:\/\/www.kilim-age.com\/en\/alfombras-patchwork-vintage\/#breadcrumb\",\"itemListElement\":[{\"@type\":\"ListItem\",\"position\":1,\"name\":\"Home\",\"item\":\"https:\/\/www.kilim-age.com\/es\/\"},{\"@type\":\"ListItem\",\"position\":2,\"name\":\"Alfombras patchwork vintage\"}]},{\"@type\":\"WebSite\",\"@id\":\"https:\/\/www.kilim-age.com\/es\/#website\",\"url\":\"https:\/\/www.kilim-age.com\/es\/\",\"name\":\"Kilim-Age\",\"description\":\"Somos especialistas en productos artesanales de Turqu\u00eda como Alfombras, y Kilims\",\"potentialAction\":[{\"@type\":\"SearchAction\",\"target\":{\"@type\":\"EntryPoint\",\"urlTemplate\":\"https:\/\/www.kilim-age.com\/es\/?s={search_term_string}\"},\"query-input\":{\"@type\":\"PropertyValueSpecification\",\"valueRequired\":true,\"valueName\":\"search_term_string\"}}],\"inLanguage\":\"en-US\"}]}<\/script>\n<!-- \/ Yoast SEO plugin. -->","yoast_head_json":{"title":"Alfombras patchwork vintage | Kilim Age","description":"En Kilim-Age encontrar\u00e1s una completa selecci\u00f3n de alfombras con un estilo patchwork vintage a los mejores precios. \u00a1Haz hoy mismo tu pedido, enviamos a toda Espa\u00f1a!","robots":{"index":"index","follow":"follow","max-snippet":"max-snippet:-1","max-image-preview":"max-image-preview:large","max-video-preview":"max-video-preview:-1"},"canonical":"https:\/\/www.kilim-age.com\/en\/alfombras-patchwork-vintage\/","og_locale":"en_US","og_type":"article","og_title":"Alfombras patchwork vintage | Kilim Age","og_description":"En Kilim-Age encontrar\u00e1s una completa selecci\u00f3n de alfombras con un estilo patchwork vintage a los mejores precios. \u00a1Haz hoy mismo tu pedido, enviamos a toda Espa\u00f1a!","og_url":"https:\/\/www.kilim-age.com\/en\/alfombras-patchwork-vintage\/","og_site_name":"Kilim-Age","article_modified_time":"2020-01-11T00:28:46+00:00","og_image":[{"url":"http:\/\/kilim-age.com\/wp-content\/uploads\/2018\/06\/IMG_7615-300x225.jpg","type":"","width":"","height":""}],"twitter_card":"summary_large_image","twitter_misc":{"Est. reading time":"3 minutes"},"schema":{"@context":"https:\/\/schema.org","@graph":[{"@type":"WebPage","@id":"https:\/\/www.kilim-age.com\/en\/alfombras-patchwork-vintage\/","url":"https:\/\/www.kilim-age.com\/en\/alfombras-patchwork-vintage\/","name":"Alfombras patchwork vintage | Kilim Age","isPartOf":{"@id":"https:\/\/www.kilim-age.com\/es\/#website"},"primaryImageOfPage":{"@id":"https:\/\/www.kilim-age.com\/en\/alfombras-patchwork-vintage\/#primaryimage"},"image":{"@id":"https:\/\/www.kilim-age.com\/en\/alfombras-patchwork-vintage\/#primaryimage"},"thumbnailUrl":"http:\/\/kilim-age.com\/wp-content\/uploads\/2018\/06\/IMG_7615-300x225.jpg","datePublished":"2017-05-12T07:45:07+00:00","dateModified":"2020-01-11T00:28:46+00:00","description":"En Kilim-Age encontrar\u00e1s una completa selecci\u00f3n de alfombras con un estilo patchwork vintage a los mejores precios. \u00a1Haz hoy mismo tu pedido, enviamos a toda Espa\u00f1a!","breadcrumb":{"@id":"https:\/\/www.kilim-age.com\/en\/alfombras-patchwork-vintage\/#breadcrumb"},"inLanguage":"en-US","potentialAction":[{"@type":"ReadAction","target":["https:\/\/www.kilim-age.com\/en\/alfombras-patchwork-vintage\/"]}]},{"@type":"ImageObject","inLanguage":"en-US","@id":"https:\/\/www.kilim-age.com\/en\/alfombras-patchwork-vintage\/#primaryimage","url":"http:\/\/kilim-age.com\/wp-content\/uploads\/2018\/06\/IMG_7615-300x225.jpg","contentUrl":"http:\/\/kilim-age.com\/wp-content\/uploads\/2018\/06\/IMG_7615-300x225.jpg"},{"@type":"BreadcrumbList","@id":"https:\/\/www.kilim-age.com\/en\/alfombras-patchwork-vintage\/#breadcrumb","itemListElement":[{"@type":"ListItem","position":1,"name":"Home","item":"https:\/\/www.kilim-age.com\/es\/"},{"@type":"ListItem","position":2,"name":"Alfombras patchwork vintage"}]},{"@type":"WebSite","@id":"https:\/\/www.kilim-age.com\/es\/#website","url":"https:\/\/www.kilim-age.com\/es\/","name":"Kilim-Age","description":"Somos especialistas en productos artesanales de Turqu\u00eda como Alfombras, y Kilims","potentialAction":[{"@type":"SearchAction","target":{"@type":"EntryPoint","urlTemplate":"https:\/\/www.kilim-age.com\/es\/?s={search_term_string}"},"query-input":{"@type":"PropertyValueSpecification","valueRequired":true,"valueName":"search_term_string"}}],"inLanguage":"en-US"}]}},"_links":{"self":[{"href":"https:\/\/kilim-age.com\/en\/wp-json\/wp\/v2\/pages\/2038","targetHints":{"allow":["GET"]}}],"collection":[{"href":"https:\/\/kilim-age.com\/en\/wp-json\/wp\/v2\/pages"}],"about":[{"href":"https:\/\/kilim-age.com\/en\/wp-json\/wp\/v2\/types\/page"}],"author":[{"embeddable":true,"href":"https:\/\/kilim-age.com\/en\/wp-json\/wp\/v2\/users\/1"}],"replies":[{"embeddable":true,"href":"https:\/\/kilim-age.com\/en\/wp-json\/wp\/v2\/comments?post=2038"}],"version-history":[{"count":0,"href":"https:\/\/kilim-age.com\/en\/wp-json\/wp\/v2\/pages\/2038\/revisions"}],"wp:attachment":[{"href":"https:\/\/kilim-age.com\/en\/wp-json\/wp\/v2\/media?parent=2038"}],"curies":[{"name":"wp","href":"https:\/\/api.w.org\/{rel}","templated":true}]}}