{"id":1984,"date":"2017-05-12T06:50:28","date_gmt":"2017-05-12T06:50:28","guid":{"rendered":"http:\/\/kilim-age.com\/?page_id=1984"},"modified":"2018-12-04T21:42:00","modified_gmt":"2018-12-04T21:42:00","slug":"alfombras-de-patchwork","status":"publish","type":"page","link":"https:\/\/kilim-age.com\/en\/alfombras-de-patchwork\/","title":{"rendered":"Alfombras de patchwork"},"content":{"rendered":"<h1 style=\"font-size: 2.2em; color: rgba(77,183,179,0.54);\">Alfombras de patchwork<\/h1>\n<p><img fetchpriority=\"high\" decoding=\"async\" class=\" wp-image-1249 alignright\" title=\"Alfombras de patchwork\" src=\"http:\/\/kilim-age.com\/wp-content\/uploads\/2017\/04\/CATA-2-11-719x400.jpg\" alt=\"Alfombras de patchwork\" width=\"557\" height=\"310\" srcset=\"https:\/\/kilim-age.com\/wp-content\/uploads\/2017\/04\/CATA-2-11-719x400.jpg 719w, https:\/\/kilim-age.com\/wp-content\/uploads\/2017\/04\/CATA-2-11-300x167.jpg 300w, https:\/\/kilim-age.com\/wp-content\/uploads\/2017\/04\/CATA-2-11-768x427.jpg 768w, https:\/\/kilim-age.com\/wp-content\/uploads\/2017\/04\/CATA-2-11-1024x570.jpg 1024w, https:\/\/kilim-age.com\/wp-content\/uploads\/2017\/04\/CATA-2-11-600x334.jpg 600w, https:\/\/kilim-age.com\/wp-content\/uploads\/2017\/04\/CATA-2-11-1400x779.jpg 1400w, https:\/\/kilim-age.com\/wp-content\/uploads\/2017\/04\/CATA-2-11.jpg 1438w\" sizes=\"(max-width: 557px) 100vw, 557px\" \/><br \/>\nSi las <strong>alfombras de patchwork<\/strong> se han convertido en una de las tendencias m\u00e1s apreciadas y perseguidas, por su particular est\u00e9tica que ofrece la posibilidad de vestir el suelo de una estancia de forma llamativa y original, la selecci\u00f3n de dise\u00f1os que te proponemos desde Kilim-Age te sorprender\u00e1 m\u00e1s a\u00fan por combinar el desenfado geom\u00e9trico que tienes en mente con el toque incomparable que aporta la elaboraci\u00f3n a mano por parte de expertos artesanos de Turqu\u00eda. Una uni\u00f3n de elementos que da como resultado unas piezas verdaderamente especiales, tal y como salta a la vista con solo echar un vistazo a nuestro cat\u00e1logo.<\/p>\n<p>Incluso contamos dentro de nuestra oferta de <strong>alfombras tipo patchwork<\/strong> con algunas creaciones realizadas a partir de la t\u00e9cnica del kilim, trasladando as\u00ed a tu vivienda un encanto verdaderamente ancestral y todo partiendo de precios muy asequibles. Y es que nuestra tienda te acerca con su amplia y atractiva oferta de productos la oportunidad de decorar cualquier espacio con el toque diferente, ex\u00f3tico y genuino que te apetece. Partiendo de importes ajustados, est\u00e1 en tu mano hacerte con <a title=\"alfombras de patchwork vintage\" href=\"http:\/\/kilim-age.com\/alfombras-patchwork-vintage\/\">alfombras de patchwork vintage<\/a> y con otros muchos elementos decorativos que marcan la diferencia y sorprenden positivamente a las visitas, incluyendo una selecci\u00f3n de aut\u00e9nticas l\u00e1mparas turcas que sencillamente no te puedes perder.<\/p>\n<h2 style=\"color: rgba(77,183,179,0.54);\">Venta online de alfombras de patchwork turcas<\/h2>\n<p>Lo mejor es que esta oferta incomparable, alimentada por nuestra actividad como expertos importadores que conectan Turqu\u00eda con Espa\u00f1a, est\u00e1 a tu disposici\u00f3n te encuentres donde te encuentres. Comercializamos nuestro cat\u00e1logo a trav\u00e9s de la tienda online con unas condiciones asequibles y un sistema de compra que no podr\u00eda resultar m\u00e1s \u00e1gil y c\u00f3modo, as\u00ed que an\u00edmate a <a title=\"comprar kilim online\" href=\"http:\/\/kilim-age.com\/comprar-kilim-online\/\">comprar nuestros Kilim online<\/a>, revolucionaran por completo la est\u00e9tica de tu sal\u00f3n o tu dormitorio.<\/p>\n","protected":false},"excerpt":{"rendered":"<p>Alfombras de patchwork Si las alfombras de patchwork se han convertido en una de las tendencias m\u00e1s apreciadas y perseguidas, por su particular est\u00e9tica que ofrece la posibilidad de vestir el suelo de una estancia de forma llamativa y original, la selecci\u00f3n de dise\u00f1os que te proponemos desde Kilim-Age te sorprender\u00e1 m\u00e1s a\u00fan por combinar [&#8230;]\n","protected":false},"author":1,"featured_media":0,"parent":0,"menu_order":0,"comment_status":"closed","ping_status":"closed","template":"","meta":{"footnotes":""},"class_list":["post-1984","page","type-page","status-publish","hentry"],"yoast_head":"<!-- This site is optimized with the Yoast SEO plugin v24.8.1 - https:\/\/yoast.com\/wordpress\/plugins\/seo\/ -->\n<title>Alfombras de patchwork | Kilim Age<\/title>\n<meta name=\"robots\" content=\"index, follow, max-snippet:-1, max-image-preview:large, max-video-preview:-1\" \/>\n<link rel=\"canonical\" href=\"https:\/\/kilim-age.com\/en\/alfombras-de-patchwork\/\" \/>\n<meta property=\"og:locale\" content=\"en_US\" \/>\n<meta property=\"og:type\" content=\"article\" \/>\n<meta property=\"og:title\" content=\"Alfombras de patchwork | Kilim Age\" \/>\n<meta property=\"og:description\" content=\"Alfombras de patchwork Si las alfombras de patchwork se han convertido en una de las tendencias m\u00e1s apreciadas y perseguidas, por su particular est\u00e9tica que ofrece la posibilidad de vestir el suelo de una estancia de forma llamativa y original, la selecci\u00f3n de dise\u00f1os que te proponemos desde Kilim-Age te sorprender\u00e1 m\u00e1s a\u00fan por combinar [...]\" \/>\n<meta property=\"og:url\" content=\"https:\/\/kilim-age.com\/en\/alfombras-de-patchwork\/\" \/>\n<meta property=\"og:site_name\" content=\"Kilim-Age\" \/>\n<meta property=\"article:modified_time\" content=\"2018-12-04T21:42:00+00:00\" \/>\n<meta property=\"og:image\" content=\"http:\/\/kilim-age.com\/wp-content\/uploads\/2017\/04\/CATA-2-11-719x400.jpg\" \/>\n<meta name=\"twitter:card\" content=\"summary_large_image\" \/>\n<meta name=\"twitter:label1\" content=\"Est. reading time\" \/>\n\t<meta name=\"twitter:data1\" content=\"2 minutes\" \/>\n<script type=\"application\/ld+json\" class=\"yoast-schema-graph\">{\"@context\":\"https:\/\/schema.org\",\"@graph\":[{\"@type\":\"WebPage\",\"@id\":\"https:\/\/kilim-age.com\/en\/alfombras-de-patchwork\/\",\"url\":\"https:\/\/kilim-age.com\/en\/alfombras-de-patchwork\/\",\"name\":\"Alfombras de patchwork | Kilim Age\",\"isPartOf\":{\"@id\":\"https:\/\/kilim-age.com\/en\/#website\"},\"primaryImageOfPage\":{\"@id\":\"https:\/\/kilim-age.com\/en\/alfombras-de-patchwork\/#primaryimage\"},\"image\":{\"@id\":\"https:\/\/kilim-age.com\/en\/alfombras-de-patchwork\/#primaryimage\"},\"thumbnailUrl\":\"http:\/\/kilim-age.com\/wp-content\/uploads\/2017\/04\/CATA-2-11-719x400.jpg\",\"datePublished\":\"2017-05-12T06:50:28+00:00\",\"dateModified\":\"2018-12-04T21:42:00+00:00\",\"breadcrumb\":{\"@id\":\"https:\/\/kilim-age.com\/en\/alfombras-de-patchwork\/#breadcrumb\"},\"inLanguage\":\"en-US\",\"potentialAction\":[{\"@type\":\"ReadAction\",\"target\":[\"https:\/\/kilim-age.com\/en\/alfombras-de-patchwork\/\"]}]},{\"@type\":\"ImageObject\",\"inLanguage\":\"en-US\",\"@id\":\"https:\/\/kilim-age.com\/en\/alfombras-de-patchwork\/#primaryimage\",\"url\":\"http:\/\/kilim-age.com\/wp-content\/uploads\/2017\/04\/CATA-2-11-719x400.jpg\",\"contentUrl\":\"http:\/\/kilim-age.com\/wp-content\/uploads\/2017\/04\/CATA-2-11-719x400.jpg\"},{\"@type\":\"BreadcrumbList\",\"@id\":\"https:\/\/kilim-age.com\/en\/alfombras-de-patchwork\/#breadcrumb\",\"itemListElement\":[{\"@type\":\"ListItem\",\"position\":1,\"name\":\"Home\",\"item\":\"https:\/\/kilim-age.com\/en\/\"},{\"@type\":\"ListItem\",\"position\":2,\"name\":\"Alfombras de patchwork\"}]},{\"@type\":\"WebSite\",\"@id\":\"https:\/\/kilim-age.com\/en\/#website\",\"url\":\"https:\/\/kilim-age.com\/en\/\",\"name\":\"Kilim-Age\",\"description\":\"Somos especialistas en productos artesanales de Turqu\u00eda como Alfombras, y Kilims\",\"potentialAction\":[{\"@type\":\"SearchAction\",\"target\":{\"@type\":\"EntryPoint\",\"urlTemplate\":\"https:\/\/kilim-age.com\/en\/?s={search_term_string}\"},\"query-input\":{\"@type\":\"PropertyValueSpecification\",\"valueRequired\":true,\"valueName\":\"search_term_string\"}}],\"inLanguage\":\"en-US\"}]}<\/script>\n<!-- \/ Yoast SEO plugin. -->","yoast_head_json":{"title":"Alfombras de patchwork | Kilim Age","robots":{"index":"index","follow":"follow","max-snippet":"max-snippet:-1","max-image-preview":"max-image-preview:large","max-video-preview":"max-video-preview:-1"},"canonical":"https:\/\/kilim-age.com\/en\/alfombras-de-patchwork\/","og_locale":"en_US","og_type":"article","og_title":"Alfombras de patchwork | Kilim Age","og_description":"Alfombras de patchwork Si las alfombras de patchwork se han convertido en una de las tendencias m\u00e1s apreciadas y perseguidas, por su particular est\u00e9tica que ofrece la posibilidad de vestir el suelo de una estancia de forma llamativa y original, la selecci\u00f3n de dise\u00f1os que te proponemos desde Kilim-Age te sorprender\u00e1 m\u00e1s a\u00fan por combinar [...]","og_url":"https:\/\/kilim-age.com\/en\/alfombras-de-patchwork\/","og_site_name":"Kilim-Age","article_modified_time":"2018-12-04T21:42:00+00:00","og_image":[{"url":"http:\/\/kilim-age.com\/wp-content\/uploads\/2017\/04\/CATA-2-11-719x400.jpg","type":"","width":"","height":""}],"twitter_card":"summary_large_image","twitter_misc":{"Est. reading time":"2 minutes"},"schema":{"@context":"https:\/\/schema.org","@graph":[{"@type":"WebPage","@id":"https:\/\/kilim-age.com\/en\/alfombras-de-patchwork\/","url":"https:\/\/kilim-age.com\/en\/alfombras-de-patchwork\/","name":"Alfombras de patchwork | Kilim Age","isPartOf":{"@id":"https:\/\/kilim-age.com\/en\/#website"},"primaryImageOfPage":{"@id":"https:\/\/kilim-age.com\/en\/alfombras-de-patchwork\/#primaryimage"},"image":{"@id":"https:\/\/kilim-age.com\/en\/alfombras-de-patchwork\/#primaryimage"},"thumbnailUrl":"http:\/\/kilim-age.com\/wp-content\/uploads\/2017\/04\/CATA-2-11-719x400.jpg","datePublished":"2017-05-12T06:50:28+00:00","dateModified":"2018-12-04T21:42:00+00:00","breadcrumb":{"@id":"https:\/\/kilim-age.com\/en\/alfombras-de-patchwork\/#breadcrumb"},"inLanguage":"en-US","potentialAction":[{"@type":"ReadAction","target":["https:\/\/kilim-age.com\/en\/alfombras-de-patchwork\/"]}]},{"@type":"ImageObject","inLanguage":"en-US","@id":"https:\/\/kilim-age.com\/en\/alfombras-de-patchwork\/#primaryimage","url":"http:\/\/kilim-age.com\/wp-content\/uploads\/2017\/04\/CATA-2-11-719x400.jpg","contentUrl":"http:\/\/kilim-age.com\/wp-content\/uploads\/2017\/04\/CATA-2-11-719x400.jpg"},{"@type":"BreadcrumbList","@id":"https:\/\/kilim-age.com\/en\/alfombras-de-patchwork\/#breadcrumb","itemListElement":[{"@type":"ListItem","position":1,"name":"Home","item":"https:\/\/kilim-age.com\/en\/"},{"@type":"ListItem","position":2,"name":"Alfombras de patchwork"}]},{"@type":"WebSite","@id":"https:\/\/kilim-age.com\/en\/#website","url":"https:\/\/kilim-age.com\/en\/","name":"Kilim-Age","description":"Somos especialistas en productos artesanales de Turqu\u00eda como Alfombras, y Kilims","potentialAction":[{"@type":"SearchAction","target":{"@type":"EntryPoint","urlTemplate":"https:\/\/kilim-age.com\/en\/?s={search_term_string}"},"query-input":{"@type":"PropertyValueSpecification","valueRequired":true,"valueName":"search_term_string"}}],"inLanguage":"en-US"}]}},"_links":{"self":[{"href":"https:\/\/kilim-age.com\/en\/wp-json\/wp\/v2\/pages\/1984","targetHints":{"allow":["GET"]}}],"collection":[{"href":"https:\/\/kilim-age.com\/en\/wp-json\/wp\/v2\/pages"}],"about":[{"href":"https:\/\/kilim-age.com\/en\/wp-json\/wp\/v2\/types\/page"}],"author":[{"embeddable":true,"href":"https:\/\/kilim-age.com\/en\/wp-json\/wp\/v2\/users\/1"}],"replies":[{"embeddable":true,"href":"https:\/\/kilim-age.com\/en\/wp-json\/wp\/v2\/comments?post=1984"}],"version-history":[{"count":0,"href":"https:\/\/kilim-age.com\/en\/wp-json\/wp\/v2\/pages\/1984\/revisions"}],"wp:attachment":[{"href":"https:\/\/kilim-age.com\/en\/wp-json\/wp\/v2\/media?parent=1984"}],"curies":[{"name":"wp","href":"https:\/\/api.w.org\/{rel}","templated":true}]}}