{"id":1952,"date":"2017-05-11T15:19:00","date_gmt":"2017-05-11T15:19:00","guid":{"rendered":"http:\/\/kilim-age.com\/?page_id=1952"},"modified":"2019-12-26T19:21:26","modified_gmt":"2019-12-26T19:21:26","slug":"alfombras-de-lana-hechas-a-mano","status":"publish","type":"page","link":"https:\/\/kilim-age.com\/en\/alfombras-de-lana-hechas-a-mano\/","title":{"rendered":"Alfombras de lana hechas a mano"},"content":{"rendered":"<p class=\"qtranxs-available-languages-message qtranxs-available-languages-message-en\">Sorry, this entry is only available in <a href=\"https:\/\/kilim-age.com\/es\/wp-json\/wp\/v2\/pages\/1952\" class=\"qtranxs-available-language-link qtranxs-available-language-link-es\" title=\"Espa\u00f1ol\">Espa\u00f1ol<\/a>.<\/p><h1 style=\"font-size: 2.2em; color: rgba(77,183,179,0.54);\">Alfombras de lana hechas a mano<\/h1>\n<p><img fetchpriority=\"high\" decoding=\"async\" class=\" wp-image-1200 alignright\" src=\"http:\/\/kilim-age.com\/wp-content\/uploads\/2017\/04\/WEB-6-13-629x400.jpg\" alt=\"Alfombras de lana hechas a mano\" width=\"511\" height=\"325\" srcset=\"https:\/\/kilim-age.com\/wp-content\/uploads\/2017\/04\/WEB-6-13-629x400.jpg 629w, https:\/\/kilim-age.com\/wp-content\/uploads\/2017\/04\/WEB-6-13-300x191.jpg 300w, https:\/\/kilim-age.com\/wp-content\/uploads\/2017\/04\/WEB-6-13-768x489.jpg 768w, https:\/\/kilim-age.com\/wp-content\/uploads\/2017\/04\/WEB-6-13-600x382.jpg 600w, https:\/\/kilim-age.com\/wp-content\/uploads\/2017\/04\/WEB-6-13.jpg 943w\" sizes=\"(max-width: 511px) 100vw, 511px\" \/><\/p>\n<p>Si te preguntas d\u00f3nde es posible conseguir <strong>alfombras de lana hechas a mano<\/strong> para poder disfrutar de ese encanto tan especial a la hora de vestir los suelos de tu casa, est\u00e1s de enhorabuena con Kilim-Age. Descubre las diferentes propuestas comprendidas en nuestra gama de alfombras y tapetes de elaboraci\u00f3n artesanal, con los dise\u00f1os irrepetibles y la manufactura cuidadosa que solo las manos de un experto pueden conferir a estos art\u00edculos. Nosotros somos especialistas en la comercializaci\u00f3n de estos productos de origen genuino. En nuestro caso, la principal \u00e1rea que abarcamos es la de las <a title=\"alfombras turcas precios\" href=\"http:\/\/kilim-age.com\/alfombras-turcas-precios\/\">alfombras turcas con precios<\/a> ajustados que podemos conseguir gracias a nuestro buen conocimiento de este \u00e1mbito y nuestra intensa actividad importadora.<\/p>\n<p>Estamos seguros de que entre nuestras <strong>alfombras de lana artesanales<\/strong>, dentro de las distintas tradiciones y est\u00e9ticas comprendidas en nuestro cat\u00e1logo, habr\u00e1 alguna que encaje en lo que ven\u00edas buscando o que te inspire como deseabas para servir de base a la decoraci\u00f3n de una estancia con un aire ex\u00f3tico. Por nuestra parte, seguimos apostando fuerte por reunir una buena variedad de art\u00edculos decorativos como estos sin descuidar un \u00e1pice los est\u00e1ndares de calidad que nos caracterizan y sin dejar de mantener unos importes llamativos.<\/p>\n<h2 style=\"color: rgba(77,183,179,0.54);\">Venta a domicilio de alfombras de lana hechas a mano<\/h2>\n<p>No obstante, la propuesta de Kilim-Age no se limita a las alfombras y tapetes dise\u00f1ados a partir de t\u00e9cnicas ancestrales y de inconfundible encanto, sino que nuestra gama de productos tiene hueco asimismo para otros productos decorativos que se pueden complementar a la perfecci\u00f3n con los que hayas escogido para tu sal\u00f3n o dormitorio. Descubre, por ejemplo, nuestras <a title=\"l\u00e1mparas turcas de techo\" href=\"http:\/\/kilim-age.com\/lamparas-turcas-de-techo\/\">l\u00e1mparas turcas de techo<\/a>, con ese inigualable trabajo minucioso y colorido en la decoraci\u00f3n de sus pantallas de cristal. Est\u00e1n m\u00e1s c\u00f3modamente a tu alcance que nunca si cuentas con la fiable propuesta de nuestra tienda, con reputaci\u00f3n en la materia.","protected":false},"excerpt":{"rendered":"<p>Sorry, this entry is only available in Espa\u00f1ol. Alfombras de lana hechas a mano Si te preguntas d\u00f3nde es posible conseguir alfombras de lana hechas a mano para poder disfrutar de ese encanto tan especial a la hora de vestir los suelos de tu casa, est\u00e1s de enhorabuena con Kilim-Age. Descubre las diferentes propuestas comprendidas [&#8230;]\n","protected":false},"author":1,"featured_media":0,"parent":0,"menu_order":0,"comment_status":"closed","ping_status":"closed","template":"","meta":{"footnotes":""},"class_list":["post-1952","page","type-page","status-publish","hentry"],"yoast_head":"<!-- This site is optimized with the Yoast SEO plugin v24.8.1 - https:\/\/yoast.com\/wordpress\/plugins\/seo\/ -->\n<title>Alfombras de lana hechas a mano |Compra Online| Kilim Age<\/title>\n<meta name=\"description\" content=\"En Kilim Age encontrar\u00e1s una completa y cuidada selecci\u00f3n de alfombras de lana hechas a mano de estilos variados. \u00a1Haz ya tu pedido online!\" \/>\n<meta name=\"robots\" content=\"index, follow, max-snippet:-1, max-image-preview:large, max-video-preview:-1\" \/>\n<link rel=\"canonical\" href=\"https:\/\/kilim-age.com\/en\/alfombras-de-lana-hechas-a-mano\/\" \/>\n<meta property=\"og:locale\" content=\"en_US\" \/>\n<meta property=\"og:type\" content=\"article\" \/>\n<meta property=\"og:title\" content=\"Alfombras de lana hechas a mano |Compra Online| Kilim Age\" \/>\n<meta property=\"og:description\" content=\"En Kilim Age encontrar\u00e1s una completa y cuidada selecci\u00f3n de alfombras de lana hechas a mano de estilos variados. \u00a1Haz ya tu pedido online!\" \/>\n<meta property=\"og:url\" content=\"https:\/\/kilim-age.com\/es\/alfombras-de-lana-hechas-a-mano\/\" \/>\n<meta property=\"og:site_name\" content=\"Kilim-Age\" \/>\n<meta property=\"article:modified_time\" content=\"2019-12-26T19:21:26+00:00\" \/>\n<meta property=\"og:image\" content=\"http:\/\/kilim-age.com\/wp-content\/uploads\/2017\/04\/WEB-6-13-629x400.jpg\" \/>\n<meta name=\"twitter:card\" content=\"summary_large_image\" \/>\n<meta name=\"twitter:label1\" content=\"Est. reading time\" \/>\n\t<meta name=\"twitter:data1\" content=\"2 minutes\" \/>\n<script type=\"application\/ld+json\" class=\"yoast-schema-graph\">{\"@context\":\"https:\/\/schema.org\",\"@graph\":[{\"@type\":\"WebPage\",\"@id\":\"https:\/\/kilim-age.com\/es\/alfombras-de-lana-hechas-a-mano\/\",\"url\":\"https:\/\/kilim-age.com\/es\/alfombras-de-lana-hechas-a-mano\/\",\"name\":\"Alfombras de lana hechas a mano |Compra Online| Kilim Age\",\"isPartOf\":{\"@id\":\"https:\/\/www.kilim-age.com\/es\/#website\"},\"primaryImageOfPage\":{\"@id\":\"https:\/\/kilim-age.com\/es\/alfombras-de-lana-hechas-a-mano\/#primaryimage\"},\"image\":{\"@id\":\"https:\/\/kilim-age.com\/es\/alfombras-de-lana-hechas-a-mano\/#primaryimage\"},\"thumbnailUrl\":\"http:\/\/kilim-age.com\/wp-content\/uploads\/2017\/04\/WEB-6-13-629x400.jpg\",\"datePublished\":\"2017-05-11T15:19:00+00:00\",\"dateModified\":\"2019-12-26T19:21:26+00:00\",\"description\":\"En Kilim Age encontrar\u00e1s una completa y cuidada selecci\u00f3n de alfombras de lana hechas a mano de estilos variados. \u00a1Haz ya tu pedido online!\",\"breadcrumb\":{\"@id\":\"https:\/\/kilim-age.com\/es\/alfombras-de-lana-hechas-a-mano\/#breadcrumb\"},\"inLanguage\":\"en-US\",\"potentialAction\":[{\"@type\":\"ReadAction\",\"target\":[\"https:\/\/kilim-age.com\/es\/alfombras-de-lana-hechas-a-mano\/\"]}]},{\"@type\":\"ImageObject\",\"inLanguage\":\"en-US\",\"@id\":\"https:\/\/kilim-age.com\/es\/alfombras-de-lana-hechas-a-mano\/#primaryimage\",\"url\":\"http:\/\/kilim-age.com\/wp-content\/uploads\/2017\/04\/WEB-6-13-629x400.jpg\",\"contentUrl\":\"http:\/\/kilim-age.com\/wp-content\/uploads\/2017\/04\/WEB-6-13-629x400.jpg\"},{\"@type\":\"BreadcrumbList\",\"@id\":\"https:\/\/kilim-age.com\/es\/alfombras-de-lana-hechas-a-mano\/#breadcrumb\",\"itemListElement\":[{\"@type\":\"ListItem\",\"position\":1,\"name\":\"Home\",\"item\":\"https:\/\/www.kilim-age.com\/es\/\"},{\"@type\":\"ListItem\",\"position\":2,\"name\":\"Alfombras de lana hechas a mano\"}]},{\"@type\":\"WebSite\",\"@id\":\"https:\/\/www.kilim-age.com\/es\/#website\",\"url\":\"https:\/\/www.kilim-age.com\/es\/\",\"name\":\"Kilim-Age\",\"description\":\"Somos especialistas en productos artesanales de Turqu\u00eda como Alfombras, y Kilims\",\"potentialAction\":[{\"@type\":\"SearchAction\",\"target\":{\"@type\":\"EntryPoint\",\"urlTemplate\":\"https:\/\/www.kilim-age.com\/es\/?s={search_term_string}\"},\"query-input\":{\"@type\":\"PropertyValueSpecification\",\"valueRequired\":true,\"valueName\":\"search_term_string\"}}],\"inLanguage\":\"en-US\"}]}<\/script>\n<!-- \/ Yoast SEO plugin. -->","yoast_head_json":{"title":"Alfombras de lana hechas a mano |Compra Online| Kilim Age","description":"En Kilim Age encontrar\u00e1s una completa y cuidada selecci\u00f3n de alfombras de lana hechas a mano de estilos variados. \u00a1Haz ya tu pedido online!","robots":{"index":"index","follow":"follow","max-snippet":"max-snippet:-1","max-image-preview":"max-image-preview:large","max-video-preview":"max-video-preview:-1"},"canonical":"https:\/\/kilim-age.com\/en\/alfombras-de-lana-hechas-a-mano\/","og_locale":"en_US","og_type":"article","og_title":"Alfombras de lana hechas a mano |Compra Online| Kilim Age","og_description":"En Kilim Age encontrar\u00e1s una completa y cuidada selecci\u00f3n de alfombras de lana hechas a mano de estilos variados. \u00a1Haz ya tu pedido online!","og_url":"https:\/\/kilim-age.com\/es\/alfombras-de-lana-hechas-a-mano\/","og_site_name":"Kilim-Age","article_modified_time":"2019-12-26T19:21:26+00:00","og_image":[{"url":"http:\/\/kilim-age.com\/wp-content\/uploads\/2017\/04\/WEB-6-13-629x400.jpg","type":"","width":"","height":""}],"twitter_card":"summary_large_image","twitter_misc":{"Est. reading time":"2 minutes"},"schema":{"@context":"https:\/\/schema.org","@graph":[{"@type":"WebPage","@id":"https:\/\/kilim-age.com\/es\/alfombras-de-lana-hechas-a-mano\/","url":"https:\/\/kilim-age.com\/es\/alfombras-de-lana-hechas-a-mano\/","name":"Alfombras de lana hechas a mano |Compra Online| Kilim Age","isPartOf":{"@id":"https:\/\/www.kilim-age.com\/es\/#website"},"primaryImageOfPage":{"@id":"https:\/\/kilim-age.com\/es\/alfombras-de-lana-hechas-a-mano\/#primaryimage"},"image":{"@id":"https:\/\/kilim-age.com\/es\/alfombras-de-lana-hechas-a-mano\/#primaryimage"},"thumbnailUrl":"http:\/\/kilim-age.com\/wp-content\/uploads\/2017\/04\/WEB-6-13-629x400.jpg","datePublished":"2017-05-11T15:19:00+00:00","dateModified":"2019-12-26T19:21:26+00:00","description":"En Kilim Age encontrar\u00e1s una completa y cuidada selecci\u00f3n de alfombras de lana hechas a mano de estilos variados. \u00a1Haz ya tu pedido online!","breadcrumb":{"@id":"https:\/\/kilim-age.com\/es\/alfombras-de-lana-hechas-a-mano\/#breadcrumb"},"inLanguage":"en-US","potentialAction":[{"@type":"ReadAction","target":["https:\/\/kilim-age.com\/es\/alfombras-de-lana-hechas-a-mano\/"]}]},{"@type":"ImageObject","inLanguage":"en-US","@id":"https:\/\/kilim-age.com\/es\/alfombras-de-lana-hechas-a-mano\/#primaryimage","url":"http:\/\/kilim-age.com\/wp-content\/uploads\/2017\/04\/WEB-6-13-629x400.jpg","contentUrl":"http:\/\/kilim-age.com\/wp-content\/uploads\/2017\/04\/WEB-6-13-629x400.jpg"},{"@type":"BreadcrumbList","@id":"https:\/\/kilim-age.com\/es\/alfombras-de-lana-hechas-a-mano\/#breadcrumb","itemListElement":[{"@type":"ListItem","position":1,"name":"Home","item":"https:\/\/www.kilim-age.com\/es\/"},{"@type":"ListItem","position":2,"name":"Alfombras de lana hechas a mano"}]},{"@type":"WebSite","@id":"https:\/\/www.kilim-age.com\/es\/#website","url":"https:\/\/www.kilim-age.com\/es\/","name":"Kilim-Age","description":"Somos especialistas en productos artesanales de Turqu\u00eda como Alfombras, y Kilims","potentialAction":[{"@type":"SearchAction","target":{"@type":"EntryPoint","urlTemplate":"https:\/\/www.kilim-age.com\/es\/?s={search_term_string}"},"query-input":{"@type":"PropertyValueSpecification","valueRequired":true,"valueName":"search_term_string"}}],"inLanguage":"en-US"}]}},"_links":{"self":[{"href":"https:\/\/kilim-age.com\/en\/wp-json\/wp\/v2\/pages\/1952","targetHints":{"allow":["GET"]}}],"collection":[{"href":"https:\/\/kilim-age.com\/en\/wp-json\/wp\/v2\/pages"}],"about":[{"href":"https:\/\/kilim-age.com\/en\/wp-json\/wp\/v2\/types\/page"}],"author":[{"embeddable":true,"href":"https:\/\/kilim-age.com\/en\/wp-json\/wp\/v2\/users\/1"}],"replies":[{"embeddable":true,"href":"https:\/\/kilim-age.com\/en\/wp-json\/wp\/v2\/comments?post=1952"}],"version-history":[{"count":0,"href":"https:\/\/kilim-age.com\/en\/wp-json\/wp\/v2\/pages\/1952\/revisions"}],"wp:attachment":[{"href":"https:\/\/kilim-age.com\/en\/wp-json\/wp\/v2\/media?parent=1952"}],"curies":[{"name":"wp","href":"https:\/\/api.w.org\/{rel}","templated":true}]}}