{"id":1946,"date":"2017-05-11T15:01:18","date_gmt":"2017-05-11T15:01:18","guid":{"rendered":"http:\/\/kilim-age.com\/?page_id=1946"},"modified":"2020-01-02T18:18:49","modified_gmt":"2020-01-02T18:18:49","slug":"alfombras-persas-precios","status":"publish","type":"page","link":"https:\/\/kilim-age.com\/en\/alfombras-persas-precios\/","title":{"rendered":"Alfombras persas precios"},"content":{"rendered":"<p class=\"qtranxs-available-languages-message qtranxs-available-languages-message-en\">Sorry, this entry is only available in <a href=\"https:\/\/kilim-age.com\/es\/wp-json\/wp\/v2\/pages\/1946\" class=\"qtranxs-available-language-link qtranxs-available-language-link-es\" title=\"Espa\u00f1ol\">Espa\u00f1ol<\/a>.<\/p><h1>Alfombras persas precios<\/h1>\n<p><img fetchpriority=\"high\" decoding=\"async\" class=\"size-thumbnail wp-image-1589 alignright\" title=\"Alfombras persas precios\" src=\"http:\/\/kilim-age.com\/wp-content\/uploads\/2017\/04\/WEB-4-29-280x280.jpg\" alt=\"Alfombras persas precios\" width=\"280\" height=\"280\" srcset=\"https:\/\/kilim-age.com\/wp-content\/uploads\/2017\/04\/WEB-4-29-280x280.jpg 280w, https:\/\/kilim-age.com\/wp-content\/uploads\/2017\/04\/WEB-4-29-150x150.jpg 150w, https:\/\/kilim-age.com\/wp-content\/uploads\/2017\/04\/WEB-4-29-300x300.jpg 300w, https:\/\/kilim-age.com\/wp-content\/uploads\/2017\/04\/WEB-4-29-100x100.jpg 100w\" sizes=\"(max-width: 280px) 100vw, 280px\" \/>\u00bfEs posible disfrutar de aut\u00e9nticas <strong>alfombras persas por precios<\/strong> ajustados y sin renunciar a la calidad y la durabilidad deseadas? En nuestra tienda demostramos que s\u00ed. <a href=\"https:\/\/elrincondefehmi.com\/es\/categoria-producto\/alfombras\/alfombras-vintage\/\">Aprovecha<\/a> con nosotros las ventajas del comercio online para disfrutar de unos atractivos descuentos y para poder acceder desde cualquier lugar donde te encuentres a la selecci\u00f3n de productos de origen genuino que alberga el cat\u00e1logo de un comercio verdaderamente especializado. En nuestro sitio web siempre est\u00e1 a tu alcance la compra de alfombras y otros materiales decorativos con los est\u00e1ndares propios de una tienda de plena fiabilidad, con env\u00edos \u00e1giles a cualquier punto del pa\u00eds.<\/p>\n<p>Echa un vistazo a los llamativos <strong>costes de las alfombras persas<\/strong> que te proponemos. Nuestra actividad importadora nos habilita para alcanzar una relaci\u00f3n calidad precio insuperable, que te lo pone m\u00e1s f\u00e1cil que nunca para decorar tu casa como deseas, dotando a cualquiera de sus espacios del encanto tan particular y ex\u00f3tico que le pueden aportar materiales como estos. Podemos destacar que si tienes inter\u00e9s por las <a title=\"alfombras de patchwork\" href=\"http:\/\/kilim-age.com\/alfombras-de-patchwork\/\">alfombras de patchwork<\/a>, tambi\u00e9n es posible hacerse con distintos modelos en nuestra tienda online.<\/p>\n<h2 style=\"color: rgba(77,183,179,0.54);\">Alfombras persas a precios atractivos<\/h2>\n<p>Y es que desde Kilim-Age trabajamos para abrirte diversas opciones posibilidades a la hora de decorar tu hogar con gusto, con buenos materiales y con una est\u00e9tica con personalidad propia, la que propicia la minuciosa labor artesanal de los expertos a cargo de su manufactura. Adem\u00e1s, llevamos estas caracter\u00edsticas un poco m\u00e1s all\u00e1, puesto que junto a nuestra amplia oferta de tapetes o cojines, tambi\u00e9n incorporamos art\u00edculos tan sorprendentes como nuestros <a title=\"bolsos de kilim\" href=\"http:\/\/kilim-age.com\/es\/bolsos-kilim\/\">bolsos de kilim<\/a>, que suponen una oportunidad de colgarte del hombro la particular est\u00e9tica y el encanto irrepetible de esta t\u00e9cnica ancestral. No dudes en explorar todo el cat\u00e1logo que tenemos a tu alcance en nuestra tienda online. Comprar es sencillo y recibir\u00e1s tu pedido en pocos d\u00edas.<\/p>\n<hr \/>\n<h2 style=\"color: rgba(77,183,179,0.54);\"><strong>Contacta con nosotros<\/strong><\/h2>\n\n<div class=\"wpcf7 no-js\" id=\"wpcf7-f6132-o1\" lang=\"en-US\" dir=\"ltr\" data-wpcf7-id=\"6132\">\n<div class=\"screen-reader-response\"><p role=\"status\" aria-live=\"polite\" aria-atomic=\"true\"><\/p> <ul><\/ul><\/div>\n<form action=\"\/en\/wp-json\/wp\/v2\/pages\/1946#wpcf7-f6132-o1\" method=\"post\" class=\"wpcf7-form init\" aria-label=\"Contact form\" novalidate=\"novalidate\" data-status=\"init\">\n<div style=\"display: none;\">\n<input type=\"hidden\" name=\"_wpcf7\" value=\"6132\" \/>\n<input type=\"hidden\" name=\"_wpcf7_version\" value=\"6.0.5\" \/>\n<input type=\"hidden\" name=\"_wpcf7_locale\" value=\"en_US\" \/>\n<input type=\"hidden\" name=\"_wpcf7_unit_tag\" value=\"wpcf7-f6132-o1\" \/>\n<input type=\"hidden\" name=\"_wpcf7_container_post\" value=\"0\" \/>\n<input type=\"hidden\" name=\"_wpcf7_posted_data_hash\" value=\"\" \/>\n<input type=\"hidden\" name=\"_wpcf7_recaptcha_response\" value=\"\" \/>\n<\/div>\n<p><label>Tu nombre (requerido)<\/label><br \/>\n<span class=\"wpcf7-form-control-wrap\" data-name=\"your-name\"><input size=\"40\" maxlength=\"400\" class=\"wpcf7-form-control wpcf7-text wpcf7-validates-as-required\" aria-required=\"true\" aria-invalid=\"false\" value=\"\" type=\"text\" name=\"your-name\" \/><\/span>\n<\/p>\n<p><label>Tu email (requerido)<\/label><br \/>\n<span class=\"wpcf7-form-control-wrap\" data-name=\"your-email\"><input size=\"40\" maxlength=\"400\" class=\"wpcf7-form-control wpcf7-email wpcf7-validates-as-required wpcf7-text wpcf7-validates-as-email\" aria-required=\"true\" aria-invalid=\"false\" value=\"\" type=\"email\" name=\"your-email\" \/><\/span>\n<\/p>\n<p><label>Tu mensaje (requerido)<\/label><br \/>\n<span class=\"wpcf7-form-control-wrap\" data-name=\"your-message\"><textarea cols=\"40\" rows=\"10\" maxlength=\"2000\" class=\"wpcf7-form-control wpcf7-textarea\" aria-invalid=\"false\" name=\"your-message\"><\/textarea><\/span>\n<\/p>\n<p><input class=\"wpcf7-form-control wpcf7-submit has-spinner button\" type=\"submit\" value=\"Enviar\" \/>\n<\/p><input type='hidden' class='wpcf7-pum' value='{\"closepopup\":false,\"closedelay\":0,\"openpopup\":false,\"openpopup_id\":0}' \/><div class=\"wpcf7-response-output\" aria-hidden=\"true\"><\/div>\n<\/form>\n<\/div>","protected":false},"excerpt":{"rendered":"<p>Sorry, this entry is only available in Espa\u00f1ol. Alfombras persas precios \u00bfEs posible disfrutar de aut\u00e9nticas alfombras persas por precios ajustados y sin renunciar a la calidad y la durabilidad deseadas? En nuestra tienda demostramos que s\u00ed. Aprovecha con nosotros las ventajas del comercio online para disfrutar de unos atractivos descuentos y para poder acceder [&#8230;]\n","protected":false},"author":1,"featured_media":0,"parent":0,"menu_order":0,"comment_status":"closed","ping_status":"closed","template":"","meta":{"footnotes":""},"class_list":["post-1946","page","type-page","status-publish","hentry"],"yoast_head":"<!-- This site is optimized with the Yoast SEO plugin v24.8.1 - https:\/\/yoast.com\/wordpress\/plugins\/seo\/ -->\n<title>Alfombras persas precios | Kilim Age<\/title>\n<meta name=\"description\" content=\"Si est\u00e1 buscando alfombras persas a precios adecuados para su bolsillo, visite nuestra web y vea la oferta que tenemos para embellecer su hogar. \u00a1Entre ahora en la p\u00e1gina!\" \/>\n<meta name=\"robots\" content=\"index, follow, max-snippet:-1, max-image-preview:large, max-video-preview:-1\" \/>\n<link rel=\"canonical\" href=\"https:\/\/kilim-age.com\/en\/alfombras-persas-precios\/\" \/>\n<meta property=\"og:locale\" content=\"en_US\" \/>\n<meta property=\"og:type\" content=\"article\" \/>\n<meta property=\"og:title\" content=\"Alfombras persas precios | Kilim Age\" \/>\n<meta property=\"og:description\" content=\"Si est\u00e1 buscando alfombras persas a precios adecuados para su bolsillo, visite nuestra web y vea la oferta que tenemos para embellecer su hogar. \u00a1Entre ahora en la p\u00e1gina!\" \/>\n<meta property=\"og:url\" content=\"https:\/\/kilim-age.com\/es\/alfombras-persas-precios\/\" \/>\n<meta property=\"og:site_name\" content=\"Kilim-Age\" \/>\n<meta property=\"article:modified_time\" content=\"2020-01-02T18:18:49+00:00\" \/>\n<meta property=\"og:image\" content=\"http:\/\/kilim-age.com\/wp-content\/uploads\/2017\/04\/WEB-4-29-280x280.jpg\" \/>\n<meta name=\"twitter:card\" content=\"summary_large_image\" \/>\n<meta name=\"twitter:label1\" content=\"Est. reading time\" \/>\n\t<meta name=\"twitter:data1\" content=\"2 minutes\" \/>\n<script type=\"application\/ld+json\" class=\"yoast-schema-graph\">{\"@context\":\"https:\/\/schema.org\",\"@graph\":[{\"@type\":\"WebPage\",\"@id\":\"https:\/\/kilim-age.com\/es\/alfombras-persas-precios\/\",\"url\":\"https:\/\/kilim-age.com\/es\/alfombras-persas-precios\/\",\"name\":\"Alfombras persas precios | Kilim Age\",\"isPartOf\":{\"@id\":\"https:\/\/www.kilim-age.com\/es\/#website\"},\"primaryImageOfPage\":{\"@id\":\"https:\/\/kilim-age.com\/es\/alfombras-persas-precios\/#primaryimage\"},\"image\":{\"@id\":\"https:\/\/kilim-age.com\/es\/alfombras-persas-precios\/#primaryimage\"},\"thumbnailUrl\":\"http:\/\/kilim-age.com\/wp-content\/uploads\/2017\/04\/WEB-4-29-280x280.jpg\",\"datePublished\":\"2017-05-11T15:01:18+00:00\",\"dateModified\":\"2020-01-02T18:18:49+00:00\",\"description\":\"Si est\u00e1 buscando alfombras persas a precios adecuados para su bolsillo, visite nuestra web y vea la oferta que tenemos para embellecer su hogar. \u00a1Entre ahora en la p\u00e1gina!\",\"breadcrumb\":{\"@id\":\"https:\/\/kilim-age.com\/es\/alfombras-persas-precios\/#breadcrumb\"},\"inLanguage\":\"en-US\",\"potentialAction\":[{\"@type\":\"ReadAction\",\"target\":[\"https:\/\/kilim-age.com\/es\/alfombras-persas-precios\/\"]}]},{\"@type\":\"ImageObject\",\"inLanguage\":\"en-US\",\"@id\":\"https:\/\/kilim-age.com\/es\/alfombras-persas-precios\/#primaryimage\",\"url\":\"http:\/\/kilim-age.com\/wp-content\/uploads\/2017\/04\/WEB-4-29-280x280.jpg\",\"contentUrl\":\"http:\/\/kilim-age.com\/wp-content\/uploads\/2017\/04\/WEB-4-29-280x280.jpg\"},{\"@type\":\"BreadcrumbList\",\"@id\":\"https:\/\/kilim-age.com\/es\/alfombras-persas-precios\/#breadcrumb\",\"itemListElement\":[{\"@type\":\"ListItem\",\"position\":1,\"name\":\"Home\",\"item\":\"https:\/\/www.kilim-age.com\/es\/\"},{\"@type\":\"ListItem\",\"position\":2,\"name\":\"Alfombras persas precios\"}]},{\"@type\":\"WebSite\",\"@id\":\"https:\/\/www.kilim-age.com\/es\/#website\",\"url\":\"https:\/\/www.kilim-age.com\/es\/\",\"name\":\"Kilim-Age\",\"description\":\"Somos especialistas en productos artesanales de Turqu\u00eda como Alfombras, y Kilims\",\"potentialAction\":[{\"@type\":\"SearchAction\",\"target\":{\"@type\":\"EntryPoint\",\"urlTemplate\":\"https:\/\/www.kilim-age.com\/es\/?s={search_term_string}\"},\"query-input\":{\"@type\":\"PropertyValueSpecification\",\"valueRequired\":true,\"valueName\":\"search_term_string\"}}],\"inLanguage\":\"en-US\"}]}<\/script>\n<!-- \/ Yoast SEO plugin. -->","yoast_head_json":{"title":"Alfombras persas precios | Kilim Age","description":"Si est\u00e1 buscando alfombras persas a precios adecuados para su bolsillo, visite nuestra web y vea la oferta que tenemos para embellecer su hogar. \u00a1Entre ahora en la p\u00e1gina!","robots":{"index":"index","follow":"follow","max-snippet":"max-snippet:-1","max-image-preview":"max-image-preview:large","max-video-preview":"max-video-preview:-1"},"canonical":"https:\/\/kilim-age.com\/en\/alfombras-persas-precios\/","og_locale":"en_US","og_type":"article","og_title":"Alfombras persas precios | Kilim Age","og_description":"Si est\u00e1 buscando alfombras persas a precios adecuados para su bolsillo, visite nuestra web y vea la oferta que tenemos para embellecer su hogar. \u00a1Entre ahora en la p\u00e1gina!","og_url":"https:\/\/kilim-age.com\/es\/alfombras-persas-precios\/","og_site_name":"Kilim-Age","article_modified_time":"2020-01-02T18:18:49+00:00","og_image":[{"url":"http:\/\/kilim-age.com\/wp-content\/uploads\/2017\/04\/WEB-4-29-280x280.jpg","type":"","width":"","height":""}],"twitter_card":"summary_large_image","twitter_misc":{"Est. reading time":"2 minutes"},"schema":{"@context":"https:\/\/schema.org","@graph":[{"@type":"WebPage","@id":"https:\/\/kilim-age.com\/es\/alfombras-persas-precios\/","url":"https:\/\/kilim-age.com\/es\/alfombras-persas-precios\/","name":"Alfombras persas precios | Kilim Age","isPartOf":{"@id":"https:\/\/www.kilim-age.com\/es\/#website"},"primaryImageOfPage":{"@id":"https:\/\/kilim-age.com\/es\/alfombras-persas-precios\/#primaryimage"},"image":{"@id":"https:\/\/kilim-age.com\/es\/alfombras-persas-precios\/#primaryimage"},"thumbnailUrl":"http:\/\/kilim-age.com\/wp-content\/uploads\/2017\/04\/WEB-4-29-280x280.jpg","datePublished":"2017-05-11T15:01:18+00:00","dateModified":"2020-01-02T18:18:49+00:00","description":"Si est\u00e1 buscando alfombras persas a precios adecuados para su bolsillo, visite nuestra web y vea la oferta que tenemos para embellecer su hogar. \u00a1Entre ahora en la p\u00e1gina!","breadcrumb":{"@id":"https:\/\/kilim-age.com\/es\/alfombras-persas-precios\/#breadcrumb"},"inLanguage":"en-US","potentialAction":[{"@type":"ReadAction","target":["https:\/\/kilim-age.com\/es\/alfombras-persas-precios\/"]}]},{"@type":"ImageObject","inLanguage":"en-US","@id":"https:\/\/kilim-age.com\/es\/alfombras-persas-precios\/#primaryimage","url":"http:\/\/kilim-age.com\/wp-content\/uploads\/2017\/04\/WEB-4-29-280x280.jpg","contentUrl":"http:\/\/kilim-age.com\/wp-content\/uploads\/2017\/04\/WEB-4-29-280x280.jpg"},{"@type":"BreadcrumbList","@id":"https:\/\/kilim-age.com\/es\/alfombras-persas-precios\/#breadcrumb","itemListElement":[{"@type":"ListItem","position":1,"name":"Home","item":"https:\/\/www.kilim-age.com\/es\/"},{"@type":"ListItem","position":2,"name":"Alfombras persas precios"}]},{"@type":"WebSite","@id":"https:\/\/www.kilim-age.com\/es\/#website","url":"https:\/\/www.kilim-age.com\/es\/","name":"Kilim-Age","description":"Somos especialistas en productos artesanales de Turqu\u00eda como Alfombras, y Kilims","potentialAction":[{"@type":"SearchAction","target":{"@type":"EntryPoint","urlTemplate":"https:\/\/www.kilim-age.com\/es\/?s={search_term_string}"},"query-input":{"@type":"PropertyValueSpecification","valueRequired":true,"valueName":"search_term_string"}}],"inLanguage":"en-US"}]}},"_links":{"self":[{"href":"https:\/\/kilim-age.com\/en\/wp-json\/wp\/v2\/pages\/1946","targetHints":{"allow":["GET"]}}],"collection":[{"href":"https:\/\/kilim-age.com\/en\/wp-json\/wp\/v2\/pages"}],"about":[{"href":"https:\/\/kilim-age.com\/en\/wp-json\/wp\/v2\/types\/page"}],"author":[{"embeddable":true,"href":"https:\/\/kilim-age.com\/en\/wp-json\/wp\/v2\/users\/1"}],"replies":[{"embeddable":true,"href":"https:\/\/kilim-age.com\/en\/wp-json\/wp\/v2\/comments?post=1946"}],"version-history":[{"count":0,"href":"https:\/\/kilim-age.com\/en\/wp-json\/wp\/v2\/pages\/1946\/revisions"}],"wp:attachment":[{"href":"https:\/\/kilim-age.com\/en\/wp-json\/wp\/v2\/media?parent=1946"}],"curies":[{"name":"wp","href":"https:\/\/api.w.org\/{rel}","templated":true}]}}