{"id":1934,"date":"2017-05-11T14:48:36","date_gmt":"2017-05-11T14:48:36","guid":{"rendered":"http:\/\/kilim-age.com\/?page_id=1934"},"modified":"2017-12-13T15:55:00","modified_gmt":"2017-12-13T15:55:00","slug":"lamparas-colgantes-de-diseno","status":"publish","type":"page","link":"https:\/\/kilim-age.com\/en\/lamparas-colgantes-de-diseno\/","title":{"rendered":"L\u00e1mparas colgantes de dise\u00f1o"},"content":{"rendered":"<p class=\"qtranxs-available-languages-message qtranxs-available-languages-message-en\">Sorry, this entry is only available in <a href=\"https:\/\/kilim-age.com\/es\/wp-json\/wp\/v2\/pages\/1934\" class=\"qtranxs-available-language-link qtranxs-available-language-link-es\" title=\"Espa\u00f1ol\">Espa\u00f1ol<\/a>.<\/p><h1 style=\"color: rgba(77,183,179,0.54); font-size: 2.2em;\">L\u00e1mparas colgantes de dise\u00f1o<\/h1>\n<p>A la hora de llevar a tu vivienda el toque especial que pueden aportar unas <strong>l\u00e1mparas colgantes de dise\u00f1o<\/strong>, nosotros te proponemos apostar por el inconfundible ambiente que generan las creaciones de aut\u00e9ntica artesan\u00eda turca. Nuestra tienda online acerca a todo el p\u00fablico espa\u00f1ol y europeo la oportunidad de adquirir, <img fetchpriority=\"high\" decoding=\"async\" class=\"alignright wp-image-1936 size-medium\" src=\"http:\/\/kilim-age.com\/wp-content\/uploads\/2017\/05\/lamparas-colgantes-de-disenio-340x400.jpg\" alt=\"lamparas colgantes de diseno\" title=\"lamparas colgantes de dise\u00f1o\" width=\"340\" height=\"400\" srcset=\"https:\/\/kilim-age.com\/wp-content\/uploads\/2017\/05\/lamparas-colgantes-de-disenio-340x400.jpg 340w, https:\/\/kilim-age.com\/wp-content\/uploads\/2017\/05\/lamparas-colgantes-de-disenio-255x300.jpg 255w, https:\/\/kilim-age.com\/wp-content\/uploads\/2017\/05\/lamparas-colgantes-de-disenio.jpg 510w\" sizes=\"(max-width: 340px) 100vw, 340px\" \/><br \/>\nen condiciones ventajosas y de forma r\u00e1pida y segura, diversos modelos procedentes directamente de aquel pa\u00eds. Te encuentres donde te encuentres, podr\u00e1s explorar nuestra gama de l\u00e1mparas con coloridos y detallados acabados para encargar aquella que encaje en lo que buscas para tu hogar, siempre con una total calidad garantizada en cada pieza.<\/p>\n<p>Atr\u00e9vete con la originalidad y la genuinidad de unas <strong>l\u00e1mparas de dise\u00f1o para colgar<\/strong> que recogen el encanto incomparable de una tradici\u00f3n ancestral y lo \u00a0transportan directamente a cualquier estancia de tu casa a la que desees incorporar esa nota \u00fanica. Nosotros te facilitamos tu compra con el \u00e1gil y seguro sistema de nuestro sitio web, de manera que no tengas problema para encargar tu l\u00e1mpara ideal en el momento en el que te apetezca, est\u00e9s donde est\u00e9s. Aprovecha unos precios muy especiales con todas las garant\u00edas de una tienda plenamente especializada como la nuestra.<\/p>\n<h2 style=\"color: rgba(77,183,179,0.54);\">L\u00e1mparas colgantes de dise\u00f1o turco<\/h2>\n<p>Te gustar\u00e1 conocer que en nuestro sitio web puedes hacerte con otros art\u00edculos de decoraci\u00f3n que llevan a tu vivienda lo mejor de las artes tradicionales de Oriente Medio. Como especialistas en este \u00e1mbito con capacidad para traerte exclusivamente art\u00edculos de primera calidad, te proponemos echar un ojo al resto de secciones incluidas en nuestra tienda online para maravillarte, por ejemplo, con nuestra cuidadosa selecci\u00f3n de <a title=\"alfombras persas precios\" href=\"http:\/\/kilim-age.com\/es\/alfombras-persas-precios\/\">alfombras persas a precios<\/a> realmente sorprendentes. Por supuesto, no puedes tampoco dejar de echar un vistazo a todos nuestros diversos bolsos y <a title=\"cojines kilim\" href=\"http:\/\/kilim-age.com\/es\/cojines-kilim\/\">cojines de kilim<\/a>, t\u00e9cnica que da nombre a nuestra tienda.","protected":false},"excerpt":{"rendered":"<p>Sorry, this entry is only available in Espa\u00f1ol.L\u00e1mparas colgantes de dise\u00f1o A la hora de llevar a tu vivienda el toque especial que pueden aportar unas l\u00e1mparas colgantes de dise\u00f1o, nosotros te proponemos apostar por el inconfundible ambiente que generan las creaciones de aut\u00e9ntica artesan\u00eda turca. Nuestra tienda online acerca a todo el p\u00fablico espa\u00f1ol [&#8230;]\n","protected":false},"author":1,"featured_media":0,"parent":0,"menu_order":0,"comment_status":"closed","ping_status":"closed","template":"","meta":{"footnotes":""},"class_list":["post-1934","page","type-page","status-publish","hentry"],"yoast_head":"<!-- This site is optimized with the Yoast SEO plugin v24.8.1 - https:\/\/yoast.com\/wordpress\/plugins\/seo\/ -->\n<title>L\u00e1mparas colgantes de dise\u00f1o | Kilim Age<\/title>\n<meta name=\"description\" content=\"\u00bfQuieres aportar a tu casa un toque muy especial? Mira nuestro cat\u00e1logo de l\u00e1mparas colgantes de dise\u00f1o y sorprende a tus invitados. \u00a1Haz ya tu pedido!\" \/>\n<meta name=\"robots\" content=\"index, follow, max-snippet:-1, max-image-preview:large, max-video-preview:-1\" \/>\n<link rel=\"canonical\" href=\"https:\/\/kilim-age.com\/en\/lamparas-colgantes-de-diseno\/\" \/>\n<meta property=\"og:locale\" content=\"en_US\" \/>\n<meta property=\"og:type\" content=\"article\" \/>\n<meta property=\"og:title\" content=\"L\u00e1mparas colgantes de dise\u00f1o | Kilim Age\" \/>\n<meta property=\"og:description\" content=\"\u00bfQuieres aportar a tu casa un toque muy especial? Mira nuestro cat\u00e1logo de l\u00e1mparas colgantes de dise\u00f1o y sorprende a tus invitados. \u00a1Haz ya tu pedido!\" \/>\n<meta property=\"og:url\" content=\"https:\/\/kilim-age.com\/es\/lamparas-colgantes-de-diseno\/\" \/>\n<meta property=\"og:site_name\" content=\"Kilim-Age\" \/>\n<meta property=\"article:modified_time\" content=\"2017-12-13T15:55:00+00:00\" \/>\n<meta property=\"og:image\" content=\"http:\/\/kilim-age.com\/wp-content\/uploads\/2017\/05\/lamparas-colgantes-de-disenio-340x400.jpg\" \/>\n<meta name=\"twitter:card\" content=\"summary_large_image\" \/>\n<meta name=\"twitter:label1\" content=\"Est. reading time\" \/>\n\t<meta name=\"twitter:data1\" content=\"2 minutes\" \/>\n<script type=\"application\/ld+json\" class=\"yoast-schema-graph\">{\"@context\":\"https:\/\/schema.org\",\"@graph\":[{\"@type\":\"WebPage\",\"@id\":\"https:\/\/kilim-age.com\/es\/lamparas-colgantes-de-diseno\/\",\"url\":\"https:\/\/kilim-age.com\/es\/lamparas-colgantes-de-diseno\/\",\"name\":\"L\u00e1mparas colgantes de dise\u00f1o | Kilim Age\",\"isPartOf\":{\"@id\":\"https:\/\/www.kilim-age.com\/es\/#website\"},\"primaryImageOfPage\":{\"@id\":\"https:\/\/kilim-age.com\/es\/lamparas-colgantes-de-diseno\/#primaryimage\"},\"image\":{\"@id\":\"https:\/\/kilim-age.com\/es\/lamparas-colgantes-de-diseno\/#primaryimage\"},\"thumbnailUrl\":\"http:\/\/kilim-age.com\/wp-content\/uploads\/2017\/05\/lamparas-colgantes-de-disenio-340x400.jpg\",\"datePublished\":\"2017-05-11T14:48:36+00:00\",\"dateModified\":\"2017-12-13T15:55:00+00:00\",\"description\":\"\u00bfQuieres aportar a tu casa un toque muy especial? Mira nuestro cat\u00e1logo de l\u00e1mparas colgantes de dise\u00f1o y sorprende a tus invitados. \u00a1Haz ya tu pedido!\",\"breadcrumb\":{\"@id\":\"https:\/\/kilim-age.com\/es\/lamparas-colgantes-de-diseno\/#breadcrumb\"},\"inLanguage\":\"en-US\",\"potentialAction\":[{\"@type\":\"ReadAction\",\"target\":[\"https:\/\/kilim-age.com\/es\/lamparas-colgantes-de-diseno\/\"]}]},{\"@type\":\"ImageObject\",\"inLanguage\":\"en-US\",\"@id\":\"https:\/\/kilim-age.com\/es\/lamparas-colgantes-de-diseno\/#primaryimage\",\"url\":\"http:\/\/kilim-age.com\/wp-content\/uploads\/2017\/05\/lamparas-colgantes-de-disenio-340x400.jpg\",\"contentUrl\":\"http:\/\/kilim-age.com\/wp-content\/uploads\/2017\/05\/lamparas-colgantes-de-disenio-340x400.jpg\"},{\"@type\":\"BreadcrumbList\",\"@id\":\"https:\/\/kilim-age.com\/es\/lamparas-colgantes-de-diseno\/#breadcrumb\",\"itemListElement\":[{\"@type\":\"ListItem\",\"position\":1,\"name\":\"Home\",\"item\":\"https:\/\/www.kilim-age.com\/es\/\"},{\"@type\":\"ListItem\",\"position\":2,\"name\":\"L\u00e1mparas colgantes de dise\u00f1o\"}]},{\"@type\":\"WebSite\",\"@id\":\"https:\/\/www.kilim-age.com\/es\/#website\",\"url\":\"https:\/\/www.kilim-age.com\/es\/\",\"name\":\"Kilim-Age\",\"description\":\"Somos especialistas en productos artesanales de Turqu\u00eda como Alfombras, y Kilims\",\"potentialAction\":[{\"@type\":\"SearchAction\",\"target\":{\"@type\":\"EntryPoint\",\"urlTemplate\":\"https:\/\/www.kilim-age.com\/es\/?s={search_term_string}\"},\"query-input\":{\"@type\":\"PropertyValueSpecification\",\"valueRequired\":true,\"valueName\":\"search_term_string\"}}],\"inLanguage\":\"en-US\"}]}<\/script>\n<!-- \/ Yoast SEO plugin. -->","yoast_head_json":{"title":"L\u00e1mparas colgantes de dise\u00f1o | Kilim Age","description":"\u00bfQuieres aportar a tu casa un toque muy especial? Mira nuestro cat\u00e1logo de l\u00e1mparas colgantes de dise\u00f1o y sorprende a tus invitados. \u00a1Haz ya tu pedido!","robots":{"index":"index","follow":"follow","max-snippet":"max-snippet:-1","max-image-preview":"max-image-preview:large","max-video-preview":"max-video-preview:-1"},"canonical":"https:\/\/kilim-age.com\/en\/lamparas-colgantes-de-diseno\/","og_locale":"en_US","og_type":"article","og_title":"L\u00e1mparas colgantes de dise\u00f1o | Kilim Age","og_description":"\u00bfQuieres aportar a tu casa un toque muy especial? Mira nuestro cat\u00e1logo de l\u00e1mparas colgantes de dise\u00f1o y sorprende a tus invitados. \u00a1Haz ya tu pedido!","og_url":"https:\/\/kilim-age.com\/es\/lamparas-colgantes-de-diseno\/","og_site_name":"Kilim-Age","article_modified_time":"2017-12-13T15:55:00+00:00","og_image":[{"url":"http:\/\/kilim-age.com\/wp-content\/uploads\/2017\/05\/lamparas-colgantes-de-disenio-340x400.jpg","type":"","width":"","height":""}],"twitter_card":"summary_large_image","twitter_misc":{"Est. reading time":"2 minutes"},"schema":{"@context":"https:\/\/schema.org","@graph":[{"@type":"WebPage","@id":"https:\/\/kilim-age.com\/es\/lamparas-colgantes-de-diseno\/","url":"https:\/\/kilim-age.com\/es\/lamparas-colgantes-de-diseno\/","name":"L\u00e1mparas colgantes de dise\u00f1o | Kilim Age","isPartOf":{"@id":"https:\/\/www.kilim-age.com\/es\/#website"},"primaryImageOfPage":{"@id":"https:\/\/kilim-age.com\/es\/lamparas-colgantes-de-diseno\/#primaryimage"},"image":{"@id":"https:\/\/kilim-age.com\/es\/lamparas-colgantes-de-diseno\/#primaryimage"},"thumbnailUrl":"http:\/\/kilim-age.com\/wp-content\/uploads\/2017\/05\/lamparas-colgantes-de-disenio-340x400.jpg","datePublished":"2017-05-11T14:48:36+00:00","dateModified":"2017-12-13T15:55:00+00:00","description":"\u00bfQuieres aportar a tu casa un toque muy especial? Mira nuestro cat\u00e1logo de l\u00e1mparas colgantes de dise\u00f1o y sorprende a tus invitados. \u00a1Haz ya tu pedido!","breadcrumb":{"@id":"https:\/\/kilim-age.com\/es\/lamparas-colgantes-de-diseno\/#breadcrumb"},"inLanguage":"en-US","potentialAction":[{"@type":"ReadAction","target":["https:\/\/kilim-age.com\/es\/lamparas-colgantes-de-diseno\/"]}]},{"@type":"ImageObject","inLanguage":"en-US","@id":"https:\/\/kilim-age.com\/es\/lamparas-colgantes-de-diseno\/#primaryimage","url":"http:\/\/kilim-age.com\/wp-content\/uploads\/2017\/05\/lamparas-colgantes-de-disenio-340x400.jpg","contentUrl":"http:\/\/kilim-age.com\/wp-content\/uploads\/2017\/05\/lamparas-colgantes-de-disenio-340x400.jpg"},{"@type":"BreadcrumbList","@id":"https:\/\/kilim-age.com\/es\/lamparas-colgantes-de-diseno\/#breadcrumb","itemListElement":[{"@type":"ListItem","position":1,"name":"Home","item":"https:\/\/www.kilim-age.com\/es\/"},{"@type":"ListItem","position":2,"name":"L\u00e1mparas colgantes de dise\u00f1o"}]},{"@type":"WebSite","@id":"https:\/\/www.kilim-age.com\/es\/#website","url":"https:\/\/www.kilim-age.com\/es\/","name":"Kilim-Age","description":"Somos especialistas en productos artesanales de Turqu\u00eda como Alfombras, y Kilims","potentialAction":[{"@type":"SearchAction","target":{"@type":"EntryPoint","urlTemplate":"https:\/\/www.kilim-age.com\/es\/?s={search_term_string}"},"query-input":{"@type":"PropertyValueSpecification","valueRequired":true,"valueName":"search_term_string"}}],"inLanguage":"en-US"}]}},"_links":{"self":[{"href":"https:\/\/kilim-age.com\/en\/wp-json\/wp\/v2\/pages\/1934","targetHints":{"allow":["GET"]}}],"collection":[{"href":"https:\/\/kilim-age.com\/en\/wp-json\/wp\/v2\/pages"}],"about":[{"href":"https:\/\/kilim-age.com\/en\/wp-json\/wp\/v2\/types\/page"}],"author":[{"embeddable":true,"href":"https:\/\/kilim-age.com\/en\/wp-json\/wp\/v2\/users\/1"}],"replies":[{"embeddable":true,"href":"https:\/\/kilim-age.com\/en\/wp-json\/wp\/v2\/comments?post=1934"}],"version-history":[{"count":0,"href":"https:\/\/kilim-age.com\/en\/wp-json\/wp\/v2\/pages\/1934\/revisions"}],"wp:attachment":[{"href":"https:\/\/kilim-age.com\/en\/wp-json\/wp\/v2\/media?parent=1934"}],"curies":[{"name":"wp","href":"https:\/\/api.w.org\/{rel}","templated":true}]}}